{"id":3166,"date":"2022-08-04T08:35:24","date_gmt":"2022-08-04T08:35:24","guid":{"rendered":"https:\/\/villiger-security.com\/product\/maletin-inteligente-7000\/"},"modified":"2022-08-12T07:11:17","modified_gmt":"2022-08-12T07:11:17","slug":"maletin-inteligente-7000","status":"publish","type":"product","link":"https:\/\/villiger-security.com\/es\/producto\/maletin-inteligente-7000\/","title":{"rendered":"Malet\u00edn inteligente 7000"},"content":{"rendered":"<p>[et_pb_section fb_built=\u00bb1&#8243; _builder_version=\u00bb4.16&#8243; custom_padding=\u00bb0px||||false|false\u00bb global_colors_info=\u00bb{}\u00bb collapsed=\u00bbon\u00bb][et_pb_row _builder_version=\u00bb4.16&#8243; background_size=\u00bbinitial\u00bb background_position=\u00bbtop_left\u00bb background_repeat=\u00bbrepeat\u00bb width=\u00bb100%\u00bb custom_padding=\u00bb0px||0px||false|false\u00bb global_colors_info=\u00bb{}\u00bb][et_pb_column type=\u00bb4_4&#8243; _builder_version=\u00bb4.16&#8243; custom_padding=\u00bb|||\u00bb global_colors_info=\u00bb{}\u00bb custom_padding__hover=\u00bb|||\u00bb][et_pb_wc_breadcrumb _builder_version=\u00bb4.16&#8243; global_colors_info=\u00bb{}\u00bb][\/et_pb_wc_breadcrumb][et_pb_wc_cart_notice _builder_version=\u00bb4.16&#8243; global_colors_info=\u00bb{}\u00bb][\/et_pb_wc_cart_notice][\/et_pb_column][\/et_pb_row][et_pb_row column_structure=\u00bb1_2,1_2&#8243; _builder_version=\u00bb4.16&#8243; background_size=\u00bbinitial\u00bb background_position=\u00bbtop_left\u00bb background_repeat=\u00bbrepeat\u00bb width=\u00bb100%\u00bb custom_padding=\u00bb0px||||false|false\u00bb global_colors_info=\u00bb{}\u00bb][et_pb_column type=\u00bb1_2&#8243; _builder_version=\u00bb4.16&#8243; custom_padding=\u00bb|||\u00bb global_colors_info=\u00bb{}\u00bb custom_padding__hover=\u00bb|||\u00bb][et_pb_wc_images _builder_version=\u00bb4.16&#8243; global_colors_info=\u00bb{}\u00bb][\/et_pb_wc_images][\/et_pb_column][et_pb_column type=\u00bb1_2&#8243; _builder_version=\u00bb4.16&#8243; custom_padding=\u00bb|||\u00bb global_colors_info=\u00bb{}\u00bb custom_padding__hover=\u00bb|||\u00bb][et_pb_wc_title _builder_version=\u00bb4.16&#8243; global_colors_info=\u00bb{}\u00bb][\/et_pb_wc_title][et_pb_wc_rating _builder_version=\u00bb4.16&#8243; global_colors_info=\u00bb{}\u00bb][\/et_pb_wc_rating][et_pb_wc_price _builder_version=\u00bb4.16&#8243; global_colors_info=\u00bb{}\u00bb][\/et_pb_wc_price][et_pb_wc_description _builder_version=\u00bb4.16&#8243; global_colors_info=\u00bb{}\u00bb][\/et_pb_wc_description][et_pb_wc_add_to_cart _builder_version=\u00bb4.16&#8243; global_colors_info=\u00bb{}\u00bb][\/et_pb_wc_add_to_cart][et_pb_wc_meta _builder_version=\u00bb4.16&#8243; global_colors_info=\u00bb{}\u00bb][\/et_pb_wc_meta][\/et_pb_column][\/et_pb_row][et_pb_row _builder_version=\u00bb4.16&#8243; background_size=\u00bbinitial\u00bb background_position=\u00bbtop_left\u00bb background_repeat=\u00bbrepeat\u00bb width=\u00bb100%\u00bb global_colors_info=\u00bb{}\u00bb][et_pb_column type=\u00bb4_4&#8243; _builder_version=\u00bb4.16&#8243; custom_padding=\u00bb|||\u00bb global_colors_info=\u00bb{}\u00bb custom_padding__hover=\u00bb|||\u00bb][et_pb_wc_tabs _builder_version=\u00bb4.16&#8243; global_colors_info=\u00bb{}\u00bb]\t\t\t\t\t[\/et_pb_wc_tabs][et_pb_wc_upsells _builder_version=\u00bb4.16&#8243; global_colors_info=\u00bb{}\u00bb][\/et_pb_wc_upsells][et_pb_wc_related_products _builder_version=\u00bb4.16&#8243; global_colors_info=\u00bb{}\u00bb][\/et_pb_wc_related_products][\/et_pb_column][\/et_pb_row][\/et_pb_section]<\/p>\n","protected":false},"excerpt":{"rendered":"<p><i>Un carro con tecnolog\u00eda de tinci\u00f3n de tinta: fiable, f\u00e1cil de transportar y sencillo de manejar.<\/i><\/p>\n<p>El malet\u00edn de seguridad 7000 es un carro con ruedas equipado con la tecnolog\u00eda de tinci\u00f3n VILLIGER para el transporte de efectivo y objetos de valor. Una soluci\u00f3n eficaz y f\u00e1cil de transportar para que los vigilantes del CIT eliminen el riesgo del pavimento, mientras transportan objetos de valor. Permite un transporte de efectivo seguro con una operaci\u00f3n de una sola persona.<\/p>\n","protected":false},"featured_media":2583,"comment_status":"open","ping_status":"closed","template":"","meta":{"_acf_changed":false,"_et_pb_use_builder":"on","_et_pb_old_content":"<ul>\n \t<li>Los objetos de valor est\u00e1n protegidos durante el transporte en veh\u00edculos y en el pavimento gracias a la tinta indeleble.<\/li>\n \t<li>Protecci\u00f3n total contra la apertura no autorizada: sabotaje, allanamiento, corte, perforaci\u00f3n, calentamiento, etc.<\/li>\n \t<li>Opciones de acceso avanzadas: RFid, infrarrojos, bluetooth y NFC<\/li>\n \t<li>El guardia no puede ser chantajeado o amenazado para abrir el caso<\/li>\n<\/ul>","_et_gb_content_width":""},"product_brand":[],"product_cat":[80,107,116],"product_tag":[122,117,112,111,83,82,95,118,99,110],"class_list":{"0":"post-3166","1":"product","2":"type-product","3":"status-publish","4":"has-post-thumbnail","6":"product_cat-seguridad-del-efectivo-en-transito","7":"product_cat-seguridad-en-los-comercios","8":"product_cat-seguridad-ferroviaria-maritima-privada-y-bancaria","9":"product_tag-1-hombre","10":"product_tag-banca-privada","11":"product_tag-correo","12":"product_tag-ferrocarril","13":"product_tag-ibns-blindado","14":"product_tag-ibns-softskin","15":"product_tag-lujo","16":"product_tag-maritimo","17":"product_tag-pavimento-ibns","18":"product_tag-venta-al-por-menor","20":"first","21":"instock","22":"shipping-taxable","23":"product-type-simple"},"acf":[],"yoast_head":"<!-- This site is optimized with the Yoast SEO plugin v26.7 - https:\/\/yoast.com\/wordpress\/plugins\/seo\/ -->\n<title>Malet\u00edn inteligente 7000 - Villiger Security Solutions AG<\/title>\n<meta name=\"description\" content=\"VILLIGER lanza un equipo \u00fanico que combina la probada soluci\u00f3n de tinci\u00f3n, un nuevo dise\u00f1o y una nueva tecnolog\u00eda de control, lo que permite que la Security Case 5000 sea una de las m\u00e1s innovadoras del mercado.\" \/>\n<meta name=\"robots\" content=\"index, follow, max-snippet:-1, max-image-preview:large, max-video-preview:-1\" \/>\n<link rel=\"canonical\" href=\"https:\/\/villiger-security.com\/es\/producto\/maletin-inteligente-7000\/\" \/>\n<meta property=\"og:locale\" content=\"es_ES\" \/>\n<meta property=\"og:type\" content=\"article\" \/>\n<meta property=\"og:title\" content=\"Malet\u00edn inteligente 7000 - Villiger Security Solutions AG\" \/>\n<meta property=\"og:description\" content=\"VILLIGER lanza un equipo \u00fanico que combina la probada soluci\u00f3n de tinci\u00f3n, un nuevo dise\u00f1o y una nueva tecnolog\u00eda de control, lo que permite que la Security Case 5000 sea una de las m\u00e1s innovadoras del mercado.\" \/>\n<meta property=\"og:url\" content=\"https:\/\/villiger-security.com\/es\/producto\/maletin-inteligente-7000\/\" \/>\n<meta property=\"og:site_name\" content=\"Villiger Security Solutions AG\" \/>\n<meta property=\"article:modified_time\" content=\"2022-08-12T07:11:17+00:00\" \/>\n<meta property=\"og:image\" content=\"http:\/\/Smart%20Case\" \/>\n<meta name=\"twitter:card\" content=\"summary_large_image\" \/>\n<meta name=\"twitter:description\" content=\"33\" \/>\n<meta name=\"twitter:image\" content=\"http:\/\/60\" \/>\n<meta name=\"twitter:label1\" content=\"Tiempo de lectura\" \/>\n\t<meta name=\"twitter:data1\" content=\"2 minutos\" \/>\n<script type=\"application\/ld+json\" class=\"yoast-schema-graph\">{\"@context\":\"https:\/\/schema.org\",\"@graph\":[{\"@type\":\"WebPage\",\"@id\":\"https:\/\/villiger-security.com\/es\/producto\/maletin-inteligente-7000\/\",\"url\":\"https:\/\/villiger-security.com\/es\/producto\/maletin-inteligente-7000\/\",\"name\":\"Malet\u00edn inteligente 7000 - Villiger Security Solutions AG\",\"isPartOf\":{\"@id\":\"https:\/\/villiger-security.com\/es\/#website\"},\"primaryImageOfPage\":{\"@id\":\"https:\/\/villiger-security.com\/es\/producto\/maletin-inteligente-7000\/#primaryimage\"},\"image\":{\"@id\":\"https:\/\/villiger-security.com\/es\/producto\/maletin-inteligente-7000\/#primaryimage\"},\"thumbnailUrl\":\"https:\/\/villiger-security.com\/wp-content\/uploads\/Smartcase-7000-NE.694.png\",\"datePublished\":\"2022-08-04T08:35:24+00:00\",\"dateModified\":\"2022-08-12T07:11:17+00:00\",\"description\":\"VILLIGER lanza un equipo \u00fanico que combina la probada soluci\u00f3n de tinci\u00f3n, un nuevo dise\u00f1o y una nueva tecnolog\u00eda de control, lo que permite que la Security Case 5000 sea una de las m\u00e1s innovadoras del mercado.\",\"breadcrumb\":{\"@id\":\"https:\/\/villiger-security.com\/es\/producto\/maletin-inteligente-7000\/#breadcrumb\"},\"inLanguage\":\"es\",\"potentialAction\":[{\"@type\":\"ReadAction\",\"target\":[\"https:\/\/villiger-security.com\/es\/producto\/maletin-inteligente-7000\/\"]}]},{\"@type\":\"ImageObject\",\"inLanguage\":\"es\",\"@id\":\"https:\/\/villiger-security.com\/es\/producto\/maletin-inteligente-7000\/#primaryimage\",\"url\":\"https:\/\/villiger-security.com\/wp-content\/uploads\/Smartcase-7000-NE.694.png\",\"contentUrl\":\"https:\/\/villiger-security.com\/wp-content\/uploads\/Smartcase-7000-NE.694.png\",\"width\":2999,\"height\":1823},{\"@type\":\"BreadcrumbList\",\"@id\":\"https:\/\/villiger-security.com\/es\/producto\/maletin-inteligente-7000\/#breadcrumb\",\"itemListElement\":[{\"@type\":\"ListItem\",\"position\":1,\"name\":\"Home\",\"item\":\"https:\/\/villiger-security.com\/es\/\"},{\"@type\":\"ListItem\",\"position\":2,\"name\":\"Tienda\",\"item\":\"https:\/\/villiger-security.com\/es\/tienda\/\"},{\"@type\":\"ListItem\",\"position\":3,\"name\":\"Malet\u00edn inteligente 7000\"}]},{\"@type\":\"WebSite\",\"@id\":\"https:\/\/villiger-security.com\/es\/#website\",\"url\":\"https:\/\/villiger-security.com\/es\/\",\"name\":\"Villiger Security Solutions AG\",\"description\":\"Innovate the future of cash\",\"potentialAction\":[{\"@type\":\"SearchAction\",\"target\":{\"@type\":\"EntryPoint\",\"urlTemplate\":\"https:\/\/villiger-security.com\/es\/?s={search_term_string}\"},\"query-input\":{\"@type\":\"PropertyValueSpecification\",\"valueRequired\":true,\"valueName\":\"search_term_string\"}}],\"inLanguage\":\"es\"}]}<\/script>\n<!-- \/ Yoast SEO plugin. -->","yoast_head_json":{"title":"Malet\u00edn inteligente 7000 - Villiger Security Solutions AG","description":"VILLIGER lanza un equipo \u00fanico que combina la probada soluci\u00f3n de tinci\u00f3n, un nuevo dise\u00f1o y una nueva tecnolog\u00eda de control, lo que permite que la Security Case 5000 sea una de las m\u00e1s innovadoras del mercado.","robots":{"index":"index","follow":"follow","max-snippet":"max-snippet:-1","max-image-preview":"max-image-preview:large","max-video-preview":"max-video-preview:-1"},"canonical":"https:\/\/villiger-security.com\/es\/producto\/maletin-inteligente-7000\/","og_locale":"es_ES","og_type":"article","og_title":"Malet\u00edn inteligente 7000 - Villiger Security Solutions AG","og_description":"VILLIGER lanza un equipo \u00fanico que combina la probada soluci\u00f3n de tinci\u00f3n, un nuevo dise\u00f1o y una nueva tecnolog\u00eda de control, lo que permite que la Security Case 5000 sea una de las m\u00e1s innovadoras del mercado.","og_url":"https:\/\/villiger-security.com\/es\/producto\/maletin-inteligente-7000\/","og_site_name":"Villiger Security Solutions AG","article_modified_time":"2022-08-12T07:11:17+00:00","og_image":[{"url":"Smart Case","type":"","width":"","height":""}],"twitter_card":"summary_large_image","twitter_description":"33","twitter_image":"60","twitter_misc":{"Tiempo de lectura":"2 minutos"},"schema":{"@context":"https:\/\/schema.org","@graph":[{"@type":"WebPage","@id":"https:\/\/villiger-security.com\/es\/producto\/maletin-inteligente-7000\/","url":"https:\/\/villiger-security.com\/es\/producto\/maletin-inteligente-7000\/","name":"Malet\u00edn inteligente 7000 - Villiger Security Solutions AG","isPartOf":{"@id":"https:\/\/villiger-security.com\/es\/#website"},"primaryImageOfPage":{"@id":"https:\/\/villiger-security.com\/es\/producto\/maletin-inteligente-7000\/#primaryimage"},"image":{"@id":"https:\/\/villiger-security.com\/es\/producto\/maletin-inteligente-7000\/#primaryimage"},"thumbnailUrl":"https:\/\/villiger-security.com\/wp-content\/uploads\/Smartcase-7000-NE.694.png","datePublished":"2022-08-04T08:35:24+00:00","dateModified":"2022-08-12T07:11:17+00:00","description":"VILLIGER lanza un equipo \u00fanico que combina la probada soluci\u00f3n de tinci\u00f3n, un nuevo dise\u00f1o y una nueva tecnolog\u00eda de control, lo que permite que la Security Case 5000 sea una de las m\u00e1s innovadoras del mercado.","breadcrumb":{"@id":"https:\/\/villiger-security.com\/es\/producto\/maletin-inteligente-7000\/#breadcrumb"},"inLanguage":"es","potentialAction":[{"@type":"ReadAction","target":["https:\/\/villiger-security.com\/es\/producto\/maletin-inteligente-7000\/"]}]},{"@type":"ImageObject","inLanguage":"es","@id":"https:\/\/villiger-security.com\/es\/producto\/maletin-inteligente-7000\/#primaryimage","url":"https:\/\/villiger-security.com\/wp-content\/uploads\/Smartcase-7000-NE.694.png","contentUrl":"https:\/\/villiger-security.com\/wp-content\/uploads\/Smartcase-7000-NE.694.png","width":2999,"height":1823},{"@type":"BreadcrumbList","@id":"https:\/\/villiger-security.com\/es\/producto\/maletin-inteligente-7000\/#breadcrumb","itemListElement":[{"@type":"ListItem","position":1,"name":"Home","item":"https:\/\/villiger-security.com\/es\/"},{"@type":"ListItem","position":2,"name":"Tienda","item":"https:\/\/villiger-security.com\/es\/tienda\/"},{"@type":"ListItem","position":3,"name":"Malet\u00edn inteligente 7000"}]},{"@type":"WebSite","@id":"https:\/\/villiger-security.com\/es\/#website","url":"https:\/\/villiger-security.com\/es\/","name":"Villiger Security Solutions AG","description":"Innovate the future of cash","potentialAction":[{"@type":"SearchAction","target":{"@type":"EntryPoint","urlTemplate":"https:\/\/villiger-security.com\/es\/?s={search_term_string}"},"query-input":{"@type":"PropertyValueSpecification","valueRequired":true,"valueName":"search_term_string"}}],"inLanguage":"es"}]}},"_links":{"self":[{"href":"https:\/\/villiger-security.com\/es\/wp-json\/wp\/v2\/product\/3166","targetHints":{"allow":["GET"]}}],"collection":[{"href":"https:\/\/villiger-security.com\/es\/wp-json\/wp\/v2\/product"}],"about":[{"href":"https:\/\/villiger-security.com\/es\/wp-json\/wp\/v2\/types\/product"}],"replies":[{"embeddable":true,"href":"https:\/\/villiger-security.com\/es\/wp-json\/wp\/v2\/comments?post=3166"}],"wp:featuredmedia":[{"embeddable":true,"href":"https:\/\/villiger-security.com\/es\/wp-json\/wp\/v2\/media\/2583"}],"wp:attachment":[{"href":"https:\/\/villiger-security.com\/es\/wp-json\/wp\/v2\/media?parent=3166"}],"wp:term":[{"taxonomy":"product_brand","embeddable":true,"href":"https:\/\/villiger-security.com\/es\/wp-json\/wp\/v2\/product_brand?post=3166"},{"taxonomy":"product_cat","embeddable":true,"href":"https:\/\/villiger-security.com\/es\/wp-json\/wp\/v2\/product_cat?post=3166"},{"taxonomy":"product_tag","embeddable":true,"href":"https:\/\/villiger-security.com\/es\/wp-json\/wp\/v2\/product_tag?post=3166"}],"curies":[{"name":"wp","href":"https:\/\/api.w.org\/{rel}","templated":true}]}}