{"id":3139,"date":"2022-08-09T09:47:59","date_gmt":"2022-08-09T09:47:59","guid":{"rendered":"https:\/\/villiger-security.com\/product\/casette-ncr-s1-con-proteccion-de-tinta\/"},"modified":"2022-08-12T07:11:11","modified_gmt":"2022-08-12T07:11:11","slug":"casette-ncr-s1-con-proteccion-de-tinta","status":"publish","type":"product","link":"https:\/\/villiger-security.com\/es\/producto\/casette-ncr-s1-con-proteccion-de-tinta\/","title":{"rendered":"Casette NCR S1 con protecci\u00f3n de tinta"},"content":{"rendered":"<p>[et_pb_section fb_built=\u00bb1&#8243; _builder_version=\u00bb4.16&#8243; custom_padding=\u00bb0px||||false|false\u00bb collapsed=\u00bbon\u00bb global_colors_info=\u00bb{}\u00bb][et_pb_row _builder_version=\u00bb4.16&#8243; background_size=\u00bbinitial\u00bb background_position=\u00bbtop_left\u00bb background_repeat=\u00bbrepeat\u00bb width=\u00bb100%\u00bb custom_padding=\u00bb0px||0px||false|false\u00bb global_colors_info=\u00bb{}\u00bb][et_pb_column type=\u00bb4_4&#8243; _builder_version=\u00bb4.16&#8243; custom_padding=\u00bb|||\u00bb global_colors_info=\u00bb{}\u00bb custom_padding__hover=\u00bb|||\u00bb][et_pb_wc_breadcrumb _builder_version=\u00bb4.16&#8243; global_colors_info=\u00bb{}\u00bb][\/et_pb_wc_breadcrumb][et_pb_wc_cart_notice _builder_version=\u00bb4.16&#8243; global_colors_info=\u00bb{}\u00bb][\/et_pb_wc_cart_notice][\/et_pb_column][\/et_pb_row][et_pb_row column_structure=\u00bb1_2,1_2&#8243; _builder_version=\u00bb4.16&#8243; background_size=\u00bbinitial\u00bb background_position=\u00bbtop_left\u00bb background_repeat=\u00bbrepeat\u00bb width=\u00bb100%\u00bb custom_padding=\u00bb0px||||false|false\u00bb global_colors_info=\u00bb{}\u00bb][et_pb_column type=\u00bb1_2&#8243; _builder_version=\u00bb4.16&#8243; custom_padding=\u00bb|||\u00bb global_colors_info=\u00bb{}\u00bb custom_padding__hover=\u00bb|||\u00bb][et_pb_wc_images _builder_version=\u00bb4.16&#8243; global_colors_info=\u00bb{}\u00bb][\/et_pb_wc_images][\/et_pb_column][et_pb_column type=\u00bb1_2&#8243; _builder_version=\u00bb4.16&#8243; custom_padding=\u00bb|||\u00bb global_colors_info=\u00bb{}\u00bb custom_padding__hover=\u00bb|||\u00bb][et_pb_wc_title _builder_version=\u00bb4.16&#8243; global_colors_info=\u00bb{}\u00bb][\/et_pb_wc_title][et_pb_wc_rating _builder_version=\u00bb4.16&#8243; global_colors_info=\u00bb{}\u00bb][\/et_pb_wc_rating][et_pb_wc_price _builder_version=\u00bb4.16&#8243; global_colors_info=\u00bb{}\u00bb][\/et_pb_wc_price][et_pb_wc_description _builder_version=\u00bb4.16&#8243; global_colors_info=\u00bb{}\u00bb][\/et_pb_wc_description][et_pb_wc_add_to_cart _builder_version=\u00bb4.16&#8243; global_colors_info=\u00bb{}\u00bb][\/et_pb_wc_add_to_cart][et_pb_wc_meta _builder_version=\u00bb4.16&#8243; global_colors_info=\u00bb{}\u00bb][\/et_pb_wc_meta][\/et_pb_column][\/et_pb_row][et_pb_row _builder_version=\u00bb4.16&#8243; background_size=\u00bbinitial\u00bb background_position=\u00bbtop_left\u00bb background_repeat=\u00bbrepeat\u00bb width=\u00bb100%\u00bb global_colors_info=\u00bb{}\u00bb][et_pb_column type=\u00bb4_4&#8243; _builder_version=\u00bb4.16&#8243; custom_padding=\u00bb|||\u00bb global_colors_info=\u00bb{}\u00bb custom_padding__hover=\u00bb|||\u00bb][et_pb_wc_tabs _builder_version=\u00bb4.16&#8243; global_colors_info=\u00bb{}\u00bb]\t\t\t\t\t[\/et_pb_wc_tabs][et_pb_wc_upsells _builder_version=\u00bb4.16&#8243; global_colors_info=\u00bb{}\u00bb][\/et_pb_wc_upsells][et_pb_wc_related_products _builder_version=\u00bb4.16&#8243; global_colors_info=\u00bb{}\u00bb][\/et_pb_wc_related_products][\/et_pb_column][\/et_pb_row][\/et_pb_section]<\/p>\n","protected":false},"excerpt":{"rendered":"<p><i>Una soluci\u00f3n de tinci\u00f3n de tinta f\u00e1cil de instalar y de m\u00faltiples proveedores para obtener el m\u00e1ximo nivel de seguridad en los cajeros autom\u00e1ticos<\/i><\/p>\n<p>La soluci\u00f3n de seguridad de tinta para cajeros autom\u00e1ticos Villiger presenta el m\u00e1s alto nivel de seguridad, adem\u00e1s de ser sencilla de instalar localmente y de f\u00e1cil mantenimiento. Los m\u00f3dulos de tinta y las unidades de control se adaptan a todas las marcas de cajeros autom\u00e1ticos y se integran en los casetes existentes. El sistema puede integrar una soluci\u00f3n completa de principio a fin, en combinaci\u00f3n con el carro de cajeros.<\/p>\n","protected":false},"featured_media":2633,"comment_status":"open","ping_status":"closed","template":"","meta":{"_acf_changed":false,"_et_pb_use_builder":"on","_et_pb_old_content":"<ul>\n \t<li>El dinero en efectivo se protege con tinta indeleble<\/li>\n \t<li>Protecci\u00f3n total contra la apertura no autorizada: sabotaje, robo, inclinaci\u00f3n, calentamiento, etc.<\/li>\n<\/ul>","_et_gb_content_width":""},"product_brand":[],"product_cat":[88],"product_tag":[90,101,83,82,99],"class_list":{"0":"post-3139","1":"product","2":"type-product","3":"status-publish","4":"has-post-thumbnail","6":"product_cat-seguridad-de-los-cajeros-automaticos","7":"product_tag-atm-es","8":"product_tag-cajero-automatico-ibns","9":"product_tag-ibns-blindado","10":"product_tag-ibns-softskin","11":"product_tag-pavimento-ibns","13":"first","14":"instock","15":"shipping-taxable","16":"product-type-simple"},"acf":[],"yoast_head":"<!-- This site is optimized with the Yoast SEO plugin v26.7 - https:\/\/yoast.com\/wordpress\/plugins\/seo\/ -->\n<title>Casette NCR S1 con protecci\u00f3n de tinta - Villiger Security Solutions AG<\/title>\n<meta name=\"description\" content=\"VILLIGER lanza un equipo \u00fanico que combina la probada soluci\u00f3n de tinci\u00f3n, un nuevo dise\u00f1o y una nueva tecnolog\u00eda de control, lo que permite que la Security Case 5000 sea una de las m\u00e1s innovadoras del mercado.\" \/>\n<meta name=\"robots\" content=\"index, follow, max-snippet:-1, max-image-preview:large, max-video-preview:-1\" \/>\n<link rel=\"canonical\" href=\"https:\/\/villiger-security.com\/es\/producto\/casette-ncr-s1-con-proteccion-de-tinta\/\" \/>\n<meta property=\"og:locale\" content=\"es_ES\" \/>\n<meta property=\"og:type\" content=\"article\" \/>\n<meta property=\"og:title\" content=\"Casette NCR S1 con protecci\u00f3n de tinta - Villiger Security Solutions AG\" \/>\n<meta property=\"og:description\" content=\"VILLIGER lanza un equipo \u00fanico que combina la probada soluci\u00f3n de tinci\u00f3n, un nuevo dise\u00f1o y una nueva tecnolog\u00eda de control, lo que permite que la Security Case 5000 sea una de las m\u00e1s innovadoras del mercado.\" \/>\n<meta property=\"og:url\" content=\"https:\/\/villiger-security.com\/es\/producto\/casette-ncr-s1-con-proteccion-de-tinta\/\" \/>\n<meta property=\"og:site_name\" content=\"Villiger Security Solutions AG\" \/>\n<meta property=\"article:modified_time\" content=\"2022-08-12T07:11:11+00:00\" \/>\n<meta property=\"og:image\" content=\"http:\/\/Smart%20Case\" \/>\n<meta name=\"twitter:card\" content=\"summary_large_image\" \/>\n<meta name=\"twitter:description\" content=\"33\" \/>\n<meta name=\"twitter:image\" content=\"http:\/\/60\" \/>\n<meta name=\"twitter:label1\" content=\"Tiempo de lectura\" \/>\n\t<meta name=\"twitter:data1\" content=\"2 minutos\" \/>\n<script type=\"application\/ld+json\" class=\"yoast-schema-graph\">{\"@context\":\"https:\/\/schema.org\",\"@graph\":[{\"@type\":\"WebPage\",\"@id\":\"https:\/\/villiger-security.com\/es\/producto\/casette-ncr-s1-con-proteccion-de-tinta\/\",\"url\":\"https:\/\/villiger-security.com\/es\/producto\/casette-ncr-s1-con-proteccion-de-tinta\/\",\"name\":\"Casette NCR S1 con protecci\u00f3n de tinta - Villiger Security Solutions AG\",\"isPartOf\":{\"@id\":\"https:\/\/villiger-security.com\/es\/#website\"},\"primaryImageOfPage\":{\"@id\":\"https:\/\/villiger-security.com\/es\/producto\/casette-ncr-s1-con-proteccion-de-tinta\/#primaryimage\"},\"image\":{\"@id\":\"https:\/\/villiger-security.com\/es\/producto\/casette-ncr-s1-con-proteccion-de-tinta\/#primaryimage\"},\"thumbnailUrl\":\"https:\/\/villiger-security.com\/wp-content\/uploads\/NCR1-903026.737.png\",\"datePublished\":\"2022-08-09T09:47:59+00:00\",\"dateModified\":\"2022-08-12T07:11:11+00:00\",\"description\":\"VILLIGER lanza un equipo \u00fanico que combina la probada soluci\u00f3n de tinci\u00f3n, un nuevo dise\u00f1o y una nueva tecnolog\u00eda de control, lo que permite que la Security Case 5000 sea una de las m\u00e1s innovadoras del mercado.\",\"breadcrumb\":{\"@id\":\"https:\/\/villiger-security.com\/es\/producto\/casette-ncr-s1-con-proteccion-de-tinta\/#breadcrumb\"},\"inLanguage\":\"es\",\"potentialAction\":[{\"@type\":\"ReadAction\",\"target\":[\"https:\/\/villiger-security.com\/es\/producto\/casette-ncr-s1-con-proteccion-de-tinta\/\"]}]},{\"@type\":\"ImageObject\",\"inLanguage\":\"es\",\"@id\":\"https:\/\/villiger-security.com\/es\/producto\/casette-ncr-s1-con-proteccion-de-tinta\/#primaryimage\",\"url\":\"https:\/\/villiger-security.com\/wp-content\/uploads\/NCR1-903026.737.png\",\"contentUrl\":\"https:\/\/villiger-security.com\/wp-content\/uploads\/NCR1-903026.737.png\",\"width\":2999,\"height\":1820},{\"@type\":\"BreadcrumbList\",\"@id\":\"https:\/\/villiger-security.com\/es\/producto\/casette-ncr-s1-con-proteccion-de-tinta\/#breadcrumb\",\"itemListElement\":[{\"@type\":\"ListItem\",\"position\":1,\"name\":\"Home\",\"item\":\"https:\/\/villiger-security.com\/es\/\"},{\"@type\":\"ListItem\",\"position\":2,\"name\":\"Tienda\",\"item\":\"https:\/\/villiger-security.com\/es\/tienda\/\"},{\"@type\":\"ListItem\",\"position\":3,\"name\":\"Casette NCR S1 con protecci\u00f3n de tinta\"}]},{\"@type\":\"WebSite\",\"@id\":\"https:\/\/villiger-security.com\/es\/#website\",\"url\":\"https:\/\/villiger-security.com\/es\/\",\"name\":\"Villiger Security Solutions AG\",\"description\":\"Innovate the future of cash\",\"potentialAction\":[{\"@type\":\"SearchAction\",\"target\":{\"@type\":\"EntryPoint\",\"urlTemplate\":\"https:\/\/villiger-security.com\/es\/?s={search_term_string}\"},\"query-input\":{\"@type\":\"PropertyValueSpecification\",\"valueRequired\":true,\"valueName\":\"search_term_string\"}}],\"inLanguage\":\"es\"}]}<\/script>\n<!-- \/ Yoast SEO plugin. -->","yoast_head_json":{"title":"Casette NCR S1 con protecci\u00f3n de tinta - Villiger Security Solutions AG","description":"VILLIGER lanza un equipo \u00fanico que combina la probada soluci\u00f3n de tinci\u00f3n, un nuevo dise\u00f1o y una nueva tecnolog\u00eda de control, lo que permite que la Security Case 5000 sea una de las m\u00e1s innovadoras del mercado.","robots":{"index":"index","follow":"follow","max-snippet":"max-snippet:-1","max-image-preview":"max-image-preview:large","max-video-preview":"max-video-preview:-1"},"canonical":"https:\/\/villiger-security.com\/es\/producto\/casette-ncr-s1-con-proteccion-de-tinta\/","og_locale":"es_ES","og_type":"article","og_title":"Casette NCR S1 con protecci\u00f3n de tinta - Villiger Security Solutions AG","og_description":"VILLIGER lanza un equipo \u00fanico que combina la probada soluci\u00f3n de tinci\u00f3n, un nuevo dise\u00f1o y una nueva tecnolog\u00eda de control, lo que permite que la Security Case 5000 sea una de las m\u00e1s innovadoras del mercado.","og_url":"https:\/\/villiger-security.com\/es\/producto\/casette-ncr-s1-con-proteccion-de-tinta\/","og_site_name":"Villiger Security Solutions AG","article_modified_time":"2022-08-12T07:11:11+00:00","og_image":[{"url":"Smart Case","type":"","width":"","height":""}],"twitter_card":"summary_large_image","twitter_description":"33","twitter_image":"60","twitter_misc":{"Tiempo de lectura":"2 minutos"},"schema":{"@context":"https:\/\/schema.org","@graph":[{"@type":"WebPage","@id":"https:\/\/villiger-security.com\/es\/producto\/casette-ncr-s1-con-proteccion-de-tinta\/","url":"https:\/\/villiger-security.com\/es\/producto\/casette-ncr-s1-con-proteccion-de-tinta\/","name":"Casette NCR S1 con protecci\u00f3n de tinta - Villiger Security Solutions AG","isPartOf":{"@id":"https:\/\/villiger-security.com\/es\/#website"},"primaryImageOfPage":{"@id":"https:\/\/villiger-security.com\/es\/producto\/casette-ncr-s1-con-proteccion-de-tinta\/#primaryimage"},"image":{"@id":"https:\/\/villiger-security.com\/es\/producto\/casette-ncr-s1-con-proteccion-de-tinta\/#primaryimage"},"thumbnailUrl":"https:\/\/villiger-security.com\/wp-content\/uploads\/NCR1-903026.737.png","datePublished":"2022-08-09T09:47:59+00:00","dateModified":"2022-08-12T07:11:11+00:00","description":"VILLIGER lanza un equipo \u00fanico que combina la probada soluci\u00f3n de tinci\u00f3n, un nuevo dise\u00f1o y una nueva tecnolog\u00eda de control, lo que permite que la Security Case 5000 sea una de las m\u00e1s innovadoras del mercado.","breadcrumb":{"@id":"https:\/\/villiger-security.com\/es\/producto\/casette-ncr-s1-con-proteccion-de-tinta\/#breadcrumb"},"inLanguage":"es","potentialAction":[{"@type":"ReadAction","target":["https:\/\/villiger-security.com\/es\/producto\/casette-ncr-s1-con-proteccion-de-tinta\/"]}]},{"@type":"ImageObject","inLanguage":"es","@id":"https:\/\/villiger-security.com\/es\/producto\/casette-ncr-s1-con-proteccion-de-tinta\/#primaryimage","url":"https:\/\/villiger-security.com\/wp-content\/uploads\/NCR1-903026.737.png","contentUrl":"https:\/\/villiger-security.com\/wp-content\/uploads\/NCR1-903026.737.png","width":2999,"height":1820},{"@type":"BreadcrumbList","@id":"https:\/\/villiger-security.com\/es\/producto\/casette-ncr-s1-con-proteccion-de-tinta\/#breadcrumb","itemListElement":[{"@type":"ListItem","position":1,"name":"Home","item":"https:\/\/villiger-security.com\/es\/"},{"@type":"ListItem","position":2,"name":"Tienda","item":"https:\/\/villiger-security.com\/es\/tienda\/"},{"@type":"ListItem","position":3,"name":"Casette NCR S1 con protecci\u00f3n de tinta"}]},{"@type":"WebSite","@id":"https:\/\/villiger-security.com\/es\/#website","url":"https:\/\/villiger-security.com\/es\/","name":"Villiger Security Solutions AG","description":"Innovate the future of cash","potentialAction":[{"@type":"SearchAction","target":{"@type":"EntryPoint","urlTemplate":"https:\/\/villiger-security.com\/es\/?s={search_term_string}"},"query-input":{"@type":"PropertyValueSpecification","valueRequired":true,"valueName":"search_term_string"}}],"inLanguage":"es"}]}},"_links":{"self":[{"href":"https:\/\/villiger-security.com\/es\/wp-json\/wp\/v2\/product\/3139","targetHints":{"allow":["GET"]}}],"collection":[{"href":"https:\/\/villiger-security.com\/es\/wp-json\/wp\/v2\/product"}],"about":[{"href":"https:\/\/villiger-security.com\/es\/wp-json\/wp\/v2\/types\/product"}],"replies":[{"embeddable":true,"href":"https:\/\/villiger-security.com\/es\/wp-json\/wp\/v2\/comments?post=3139"}],"wp:featuredmedia":[{"embeddable":true,"href":"https:\/\/villiger-security.com\/es\/wp-json\/wp\/v2\/media\/2633"}],"wp:attachment":[{"href":"https:\/\/villiger-security.com\/es\/wp-json\/wp\/v2\/media?parent=3139"}],"wp:term":[{"taxonomy":"product_brand","embeddable":true,"href":"https:\/\/villiger-security.com\/es\/wp-json\/wp\/v2\/product_brand?post=3139"},{"taxonomy":"product_cat","embeddable":true,"href":"https:\/\/villiger-security.com\/es\/wp-json\/wp\/v2\/product_cat?post=3139"},{"taxonomy":"product_tag","embeddable":true,"href":"https:\/\/villiger-security.com\/es\/wp-json\/wp\/v2\/product_tag?post=3139"}],"curies":[{"name":"wp","href":"https:\/\/api.w.org\/{rel}","templated":true}]}}