{"id":3117,"date":"2022-05-03T09:09:05","date_gmt":"2022-05-03T09:09:05","guid":{"rendered":"https:\/\/villiger-security.com\/productos\/"},"modified":"2022-08-12T07:02:40","modified_gmt":"2022-08-12T07:02:40","slug":"productos","status":"publish","type":"page","link":"https:\/\/villiger-security.com\/es\/productos\/","title":{"rendered":"Productos"},"content":{"rendered":"<p>[et_pb_section fb_built=\u00bb1&#8243; module_class=\u00bbpanelbar\u00bb _builder_version=\u00bb4.17.3&#8243; _module_preset=\u00bbdefault\u00bb background_color=\u00bb#303132&#8243; custom_margin=\u00bb0px||0px||false|false\u00bb custom_padding=\u00bb0px||0px||false|false\u00bb global_module=\u00bb1297&#8243; global_colors_info=\u00bb{}\u00bb][et_pb_row column_structure=\u00bb1_4,3_4&#8243; _builder_version=\u00bb4.17.3&#8243; _module_preset=\u00bbdefault\u00bb custom_padding=\u00bb5px||10px||false|false\u00bb global_colors_info=\u00bb{}\u00bb][et_pb_column type=\u00bb1_4&#8243; _builder_version=\u00bb4.17.3&#8243; _module_preset=\u00bbdefault\u00bb global_colors_info=\u00bb{}\u00bb][et_pb_text _builder_version=\u00bb4.17.3&#8243; _module_preset=\u00bbdefault\u00bb text_font=\u00bb|||||on|||\u00bb text_text_color=\u00bb#ffffff\u00bb text_font_size=\u00bb25px\u00bb custom_margin=\u00bb||0px||false|false\u00bb custom_margin_tablet=\u00bb||-20px||false|false\u00bb custom_margin_phone=\u00bb\u00bb custom_margin_last_edited=\u00bbon|desktop\u00bb custom_padding=\u00bb10px||||false|false\u00bb custom_padding_tablet=\u00bb0px||||false|false\u00bb custom_padding_phone=\u00bb\u00bb custom_padding_last_edited=\u00bbon|tablet\u00bb text_font_size_tablet=\u00bb22px\u00bb text_font_size_phone=\u00bb18px\u00bb text_font_size_last_edited=\u00bbon|phone\u00bb header_font_size_tablet=\u00bb\u00bb header_font_size_phone=\u00bb\u00bb header_font_size_last_edited=\u00bbon|desktop\u00bb global_colors_info=\u00bb{}\u00bb]<\/p>\n<p>Soluciones de seguridad<\/p>\n<p>[\/et_pb_text][\/et_pb_column][et_pb_column type=\u00bb3_4&#8243; _builder_version=\u00bb4.17.3&#8243; _module_preset=\u00bbdefault\u00bb global_colors_info=\u00bb{}\u00bb][et_pb_text _builder_version=\u00bb4.17.3&#8243; _module_preset=\u00bbdefault\u00bb text_text_color=\u00bb#ffffff\u00bb text_font_size=\u00bb10px\u00bb text_orientation=\u00bbcenter\u00bb module_alignment=\u00bbright\u00bb global_colors_info=\u00bb{}\u00bb]<\/p>\n<div class=\"produkt-panel\">\n<div class=\"panel\"><a href=\"https:\/\/villiger-security.com\/es\/1-man-4\/\"><img decoding=\"async\" src=\"https:\/\/villiger-security.com\/wp-content\/uploads\/1-Man.png\" alt=\"\" class=\"wp-image-1235 one-man alignnone size-full\"><\/a><br \/><a href=\"https:\/\/villiger-security.com\/es\/1-man-4\/\">1 Hombre<\/a><\/div>\n<div class=\"panel\"><a href=\"https:\/\/villiger-security.com\/es\/pavement-4\/\"><img loading=\"lazy\" decoding=\"async\" src=\"https:\/\/villiger-security.com\/wp-content\/uploads\/Pavement.png\" width=\"119\" height=\"123\" alt=\"\" class=\"wp-image-1263 alignnone size-full\"><\/a><br \/><a href=\"https:\/\/villiger-security.com\/es\/pavement-4\/\">Pavimento<\/a><\/div>\n<div class=\"panel\"><a href=\"https:\/\/villiger-security.com\/es\/atm-7\/\"><img loading=\"lazy\" decoding=\"async\" src=\"https:\/\/villiger-security.com\/wp-content\/uploads\/ATM.png\" width=\"119\" height=\"123\" alt=\"\" class=\"wp-image-1259 alignnone size-full\"><\/a><br \/><a href=\"https:\/\/villiger-security.com\/es\/atm-7\/\">ATM<\/a><\/div>\n<div class=\"panel\"><a href=\"https:\/\/villiger-security.com\/es\/retail-2\/\"><img loading=\"lazy\" decoding=\"async\" src=\"https:\/\/villiger-security.com\/wp-content\/uploads\/Retail.png\" width=\"119\" height=\"123\" alt=\"\" class=\"wp-image-1267 alignnone size-full\"><\/a><br \/><a href=\"https:\/\/villiger-security.com\/es\/retail-2\/\">Venta al por menor<\/a><\/div>\n<div class=\"panel\"><a href=\"https:\/\/villiger-security.com\/product-tag\/banking-private\/\"><img loading=\"lazy\" decoding=\"async\" src=\"https:\/\/villiger-security.com\/wp-content\/uploads\/Banking.png\" width=\"119\" height=\"123\" alt=\"\" class=\"wp-image-1260 alignnone size-full\"><\/a><br \/><a href=\"https:\/\/villiger-security.com\/product-tag\/banking-private\/\">Banca<\/a><br \/><a href=\"https:\/\/villiger-security.com\/product-tag\/banking-private\/\">Privado<\/a><\/div>\n<div class=\"panel\"><a href=\"https:\/\/villiger-security.com\/es\/pharma-3\/\"><img loading=\"lazy\" decoding=\"async\" src=\"https:\/\/villiger-security.com\/wp-content\/uploads\/Pharma.png\" width=\"119\" height=\"123\" alt=\"\" class=\"wp-image-1264 alignnone size-full\">Farmacia<\/a><\/div>\n<div class=\"panel\"><a href=\"https:\/\/villiger-security.com\/product-tag\/railway-solution\/\"><img loading=\"lazy\" decoding=\"async\" src=\"https:\/\/villiger-security.com\/wp-content\/uploads\/Railway.png\" width=\"119\" height=\"123\" alt=\"\" class=\"wp-image-1266 alignnone size-full\">Ferrocarril<\/a><\/div>\n<div class=\"panel\"><a href=\"https:\/\/villiger-security.com\/es\/maritime-4\/\"><img loading=\"lazy\" decoding=\"async\" src=\"https:\/\/villiger-security.com\/wp-content\/uploads\/Maritime-1.png\" width=\"119\" height=\"123\" alt=\"\" class=\"wp-image-1262 alignnone size-full\">Mar\u00edtimo<\/a><\/div>\n<div class=\"panel\"><a href=\"https:\/\/villiger-security.com\/es\/aerial-3\/\"><img loading=\"lazy\" decoding=\"async\" src=\"https:\/\/villiger-security.com\/wp-content\/uploads\/Aerial.png\" width=\"119\" height=\"123\" alt=\"\" class=\"wp-image-1258 alignnone size-full\">A\u00e9reo<\/a><\/div>\n<div class=\"panel\"><a href=\"https:\/\/villiger-security.com\/es\/postal-2\/\"><img loading=\"lazy\" decoding=\"async\" src=\"https:\/\/villiger-security.com\/wp-content\/uploads\/Postal.png\" width=\"119\" height=\"123\" alt=\"\" class=\"wp-image-1265 alignnone size-full\">Correo<\/a><\/div>\n<div class=\"panel\"><a href=\"https:\/\/villiger-security.com\/es\/luxury-3\/\"><img loading=\"lazy\" decoding=\"async\" src=\"https:\/\/villiger-security.com\/wp-content\/uploads\/Luxury.png\" width=\"119\" height=\"123\" alt=\"\" class=\"wp-image-1261 alignnone size-full\">Lujo<\/a><\/div>\n<div class=\"panel\"><a href=\"https:\/\/villiger-security.com\/es\/value-3\/\"><img loading=\"lazy\" decoding=\"async\" src=\"https:\/\/villiger-security.com\/wp-content\/uploads\/Value.png\" width=\"119\" height=\"123\" alt=\"\" class=\"wp-image-1268 alignnone size-full\">Valor<\/a><\/div>\n<\/div>\n<p>[\/et_pb_text][\/et_pb_column][\/et_pb_row][\/et_pb_section][et_pb_section fb_built=\u00bb1&#8243; fullwidth=\u00bbon\u00bb module_id=\u00bbhome-slid\u00bb _builder_version=\u00bb4.17.3&#8243; _module_preset=\u00bbdefault\u00bb filter_saturate=\u00bb50%\u00bb bottom_divider_color=\u00bb#e9e9f6&#8243; bottom_divider_height=\u00bb0px\u00bb bottom_divider_repeat=\u00bb0.5x\u00bb locked=\u00bboff\u00bb global_colors_info=\u00bb{}\u00bb][et_pb_fullwidth_slider _builder_version=\u00bb4.17.3&#8243; _module_preset=\u00bbdefault\u00bb header_level=\u00bbh1&#8243; header_font=\u00bb|600||||on|||\u00bb header_text_color=\u00bb#ffffff\u00bb body_font=\u00bb|||||on|||\u00bb body_text_color=\u00bbrgba(255,228,43,0.89)\u00bb use_background_color_gradient=\u00bbon\u00bb background_color_gradient_direction=\u00bb140deg\u00bb background_color_gradient_stops=\u00bbrgba(234,0,39,0.3) 0%|rgba(0,15,159,0.2) 26%\u00bb background_color_gradient_overlays_image=\u00bbon\u00bb custom_padding=\u00bb150px|0px|200px|0px|false|false\u00bb custom_padding_tablet=\u00bb120px||150px||false|false\u00bb custom_padding_phone=\u00bb||150px||false|false\u00bb custom_padding_last_edited=\u00bbon|tablet\u00bb auto=\u00bbon\u00bb auto_speed=\u00bb4500&#8243; auto_ignore_hover=\u00bbon\u00bb global_colors_info=\u00bb{}\u00bb][et_pb_slide heading=\u00bbProductos de Villiger Security Solutions\u00bb _builder_version=\u00bb4.17.3&#8243; _module_preset=\u00bbdefault\u00bb header_level=\u00bbh2&#8243; header_font=\u00bb|||||on|||\u00bb header_text_align=\u00bbcenter\u00bb header_text_color=\u00bb#ffffff\u00bb header_font_size=\u00bb50px\u00bb body_text_align=\u00bbcenter\u00bb body_text_color=\u00bb#FFFFFF\u00bb body_font_size=\u00bb25px\u00bb body_line_height=\u00bb1.3em\u00bb background_enable_color=\u00bboff\u00bb background_image=\u00bbhttps:\/\/villiger-security.com\/wp-content\/uploads\/2022\/05\/showroom.jpg\u00bb background_enable_image=\u00bbon\u00bb background_position=\u00bbbottom_center\u00bb text_orientation=\u00bbleft\u00bb max_width=\u00bb613px\u00bb body_font_size_tablet=\u00bb25px\u00bb body_font_size_phone=\u00bb25px\u00bb body_font_size_last_edited=\u00bbon|phone\u00bb body_line_height_tablet=\u00bb1.3em\u00bb body_line_height_phone=\u00bb1.3em\u00bb body_line_height_last_edited=\u00bbon|desktop\u00bb header_text_shadow_style=\u00bbpreset5&#8243; header_text_shadow_horizontal_length=\u00bb0.03em\u00bb header_text_shadow_vertical_length=\u00bb0.03em\u00bb header_text_shadow_color=\u00bbrgba(0,0,0,0.73)\u00bb text_shadow_style=\u00bbpreset5&#8243; text_shadow_horizontal_length=\u00bb0.07em\u00bb text_shadow_vertical_length=\u00bb0.07em\u00bb text_shadow_color=\u00bb#000000&#8243; global_colors_info=\u00bb{}\u00bb sticky_transition=\u00bbon\u00bb][\/et_pb_slide][\/et_pb_fullwidth_slider][\/et_pb_section][et_pb_section fb_built=\u00bb1&#8243; module_id=\u00bbcit\u00bb _builder_version=\u00bb4.17.3&#8243; _module_preset=\u00bbdefault\u00bb global_colors_info=\u00bb{}\u00bb][et_pb_row _builder_version=\u00bb4.17.3&#8243; _module_preset=\u00bbdefault\u00bb global_colors_info=\u00bb{}\u00bb][et_pb_column type=\u00bb4_4&#8243; _builder_version=\u00bb4.17.3&#8243; _module_preset=\u00bbdefault\u00bb global_colors_info=\u00bb{}\u00bb][et_pb_text _builder_version=\u00bb4.17.3&#8243; _module_preset=\u00bbdefault\u00bb global_colors_info=\u00bb{}\u00bb]<\/p>\n<h2>CIT &#8211; Seguridad del efectivo en tr\u00e1nsito<\/h2>\n<p><span>Basamos nuestro concepto de seguridad en la idea de que los objetos de valor o bien no llegan a manos de los delincuentes, o bien lo hacen en un estado inutilizable. Los responsables del transporte no entran en contacto con los valores en ning\u00fan momento y no pueden abrir los contenedores de seguridad. De este modo, est\u00e1n a salvo de chantajes o sobornos. Los ladrones tambi\u00e9n tienen claro que no tiene sentido separar a los mensajeros de los valores.<\/span><\/p>\n<p>[\/et_pb_text][et_pb_shop type=\u00bbproduct_category\u00bb posts_number=\u00bb22&#8243; include_categories=\u00bb15&#8243; columns_number=\u00bb6&#8243; _builder_version=\u00bb4.17.3&#8243; _module_preset=\u00bbdefault\u00bb global_colors_info=\u00bb{}\u00bb][\/et_pb_shop][\/et_pb_column][\/et_pb_row][\/et_pb_section][et_pb_section fb_built=\u00bb1&#8243; module_id=\u00bbatm\u00bb _builder_version=\u00bb4.17.3&#8243; _module_preset=\u00bbdefault\u00bb background_color=\u00bb#f2f3fa\u00bb border_width_top=\u00bb10px\u00bb border_color_top=\u00bb#f8f9fe\u00bb border_width_bottom=\u00bb10px\u00bb border_color_bottom=\u00bb#f8f9fe\u00bb global_colors_info=\u00bb{}\u00bb][et_pb_row _builder_version=\u00bb4.17.3&#8243; _module_preset=\u00bbdefault\u00bb global_colors_info=\u00bb{}\u00bb][et_pb_column type=\u00bb4_4&#8243; _builder_version=\u00bb4.17.3&#8243; _module_preset=\u00bbdefault\u00bb global_colors_info=\u00bb{}\u00bb][et_pb_text _builder_version=\u00bb4.17.3&#8243; _module_preset=\u00bbdefault\u00bb global_colors_info=\u00bb{}\u00bb]<\/p>\n<h2>Seguridad de los cajeros autom\u00e1ticos<\/h2>\n<p>La soluci\u00f3n de seguridad de tinta para cajeros autom\u00e1ticos Villiger presenta el m\u00e1s alto nivel de seguridad, adem\u00e1s de ser sencilla de instalar localmente y de f\u00e1cil mantenimiento. Los m\u00f3dulos de tinta y las unidades de control se adaptan a todas las marcas de cajeros autom\u00e1ticos y se integran en los casetes existentes. El sistema puede integrar una soluci\u00f3n completa de principio a fin, en combinaci\u00f3n con el carro de cajeros.<\/p>\n<p>[\/et_pb_text][et_pb_shop type=\u00bbproduct_category\u00bb posts_number=\u00bb100&#8243; include_categories=\u00bb22&#8243; columns_number=\u00bb6&#8243; _builder_version=\u00bb4.17.3&#8243; _module_preset=\u00bbdefault\u00bb global_colors_info=\u00bb{}\u00bb][\/et_pb_shop][\/et_pb_column][\/et_pb_row][\/et_pb_section][et_pb_section fb_built=\u00bb1&#8243; module_id=\u00bbventa al por menor\u00bb _builder_version=\u00bb4.17.3&#8243; _module_preset=\u00bbdefault\u00bb global_colors_info=\u00bb{}\u00bb][et_pb_row _builder_version=\u00bb4.17.3&#8243; _module_preset=\u00bbdefault\u00bb global_colors_info=\u00bb{}\u00bb][et_pb_column type=\u00bb4_4&#8243; _builder_version=\u00bb4.17.3&#8243; _module_preset=\u00bbdefault\u00bb global_colors_info=\u00bb{}\u00bb][et_pb_text _builder_version=\u00bb4.17.3&#8243; _module_preset=\u00bbdefault\u00bb global_colors_info=\u00bb{}\u00bb]<\/p>\n<h2>Seguridad en los comercios<\/h2>\n<p>La soluci\u00f3n de Villiger Retail cuenta con el m\u00e1s alto nivel de seguridad, adem\u00e1s de ser sencilla de instalar localmente y f\u00e1cil de mantener. Los m\u00f3dulos de tinta y las unidades de control se adaptan a cada casete y se integran adosados o dentro de los casetes existentes.<\/p>\n<h4>Villiger coopera con GLORY LTD.<\/h4>\n<p>Villiger coopera con GLORY LTD. en una asociaci\u00f3n fuerte y eficiente. Villiger proporciona sistemas IBNS exclusivos para los productos de GLORY LTD. para proteger las soluciones de los minoristas en todo el mundo. Villiger m\u00e1s reciente, GLORY LTD. Solutions, incluye CASHINFINITY como su nuevo sistema de lanzamiento en 2017. El grupo GLORY, con sede en Jap\u00f3n, es pionero en el dise\u00f1o y la fabricaci\u00f3n de m\u00e1quinas y sistemas de tratamiento de efectivo. En un esfuerzo por satisfacer las amplias necesidades de la sociedad, GLORY presta servicio a los sectores financiero, minorista, de las TIC y del juego en m\u00e1s de 80 pa\u00edses del mundo.<\/p>\n<p>[\/et_pb_text][et_pb_shop type=\u00bbproduct_category\u00bb posts_number=\u00bb100&#8243; include_categories=\u00bb23&#8243; columns_number=\u00bb6&#8243; _builder_version=\u00bb4.17.3&#8243; _module_preset=\u00bbdefault\u00bb global_colors_info=\u00bb{}\u00bb][\/et_pb_shop][\/et_pb_column][\/et_pb_row][\/et_pb_section][et_pb_section fb_built=\u00bb1&#8243; module_id=\u00bbferrocarril\u00bb _builder_version=\u00bb4.17.3&#8243; _module_preset=\u00bbdefault\u00bb background_color=\u00bb#f2f3fa\u00bb border_width_top=\u00bb10px\u00bb border_color_top=\u00bb#f8f9fe\u00bb border_width_bottom=\u00bb10px\u00bb border_color_bottom=\u00bb#f8f9fe\u00bb global_colors_info=\u00bb{}\u00bb][et_pb_row _builder_version=\u00bb4.17.3&#8243; _module_preset=\u00bbdefault\u00bb global_colors_info=\u00bb{}\u00bb][et_pb_column type=\u00bb4_4&#8243; _builder_version=\u00bb4.17.3&#8243; _module_preset=\u00bbdefault\u00bb global_colors_info=\u00bb{}\u00bb][et_pb_text _builder_version=\u00bb4.17.3&#8243; _module_preset=\u00bbdefault\u00bb global_colors_info=\u00bb{}\u00bb]<\/p>\n<h2>Seguridad ferroviaria, mar\u00edtima, privada y bancaria<\/h2>\n<p>[\/et_pb_text][et_pb_shop type=\u00bbproduct_category\u00bb posts_number=\u00bb100&#8243; include_categories=\u00bb56&#8243; columns_number=\u00bb6&#8243; _builder_version=\u00bb4.17.3&#8243; _module_preset=\u00bbdefault\u00bb global_colors_info=\u00bb{}\u00bb][\/et_pb_shop][\/et_pb_column][\/et_pb_row][\/et_pb_section][et_pb_section fb_built=\u00bb1&#8243; module_id=\u00bbaire\u00bb _builder_version=\u00bb4.17.3&#8243; _module_preset=\u00bbdefault\u00bb global_colors_info=\u00bb{}\u00bb][et_pb_row _builder_version=\u00bb4.17.3&#8243; _module_preset=\u00bbdefault\u00bb global_colors_info=\u00bb{}\u00bb][et_pb_column type=\u00bb4_4&#8243; _builder_version=\u00bb4.17.3&#8243; _module_preset=\u00bbdefault\u00bb global_colors_info=\u00bb{}\u00bb][et_pb_text _builder_version=\u00bb4.17.3&#8243; _module_preset=\u00bbdefault\u00bb global_colors_info=\u00bb{}\u00bb]<\/p>\n<h2>Seguridad farmac\u00e9utica y log\u00edstica<\/h2>\n<p>[\/et_pb_text][et_pb_shop type=\u00bbproduct_category\u00bb posts_number=\u00bb100&#8243; include_categories=\u00bb57&#8243; columns_number=\u00bb6&#8243; _builder_version=\u00bb4.17.3&#8243; _module_preset=\u00bbdefault\u00bb global_colors_info=\u00bb{}\u00bb][\/et_pb_shop][\/et_pb_column][\/et_pb_row][\/et_pb_section]<\/p>\n","protected":false},"excerpt":{"rendered":"<p>Soluciones de seguridad 1 Hombre Pavimento ATM Venta al por menor BancaPrivado Farmacia Ferrocarril Mar\u00edtimo A\u00e9reo Correo Lujo Valor CIT &#8211; Seguridad del efectivo en tr\u00e1nsito Basamos nuestro concepto de seguridad en la idea de que los objetos de valor o bien no llegan a manos de los delincuentes, o bien lo hacen en un [&hellip;]<\/p>\n","protected":false},"author":1,"featured_media":0,"parent":0,"menu_order":0,"comment_status":"closed","ping_status":"closed","template":"","meta":{"_acf_changed":false,"_et_pb_use_builder":"on","_et_pb_old_content":"","_et_gb_content_width":"","footnotes":""},"class_list":["post-3117","page","type-page","status-publish","hentry"],"acf":[],"yoast_head":"<!-- This site is optimized with the Yoast SEO plugin v26.7 - https:\/\/yoast.com\/wordpress\/plugins\/seo\/ -->\n<title>Productos de Villiger Security Solutions<\/title>\n<meta name=\"description\" content=\"Descubra los productos de Villiger Security, especialmente dise\u00f1ados para soluciones de seguridad en torno al transporte de fondos.\" \/>\n<meta name=\"robots\" content=\"index, follow, max-snippet:-1, max-image-preview:large, max-video-preview:-1\" \/>\n<link rel=\"canonical\" href=\"https:\/\/villiger-security.com\/es\/productos\/\" \/>\n<meta property=\"og:locale\" content=\"es_ES\" \/>\n<meta property=\"og:type\" content=\"article\" \/>\n<meta property=\"og:title\" content=\"Productos de Villiger Security Solutions\" \/>\n<meta property=\"og:description\" content=\"Descubra los productos de Villiger Security, especialmente dise\u00f1ados para soluciones de seguridad en torno al transporte de fondos.\" \/>\n<meta property=\"og:url\" content=\"https:\/\/villiger-security.com\/es\/productos\/\" \/>\n<meta property=\"og:site_name\" content=\"Villiger Security Solutions AG\" \/>\n<meta property=\"article:modified_time\" content=\"2022-08-12T07:02:40+00:00\" \/>\n<meta property=\"og:image\" content=\"https:\/\/villiger-security.com\/wp-content\/uploads\/1-Man.png\" \/>\n<meta name=\"twitter:card\" content=\"summary_large_image\" \/>\n<meta name=\"twitter:label1\" content=\"Tiempo de lectura\" \/>\n\t<meta name=\"twitter:data1\" content=\"7 minutos\" \/>\n<script type=\"application\/ld+json\" class=\"yoast-schema-graph\">{\"@context\":\"https:\/\/schema.org\",\"@graph\":[{\"@type\":\"WebPage\",\"@id\":\"https:\/\/villiger-security.com\/es\/productos\/\",\"url\":\"https:\/\/villiger-security.com\/es\/productos\/\",\"name\":\"Productos de Villiger Security Solutions\",\"isPartOf\":{\"@id\":\"https:\/\/villiger-security.com\/es\/#website\"},\"primaryImageOfPage\":{\"@id\":\"https:\/\/villiger-security.com\/es\/productos\/#primaryimage\"},\"image\":{\"@id\":\"https:\/\/villiger-security.com\/es\/productos\/#primaryimage\"},\"thumbnailUrl\":\"https:\/\/villiger-security.com\/wp-content\/uploads\/1-Man.png\",\"datePublished\":\"2022-05-03T09:09:05+00:00\",\"dateModified\":\"2022-08-12T07:02:40+00:00\",\"description\":\"Descubra los productos de Villiger Security, especialmente dise\u00f1ados para soluciones de seguridad en torno al transporte de fondos.\",\"breadcrumb\":{\"@id\":\"https:\/\/villiger-security.com\/es\/productos\/#breadcrumb\"},\"inLanguage\":\"es\",\"potentialAction\":[{\"@type\":\"ReadAction\",\"target\":[\"https:\/\/villiger-security.com\/es\/productos\/\"]}]},{\"@type\":\"ImageObject\",\"inLanguage\":\"es\",\"@id\":\"https:\/\/villiger-security.com\/es\/productos\/#primaryimage\",\"url\":\"https:\/\/villiger-security.com\/wp-content\/uploads\/1-Man.png\",\"contentUrl\":\"https:\/\/villiger-security.com\/wp-content\/uploads\/1-Man.png\"},{\"@type\":\"BreadcrumbList\",\"@id\":\"https:\/\/villiger-security.com\/es\/productos\/#breadcrumb\",\"itemListElement\":[{\"@type\":\"ListItem\",\"position\":1,\"name\":\"Home\",\"item\":\"https:\/\/villiger-security.com\/es\/\"},{\"@type\":\"ListItem\",\"position\":2,\"name\":\"Productos\"}]},{\"@type\":\"WebSite\",\"@id\":\"https:\/\/villiger-security.com\/es\/#website\",\"url\":\"https:\/\/villiger-security.com\/es\/\",\"name\":\"Villiger Security Solutions AG\",\"description\":\"Innovate the future of cash\",\"potentialAction\":[{\"@type\":\"SearchAction\",\"target\":{\"@type\":\"EntryPoint\",\"urlTemplate\":\"https:\/\/villiger-security.com\/es\/?s={search_term_string}\"},\"query-input\":{\"@type\":\"PropertyValueSpecification\",\"valueRequired\":true,\"valueName\":\"search_term_string\"}}],\"inLanguage\":\"es\"}]}<\/script>\n<!-- \/ Yoast SEO plugin. -->","yoast_head_json":{"title":"Productos de Villiger Security Solutions","description":"Descubra los productos de Villiger Security, especialmente dise\u00f1ados para soluciones de seguridad en torno al transporte de fondos.","robots":{"index":"index","follow":"follow","max-snippet":"max-snippet:-1","max-image-preview":"max-image-preview:large","max-video-preview":"max-video-preview:-1"},"canonical":"https:\/\/villiger-security.com\/es\/productos\/","og_locale":"es_ES","og_type":"article","og_title":"Productos de Villiger Security Solutions","og_description":"Descubra los productos de Villiger Security, especialmente dise\u00f1ados para soluciones de seguridad en torno al transporte de fondos.","og_url":"https:\/\/villiger-security.com\/es\/productos\/","og_site_name":"Villiger Security Solutions AG","article_modified_time":"2022-08-12T07:02:40+00:00","og_image":[{"url":"https:\/\/villiger-security.com\/wp-content\/uploads\/1-Man.png","type":"","width":"","height":""}],"twitter_card":"summary_large_image","twitter_misc":{"Tiempo de lectura":"7 minutos"},"schema":{"@context":"https:\/\/schema.org","@graph":[{"@type":"WebPage","@id":"https:\/\/villiger-security.com\/es\/productos\/","url":"https:\/\/villiger-security.com\/es\/productos\/","name":"Productos de Villiger Security Solutions","isPartOf":{"@id":"https:\/\/villiger-security.com\/es\/#website"},"primaryImageOfPage":{"@id":"https:\/\/villiger-security.com\/es\/productos\/#primaryimage"},"image":{"@id":"https:\/\/villiger-security.com\/es\/productos\/#primaryimage"},"thumbnailUrl":"https:\/\/villiger-security.com\/wp-content\/uploads\/1-Man.png","datePublished":"2022-05-03T09:09:05+00:00","dateModified":"2022-08-12T07:02:40+00:00","description":"Descubra los productos de Villiger Security, especialmente dise\u00f1ados para soluciones de seguridad en torno al transporte de fondos.","breadcrumb":{"@id":"https:\/\/villiger-security.com\/es\/productos\/#breadcrumb"},"inLanguage":"es","potentialAction":[{"@type":"ReadAction","target":["https:\/\/villiger-security.com\/es\/productos\/"]}]},{"@type":"ImageObject","inLanguage":"es","@id":"https:\/\/villiger-security.com\/es\/productos\/#primaryimage","url":"https:\/\/villiger-security.com\/wp-content\/uploads\/1-Man.png","contentUrl":"https:\/\/villiger-security.com\/wp-content\/uploads\/1-Man.png"},{"@type":"BreadcrumbList","@id":"https:\/\/villiger-security.com\/es\/productos\/#breadcrumb","itemListElement":[{"@type":"ListItem","position":1,"name":"Home","item":"https:\/\/villiger-security.com\/es\/"},{"@type":"ListItem","position":2,"name":"Productos"}]},{"@type":"WebSite","@id":"https:\/\/villiger-security.com\/es\/#website","url":"https:\/\/villiger-security.com\/es\/","name":"Villiger Security Solutions AG","description":"Innovate the future of cash","potentialAction":[{"@type":"SearchAction","target":{"@type":"EntryPoint","urlTemplate":"https:\/\/villiger-security.com\/es\/?s={search_term_string}"},"query-input":{"@type":"PropertyValueSpecification","valueRequired":true,"valueName":"search_term_string"}}],"inLanguage":"es"}]}},"_links":{"self":[{"href":"https:\/\/villiger-security.com\/es\/wp-json\/wp\/v2\/pages\/3117","targetHints":{"allow":["GET"]}}],"collection":[{"href":"https:\/\/villiger-security.com\/es\/wp-json\/wp\/v2\/pages"}],"about":[{"href":"https:\/\/villiger-security.com\/es\/wp-json\/wp\/v2\/types\/page"}],"author":[{"embeddable":true,"href":"https:\/\/villiger-security.com\/es\/wp-json\/wp\/v2\/users\/1"}],"replies":[{"embeddable":true,"href":"https:\/\/villiger-security.com\/es\/wp-json\/wp\/v2\/comments?post=3117"}],"version-history":[{"count":0,"href":"https:\/\/villiger-security.com\/es\/wp-json\/wp\/v2\/pages\/3117\/revisions"}],"wp:attachment":[{"href":"https:\/\/villiger-security.com\/es\/wp-json\/wp\/v2\/media?parent=3117"}],"curies":[{"name":"wp","href":"https:\/\/api.w.org\/{rel}","templated":true}]}}