{"id":3114,"date":"2022-05-03T11:22:29","date_gmt":"2022-05-03T11:22:29","guid":{"rendered":"https:\/\/villiger-security.com\/fundador-y-director-general\/"},"modified":"2022-08-12T07:02:40","modified_gmt":"2022-08-12T07:02:40","slug":"fundador-y-director-general","status":"publish","type":"page","link":"https:\/\/villiger-security.com\/es\/fundador-y-director-general\/","title":{"rendered":"Fundador y Director General"},"content":{"rendered":"<p>[et_pb_section fb_built=\u00bb1&#8243; fullwidth=\u00bbon\u00bb module_id=\u00bbhome-slid\u00bb _builder_version=\u00bb4.17.3&#8243; _module_preset=\u00bbdefault\u00bb filter_saturate=\u00bb50%\u00bb bottom_divider_color=\u00bb#e9e9f6&#8243; bottom_divider_height=\u00bb0px\u00bb bottom_divider_repeat=\u00bb0.5x\u00bb locked=\u00bboff\u00bb global_colors_info=\u00bb{}\u00bb][et_pb_fullwidth_slider _builder_version=\u00bb4.17.3&#8243; _module_preset=\u00bbdefault\u00bb header_level=\u00bbh1&#8243; header_font=\u00bb|600||||on|||\u00bb header_text_color=\u00bb#ffffff\u00bb body_font=\u00bb|||||on|||\u00bb body_text_color=\u00bbrgba(255,228,43,0.89)\u00bb use_background_color_gradient=\u00bbon\u00bb background_color_gradient_direction=\u00bb140deg\u00bb background_color_gradient_stops=\u00bbrgba(234,0,39,0.3) 0%|rgba(0,15,159,0.45) 26%\u00bb background_color_gradient_overlays_image=\u00bbon\u00bb custom_padding=\u00bb150px|0px|200px|0px|false|false\u00bb custom_padding_tablet=\u00bb120px||150px||false|false\u00bb custom_padding_phone=\u00bb||150px||false|false\u00bb custom_padding_last_edited=\u00bbon|tablet\u00bb auto=\u00bbon\u00bb auto_speed=\u00bb4500&#8243; auto_ignore_hover=\u00bbon\u00bb global_colors_info=\u00bb{}\u00bb][et_pb_slide heading=\u00bbFundador y Director General\u00bb _builder_version=\u00bb4.17.3&#8243; _module_preset=\u00bbdefault\u00bb header_level=\u00bbh2&#8243; header_font=\u00bb|||||on|||\u00bb header_text_align=\u00bbcenter\u00bb header_text_color=\u00bb#ffffff\u00bb header_font_size=\u00bb50px\u00bb body_text_align=\u00bbcenter\u00bb body_text_color=\u00bb#FFFFFF\u00bb body_font_size=\u00bb25px\u00bb body_line_height=\u00bb1.3em\u00bb background_enable_color=\u00bboff\u00bb background_image=\u00bbhttps:\/\/villiger-security.com\/wp-content\/uploads\/2022\/05\/showroom.jpg\u00bb background_enable_image=\u00bbon\u00bb background_position=\u00bbbottom_center\u00bb text_orientation=\u00bbleft\u00bb max_width=\u00bb613px\u00bb body_font_size_tablet=\u00bb25px\u00bb body_font_size_phone=\u00bb25px\u00bb body_font_size_last_edited=\u00bbon|phone\u00bb body_line_height_tablet=\u00bb1.3em\u00bb body_line_height_phone=\u00bb1.3em\u00bb body_line_height_last_edited=\u00bbon|desktop\u00bb header_text_shadow_style=\u00bbpreset5&#8243; header_text_shadow_horizontal_length=\u00bb0.03em\u00bb header_text_shadow_vertical_length=\u00bb0.03em\u00bb header_text_shadow_color=\u00bbrgba(0,0,0,0.73)\u00bb text_shadow_style=\u00bbpreset5&#8243; text_shadow_horizontal_length=\u00bb0.07em\u00bb text_shadow_vertical_length=\u00bb0.07em\u00bb text_shadow_color=\u00bb#000000&#8243; global_colors_info=\u00bb{}\u00bb sticky_transition=\u00bbon\u00bb][\/et_pb_slide][\/et_pb_fullwidth_slider][\/et_pb_section][et_pb_section fb_built=\u00bb1&#8243; _builder_version=\u00bb4.17.3&#8243; _module_preset=\u00bbdefault\u00bb global_colors_info=\u00bb{}\u00bb][et_pb_row column_structure=\u00bb3_5,2_5&#8243; _builder_version=\u00bb4.17.3&#8243; _module_preset=\u00bbdefault\u00bb global_colors_info=\u00bb{}\u00bb][et_pb_column type=\u00bb3_5&#8243; _builder_version=\u00bb4.17.3&#8243; _module_preset=\u00bbdefault\u00bb global_colors_info=\u00bb{}\u00bb][et_pb_text _builder_version=\u00bb4.17.3&#8243; _module_preset=\u00bbdefault\u00bb global_colors_info=\u00bb{}\u00bb]<\/p>\n<h2>Fundador, propietario y director general de Villiger Security Solution AG<\/h2>\n<p>Peter Villiger es el pionero en el uso econ\u00f3mico y seguro de la tecnolog\u00eda de la tinta en el sector del efectivo. Fund\u00f3 Villiger Security Solution AG en 1988 y sigue desarrollando su empresa. Para \u00e9l, la innovaci\u00f3n es un asunto que le interesa mucho. Con su previsi\u00f3n empresarial y sus conocimientos t\u00e9cnicos, integra las ideas de las conversaciones con los clientes en soluciones globales para que sus productos beneficien a todos los implicados en el ciclo de caja. De este modo, ha tenido un efecto duradero en la seguridad del efectivo en el transporte y el almacenamiento, en los cajeros autom\u00e1ticos para Europa y Am\u00e9rica del Sur.<\/p>\n<p>A diferencia de todos los competidores del sector de la seguridad del efectivo y del manejo de efectivo, Peter tiene una trayectoria de 30 a\u00f1os como presidente de la empresa. Los clientes admiran esta continuidad. Quienes ya conocen a Peter, valoran su perseverancia y su pasi\u00f3n por las soluciones para el cliente que ofrecen un sistema completo y no s\u00f3lo un producto. Nada le parece imposible. Hasta el d\u00eda de hoy, a Peter le gusta desafiar los problemas de la industria de frente.<\/p>\n<p>[\/et_pb_text][\/et_pb_column][et_pb_column type=\u00bb2_5&#8243; _builder_version=\u00bb4.17.3&#8243; _module_preset=\u00bbdefault\u00bb global_colors_info=\u00bb{}\u00bb][et_pb_image src=\u00bbhttps:\/\/villiger-security.com\/wp-content\/uploads\/2022\/05\/peter_villiger.jpg\u00bb title_text=\u00bbpeter_villiger\u00bb _builder_version=\u00bb4.17.3&#8243; _module_preset=\u00bbdefault\u00bb global_colors_info=\u00bb{}\u00bb][\/et_pb_image][et_pb_text _builder_version=\u00bb4.17.3&#8243; _module_preset=\u00bbdefault\u00bb global_colors_info=\u00bb{}\u00bb]<\/p>\n<h3>Peter Villiger<\/h3>\n<p><em>CEO<\/em><\/p>\n<p>[\/et_pb_text][\/et_pb_column][\/et_pb_row][\/et_pb_section]<\/p>\n","protected":false},"excerpt":{"rendered":"<p>Fundador, propietario y director general de Villiger Security Solution AG Peter Villiger es el pionero en el uso econ\u00f3mico y seguro de la tecnolog\u00eda de la tinta en el sector del efectivo. Fund\u00f3 Villiger Security Solution AG en 1988 y sigue desarrollando su empresa. Para \u00e9l, la innovaci\u00f3n es un asunto que le interesa mucho. [&hellip;]<\/p>\n","protected":false},"author":1,"featured_media":0,"parent":0,"menu_order":0,"comment_status":"closed","ping_status":"closed","template":"","meta":{"_acf_changed":false,"_et_pb_use_builder":"on","_et_pb_old_content":"","_et_gb_content_width":"","footnotes":""},"class_list":["post-3114","page","type-page","status-publish","hentry"],"acf":[],"yoast_head":"<!-- This site is optimized with the Yoast SEO plugin v26.7 - https:\/\/yoast.com\/wordpress\/plugins\/seo\/ -->\n<title>Fundador y Director General - Villiger Security Solutions AG<\/title>\n<meta name=\"description\" content=\"El director general, Peter Villiger, es el pionero en el uso econ\u00f3mico y seguro de la tecnolog\u00eda de la tinta en el sector del efectivo.\" \/>\n<meta name=\"robots\" content=\"index, follow, max-snippet:-1, max-image-preview:large, max-video-preview:-1\" \/>\n<link rel=\"canonical\" href=\"https:\/\/villiger-security.com\/es\/fundador-y-director-general\/\" \/>\n<meta property=\"og:locale\" content=\"es_ES\" \/>\n<meta property=\"og:type\" content=\"article\" \/>\n<meta property=\"og:title\" content=\"Fundador y Director General - Villiger Security Solutions AG\" \/>\n<meta property=\"og:description\" content=\"El director general, Peter Villiger, es el pionero en el uso econ\u00f3mico y seguro de la tecnolog\u00eda de la tinta en el sector del efectivo.\" \/>\n<meta property=\"og:url\" content=\"https:\/\/villiger-security.com\/es\/fundador-y-director-general\/\" \/>\n<meta property=\"og:site_name\" content=\"Villiger Security Solutions AG\" \/>\n<meta property=\"article:modified_time\" content=\"2022-08-12T07:02:40+00:00\" \/>\n<meta name=\"twitter:card\" content=\"summary_large_image\" \/>\n<meta name=\"twitter:label1\" content=\"Tiempo de lectura\" \/>\n\t<meta name=\"twitter:data1\" content=\"3 minutos\" \/>\n<script type=\"application\/ld+json\" class=\"yoast-schema-graph\">{\"@context\":\"https:\/\/schema.org\",\"@graph\":[{\"@type\":\"WebPage\",\"@id\":\"https:\/\/villiger-security.com\/es\/fundador-y-director-general\/\",\"url\":\"https:\/\/villiger-security.com\/es\/fundador-y-director-general\/\",\"name\":\"Fundador y Director General - Villiger Security Solutions AG\",\"isPartOf\":{\"@id\":\"https:\/\/villiger-security.com\/es\/#website\"},\"datePublished\":\"2022-05-03T11:22:29+00:00\",\"dateModified\":\"2022-08-12T07:02:40+00:00\",\"description\":\"El director general, Peter Villiger, es el pionero en el uso econ\u00f3mico y seguro de la tecnolog\u00eda de la tinta en el sector del efectivo.\",\"breadcrumb\":{\"@id\":\"https:\/\/villiger-security.com\/es\/fundador-y-director-general\/#breadcrumb\"},\"inLanguage\":\"es\",\"potentialAction\":[{\"@type\":\"ReadAction\",\"target\":[\"https:\/\/villiger-security.com\/es\/fundador-y-director-general\/\"]}]},{\"@type\":\"BreadcrumbList\",\"@id\":\"https:\/\/villiger-security.com\/es\/fundador-y-director-general\/#breadcrumb\",\"itemListElement\":[{\"@type\":\"ListItem\",\"position\":1,\"name\":\"Home\",\"item\":\"https:\/\/villiger-security.com\/es\/\"},{\"@type\":\"ListItem\",\"position\":2,\"name\":\"Fundador y Director General\"}]},{\"@type\":\"WebSite\",\"@id\":\"https:\/\/villiger-security.com\/es\/#website\",\"url\":\"https:\/\/villiger-security.com\/es\/\",\"name\":\"Villiger Security Solutions AG\",\"description\":\"Innovate the future of cash\",\"potentialAction\":[{\"@type\":\"SearchAction\",\"target\":{\"@type\":\"EntryPoint\",\"urlTemplate\":\"https:\/\/villiger-security.com\/es\/?s={search_term_string}\"},\"query-input\":{\"@type\":\"PropertyValueSpecification\",\"valueRequired\":true,\"valueName\":\"search_term_string\"}}],\"inLanguage\":\"es\"}]}<\/script>\n<!-- \/ Yoast SEO plugin. -->","yoast_head_json":{"title":"Fundador y Director General - Villiger Security Solutions AG","description":"El director general, Peter Villiger, es el pionero en el uso econ\u00f3mico y seguro de la tecnolog\u00eda de la tinta en el sector del efectivo.","robots":{"index":"index","follow":"follow","max-snippet":"max-snippet:-1","max-image-preview":"max-image-preview:large","max-video-preview":"max-video-preview:-1"},"canonical":"https:\/\/villiger-security.com\/es\/fundador-y-director-general\/","og_locale":"es_ES","og_type":"article","og_title":"Fundador y Director General - Villiger Security Solutions AG","og_description":"El director general, Peter Villiger, es el pionero en el uso econ\u00f3mico y seguro de la tecnolog\u00eda de la tinta en el sector del efectivo.","og_url":"https:\/\/villiger-security.com\/es\/fundador-y-director-general\/","og_site_name":"Villiger Security Solutions AG","article_modified_time":"2022-08-12T07:02:40+00:00","twitter_card":"summary_large_image","twitter_misc":{"Tiempo de lectura":"3 minutos"},"schema":{"@context":"https:\/\/schema.org","@graph":[{"@type":"WebPage","@id":"https:\/\/villiger-security.com\/es\/fundador-y-director-general\/","url":"https:\/\/villiger-security.com\/es\/fundador-y-director-general\/","name":"Fundador y Director General - Villiger Security Solutions AG","isPartOf":{"@id":"https:\/\/villiger-security.com\/es\/#website"},"datePublished":"2022-05-03T11:22:29+00:00","dateModified":"2022-08-12T07:02:40+00:00","description":"El director general, Peter Villiger, es el pionero en el uso econ\u00f3mico y seguro de la tecnolog\u00eda de la tinta en el sector del efectivo.","breadcrumb":{"@id":"https:\/\/villiger-security.com\/es\/fundador-y-director-general\/#breadcrumb"},"inLanguage":"es","potentialAction":[{"@type":"ReadAction","target":["https:\/\/villiger-security.com\/es\/fundador-y-director-general\/"]}]},{"@type":"BreadcrumbList","@id":"https:\/\/villiger-security.com\/es\/fundador-y-director-general\/#breadcrumb","itemListElement":[{"@type":"ListItem","position":1,"name":"Home","item":"https:\/\/villiger-security.com\/es\/"},{"@type":"ListItem","position":2,"name":"Fundador y Director General"}]},{"@type":"WebSite","@id":"https:\/\/villiger-security.com\/es\/#website","url":"https:\/\/villiger-security.com\/es\/","name":"Villiger Security Solutions AG","description":"Innovate the future of cash","potentialAction":[{"@type":"SearchAction","target":{"@type":"EntryPoint","urlTemplate":"https:\/\/villiger-security.com\/es\/?s={search_term_string}"},"query-input":{"@type":"PropertyValueSpecification","valueRequired":true,"valueName":"search_term_string"}}],"inLanguage":"es"}]}},"_links":{"self":[{"href":"https:\/\/villiger-security.com\/es\/wp-json\/wp\/v2\/pages\/3114","targetHints":{"allow":["GET"]}}],"collection":[{"href":"https:\/\/villiger-security.com\/es\/wp-json\/wp\/v2\/pages"}],"about":[{"href":"https:\/\/villiger-security.com\/es\/wp-json\/wp\/v2\/types\/page"}],"author":[{"embeddable":true,"href":"https:\/\/villiger-security.com\/es\/wp-json\/wp\/v2\/users\/1"}],"replies":[{"embeddable":true,"href":"https:\/\/villiger-security.com\/es\/wp-json\/wp\/v2\/comments?post=3114"}],"version-history":[{"count":0,"href":"https:\/\/villiger-security.com\/es\/wp-json\/wp\/v2\/pages\/3114\/revisions"}],"wp:attachment":[{"href":"https:\/\/villiger-security.com\/es\/wp-json\/wp\/v2\/media?parent=3114"}],"curies":[{"name":"wp","href":"https:\/\/api.w.org\/{rel}","templated":true}]}}