{"id":3067,"date":"2022-05-31T10:18:19","date_gmt":"2022-05-31T10:18:19","guid":{"rendered":"https:\/\/villiger-security.com\/farmaceutica-y-logistica\/"},"modified":"2022-08-12T07:02:35","modified_gmt":"2022-08-12T07:02:35","slug":"farmaceutica-y-logistica","status":"publish","type":"page","link":"https:\/\/villiger-security.com\/es\/farmaceutica-y-logistica\/","title":{"rendered":"Farmac\u00e9utica y log\u00edstica"},"content":{"rendered":"<p>[et_pb_section fb_built=\u00bb1&#8243; module_class=\u00bbpanelbar\u00bb _builder_version=\u00bb4.17.3&#8243; _module_preset=\u00bbdefault\u00bb background_color=\u00bb#303132&#8243; custom_margin=\u00bb0px||0px||false|false\u00bb custom_padding=\u00bb0px||0px||false|false\u00bb global_module=\u00bb1297&#8243; global_colors_info=\u00bb{}\u00bb][et_pb_row column_structure=\u00bb1_4,3_4&#8243; _builder_version=\u00bb4.17.3&#8243; _module_preset=\u00bbdefault\u00bb custom_padding=\u00bb5px||10px||false|false\u00bb global_colors_info=\u00bb{}\u00bb][et_pb_column type=\u00bb1_4&#8243; _builder_version=\u00bb4.17.3&#8243; _module_preset=\u00bbdefault\u00bb global_colors_info=\u00bb{}\u00bb][et_pb_text _builder_version=\u00bb4.17.3&#8243; _module_preset=\u00bbdefault\u00bb text_font=\u00bb|||||on|||\u00bb text_text_color=\u00bb#ffffff\u00bb text_font_size=\u00bb25px\u00bb custom_margin=\u00bb||0px||false|false\u00bb custom_margin_tablet=\u00bb||-20px||false|false\u00bb custom_margin_phone=\u00bb\u00bb custom_margin_last_edited=\u00bbon|desktop\u00bb custom_padding=\u00bb10px||||false|false\u00bb custom_padding_tablet=\u00bb0px||||false|false\u00bb custom_padding_phone=\u00bb\u00bb custom_padding_last_edited=\u00bbon|tablet\u00bb text_font_size_tablet=\u00bb22px\u00bb text_font_size_phone=\u00bb18px\u00bb text_font_size_last_edited=\u00bbon|phone\u00bb header_font_size_tablet=\u00bb\u00bb header_font_size_phone=\u00bb\u00bb header_font_size_last_edited=\u00bbon|desktop\u00bb global_colors_info=\u00bb{}\u00bb]<\/p>\n<p>Soluciones de seguridad<\/p>\n<p>[\/et_pb_text][\/et_pb_column][et_pb_column type=\u00bb3_4&#8243; _builder_version=\u00bb4.17.3&#8243; _module_preset=\u00bbdefault\u00bb global_colors_info=\u00bb{}\u00bb][et_pb_text _builder_version=\u00bb4.17.3&#8243; _module_preset=\u00bbdefault\u00bb text_text_color=\u00bb#ffffff\u00bb text_font_size=\u00bb10px\u00bb text_orientation=\u00bbcenter\u00bb module_alignment=\u00bbright\u00bb global_colors_info=\u00bb{}\u00bb]<\/p>\n<div class=\"produkt-panel\">\n<div class=\"panel\"><a href=\"https:\/\/villiger-security.com\/es\/1-man-4\/\"><img decoding=\"async\" src=\"https:\/\/villiger-security.com\/wp-content\/uploads\/1-Man.png\" alt=\"\" class=\"wp-image-1235 one-man alignnone size-full\"><\/a><br \/><a href=\"https:\/\/villiger-security.com\/es\/1-man-4\/\">1 Hombre<\/a><\/div>\n<div class=\"panel\"><a href=\"https:\/\/villiger-security.com\/es\/pavement-4\/\"><img loading=\"lazy\" decoding=\"async\" src=\"https:\/\/villiger-security.com\/wp-content\/uploads\/Pavement.png\" width=\"119\" height=\"123\" alt=\"\" class=\"wp-image-1263 alignnone size-full\"><\/a><br \/><a href=\"https:\/\/villiger-security.com\/es\/pavement-4\/\">Pavimento<\/a><\/div>\n<div class=\"panel\"><a href=\"https:\/\/villiger-security.com\/es\/atm-7\/\"><img loading=\"lazy\" decoding=\"async\" src=\"https:\/\/villiger-security.com\/wp-content\/uploads\/ATM.png\" width=\"119\" height=\"123\" alt=\"\" class=\"wp-image-1259 alignnone size-full\"><\/a><br \/><a href=\"https:\/\/villiger-security.com\/es\/atm-7\/\">ATM<\/a><\/div>\n<div class=\"panel\"><a href=\"https:\/\/villiger-security.com\/es\/retail-2\/\"><img loading=\"lazy\" decoding=\"async\" src=\"https:\/\/villiger-security.com\/wp-content\/uploads\/Retail.png\" width=\"119\" height=\"123\" alt=\"\" class=\"wp-image-1267 alignnone size-full\"><\/a><br \/><a href=\"https:\/\/villiger-security.com\/es\/retail-2\/\">Venta al por menor<\/a><\/div>\n<div class=\"panel\"><a href=\"https:\/\/villiger-security.com\/product-tag\/banking-private\/\"><img loading=\"lazy\" decoding=\"async\" src=\"https:\/\/villiger-security.com\/wp-content\/uploads\/Banking.png\" width=\"119\" height=\"123\" alt=\"\" class=\"wp-image-1260 alignnone size-full\"><\/a><br \/><a href=\"https:\/\/villiger-security.com\/product-tag\/banking-private\/\">Banca<\/a><br \/><a href=\"https:\/\/villiger-security.com\/product-tag\/banking-private\/\">Privado<\/a><\/div>\n<div class=\"panel\"><a href=\"https:\/\/villiger-security.com\/es\/pharma-3\/\"><img loading=\"lazy\" decoding=\"async\" src=\"https:\/\/villiger-security.com\/wp-content\/uploads\/Pharma.png\" width=\"119\" height=\"123\" alt=\"\" class=\"wp-image-1264 alignnone size-full\">Farmacia<\/a><\/div>\n<div class=\"panel\"><a href=\"https:\/\/villiger-security.com\/product-tag\/railway-solution\/\"><img loading=\"lazy\" decoding=\"async\" src=\"https:\/\/villiger-security.com\/wp-content\/uploads\/Railway.png\" width=\"119\" height=\"123\" alt=\"\" class=\"wp-image-1266 alignnone size-full\">Ferrocarril<\/a><\/div>\n<div class=\"panel\"><a href=\"https:\/\/villiger-security.com\/es\/maritime-4\/\"><img loading=\"lazy\" decoding=\"async\" src=\"https:\/\/villiger-security.com\/wp-content\/uploads\/Maritime-1.png\" width=\"119\" height=\"123\" alt=\"\" class=\"wp-image-1262 alignnone size-full\">Mar\u00edtimo<\/a><\/div>\n<div class=\"panel\"><a href=\"https:\/\/villiger-security.com\/es\/aerial-3\/\"><img loading=\"lazy\" decoding=\"async\" src=\"https:\/\/villiger-security.com\/wp-content\/uploads\/Aerial.png\" width=\"119\" height=\"123\" alt=\"\" class=\"wp-image-1258 alignnone size-full\">A\u00e9reo<\/a><\/div>\n<div class=\"panel\"><a href=\"https:\/\/villiger-security.com\/es\/postal-2\/\"><img loading=\"lazy\" decoding=\"async\" src=\"https:\/\/villiger-security.com\/wp-content\/uploads\/Postal.png\" width=\"119\" height=\"123\" alt=\"\" class=\"wp-image-1265 alignnone size-full\">Correo<\/a><\/div>\n<div class=\"panel\"><a href=\"https:\/\/villiger-security.com\/es\/luxury-3\/\"><img loading=\"lazy\" decoding=\"async\" src=\"https:\/\/villiger-security.com\/wp-content\/uploads\/Luxury.png\" width=\"119\" height=\"123\" alt=\"\" class=\"wp-image-1261 alignnone size-full\">Lujo<\/a><\/div>\n<div class=\"panel\"><a href=\"https:\/\/villiger-security.com\/es\/value-3\/\"><img loading=\"lazy\" decoding=\"async\" src=\"https:\/\/villiger-security.com\/wp-content\/uploads\/Value.png\" width=\"119\" height=\"123\" alt=\"\" class=\"wp-image-1268 alignnone size-full\">Valor<\/a><\/div>\n<\/div>\n<p>[\/et_pb_text][\/et_pb_column][\/et_pb_row][\/et_pb_section][et_pb_section fb_built=\u00bb1&#8243; module_id=\u00bbventa al por menor\u00bb _builder_version=\u00bb4.17.3&#8243; _module_preset=\u00bbdefault\u00bb background_color=\u00bb#f2f3fa\u00bb global_colors_info=\u00bb{}\u00bb][et_pb_row _builder_version=\u00bb4.17.3&#8243; _module_preset=\u00bbdefault\u00bb global_colors_info=\u00bb{}\u00bb][et_pb_column type=\u00bb4_4&#8243; _builder_version=\u00bb4.17.3&#8243; _module_preset=\u00bbdefault\u00bb global_colors_info=\u00bb{}\u00bb][et_pb_text _builder_version=\u00bb4.17.3&#8243; _module_preset=\u00bbdefault\u00bb global_colors_info=\u00bb{}\u00bb]<\/p>\n<h1>Seguridad farmac\u00e9utica y log\u00edstica<\/h1>\n<p>[\/et_pb_text][et_pb_shop type=\u00bbproduct_category\u00bb posts_number=\u00bb22&#8243; include_categories=\u00bb57&#8243; columns_number=\u00bb6&#8243; _builder_version=\u00bb4.17.4&#8243; _module_preset=\u00bbdefault\u00bb hover_enabled=\u00bb0&#8243; locked=\u00bboff\u00bb global_colors_info=\u00bb{}\u00bb orderby=\u00bbmenu_order\u00bb sticky_enabled=\u00bb0&#8243;][\/et_pb_shop][\/et_pb_column][\/et_pb_row][\/et_pb_section][et_pb_section fb_built=\u00bb1&#8243; _builder_version=\u00bb4.17.3&#8243; _module_preset=\u00bbdefault\u00bb global_module=\u00bb1185&#8243; global_colors_info=\u00bb{}\u00bb][et_pb_row _builder_version=\u00bb4.17.3&#8243; _module_preset=\u00bbdefault\u00bb global_colors_info=\u00bb{}\u00bb][et_pb_column type=\u00bb4_4&#8243; _builder_version=\u00bb4.17.3&#8243; _module_preset=\u00bbdefault\u00bb global_colors_info=\u00bb{}\u00bb][et_pb_text _builder_version=\u00bb4.17.3&#8243; _module_preset=\u00bbdefault\u00bb text_orientation=\u00bbcenter\u00bb max_width=\u00bb600px\u00bb module_alignment=\u00bbcenter\u00bb locked=\u00bboff\u00bb global_colors_info=\u00bb{}\u00bb]<\/p>\n<h2>\u00bfQuiere una consulta?<\/h2>\n\n<div class=\"wpcf7 no-js\" id=\"wpcf7-f3210-o1\" lang=\"es-ES\" dir=\"ltr\" data-wpcf7-id=\"3210\">\n<div class=\"screen-reader-response\"><p role=\"status\" aria-live=\"polite\" aria-atomic=\"true\"><\/p> <ul><\/ul><\/div>\n<form action=\"\/es\/wp-json\/wp\/v2\/pages\/3067#wpcf7-f3210-o1\" method=\"post\" class=\"wpcf7-form init\" aria-label=\"Formulario de contacto\" novalidate=\"novalidate\" data-status=\"init\">\n<fieldset class=\"hidden-fields-container\"><input type=\"hidden\" name=\"_wpcf7\" value=\"3210\" \/><input type=\"hidden\" name=\"_wpcf7_version\" value=\"6.1.4\" \/><input type=\"hidden\" name=\"_wpcf7_locale\" value=\"es_ES\" \/><input type=\"hidden\" name=\"_wpcf7_unit_tag\" value=\"wpcf7-f3210-o1\" \/><input type=\"hidden\" name=\"_wpcf7_container_post\" value=\"0\" \/><input type=\"hidden\" name=\"_wpcf7_posted_data_hash\" value=\"\" \/><input type=\"hidden\" name=\"_wpcf7_recaptcha_response\" value=\"\" \/>\n<\/fieldset>\n<p><span class=\"wpcf7-form-control-wrap\" data-name=\"your-name\"><input size=\"40\" maxlength=\"400\" class=\"wpcf7-form-control wpcf7-text wpcf7-validates-as-required\" aria-required=\"true\" aria-invalid=\"false\" placeholder=\"First Name \/ Last Name *\" value=\"\" type=\"text\" name=\"your-name\" \/><\/span><span class=\"wpcf7-form-control-wrap\" data-name=\"PLZoderWohnort\"><input size=\"40\" maxlength=\"400\" class=\"wpcf7-form-control wpcf7-text\" aria-invalid=\"false\" placeholder=\"ZIP and Place\" value=\"\" type=\"text\" name=\"PLZoderWohnort\" \/><\/span><br \/>\n<span class=\"wpcf7-form-control-wrap\" data-name=\"your-email\"><input size=\"40\" maxlength=\"400\" class=\"wpcf7-form-control wpcf7-email wpcf7-validates-as-required wpcf7-text wpcf7-validates-as-email\" aria-required=\"true\" aria-invalid=\"false\" placeholder=\"eMail *\" value=\"\" type=\"email\" name=\"your-email\" \/><\/span><span class=\"wpcf7-form-control-wrap\" data-name=\"your-telefon\"><input size=\"40\" maxlength=\"400\" class=\"wpcf7-form-control wpcf7-text\" aria-invalid=\"false\" placeholder=\"Phone\" value=\"\" type=\"text\" name=\"your-telefon\" \/><\/span><br \/>\n<span class=\"wpcf7-form-control-wrap\" data-name=\"Nachricht\"><textarea cols=\"40\" rows=\"10\" maxlength=\"2000\" class=\"wpcf7-form-control wpcf7-textarea\" aria-invalid=\"false\" placeholder=\"Enter your request here\" name=\"Nachricht\"><\/textarea><\/span>\n<\/p>\n<p><input class=\"wpcf7-form-control wpcf7-submit has-spinner\" type=\"submit\" value=\"Send\" \/>\n<\/p>\n<p><i style=\"font-size: 14px;  \">* Campo obligatorio<\/i>\n<\/p><div class=\"wpcf7-response-output\" aria-hidden=\"true\"><\/div>\n<\/form>\n<\/div>\n\n<p>[\/et_pb_text][\/et_pb_column][\/et_pb_row][\/et_pb_section]<\/p>\n","protected":false},"excerpt":{"rendered":"<p>Soluciones de seguridad 1 Hombre Pavimento ATM Venta al por menor BancaPrivado Farmacia Ferrocarril Mar\u00edtimo A\u00e9reo Correo Lujo Valor Seguridad farmac\u00e9utica y log\u00edstica\u00bfQuiere una consulta? \n<div class=\"wpcf7 no-js\" id=\"wpcf7-f3210-o2\" lang=\"es-ES\" dir=\"ltr\" data-wpcf7-id=\"3210\">\n<div class=\"screen-reader-response\"><p role=\"status\" aria-live=\"polite\" aria-atomic=\"true\"><\/p> <ul><\/ul><\/div>\n<form action=\"\/es\/wp-json\/wp\/v2\/pages\/3067#wpcf7-f3210-o2\" method=\"post\" class=\"wpcf7-form init\" aria-label=\"Formulario de contacto\" novalidate=\"novalidate\" data-status=\"init\">\n<fieldset class=\"hidden-fields-container\"><input type=\"hidden\" name=\"_wpcf7\" value=\"3210\" \/><input type=\"hidden\" name=\"_wpcf7_version\" value=\"6.1.4\" \/><input type=\"hidden\" name=\"_wpcf7_locale\" value=\"es_ES\" \/><input type=\"hidden\" name=\"_wpcf7_unit_tag\" value=\"wpcf7-f3210-o2\" \/><input type=\"hidden\" name=\"_wpcf7_container_post\" value=\"0\" \/><input type=\"hidden\" name=\"_wpcf7_posted_data_hash\" value=\"\" \/><input type=\"hidden\" name=\"_wpcf7_recaptcha_response\" value=\"\" \/>\n<\/fieldset>\n<p><span class=\"wpcf7-form-control-wrap\" data-name=\"your-name\"><input size=\"40\" maxlength=\"400\" class=\"wpcf7-form-control wpcf7-text wpcf7-validates-as-required\" aria-required=\"true\" aria-invalid=\"false\" placeholder=\"First Name \/ Last Name *\" value=\"\" type=\"text\" name=\"your-name\" \/><\/span><span class=\"wpcf7-form-control-wrap\" data-name=\"PLZoderWohnort\"><input size=\"40\" maxlength=\"400\" class=\"wpcf7-form-control wpcf7-text\" aria-invalid=\"false\" placeholder=\"ZIP and Place\" value=\"\" type=\"text\" name=\"PLZoderWohnort\" \/><\/span><br \/>\n<span class=\"wpcf7-form-control-wrap\" data-name=\"your-email\"><input size=\"40\" maxlength=\"400\" class=\"wpcf7-form-control wpcf7-email wpcf7-validates-as-required wpcf7-text wpcf7-validates-as-email\" aria-required=\"true\" aria-invalid=\"false\" placeholder=\"eMail *\" value=\"\" type=\"email\" name=\"your-email\" \/><\/span><span class=\"wpcf7-form-control-wrap\" data-name=\"your-telefon\"><input size=\"40\" maxlength=\"400\" class=\"wpcf7-form-control wpcf7-text\" aria-invalid=\"false\" placeholder=\"Phone\" value=\"\" type=\"text\" name=\"your-telefon\" \/><\/span><br \/>\n<span class=\"wpcf7-form-control-wrap\" data-name=\"Nachricht\"><textarea cols=\"40\" rows=\"10\" maxlength=\"2000\" class=\"wpcf7-form-control wpcf7-textarea\" aria-invalid=\"false\" placeholder=\"Enter your request here\" name=\"Nachricht\"><\/textarea><\/span>\n<\/p>\n<p><input class=\"wpcf7-form-control wpcf7-submit has-spinner\" type=\"submit\" value=\"Send\" \/>\n<\/p>\n<p><i style=\"font-size: 14px;  \">* Campo obligatorio<\/i>\n<\/p><div class=\"wpcf7-response-output\" aria-hidden=\"true\"><\/div>\n<\/form>\n<\/div>\n<\/p>\n","protected":false},"author":1,"featured_media":0,"parent":0,"menu_order":0,"comment_status":"closed","ping_status":"closed","template":"","meta":{"_acf_changed":false,"_et_pb_use_builder":"on","_et_pb_old_content":"","_et_gb_content_width":"","footnotes":""},"class_list":["post-3067","page","type-page","status-publish","hentry"],"acf":[],"yoast_head":"<!-- This site is optimized with the Yoast SEO plugin v26.7 - https:\/\/yoast.com\/wordpress\/plugins\/seo\/ -->\n<title>Farmac\u00e9utica y log\u00edstica - Villiger Security Solutions AG<\/title>\n<meta name=\"description\" content=\"Descubra los productos de Villiger Security especialmente dise\u00f1ados para soluciones de seguridad en el sector farmac\u00e9utico y log\u00edstico.\" \/>\n<meta name=\"robots\" content=\"index, follow, max-snippet:-1, max-image-preview:large, max-video-preview:-1\" \/>\n<link rel=\"canonical\" href=\"https:\/\/villiger-security.com\/es\/farmaceutica-y-logistica\/\" \/>\n<meta property=\"og:locale\" content=\"es_ES\" \/>\n<meta property=\"og:type\" content=\"article\" \/>\n<meta property=\"og:title\" content=\"Farmac\u00e9utica y log\u00edstica - Villiger Security Solutions AG\" \/>\n<meta property=\"og:description\" content=\"Descubra los productos de Villiger Security especialmente dise\u00f1ados para soluciones de seguridad en el sector farmac\u00e9utico y log\u00edstico.\" \/>\n<meta property=\"og:url\" content=\"https:\/\/villiger-security.com\/es\/farmaceutica-y-logistica\/\" \/>\n<meta property=\"og:site_name\" content=\"Villiger Security Solutions AG\" \/>\n<meta property=\"article:modified_time\" content=\"2022-08-12T07:02:35+00:00\" \/>\n<meta property=\"og:image\" content=\"https:\/\/villiger-security.com\/wp-content\/uploads\/1-Man.png\" \/>\n<meta name=\"twitter:card\" content=\"summary_large_image\" \/>\n<meta name=\"twitter:label1\" content=\"Tiempo de lectura\" \/>\n\t<meta name=\"twitter:data1\" content=\"2 minutos\" \/>\n<script type=\"application\/ld+json\" class=\"yoast-schema-graph\">{\"@context\":\"https:\/\/schema.org\",\"@graph\":[{\"@type\":\"WebPage\",\"@id\":\"https:\/\/villiger-security.com\/es\/farmaceutica-y-logistica\/\",\"url\":\"https:\/\/villiger-security.com\/es\/farmaceutica-y-logistica\/\",\"name\":\"Farmac\u00e9utica y log\u00edstica - Villiger Security Solutions AG\",\"isPartOf\":{\"@id\":\"https:\/\/villiger-security.com\/es\/#website\"},\"primaryImageOfPage\":{\"@id\":\"https:\/\/villiger-security.com\/es\/farmaceutica-y-logistica\/#primaryimage\"},\"image\":{\"@id\":\"https:\/\/villiger-security.com\/es\/farmaceutica-y-logistica\/#primaryimage\"},\"thumbnailUrl\":\"https:\/\/villiger-security.com\/wp-content\/uploads\/1-Man.png\",\"datePublished\":\"2022-05-31T10:18:19+00:00\",\"dateModified\":\"2022-08-12T07:02:35+00:00\",\"description\":\"Descubra los productos de Villiger Security especialmente dise\u00f1ados para soluciones de seguridad en el sector farmac\u00e9utico y log\u00edstico.\",\"breadcrumb\":{\"@id\":\"https:\/\/villiger-security.com\/es\/farmaceutica-y-logistica\/#breadcrumb\"},\"inLanguage\":\"es\",\"potentialAction\":[{\"@type\":\"ReadAction\",\"target\":[\"https:\/\/villiger-security.com\/es\/farmaceutica-y-logistica\/\"]}]},{\"@type\":\"ImageObject\",\"inLanguage\":\"es\",\"@id\":\"https:\/\/villiger-security.com\/es\/farmaceutica-y-logistica\/#primaryimage\",\"url\":\"https:\/\/villiger-security.com\/wp-content\/uploads\/1-Man.png\",\"contentUrl\":\"https:\/\/villiger-security.com\/wp-content\/uploads\/1-Man.png\"},{\"@type\":\"BreadcrumbList\",\"@id\":\"https:\/\/villiger-security.com\/es\/farmaceutica-y-logistica\/#breadcrumb\",\"itemListElement\":[{\"@type\":\"ListItem\",\"position\":1,\"name\":\"Home\",\"item\":\"https:\/\/villiger-security.com\/es\/\"},{\"@type\":\"ListItem\",\"position\":2,\"name\":\"Farmac\u00e9utica y log\u00edstica\"}]},{\"@type\":\"WebSite\",\"@id\":\"https:\/\/villiger-security.com\/es\/#website\",\"url\":\"https:\/\/villiger-security.com\/es\/\",\"name\":\"Villiger Security Solutions AG\",\"description\":\"Innovate the future of cash\",\"potentialAction\":[{\"@type\":\"SearchAction\",\"target\":{\"@type\":\"EntryPoint\",\"urlTemplate\":\"https:\/\/villiger-security.com\/es\/?s={search_term_string}\"},\"query-input\":{\"@type\":\"PropertyValueSpecification\",\"valueRequired\":true,\"valueName\":\"search_term_string\"}}],\"inLanguage\":\"es\"}]}<\/script>\n<!-- \/ Yoast SEO plugin. -->","yoast_head_json":{"title":"Farmac\u00e9utica y log\u00edstica - Villiger Security Solutions AG","description":"Descubra los productos de Villiger Security especialmente dise\u00f1ados para soluciones de seguridad en el sector farmac\u00e9utico y log\u00edstico.","robots":{"index":"index","follow":"follow","max-snippet":"max-snippet:-1","max-image-preview":"max-image-preview:large","max-video-preview":"max-video-preview:-1"},"canonical":"https:\/\/villiger-security.com\/es\/farmaceutica-y-logistica\/","og_locale":"es_ES","og_type":"article","og_title":"Farmac\u00e9utica y log\u00edstica - Villiger Security Solutions AG","og_description":"Descubra los productos de Villiger Security especialmente dise\u00f1ados para soluciones de seguridad en el sector farmac\u00e9utico y log\u00edstico.","og_url":"https:\/\/villiger-security.com\/es\/farmaceutica-y-logistica\/","og_site_name":"Villiger Security Solutions AG","article_modified_time":"2022-08-12T07:02:35+00:00","og_image":[{"url":"https:\/\/villiger-security.com\/wp-content\/uploads\/1-Man.png","type":"","width":"","height":""}],"twitter_card":"summary_large_image","twitter_misc":{"Tiempo de lectura":"2 minutos"},"schema":{"@context":"https:\/\/schema.org","@graph":[{"@type":"WebPage","@id":"https:\/\/villiger-security.com\/es\/farmaceutica-y-logistica\/","url":"https:\/\/villiger-security.com\/es\/farmaceutica-y-logistica\/","name":"Farmac\u00e9utica y log\u00edstica - Villiger Security Solutions AG","isPartOf":{"@id":"https:\/\/villiger-security.com\/es\/#website"},"primaryImageOfPage":{"@id":"https:\/\/villiger-security.com\/es\/farmaceutica-y-logistica\/#primaryimage"},"image":{"@id":"https:\/\/villiger-security.com\/es\/farmaceutica-y-logistica\/#primaryimage"},"thumbnailUrl":"https:\/\/villiger-security.com\/wp-content\/uploads\/1-Man.png","datePublished":"2022-05-31T10:18:19+00:00","dateModified":"2022-08-12T07:02:35+00:00","description":"Descubra los productos de Villiger Security especialmente dise\u00f1ados para soluciones de seguridad en el sector farmac\u00e9utico y log\u00edstico.","breadcrumb":{"@id":"https:\/\/villiger-security.com\/es\/farmaceutica-y-logistica\/#breadcrumb"},"inLanguage":"es","potentialAction":[{"@type":"ReadAction","target":["https:\/\/villiger-security.com\/es\/farmaceutica-y-logistica\/"]}]},{"@type":"ImageObject","inLanguage":"es","@id":"https:\/\/villiger-security.com\/es\/farmaceutica-y-logistica\/#primaryimage","url":"https:\/\/villiger-security.com\/wp-content\/uploads\/1-Man.png","contentUrl":"https:\/\/villiger-security.com\/wp-content\/uploads\/1-Man.png"},{"@type":"BreadcrumbList","@id":"https:\/\/villiger-security.com\/es\/farmaceutica-y-logistica\/#breadcrumb","itemListElement":[{"@type":"ListItem","position":1,"name":"Home","item":"https:\/\/villiger-security.com\/es\/"},{"@type":"ListItem","position":2,"name":"Farmac\u00e9utica y log\u00edstica"}]},{"@type":"WebSite","@id":"https:\/\/villiger-security.com\/es\/#website","url":"https:\/\/villiger-security.com\/es\/","name":"Villiger Security Solutions AG","description":"Innovate the future of cash","potentialAction":[{"@type":"SearchAction","target":{"@type":"EntryPoint","urlTemplate":"https:\/\/villiger-security.com\/es\/?s={search_term_string}"},"query-input":{"@type":"PropertyValueSpecification","valueRequired":true,"valueName":"search_term_string"}}],"inLanguage":"es"}]}},"_links":{"self":[{"href":"https:\/\/villiger-security.com\/es\/wp-json\/wp\/v2\/pages\/3067","targetHints":{"allow":["GET"]}}],"collection":[{"href":"https:\/\/villiger-security.com\/es\/wp-json\/wp\/v2\/pages"}],"about":[{"href":"https:\/\/villiger-security.com\/es\/wp-json\/wp\/v2\/types\/page"}],"author":[{"embeddable":true,"href":"https:\/\/villiger-security.com\/es\/wp-json\/wp\/v2\/users\/1"}],"replies":[{"embeddable":true,"href":"https:\/\/villiger-security.com\/es\/wp-json\/wp\/v2\/comments?post=3067"}],"version-history":[{"count":0,"href":"https:\/\/villiger-security.com\/es\/wp-json\/wp\/v2\/pages\/3067\/revisions"}],"wp:attachment":[{"href":"https:\/\/villiger-security.com\/es\/wp-json\/wp\/v2\/media?parent=3067"}],"curies":[{"name":"wp","href":"https:\/\/api.w.org\/{rel}","templated":true}]}}