{"id":3058,"date":"2022-05-31T08:35:54","date_gmt":"2022-05-31T08:35:54","guid":{"rendered":"https:\/\/villiger-security.com\/gestion-de-la-calidad\/"},"modified":"2022-08-12T07:02:35","modified_gmt":"2022-08-12T07:02:35","slug":"gestion-de-la-calidad","status":"publish","type":"page","link":"https:\/\/villiger-security.com\/es\/gestion-de-la-calidad\/","title":{"rendered":"Gesti\u00f3n de la calidad"},"content":{"rendered":"<p>[et_pb_section fb_built=\u00bb1&#8243; fullwidth=\u00bbon\u00bb module_id=\u00bbhome-slid\u00bb _builder_version=\u00bb4.17.3&#8243; _module_preset=\u00bbdefault\u00bb bottom_divider_color=\u00bb#e9e9f6&#8243; bottom_divider_height=\u00bb0px\u00bb bottom_divider_repeat=\u00bb0.5x\u00bb locked=\u00bboff\u00bb global_colors_info=\u00bb{}\u00bb][et_pb_fullwidth_slider module_id=\u00bbhome-slid\u00bb _builder_version=\u00bb4.17.3&#8243; _module_preset=\u00bbdefault\u00bb header_level=\u00bbh1&#8243; header_font=\u00bb|600||||on|||\u00bb header_text_color=\u00bb#ffffff\u00bb body_font=\u00bb|||||on|||\u00bb body_text_color=\u00bbrgba(255,228,43,0.89)\u00bb use_background_color_gradient=\u00bbon\u00bb background_color_gradient_direction=\u00bb140deg\u00bb background_color_gradient_stops=\u00bbrgba(234,0,39,0.3) 0%|rgba(0,15,159,0.2) 25%\u00bb background_color_gradient_overlays_image=\u00bbon\u00bb custom_padding=\u00bb150px|0px|200px|0px|false|false\u00bb custom_padding_tablet=\u00bb120px||150px||false|false\u00bb custom_padding_phone=\u00bb||150px||false|false\u00bb custom_padding_last_edited=\u00bbon|tablet\u00bb auto=\u00bbon\u00bb auto_speed=\u00bb4500&#8243; auto_ignore_hover=\u00bbon\u00bb global_colors_info=\u00bb{}\u00bb][et_pb_slide heading=\u00bbGesti\u00f3n de la calidad\u00bb _builder_version=\u00bb4.17.3&#8243; _module_preset=\u00bbdefault\u00bb header_level=\u00bbh2&#8243; header_font=\u00bb|||||on|||\u00bb header_text_align=\u00bbcenter\u00bb header_text_color=\u00bb#ffffff\u00bb header_font_size=\u00bb50px\u00bb body_text_align=\u00bbcenter\u00bb body_text_color=\u00bb#FFFFFF\u00bb body_font_size=\u00bb25px\u00bb body_line_height=\u00bb1.3em\u00bb background_enable_color=\u00bboff\u00bb background_image=\u00bbhttps:\/\/villiger-security.com\/wp-content\/uploads\/2022\/05\/showroom.jpg\u00bb background_enable_image=\u00bbon\u00bb background_position=\u00bbbottom_center\u00bb text_orientation=\u00bbleft\u00bb max_width=\u00bb613px\u00bb body_font_size_tablet=\u00bb25px\u00bb body_font_size_phone=\u00bb25px\u00bb body_font_size_last_edited=\u00bbon|phone\u00bb body_line_height_tablet=\u00bb1.3em\u00bb body_line_height_phone=\u00bb1.3em\u00bb body_line_height_last_edited=\u00bbon|desktop\u00bb header_text_shadow_style=\u00bbpreset5&#8243; header_text_shadow_horizontal_length=\u00bb0.03em\u00bb header_text_shadow_vertical_length=\u00bb0.03em\u00bb header_text_shadow_color=\u00bbrgba(0,0,0,0.73)\u00bb text_shadow_style=\u00bbpreset5&#8243; text_shadow_horizontal_length=\u00bb0.07em\u00bb text_shadow_vertical_length=\u00bb0.07em\u00bb text_shadow_color=\u00bb#000000&#8243; global_colors_info=\u00bb{}\u00bb sticky_transition=\u00bbon\u00bb][\/et_pb_slide][\/et_pb_fullwidth_slider][\/et_pb_section][et_pb_section fb_built=\u00bb1&#8243; _builder_version=\u00bb4.17.3&#8243; _module_preset=\u00bbdefault\u00bb global_colors_info=\u00bb{}\u00bb][et_pb_row _builder_version=\u00bb4.17.3&#8243; _module_preset=\u00bbdefault\u00bb global_colors_info=\u00bb{}\u00bb][et_pb_column type=\u00bb4_4&#8243; _builder_version=\u00bb4.17.3&#8243; _module_preset=\u00bbdefault\u00bb global_colors_info=\u00bb{}\u00bb][et_pb_text _builder_version=\u00bb4.17.3&#8243; _module_preset=\u00bbdefault\u00bb global_colors_info=\u00bb{}\u00bb]<\/p>\n<h2>Directrices de calidad<\/h2>\n<p>VILLIGER cuenta con una gama de productos de m\u00e1s de 200 art\u00edculos para cerca de 40 sistemas. Para obtener la garant\u00eda de calidad de que la actual gama de productos sigue satisfaciendo las necesidades pr\u00e1cticas de nuestros clientes, es vital un di\u00e1logo continuo entre los usuarios de los sistemas y productos VILLIGER.<\/p>\n<p>Las normas de calidad de la empresa est\u00e1n definidas y apoyadas activamente por la direcci\u00f3n de la empresa. Por tanto, son vinculantes para todos los \u00e1mbitos de nuestra actividad. Son las directrices para todos los niveles de la empresa. Cada miembro del personal es responsable de la calidad del trabajo que realiza. Es su responsabilidad adherirse a las instrucciones y directrices prescritas de manera que se cumplan plenamente estos requisitos.<\/p>\n<p>Para garantizarlo, se utilizan m\u00e9todos, procesos y equipos de producci\u00f3n que se ajustan a los conocimientos cient\u00edficos y tecnol\u00f3gicos actuales. Todas las etapas del desarrollo y la producci\u00f3n del producto se planifican cuidadosamente, teniendo en cuenta las normas y los requisitos legales, y de acuerdo con nuestras directrices.<\/p>\n<p>Personal cualificado y motivado realiza las tareas necesarias en todas las \u00e1reas de nuestro negocio. La calidad de nuestros productos y de todos nuestros servicios se consigue mediante la planificaci\u00f3n de todos los pasos necesarios antes y durante la realizaci\u00f3n de los pedidos, as\u00ed como mediante un seguimiento sistem\u00e1tico de todos los procesos que intervienen en la elaboraci\u00f3n de nuestros productos.<\/p>\n<p>&nbsp;<\/p>\n<h3>Garant\u00eda de calidad para el proceso de producci\u00f3n<\/h3>\n<p>Las directrices son v\u00e1lidas para todos los pasos dentro de la producci\u00f3n incl. proveedores de componentes. El objetivo general es garantizar un 0,0% de incumplimiento en cada etapa de producci\u00f3n. Empezando por las reuniones y controles de calidad en las instalaciones de los proveedores de componentes, VILLIGER controla las piezas tambi\u00e9n en la entrada del almac\u00e9n, incluyendo un control intensivo para todos los productos de funci\u00f3n cr\u00edtica, por ejemplo, las bater\u00edas.<\/p>\n<p>Dentro del proceso de ensamblaje se realiza un control de calidad y funcionamiento para cada m\u00f3dulo y para el producto final en un 100%. La prueba del producto final simula la configuraci\u00f3n del cliente en las operaciones. Los resultados completos de las pruebas se registran, tanto para el producto como para todos los componentes y m\u00f3dulos, de modo que en caso de que se produzcan m\u00e1s fallos durante la vida \u00fatil, VILLIGER puede rastrear el origen del error.  <\/p>\n<p>[\/et_pb_text][\/et_pb_column][\/et_pb_row][\/et_pb_section][et_pb_section fb_built=\u00bb1&#8243; _builder_version=\u00bb4.17.3&#8243; _module_preset=\u00bbdefault\u00bb global_colors_info=\u00bb{}\u00bb][et_pb_row column_structure=\u00bb2_5,3_5&#8243; _builder_version=\u00bb4.17.3&#8243; _module_preset=\u00bbdefault\u00bb global_colors_info=\u00bb{}\u00bb][et_pb_column type=\u00bb2_5&#8243; _builder_version=\u00bb4.17.3&#8243; _module_preset=\u00bbdefault\u00bb global_colors_info=\u00bb{}\u00bb][et_pb_image src=\u00bbhttps:\/\/villiger-security.com\/wp-content\/uploads\/Quality.png\u00bb title_text=\u00bbCalidad\u00bb module_class=\u00bbnoborder\u00bb _builder_version=\u00bb4.17.3&#8243; _module_preset=\u00bbdefault\u00bb global_colors_info=\u00bb{}\u00bb][\/et_pb_image][\/et_pb_column][et_pb_column type=\u00bb3_5&#8243; _builder_version=\u00bb4.17.3&#8243; _module_preset=\u00bbdefault\u00bb global_colors_info=\u00bb{}\u00bb][et_pb_text _builder_version=\u00bb4.17.3&#8243; _module_preset=\u00bbdefault\u00bb global_colors_info=\u00bb{}\u00bb]<\/p>\n<h3>Compromisos de calidad<\/h3>\n<p>Los productos VILLIGER est\u00e1n dise\u00f1ados para una vida \u00fatil de m\u00e1s de 10 a\u00f1os, y VILLIGER puede asegurar una garant\u00eda de por vida en combinaci\u00f3n con el servicio preventivo de VILLIGER. La protecci\u00f3n del medio ambiente forma parte del compromiso de VILLIGER con el futuro. Nuestro objetivo es utilizar s\u00f3lo materiales del mismo tipo para que los materiales de los productos obsoletos puedan reciclarse f\u00e1cilmente.<\/p>\n<p>&nbsp;<\/p>\n<h3>Ventajas de costes para los clientes de VILLIGER<\/h3>\n<p>En la actualidad, Villiger consigue una tasa de incumplimiento de productos inferior al 1% para los principales grupos de productos, lo que supone una ventaja de costes para los clientes de VILLIGER en lo que respecta al c\u00e1lculo del coste total de propiedad (TCO). El an\u00e1lisis muestra el coste total de la propiedad a lo largo de 10 a\u00f1os para dos productos, el producto 1 con una tasa de incumplimiento del 1% frente al producto 2 con una tasa del 9%.<\/p>\n<p>La ventaja del coste total de propiedad del producto 1 (l\u00ednea azul comparable con el producto VILLIGER) ser\u00e1 del 30% despu\u00e9s de 5 a\u00f1os, y del 50% despu\u00e9s de 10 a\u00f1os de vida \u00fatil en comparaci\u00f3n con el producto 2 (l\u00ednea roja)<a href=\"https:\/\/www.villiger-security.com\/quality-management\/#_ftn1\" name=\"_ftnref1\" data-btattached=\"true\">[1]<\/a>. Al rev\u00e9s, la inversi\u00f3n inicial del producto 2 deber\u00eda ser un 50% m\u00e1s barata que la del producto 1 para compensar la desventaja en los pr\u00f3ximos 10 a\u00f1os de vida \u00fatil. En comparaci\u00f3n con un producto con una tasa de impago tambi\u00e9n reconocida del 15%, la ventaja de un producto de primera clase compensa el gasto total del producto del 100% a lo largo de 10 a\u00f1os.<\/p>\n<p>[\/et_pb_text][\/et_pb_column][\/et_pb_row][\/et_pb_section][et_pb_section fb_built=\u00bb1&#8243; _builder_version=\u00bb4.17.3&#8243; _module_preset=\u00bbdefault\u00bb background_color=\u00bb#f2f3fa\u00bb custom_margin=\u00bb||||false|false\u00bb border_width_top=\u00bb10px\u00bb border_color_top=\u00bb#f8f9fe\u00bb border_width_bottom=\u00bb10px\u00bb border_color_bottom=\u00bb#f8f9fe\u00bb locked=\u00bboff\u00bb global_colors_info=\u00bb{}\u00bb][et_pb_row column_structure=\u00bb1_3,1_3,1_3&#8243; _builder_version=\u00bb4.17.3&#8243; _module_preset=\u00bbdefault\u00bb global_colors_info=\u00bb{}\u00bb][et_pb_column type=\u00bb1_3&#8243; _builder_version=\u00bb4.17.3&#8243; _module_preset=\u00bbdefault\u00bb global_colors_info=\u00bb{}\u00bb][et_pb_blurb title=\u00bbFiabilidad y vida \u00fatil de los productos\u00bb image=\u00bbhttps:\/\/villiger-security.com\/wp-content\/uploads\/BUSINESS-AND-MARKETING-Black-05.png\u00bb _builder_version=\u00bb4.17.3&#8243; _module_preset=\u00bbdefault\u00bb text_orientation=\u00bbcenter\u00bb global_colors_info=\u00bb{}\u00bb]<\/p>\n<p><span>Por la excelente calidad de los productos y<\/span><br \/><span>gesti\u00f3n del ciclo de vida ofrecemos un<\/span><br \/><span>vida \u00fatil de +15 a\u00f1os con una<\/span><br \/><span>tasa de fracaso del 0,45%.<\/span><\/p>\n<p>[\/et_pb_blurb][\/et_pb_column][et_pb_column type=\u00bb1_3&#8243; _builder_version=\u00bb4.17.3&#8243; _module_preset=\u00bbdefault\u00bb global_colors_info=\u00bb{}\u00bb][et_pb_blurb title=\u00bbMejor rendimiento de la inversi\u00f3n (ROI)\u00bb image=\u00bbhttps:\/\/villiger-security.com\/wp-content\/uploads\/BANKING-AND-FINANCE-Black-06.png\u00bb _builder_version=\u00bb4.17.3&#8243; _module_preset=\u00bbdefault\u00bb text_orientation=\u00bbcenter\u00bb global_colors_info=\u00bb{}\u00bb]<\/p>\n<p><span>Buscando el coste total de<\/span><br \/><span>la propiedad. Pionero para m\u00e1s<\/span><br \/><span>m\u00e1s de 30 a\u00f1os con manchas de tinta<\/span><br \/><span>para la protecci\u00f3n del efectivo<\/span><\/p>\n<p>[\/et_pb_blurb][\/et_pb_column][et_pb_column type=\u00bb1_3&#8243; _builder_version=\u00bb4.17.3&#8243; _module_preset=\u00bbdefault\u00bb global_colors_info=\u00bb{}\u00bb][et_pb_blurb title=\u00bbLa m\u00e1s amplia gama de productos con una soluci\u00f3n personalizada  \u00bb image=\u00bbhttps:\/\/villiger-security.com\/wp-content\/uploads\/BASIC-Black-02-04.png\u00bb _builder_version=\u00bb4.17.3&#8243; _module_preset=\u00bbdefault\u00bb text_orientation=\u00bbcenter\u00bb max_width=\u00bb300px\u00bb module_alignment=\u00bbcenter\u00bb global_colors_info=\u00bb{}\u00bb]<\/p>\n<p><span>Para proteger el efectivo durante el ciclo de caja<\/span><br \/><span>con una soluci\u00f3n E2E para los CiT,<\/span><br \/><span>Bancos, cajeros autom\u00e1ticos, centro de efectivo<\/span><br \/><span>y tiendas minoristas<\/span><\/p>\n<p>[\/et_pb_blurb][\/et_pb_column][\/et_pb_row][\/et_pb_section][et_pb_section fb_built=\u00bb1&#8243; _builder_version=\u00bb4.17.3&#8243; _module_preset=\u00bbdefault\u00bb global_module=\u00bb1185&#8243; saved_tabs=\u00bball\u00bb locked=\u00bboff\u00bb global_colors_info=\u00bb{}\u00bb][et_pb_row _builder_version=\u00bb4.17.3&#8243; _module_preset=\u00bbdefault\u00bb global_colors_info=\u00bb{}\u00bb][et_pb_column type=\u00bb4_4&#8243; _builder_version=\u00bb4.17.3&#8243; _module_preset=\u00bbdefault\u00bb global_colors_info=\u00bb{}\u00bb][et_pb_text _builder_version=\u00bb4.17.3&#8243; _module_preset=\u00bbdefault\u00bb text_orientation=\u00bbcenter\u00bb max_width=\u00bb600px\u00bb module_alignment=\u00bbcenter\u00bb locked=\u00bboff\u00bb global_colors_info=\u00bb{}\u00bb]<\/p>\n<h2>\u00bfQuiere una consulta?<\/h2>\n\n<div class=\"wpcf7 no-js\" id=\"wpcf7-f3210-o1\" lang=\"es-ES\" dir=\"ltr\" data-wpcf7-id=\"3210\">\n<div class=\"screen-reader-response\"><p role=\"status\" aria-live=\"polite\" aria-atomic=\"true\"><\/p> <ul><\/ul><\/div>\n<form action=\"\/es\/wp-json\/wp\/v2\/pages\/3058#wpcf7-f3210-o1\" method=\"post\" class=\"wpcf7-form init\" aria-label=\"Formulario de contacto\" novalidate=\"novalidate\" data-status=\"init\">\n<fieldset class=\"hidden-fields-container\"><input type=\"hidden\" name=\"_wpcf7\" value=\"3210\" \/><input type=\"hidden\" name=\"_wpcf7_version\" value=\"6.1.4\" \/><input type=\"hidden\" name=\"_wpcf7_locale\" value=\"es_ES\" \/><input type=\"hidden\" name=\"_wpcf7_unit_tag\" value=\"wpcf7-f3210-o1\" \/><input type=\"hidden\" name=\"_wpcf7_container_post\" value=\"0\" \/><input type=\"hidden\" name=\"_wpcf7_posted_data_hash\" value=\"\" \/><input type=\"hidden\" name=\"_wpcf7_recaptcha_response\" value=\"\" \/>\n<\/fieldset>\n<p><span class=\"wpcf7-form-control-wrap\" data-name=\"your-name\"><input size=\"40\" maxlength=\"400\" class=\"wpcf7-form-control wpcf7-text wpcf7-validates-as-required\" aria-required=\"true\" aria-invalid=\"false\" placeholder=\"First Name \/ Last Name *\" value=\"\" type=\"text\" name=\"your-name\" \/><\/span><span class=\"wpcf7-form-control-wrap\" data-name=\"PLZoderWohnort\"><input size=\"40\" maxlength=\"400\" class=\"wpcf7-form-control wpcf7-text\" aria-invalid=\"false\" placeholder=\"ZIP and Place\" value=\"\" type=\"text\" name=\"PLZoderWohnort\" \/><\/span><br \/>\n<span class=\"wpcf7-form-control-wrap\" data-name=\"your-email\"><input size=\"40\" maxlength=\"400\" class=\"wpcf7-form-control wpcf7-email wpcf7-validates-as-required wpcf7-text wpcf7-validates-as-email\" aria-required=\"true\" aria-invalid=\"false\" placeholder=\"eMail *\" value=\"\" type=\"email\" name=\"your-email\" \/><\/span><span class=\"wpcf7-form-control-wrap\" data-name=\"your-telefon\"><input size=\"40\" maxlength=\"400\" class=\"wpcf7-form-control wpcf7-text\" aria-invalid=\"false\" placeholder=\"Phone\" value=\"\" type=\"text\" name=\"your-telefon\" \/><\/span><br \/>\n<span class=\"wpcf7-form-control-wrap\" data-name=\"Nachricht\"><textarea cols=\"40\" rows=\"10\" maxlength=\"2000\" class=\"wpcf7-form-control wpcf7-textarea\" aria-invalid=\"false\" placeholder=\"Enter your request here\" name=\"Nachricht\"><\/textarea><\/span>\n<\/p>\n<p><input class=\"wpcf7-form-control wpcf7-submit has-spinner\" type=\"submit\" value=\"Send\" \/>\n<\/p>\n<p><i style=\"font-size: 14px;  \">* Campo obligatorio<\/i>\n<\/p><div class=\"wpcf7-response-output\" aria-hidden=\"true\"><\/div>\n<\/form>\n<\/div>\n\n<p>[\/et_pb_text][\/et_pb_column][\/et_pb_row][\/et_pb_section]<\/p>\n","protected":false},"excerpt":{"rendered":"<p>Directrices de calidad VILLIGER cuenta con una gama de productos de m\u00e1s de 200 art\u00edculos para cerca de 40 sistemas. Para obtener la garant\u00eda de calidad de que la actual gama de productos sigue satisfaciendo las necesidades pr\u00e1cticas de nuestros clientes, es vital un di\u00e1logo continuo entre los usuarios de los sistemas y productos VILLIGER. [&hellip;]<\/p>\n","protected":false},"author":1,"featured_media":0,"parent":0,"menu_order":0,"comment_status":"closed","ping_status":"closed","template":"","meta":{"_acf_changed":false,"_et_pb_use_builder":"on","_et_pb_old_content":"","_et_gb_content_width":"","footnotes":""},"class_list":["post-3058","page","type-page","status-publish","hentry"],"acf":[],"yoast_head":"<!-- This site is optimized with the Yoast SEO plugin v26.7 - https:\/\/yoast.com\/wordpress\/plugins\/seo\/ -->\n<title>Gesti\u00f3n de la calidad - Villiger Security Solutions AG<\/title>\n<meta name=\"description\" content=\"Las normas de calidad de la empresa se establecen en el manual de la empresa y se mantienen activas.\" \/>\n<meta name=\"robots\" content=\"index, follow, max-snippet:-1, max-image-preview:large, max-video-preview:-1\" \/>\n<link rel=\"canonical\" href=\"https:\/\/villiger-security.com\/es\/gestion-de-la-calidad\/\" \/>\n<meta property=\"og:locale\" content=\"es_ES\" \/>\n<meta property=\"og:type\" content=\"article\" \/>\n<meta property=\"og:title\" content=\"Gesti\u00f3n de la calidad - Villiger Security Solutions AG\" \/>\n<meta property=\"og:description\" content=\"Las normas de calidad de la empresa se establecen en el manual de la empresa y se mantienen activas.\" \/>\n<meta property=\"og:url\" content=\"https:\/\/villiger-security.com\/es\/gestion-de-la-calidad\/\" \/>\n<meta property=\"og:site_name\" content=\"Villiger Security Solutions AG\" \/>\n<meta property=\"article:modified_time\" content=\"2022-08-12T07:02:35+00:00\" \/>\n<meta name=\"twitter:card\" content=\"summary_large_image\" \/>\n<meta name=\"twitter:label1\" content=\"Tiempo de lectura\" \/>\n\t<meta name=\"twitter:data1\" content=\"8 minutos\" \/>\n<script type=\"application\/ld+json\" class=\"yoast-schema-graph\">{\"@context\":\"https:\/\/schema.org\",\"@graph\":[{\"@type\":\"WebPage\",\"@id\":\"https:\/\/villiger-security.com\/es\/gestion-de-la-calidad\/\",\"url\":\"https:\/\/villiger-security.com\/es\/gestion-de-la-calidad\/\",\"name\":\"Gesti\u00f3n de la calidad - Villiger Security Solutions AG\",\"isPartOf\":{\"@id\":\"https:\/\/villiger-security.com\/es\/#website\"},\"datePublished\":\"2022-05-31T08:35:54+00:00\",\"dateModified\":\"2022-08-12T07:02:35+00:00\",\"description\":\"Las normas de calidad de la empresa se establecen en el manual de la empresa y se mantienen activas.\",\"breadcrumb\":{\"@id\":\"https:\/\/villiger-security.com\/es\/gestion-de-la-calidad\/#breadcrumb\"},\"inLanguage\":\"es\",\"potentialAction\":[{\"@type\":\"ReadAction\",\"target\":[\"https:\/\/villiger-security.com\/es\/gestion-de-la-calidad\/\"]}]},{\"@type\":\"BreadcrumbList\",\"@id\":\"https:\/\/villiger-security.com\/es\/gestion-de-la-calidad\/#breadcrumb\",\"itemListElement\":[{\"@type\":\"ListItem\",\"position\":1,\"name\":\"Home\",\"item\":\"https:\/\/villiger-security.com\/es\/\"},{\"@type\":\"ListItem\",\"position\":2,\"name\":\"Gesti\u00f3n de la calidad\"}]},{\"@type\":\"WebSite\",\"@id\":\"https:\/\/villiger-security.com\/es\/#website\",\"url\":\"https:\/\/villiger-security.com\/es\/\",\"name\":\"Villiger Security Solutions AG\",\"description\":\"Innovate the future of cash\",\"potentialAction\":[{\"@type\":\"SearchAction\",\"target\":{\"@type\":\"EntryPoint\",\"urlTemplate\":\"https:\/\/villiger-security.com\/es\/?s={search_term_string}\"},\"query-input\":{\"@type\":\"PropertyValueSpecification\",\"valueRequired\":true,\"valueName\":\"search_term_string\"}}],\"inLanguage\":\"es\"}]}<\/script>\n<!-- \/ Yoast SEO plugin. -->","yoast_head_json":{"title":"Gesti\u00f3n de la calidad - Villiger Security Solutions AG","description":"Las normas de calidad de la empresa se establecen en el manual de la empresa y se mantienen activas.","robots":{"index":"index","follow":"follow","max-snippet":"max-snippet:-1","max-image-preview":"max-image-preview:large","max-video-preview":"max-video-preview:-1"},"canonical":"https:\/\/villiger-security.com\/es\/gestion-de-la-calidad\/","og_locale":"es_ES","og_type":"article","og_title":"Gesti\u00f3n de la calidad - Villiger Security Solutions AG","og_description":"Las normas de calidad de la empresa se establecen en el manual de la empresa y se mantienen activas.","og_url":"https:\/\/villiger-security.com\/es\/gestion-de-la-calidad\/","og_site_name":"Villiger Security Solutions AG","article_modified_time":"2022-08-12T07:02:35+00:00","twitter_card":"summary_large_image","twitter_misc":{"Tiempo de lectura":"8 minutos"},"schema":{"@context":"https:\/\/schema.org","@graph":[{"@type":"WebPage","@id":"https:\/\/villiger-security.com\/es\/gestion-de-la-calidad\/","url":"https:\/\/villiger-security.com\/es\/gestion-de-la-calidad\/","name":"Gesti\u00f3n de la calidad - Villiger Security Solutions AG","isPartOf":{"@id":"https:\/\/villiger-security.com\/es\/#website"},"datePublished":"2022-05-31T08:35:54+00:00","dateModified":"2022-08-12T07:02:35+00:00","description":"Las normas de calidad de la empresa se establecen en el manual de la empresa y se mantienen activas.","breadcrumb":{"@id":"https:\/\/villiger-security.com\/es\/gestion-de-la-calidad\/#breadcrumb"},"inLanguage":"es","potentialAction":[{"@type":"ReadAction","target":["https:\/\/villiger-security.com\/es\/gestion-de-la-calidad\/"]}]},{"@type":"BreadcrumbList","@id":"https:\/\/villiger-security.com\/es\/gestion-de-la-calidad\/#breadcrumb","itemListElement":[{"@type":"ListItem","position":1,"name":"Home","item":"https:\/\/villiger-security.com\/es\/"},{"@type":"ListItem","position":2,"name":"Gesti\u00f3n de la calidad"}]},{"@type":"WebSite","@id":"https:\/\/villiger-security.com\/es\/#website","url":"https:\/\/villiger-security.com\/es\/","name":"Villiger Security Solutions AG","description":"Innovate the future of cash","potentialAction":[{"@type":"SearchAction","target":{"@type":"EntryPoint","urlTemplate":"https:\/\/villiger-security.com\/es\/?s={search_term_string}"},"query-input":{"@type":"PropertyValueSpecification","valueRequired":true,"valueName":"search_term_string"}}],"inLanguage":"es"}]}},"_links":{"self":[{"href":"https:\/\/villiger-security.com\/es\/wp-json\/wp\/v2\/pages\/3058","targetHints":{"allow":["GET"]}}],"collection":[{"href":"https:\/\/villiger-security.com\/es\/wp-json\/wp\/v2\/pages"}],"about":[{"href":"https:\/\/villiger-security.com\/es\/wp-json\/wp\/v2\/types\/page"}],"author":[{"embeddable":true,"href":"https:\/\/villiger-security.com\/es\/wp-json\/wp\/v2\/users\/1"}],"replies":[{"embeddable":true,"href":"https:\/\/villiger-security.com\/es\/wp-json\/wp\/v2\/comments?post=3058"}],"version-history":[{"count":0,"href":"https:\/\/villiger-security.com\/es\/wp-json\/wp\/v2\/pages\/3058\/revisions"}],"wp:attachment":[{"href":"https:\/\/villiger-security.com\/es\/wp-json\/wp\/v2\/media?parent=3058"}],"curies":[{"name":"wp","href":"https:\/\/api.w.org\/{rel}","templated":true}]}}