{"id":3041,"date":"2022-05-03T11:23:11","date_gmt":"2022-05-03T11:23:11","guid":{"rendered":"https:\/\/villiger-security.com\/tinta-de-tincion\/"},"modified":"2022-08-12T07:02:32","modified_gmt":"2022-08-12T07:02:32","slug":"tinta-de-tincion","status":"publish","type":"page","link":"https:\/\/villiger-security.com\/es\/tinta-de-tincion\/","title":{"rendered":"Tinta de tinci\u00f3n"},"content":{"rendered":"<p>[et_pb_section fb_built=\u00bb1&#8243; fullwidth=\u00bbon\u00bb module_id=\u00bbhome-slid\u00bb _builder_version=\u00bb4.17.3&#8243; _module_preset=\u00bbdefault\u00bb bottom_divider_color=\u00bb#e9e9f6&#8243; bottom_divider_height=\u00bb0px\u00bb bottom_divider_repeat=\u00bb0.5x\u00bb locked=\u00bboff\u00bb global_colors_info=\u00bb{}\u00bb][et_pb_fullwidth_slider module_id=\u00bbhome-slid\u00bb _builder_version=\u00bb4.17.4&#8243; _module_preset=\u00bbdefault\u00bb header_level=\u00bbh1&#8243; header_font=\u00bb|600||||on|||\u00bb header_text_color=\u00bb#ffffff\u00bb body_font=\u00bb|||||on|||\u00bb body_text_color=\u00bbrgba(255,228,43,0.89)\u00bb use_background_color_gradient=\u00bbon\u00bb background_color_gradient_direction=\u00bb140deg\u00bb background_color_gradient_stops=\u00bbrgba(234,0,39,0.3) 0%|rgba(0,15,159,0.2) 25%\u00bb background_color_gradient_overlays_image=\u00bbon\u00bb custom_padding=\u00bb150px|0px|200px|0px|false|false\u00bb custom_padding_tablet=\u00bb120px||150px||false|false\u00bb custom_padding_phone=\u00bb||150px||false|false\u00bb custom_padding_last_edited=\u00bbon|tablet\u00bb auto=\u00bbon\u00bb auto_speed=\u00bb4500&#8243; auto_ignore_hover=\u00bbon\u00bb global_colors_info=\u00bb{}\u00bb][et_pb_slide heading=\u00bbSICPA &#8211; Tinta para manchar\u00bb _builder_version=\u00bb4.17.4&#8243; _module_preset=\u00bbdefault\u00bb header_level=\u00bbh2&#8243; header_font=\u00bb|||||on|||\u00bb header_text_align=\u00bbcenter\u00bb header_text_color=\u00bb#ffffff\u00bb header_font_size=\u00bb50px\u00bb body_text_align=\u00bbcenter\u00bb body_text_color=\u00bb#FFFFFF\u00bb body_font_size=\u00bb25px\u00bb body_line_height=\u00bb1.3em\u00bb background_enable_color=\u00bboff\u00bb background_image=\u00bbhttps:\/\/villiger-security.com\/wp-content\/uploads\/Background.png\u00bb background_enable_image=\u00bbon\u00bb background_position=\u00bbbottom_center\u00bb text_orientation=\u00bbleft\u00bb max_width=\u00bb613px\u00bb body_font_size_tablet=\u00bb25px\u00bb body_font_size_phone=\u00bb25px\u00bb body_font_size_last_edited=\u00bbon|phone\u00bb body_line_height_tablet=\u00bb1.3em\u00bb body_line_height_phone=\u00bb1.3em\u00bb body_line_height_last_edited=\u00bbon|desktop\u00bb header_text_shadow_style=\u00bbpreset5&#8243; header_text_shadow_horizontal_length=\u00bb0.03em\u00bb header_text_shadow_vertical_length=\u00bb0.03em\u00bb header_text_shadow_color=\u00bbrgba(0,0,0,0.73)\u00bb text_shadow_style=\u00bbpreset5&#8243; text_shadow_horizontal_length=\u00bb0.07em\u00bb text_shadow_vertical_length=\u00bb0.07em\u00bb text_shadow_color=\u00bb#000000&#8243; global_colors_info=\u00bb{}\u00bb sticky_transition=\u00bbon\u00bb][\/et_pb_slide][\/et_pb_fullwidth_slider][\/et_pb_section][et_pb_section fb_built=\u00bb1&#8243; _builder_version=\u00bb4.17.3&#8243; _module_preset=\u00bbdefault\u00bb global_colors_info=\u00bb{}\u00bb][et_pb_row column_structure=\u00bb3_5,2_5&#8243; _builder_version=\u00bb4.17.3&#8243; _module_preset=\u00bbdefault\u00bb global_colors_info=\u00bb{}\u00bb][et_pb_column type=\u00bb3_5&#8243; _builder_version=\u00bb4.17.3&#8243; _module_preset=\u00bbdefault\u00bb global_colors_info=\u00bb{}\u00bb][et_pb_text _builder_version=\u00bb4.17.3&#8243; _module_preset=\u00bbdefault\u00bb global_colors_info=\u00bb{}\u00bb]<\/p>\n<h2>Seguridad de Villiger Ink por SICPA<\/h2>\n<h3>Aumentan las necesidades de protecci\u00f3n del efectivo<\/h3>\n<p>Dado que el volumen y la frecuencia de la circulaci\u00f3n de efectivo est\u00e1n en incesante crecimiento, la demanda de medidas eficaces de protecci\u00f3n del efectivo registra un crecimiento igualmente signi\ufb01cativo. La necesidad de proteger el efectivo no se limita a los cajeros autom\u00e1ticos y al efectivo en tr\u00e1nsito (CIT), sino que se aplica a todos los lugares con gran almacenamiento de efectivo. Esta protecci\u00f3n se ha garantizado inicialmente mediante una combinaci\u00f3n de medidas de seguridad que incluyen veh\u00edculos blindados, guardias armados, videovigilancia, etc.<\/p>\n<p>Desgraciadamente, estas soluciones han dado lugar a una escalada de violencia durante los ataques a los cajeros autom\u00e1ticos, los ataques a los veh\u00edculos y a los guardias de seguridad durante el transporte de dinero en efectivo, y los asaltos a los lugares donde se acumula efectivo. Esta situaci\u00f3n ha llevado al desarrollo de una soluci\u00f3n m\u00e1s segura y eficaz: Los Sistemas Inteligentes de Neutralizaci\u00f3n de Billetes (IBNS).<\/p>\n<p>Los IBNS, una soluci\u00f3n que aborda la violencia mediante el uso de tecnolog\u00edas en lugar de la fuerza, est\u00e1n ampliamente adoptados en Europa y se utilizan cada vez m\u00e1s en otros continentes. La soluci\u00f3n comprende casetes, contenedores y cajas fuertes utilizados para almacenar, dispensar y transportar dinero en efectivo, equipados con un sistema inteligente que activa un mecanismo de tinci\u00f3n incorporado cuando se fuerza el contenedor.<\/p>\n<p>Al anular el valor de un billete manchado de forma irreversible, se elimina el propio beneficio para los delincuentes que asaltan el efectivo.<\/p>\n<p>[\/et_pb_text][\/et_pb_column][et_pb_column type=\u00bb2_5&#8243; _builder_version=\u00bb4.17.3&#8243; _module_preset=\u00bbdefault\u00bb global_colors_info=\u00bb{}\u00bb][et_pb_image src=\u00bbhttps:\/\/villiger-security.com\/wp-content\/uploads\/Logo.png\u00bb title_text=\u00bbLogotipo\u00bb _builder_version=\u00bb4.17.4&#8243; _module_preset=\u00bbdefault\u00bb global_colors_info=\u00bb{}\u00bb][\/et_pb_image][et_pb_text _builder_version=\u00bb4.17.3&#8243; _module_preset=\u00bbdefault\u00bb global_colors_info=\u00bb{}\u00bb]<\/p>\n<h3>Tintas de tinci\u00f3n y ventajas<\/h3>\n<ul>\n<li>Disuasi\u00f3n de la delincuencia<\/li>\n<li>Eficacia probada*<\/li>\n<li>Indeleble<\/li>\n<li>Seguridad en el uso<\/li>\n<li>F\u00e1cil de usar<\/li>\n<li>Compatible con la gran mayor\u00eda de los sustratos de los billetes- Respetuoso con el medio ambiente<\/li>\n<\/ul>\n<p>[\/et_pb_text][\/et_pb_column][\/et_pb_row][\/et_pb_section][et_pb_section fb_built=\u00bb1&#8243; _builder_version=\u00bb4.17.3&#8243; _module_preset=\u00bbdefault\u00bb global_colors_info=\u00bb{}\u00bb][et_pb_row column_structure=\u00bb2_5,3_5&#8243; _builder_version=\u00bb4.17.3&#8243; _module_preset=\u00bbdefault\u00bb global_colors_info=\u00bb{}\u00bb][et_pb_column type=\u00bb2_5&#8243; _builder_version=\u00bb4.17.3&#8243; _module_preset=\u00bbdefault\u00bb global_colors_info=\u00bb{}\u00bb][et_pb_image src=\u00bbhttps:\/\/villiger-security.com\/wp-content\/uploads\/SICPA-white-paper-staining-inks-04.jpg\u00bb title_text=\u00bbSICPA &#8211; tintas de tinci\u00f3n de papel blanco 04&#8243; module_class=\u00bbnoborder\u00bb _builder_version=\u00bb4.17.4&#8243; _module_preset=\u00bbdefault\u00bb global_colors_info=\u00bb{}\u00bb][\/et_pb_image][\/et_pb_column][et_pb_column type=\u00bb3_5&#8243; _builder_version=\u00bb4.17.3&#8243; _module_preset=\u00bbdefault\u00bb global_colors_info=\u00bb{}\u00bb][et_pb_text _builder_version=\u00bb4.17.3&#8243; _module_preset=\u00bbdefault\u00bb global_colors_info=\u00bb{}\u00bb]<\/p>\n<h3>Tinta de tinci\u00f3n: Resistencia y fuerza<\/h3>\n<p>Las tintas de tinci\u00f3n SICPA cumplen con los estrictos requisitos establecidos por las normas nacionales e internacionales, marcando todos los billetes contenidos en los estuches de seguridad.<br \/>Las caracter\u00edsticas de las tintas de tinci\u00f3n de alta calidad incluyen:<\/p>\n<ul>\n<li>Resistencia: incluso con potentes productos qu\u00edmicos, las manchas permanecen permanentes e indelebles y no pueden eliminarse eficazmente de los billetes manchados;<\/li>\n<li>Versatilidad: se realizan constantes esfuerzos de I+D para garantizar que las f\u00f3rmulas de las tintas de tinci\u00f3n sean eficaces en sustratos de papel convencionales, sustratos innovadores y sustratos barnizados;<\/li>\n<li>Trazabilidad: posibilidad de incluir marcadores en la soluci\u00f3n de tinta para rastrear el origen del billete y con fines de reembolso o para establecer un v\u00ednculo con un delito. Las tintas de tinci\u00f3n SICPA son compatibles con diferentes tecnolog\u00edas de marcaje unitario, algunas de ellas basadas en el ADN;<\/li>\n<li>Seguridad: no es t\u00f3xico y cumple plenamente la legislaci\u00f3n sobre salud, seguridad y medio ambiente.<\/li>\n<\/ul>\n<p>[\/et_pb_text][\/et_pb_column][\/et_pb_row][et_pb_row column_structure=\u00bb2_5,3_5&#8243; _builder_version=\u00bb4.17.3&#8243; _module_preset=\u00bbdefault\u00bb global_colors_info=\u00bb{}\u00bb][et_pb_column type=\u00bb2_5&#8243; _builder_version=\u00bb4.17.3&#8243; _module_preset=\u00bbdefault\u00bb global_colors_info=\u00bb{}\u00bb][et_pb_image src=\u00bbhttps:\/\/villiger-security.com\/wp-content\/uploads\/SICPA-white-paper-staining-inks-05.jpg\u00bb title_text=\u00bbSICPA &#8211; tintas de tinci\u00f3n de papel blanco 05&#8243; module_class=\u00bbnoborder\u00bb _builder_version=\u00bb4.17.4&#8243; _module_preset=\u00bbdefault\u00bb min_height=\u00bb252px\u00bb custom_margin=\u00bb||3px|||\u00bb custom_padding=\u00bb||0px|||\u00bb global_colors_info=\u00bb{}\u00bb][\/et_pb_image][et_pb_image src=\u00bbhttps:\/\/villiger-security.com\/wp-content\/uploads\/SICPA-white-paper-staining-inks-06.jpg\u00bb title_text=\u00bbSICPA &#8211; tintas de tinci\u00f3n de papel blanco 06&#8243; module_class=\u00bbnoborder\u00bb _builder_version=\u00bb4.17.4&#8243; _module_preset=\u00bbdefault\u00bb global_colors_info=\u00bb{}\u00bb][\/et_pb_image][\/et_pb_column][et_pb_column type=\u00bb3_5&#8243; _builder_version=\u00bb4.17.3&#8243; _module_preset=\u00bbdefault\u00bb global_colors_info=\u00bb{}\u00bb][et_pb_text _builder_version=\u00bb4.17.4&#8243; _module_preset=\u00bbdefault\u00bb global_colors_info=\u00bb{}\u00bb]<\/p>\n<h4>CERTIFICACI\u00d3N Y REQUISITOS DE LAS TINTAS DE TINCI\u00d3N<\/h4>\n<p>Laboratorios competentes e independientes de varios pa\u00edses han llevado a cabo exhaustivos protocolos de prueba sobre las tintas de tinci\u00f3n SICPA, verificando la resistencia qu\u00edmica, el rendimiento del tinte y el fen\u00f3meno del envejecimiento.<\/p>\n<p>Algunas de las organizaciones que han probado y certificado las tintas de tinci\u00f3n SICPA son<\/p>\n<ul>\n<li>LNE (Laboratoire National de M\u00e9trologie et d&#8217;Essais), Francia;<\/li>\n<li>SBSC (Svensk Brand &amp; S\u00e4kerhets Certifiering) \/ NFC (Nationellt Forensiskt Centrum), Suecia;<\/li>\n<li>Consultores de Documentos Forenses, Sur<\/li>\n<\/ul>\n<p>Las evaluaciones confirman que las tintas de tinci\u00f3n SICPA son indelebles y no pueden eliminarse de los billetes sin destruir el sustrato o alterar completamente los billetes de su estado original.<\/p>\n<p><span style=\"color: #0000ff;\"><em>*Imagen superior: Billete de 5\u20ac manchado para la prueba<\/em><\/span><br \/><span style=\"color: #0000ff;\"><em>*Imagen inferior: Billete de 5\u20ac manchado tras la prueba de resistencia<\/em><\/span><\/p>\n<p>&nbsp;<\/p>\n<p>[\/et_pb_text][\/et_pb_column][\/et_pb_row][et_pb_row column_structure=\u00bb2_5,3_5&#8243; _builder_version=\u00bb4.17.3&#8243; _module_preset=\u00bbdefault\u00bb global_colors_info=\u00bb{}\u00bb][et_pb_column type=\u00bb2_5&#8243; _builder_version=\u00bb4.17.3&#8243; _module_preset=\u00bbdefault\u00bb global_colors_info=\u00bb{}\u00bb][et_pb_image src=\u00bbhttps:\/\/villiger-security.com\/wp-content\/uploads\/SICPA-white-paper-staining-inks-07.jpg\u00bb title_text=\u00bbSICPA &#8211; tintas de tinci\u00f3n de papel blanco 07&#8243; module_class=\u00bbnoborder\u00bb _builder_version=\u00bb4.17.4&#8243; _module_preset=\u00bbdefault\u00bb min_height=\u00bb252px\u00bb custom_margin=\u00bb||3px|||\u00bb custom_padding=\u00bb||0px|||\u00bb global_colors_info=\u00bb{}\u00bb][\/et_pb_image][\/et_pb_column][et_pb_column type=\u00bb3_5&#8243; _builder_version=\u00bb4.17.3&#8243; _module_preset=\u00bbdefault\u00bb global_colors_info=\u00bb{}\u00bb][et_pb_text _builder_version=\u00bb4.17.4&#8243; _module_preset=\u00bbdefault\u00bb global_colors_info=\u00bb{}\u00bb]<\/p>\n<h4>DESARROLLO CONSTANTE EN L\u00cdNEA CON LAS INNOVACIONES DE LA INDUSTRIA<\/h4>\n<p>Desde principios de la d\u00e9cada de 1990, SICPA ha formulado tintas de tinci\u00f3n para marcar de forma indeleble los billetes de papel. Se realizan continuos esfuerzos de I+D para garantizar la eficacia de las tintas de tinci\u00f3n en sustratos innovadores como el papel recubierto, el pol\u00edmero y las soluciones h\u00edbridas.<\/p>\n<p>Se han logrado importantes avances en este \u00e1mbito, lo que ha permitido que las tintas de tinci\u00f3n de SICPA sean certificadas por el LNE (Francia) para la serie Euro 2.<\/p>\n<p>&nbsp;<\/p>\n<h4>CUMPLIMIENTO DE LAS NORMAS DE SALUD, SEGURIDAD Y MEDIO AMBIENTE<\/h4>\n<p>Todas las tintas de SICPA se desarrollan de acuerdo con las normas de salud, seguridad y medio ambiente. La empresa aplica normas estrictas en la selecci\u00f3n de las materias primas para garantizar que las tintas de tinci\u00f3n no contengan las sustancias nocivas estipuladas en la normativa internacional. Se estudian una serie de posibles escenarios de exposici\u00f3n para definir las precauciones y los procedimientos de trabajo adecuados durante la manipulaci\u00f3n de las tintas de tinci\u00f3n.<\/p>\n<p>Recientemente se ha introducido un nuevo sistema de codificaci\u00f3n internacional de las normas de clasificaci\u00f3n, etiquetado y envasado para proteger a toda la cadena de actores de la industria qu\u00edmica. Las nuevas etiquetas de las tintas pretenden dar una informaci\u00f3n completa y detallada a los encargados de manipularlas.<\/p>\n<p>Todos los esfuerzos de I+D de SICPA tienen en cuenta la evoluci\u00f3n del medio ambiente y las normas de seguridad de forma proactiva.<\/p>\n<p>&nbsp;<\/p>\n<p>[\/et_pb_text][\/et_pb_column][\/et_pb_row][et_pb_row column_structure=\u00bb2_5,3_5&#8243; _builder_version=\u00bb4.17.3&#8243; _module_preset=\u00bbdefault\u00bb global_colors_info=\u00bb{}\u00bb][et_pb_column type=\u00bb2_5&#8243; _builder_version=\u00bb4.17.3&#8243; _module_preset=\u00bbdefault\u00bb global_colors_info=\u00bb{}\u00bb][et_pb_image src=\u00bbhttps:\/\/villiger-security.com\/wp-content\/uploads\/stining-ink-red.jpg\u00bb title_text=\u00bbrojo-tinto-apestoso\u00bb _builder_version=\u00bb4.17.4&#8243; _module_preset=\u00bbdefault\u00bb global_colors_info=\u00bb{}\u00bb][\/et_pb_image][\/et_pb_column][et_pb_column type=\u00bb3_5&#8243; _builder_version=\u00bb4.17.3&#8243; _module_preset=\u00bbdefault\u00bb global_colors_info=\u00bb{}\u00bb][et_pb_text _builder_version=\u00bb4.17.4&#8243; _module_preset=\u00bbdefault\u00bb global_colors_info=\u00bb{}\u00bb]<\/p>\n<h4>DESARROLLOS FUTUROS<\/h4>\n<p>El pr\u00f3ximo reto de las aplicaciones de tinta de tinci\u00f3n estar\u00e1 en relaci\u00f3n con el reconocimiento de las m\u00e1quinas, con el objetivo final de evitar que los billetes manchados se introduzcan en la circulaci\u00f3n a trav\u00e9s de sistemas automatizados.<\/p>\n<p>La respuesta infrarroja de los billetes manchados deber\u00eda permitir a las m\u00e1quinas de billetes diferenciar los billetes manchados (robados) de los que no lo est\u00e1n.<\/p>\n<p>*A finales de 2007, el 100% del efectivo se transportaba con IBNS en B\u00e9lgica y, desde entonces, no se han registrado ataques de operaciones CIT.<\/p>\n<p><span style=\"color: #999999;\">Fuente: \u00abHow ink staining\/IBNS eradicated Cash In transit related crime in Belgium\u00bb, Freddy Pourbaix, G4S Cash Solutions Belgium, ICCOS Miami, septiembre de 2013.<\/span><\/p>\n<p>&nbsp;<\/p>\n<p>[\/et_pb_text][\/et_pb_column][\/et_pb_row][\/et_pb_section][et_pb_section fb_built=\u00bb1&#8243; _builder_version=\u00bb4.17.3&#8243; _module_preset=\u00bbdefault\u00bb global_module=\u00bb1185&#8243; global_colors_info=\u00bb{}\u00bb][et_pb_row _builder_version=\u00bb4.17.3&#8243; _module_preset=\u00bbdefault\u00bb global_colors_info=\u00bb{}\u00bb][et_pb_column type=\u00bb4_4&#8243; _builder_version=\u00bb4.17.3&#8243; _module_preset=\u00bbdefault\u00bb global_colors_info=\u00bb{}\u00bb][et_pb_text _builder_version=\u00bb4.17.3&#8243; _module_preset=\u00bbdefault\u00bb text_orientation=\u00bbcenter\u00bb max_width=\u00bb600px\u00bb module_alignment=\u00bbcenter\u00bb locked=\u00bboff\u00bb global_colors_info=\u00bb{}\u00bb]<\/p>\n<h2>\u00bfQuiere una consulta?<\/h2>\n\n<div class=\"wpcf7 no-js\" id=\"wpcf7-f3210-o1\" lang=\"es-ES\" dir=\"ltr\" data-wpcf7-id=\"3210\">\n<div class=\"screen-reader-response\"><p role=\"status\" aria-live=\"polite\" aria-atomic=\"true\"><\/p> <ul><\/ul><\/div>\n<form action=\"\/es\/wp-json\/wp\/v2\/pages\/3041#wpcf7-f3210-o1\" method=\"post\" class=\"wpcf7-form init\" aria-label=\"Formulario de contacto\" novalidate=\"novalidate\" data-status=\"init\">\n<fieldset class=\"hidden-fields-container\"><input type=\"hidden\" name=\"_wpcf7\" value=\"3210\" \/><input type=\"hidden\" name=\"_wpcf7_version\" value=\"6.1.4\" \/><input type=\"hidden\" name=\"_wpcf7_locale\" value=\"es_ES\" \/><input type=\"hidden\" name=\"_wpcf7_unit_tag\" value=\"wpcf7-f3210-o1\" \/><input type=\"hidden\" name=\"_wpcf7_container_post\" value=\"0\" \/><input type=\"hidden\" name=\"_wpcf7_posted_data_hash\" value=\"\" \/><input type=\"hidden\" name=\"_wpcf7_recaptcha_response\" value=\"\" \/>\n<\/fieldset>\n<p><span class=\"wpcf7-form-control-wrap\" data-name=\"your-name\"><input size=\"40\" maxlength=\"400\" class=\"wpcf7-form-control wpcf7-text wpcf7-validates-as-required\" aria-required=\"true\" aria-invalid=\"false\" placeholder=\"First Name \/ Last Name *\" value=\"\" type=\"text\" name=\"your-name\" \/><\/span><span class=\"wpcf7-form-control-wrap\" data-name=\"PLZoderWohnort\"><input size=\"40\" maxlength=\"400\" class=\"wpcf7-form-control wpcf7-text\" aria-invalid=\"false\" placeholder=\"ZIP and Place\" value=\"\" type=\"text\" name=\"PLZoderWohnort\" \/><\/span><br \/>\n<span class=\"wpcf7-form-control-wrap\" data-name=\"your-email\"><input size=\"40\" maxlength=\"400\" class=\"wpcf7-form-control wpcf7-email wpcf7-validates-as-required wpcf7-text wpcf7-validates-as-email\" aria-required=\"true\" aria-invalid=\"false\" placeholder=\"eMail *\" value=\"\" type=\"email\" name=\"your-email\" \/><\/span><span class=\"wpcf7-form-control-wrap\" data-name=\"your-telefon\"><input size=\"40\" maxlength=\"400\" class=\"wpcf7-form-control wpcf7-text\" aria-invalid=\"false\" placeholder=\"Phone\" value=\"\" type=\"text\" name=\"your-telefon\" \/><\/span><br \/>\n<span class=\"wpcf7-form-control-wrap\" data-name=\"Nachricht\"><textarea cols=\"40\" rows=\"10\" maxlength=\"2000\" class=\"wpcf7-form-control wpcf7-textarea\" aria-invalid=\"false\" placeholder=\"Enter your request here\" name=\"Nachricht\"><\/textarea><\/span>\n<\/p>\n<p><input class=\"wpcf7-form-control wpcf7-submit has-spinner\" type=\"submit\" value=\"Send\" \/>\n<\/p>\n<p><i style=\"font-size: 14px;  \">* Campo obligatorio<\/i>\n<\/p><div class=\"wpcf7-response-output\" aria-hidden=\"true\"><\/div>\n<\/form>\n<\/div>\n\n<p>[\/et_pb_text][\/et_pb_column][\/et_pb_row][\/et_pb_section]<\/p>\n","protected":false},"excerpt":{"rendered":"<p>Seguridad de Villiger Ink por SICPA Aumentan las necesidades de protecci\u00f3n del efectivo Dado que el volumen y la frecuencia de la circulaci\u00f3n de efectivo est\u00e1n en incesante crecimiento, la demanda de medidas eficaces de protecci\u00f3n del efectivo registra un crecimiento igualmente signi\ufb01cativo. La necesidad de proteger el efectivo no se limita a los cajeros [&hellip;]<\/p>\n","protected":false},"author":1,"featured_media":0,"parent":0,"menu_order":0,"comment_status":"closed","ping_status":"closed","template":"","meta":{"_acf_changed":false,"_et_pb_use_builder":"on","_et_pb_old_content":"","_et_gb_content_width":"","footnotes":""},"class_list":["post-3041","page","type-page","status-publish","hentry"],"acf":[],"yoast_head":"<!-- This site is optimized with the Yoast SEO plugin v26.7 - https:\/\/yoast.com\/wordpress\/plugins\/seo\/ -->\n<title>Villiger Security of Ink - Las necesidades de protecci\u00f3n de efectivo aumentan<\/title>\n<meta name=\"description\" content=\"Tinta de tinci\u00f3n: Las tintas de tinci\u00f3n SICPA cumplen con los estrictos requisitos establecidos por las normas nacionales e internacionales.\" \/>\n<meta name=\"robots\" content=\"index, follow, max-snippet:-1, max-image-preview:large, max-video-preview:-1\" \/>\n<link rel=\"canonical\" href=\"https:\/\/villiger-security.com\/es\/tinta-de-tincion\/\" \/>\n<meta property=\"og:locale\" content=\"es_ES\" \/>\n<meta property=\"og:type\" content=\"article\" \/>\n<meta property=\"og:title\" content=\"Villiger Security of Ink - Las necesidades de protecci\u00f3n de efectivo aumentan\" \/>\n<meta property=\"og:description\" content=\"Tinta de tinci\u00f3n: Las tintas de tinci\u00f3n SICPA cumplen con los estrictos requisitos establecidos por las normas nacionales e internacionales.\" \/>\n<meta property=\"og:url\" content=\"https:\/\/villiger-security.com\/es\/tinta-de-tincion\/\" \/>\n<meta property=\"og:site_name\" content=\"Villiger Security Solutions AG\" \/>\n<meta property=\"article:modified_time\" content=\"2022-08-12T07:02:32+00:00\" \/>\n<meta name=\"twitter:card\" content=\"summary_large_image\" \/>\n<meta name=\"twitter:label1\" content=\"Tiempo de lectura\" \/>\n\t<meta name=\"twitter:data1\" content=\"10 minutos\" \/>\n<script type=\"application\/ld+json\" class=\"yoast-schema-graph\">{\"@context\":\"https:\/\/schema.org\",\"@graph\":[{\"@type\":\"WebPage\",\"@id\":\"https:\/\/villiger-security.com\/es\/tinta-de-tincion\/\",\"url\":\"https:\/\/villiger-security.com\/es\/tinta-de-tincion\/\",\"name\":\"Villiger Security of Ink - Las necesidades de protecci\u00f3n de efectivo aumentan\",\"isPartOf\":{\"@id\":\"https:\/\/villiger-security.com\/es\/#website\"},\"datePublished\":\"2022-05-03T11:23:11+00:00\",\"dateModified\":\"2022-08-12T07:02:32+00:00\",\"description\":\"Tinta de tinci\u00f3n: Las tintas de tinci\u00f3n SICPA cumplen con los estrictos requisitos establecidos por las normas nacionales e internacionales.\",\"breadcrumb\":{\"@id\":\"https:\/\/villiger-security.com\/es\/tinta-de-tincion\/#breadcrumb\"},\"inLanguage\":\"es\",\"potentialAction\":[{\"@type\":\"ReadAction\",\"target\":[\"https:\/\/villiger-security.com\/es\/tinta-de-tincion\/\"]}]},{\"@type\":\"BreadcrumbList\",\"@id\":\"https:\/\/villiger-security.com\/es\/tinta-de-tincion\/#breadcrumb\",\"itemListElement\":[{\"@type\":\"ListItem\",\"position\":1,\"name\":\"Home\",\"item\":\"https:\/\/villiger-security.com\/es\/\"},{\"@type\":\"ListItem\",\"position\":2,\"name\":\"Tinta de tinci\u00f3n\"}]},{\"@type\":\"WebSite\",\"@id\":\"https:\/\/villiger-security.com\/es\/#website\",\"url\":\"https:\/\/villiger-security.com\/es\/\",\"name\":\"Villiger Security Solutions AG\",\"description\":\"Innovate the future of cash\",\"potentialAction\":[{\"@type\":\"SearchAction\",\"target\":{\"@type\":\"EntryPoint\",\"urlTemplate\":\"https:\/\/villiger-security.com\/es\/?s={search_term_string}\"},\"query-input\":{\"@type\":\"PropertyValueSpecification\",\"valueRequired\":true,\"valueName\":\"search_term_string\"}}],\"inLanguage\":\"es\"}]}<\/script>\n<!-- \/ Yoast SEO plugin. -->","yoast_head_json":{"title":"Villiger Security of Ink - Las necesidades de protecci\u00f3n de efectivo aumentan","description":"Tinta de tinci\u00f3n: Las tintas de tinci\u00f3n SICPA cumplen con los estrictos requisitos establecidos por las normas nacionales e internacionales.","robots":{"index":"index","follow":"follow","max-snippet":"max-snippet:-1","max-image-preview":"max-image-preview:large","max-video-preview":"max-video-preview:-1"},"canonical":"https:\/\/villiger-security.com\/es\/tinta-de-tincion\/","og_locale":"es_ES","og_type":"article","og_title":"Villiger Security of Ink - Las necesidades de protecci\u00f3n de efectivo aumentan","og_description":"Tinta de tinci\u00f3n: Las tintas de tinci\u00f3n SICPA cumplen con los estrictos requisitos establecidos por las normas nacionales e internacionales.","og_url":"https:\/\/villiger-security.com\/es\/tinta-de-tincion\/","og_site_name":"Villiger Security Solutions AG","article_modified_time":"2022-08-12T07:02:32+00:00","twitter_card":"summary_large_image","twitter_misc":{"Tiempo de lectura":"10 minutos"},"schema":{"@context":"https:\/\/schema.org","@graph":[{"@type":"WebPage","@id":"https:\/\/villiger-security.com\/es\/tinta-de-tincion\/","url":"https:\/\/villiger-security.com\/es\/tinta-de-tincion\/","name":"Villiger Security of Ink - Las necesidades de protecci\u00f3n de efectivo aumentan","isPartOf":{"@id":"https:\/\/villiger-security.com\/es\/#website"},"datePublished":"2022-05-03T11:23:11+00:00","dateModified":"2022-08-12T07:02:32+00:00","description":"Tinta de tinci\u00f3n: Las tintas de tinci\u00f3n SICPA cumplen con los estrictos requisitos establecidos por las normas nacionales e internacionales.","breadcrumb":{"@id":"https:\/\/villiger-security.com\/es\/tinta-de-tincion\/#breadcrumb"},"inLanguage":"es","potentialAction":[{"@type":"ReadAction","target":["https:\/\/villiger-security.com\/es\/tinta-de-tincion\/"]}]},{"@type":"BreadcrumbList","@id":"https:\/\/villiger-security.com\/es\/tinta-de-tincion\/#breadcrumb","itemListElement":[{"@type":"ListItem","position":1,"name":"Home","item":"https:\/\/villiger-security.com\/es\/"},{"@type":"ListItem","position":2,"name":"Tinta de tinci\u00f3n"}]},{"@type":"WebSite","@id":"https:\/\/villiger-security.com\/es\/#website","url":"https:\/\/villiger-security.com\/es\/","name":"Villiger Security Solutions AG","description":"Innovate the future of cash","potentialAction":[{"@type":"SearchAction","target":{"@type":"EntryPoint","urlTemplate":"https:\/\/villiger-security.com\/es\/?s={search_term_string}"},"query-input":{"@type":"PropertyValueSpecification","valueRequired":true,"valueName":"search_term_string"}}],"inLanguage":"es"}]}},"_links":{"self":[{"href":"https:\/\/villiger-security.com\/es\/wp-json\/wp\/v2\/pages\/3041","targetHints":{"allow":["GET"]}}],"collection":[{"href":"https:\/\/villiger-security.com\/es\/wp-json\/wp\/v2\/pages"}],"about":[{"href":"https:\/\/villiger-security.com\/es\/wp-json\/wp\/v2\/types\/page"}],"author":[{"embeddable":true,"href":"https:\/\/villiger-security.com\/es\/wp-json\/wp\/v2\/users\/1"}],"replies":[{"embeddable":true,"href":"https:\/\/villiger-security.com\/es\/wp-json\/wp\/v2\/comments?post=3041"}],"version-history":[{"count":0,"href":"https:\/\/villiger-security.com\/es\/wp-json\/wp\/v2\/pages\/3041\/revisions"}],"wp:attachment":[{"href":"https:\/\/villiger-security.com\/es\/wp-json\/wp\/v2\/media?parent=3041"}],"curies":[{"name":"wp","href":"https:\/\/api.w.org\/{rel}","templated":true}]}}