{"id":3035,"date":"2022-05-31T08:36:42","date_gmt":"2022-05-31T08:36:42","guid":{"rendered":"https:\/\/villiger-security.com\/innovacion-en-el-desarrollo\/"},"modified":"2022-08-12T07:02:32","modified_gmt":"2022-08-12T07:02:32","slug":"innovacion-en-el-desarrollo","status":"publish","type":"page","link":"https:\/\/villiger-security.com\/es\/innovacion-en-el-desarrollo\/","title":{"rendered":"Innovaci\u00f3n en el desarrollo"},"content":{"rendered":"<p>[et_pb_section fb_built=\u00bb1&#8243; fullwidth=\u00bbon\u00bb module_id=\u00bbhome-slid\u00bb _builder_version=\u00bb4.17.3&#8243; _module_preset=\u00bbdefault\u00bb bottom_divider_color=\u00bb#e9e9f6&#8243; bottom_divider_height=\u00bb0px\u00bb bottom_divider_repeat=\u00bb0.5x\u00bb locked=\u00bboff\u00bb global_colors_info=\u00bb{}\u00bb][et_pb_fullwidth_slider module_id=\u00bbhome-slid\u00bb _builder_version=\u00bb4.17.3&#8243; _module_preset=\u00bbdefault\u00bb header_level=\u00bbh1&#8243; header_font=\u00bb|600||||on|||\u00bb header_text_color=\u00bb#ffffff\u00bb body_font=\u00bb|||||on|||\u00bb body_text_color=\u00bbrgba(255,228,43,0.89)\u00bb use_background_color_gradient=\u00bbon\u00bb background_color_gradient_direction=\u00bb140deg\u00bb background_color_gradient_stops=\u00bbrgba(234,0,39,0.3) 0%|rgba(0,15,159,0.2) 25%\u00bb background_color_gradient_overlays_image=\u00bbon\u00bb custom_padding=\u00bb150px|0px|200px|0px|false|false\u00bb custom_padding_tablet=\u00bb120px||150px||false|false\u00bb custom_padding_phone=\u00bb||150px||false|false\u00bb custom_padding_last_edited=\u00bbon|tablet\u00bb auto=\u00bbon\u00bb auto_speed=\u00bb4500&#8243; auto_ignore_hover=\u00bbon\u00bb global_colors_info=\u00bb{}\u00bb][et_pb_slide heading=\u00bbInnovaci\u00f3n en el desarrollo\u00bb _builder_version=\u00bb4.17.3&#8243; _module_preset=\u00bbdefault\u00bb header_level=\u00bbh2&#8243; header_font=\u00bb|||||on|||\u00bb header_text_align=\u00bbcenter\u00bb header_text_color=\u00bb#ffffff\u00bb header_font_size=\u00bb50px\u00bb body_text_align=\u00bbcenter\u00bb body_text_color=\u00bb#FFFFFF\u00bb body_font_size=\u00bb25px\u00bb body_line_height=\u00bb1.3em\u00bb background_enable_color=\u00bboff\u00bb background_image=\u00bbhttps:\/\/villiger-security.com\/wp-content\/uploads\/2022\/05\/showroom.jpg\u00bb background_enable_image=\u00bbon\u00bb background_position=\u00bbbottom_center\u00bb text_orientation=\u00bbleft\u00bb max_width=\u00bb613px\u00bb body_font_size_tablet=\u00bb25px\u00bb body_font_size_phone=\u00bb25px\u00bb body_font_size_last_edited=\u00bbon|phone\u00bb body_line_height_tablet=\u00bb1.3em\u00bb body_line_height_phone=\u00bb1.3em\u00bb body_line_height_last_edited=\u00bbon|desktop\u00bb header_text_shadow_style=\u00bbpreset5&#8243; header_text_shadow_horizontal_length=\u00bb0.03em\u00bb header_text_shadow_vertical_length=\u00bb0.03em\u00bb header_text_shadow_color=\u00bbrgba(0,0,0,0.73)\u00bb text_shadow_style=\u00bbpreset5&#8243; text_shadow_horizontal_length=\u00bb0.07em\u00bb text_shadow_vertical_length=\u00bb0.07em\u00bb text_shadow_color=\u00bb#000000&#8243; global_colors_info=\u00bb{}\u00bb sticky_transition=\u00bbon\u00bb][\/et_pb_slide][\/et_pb_fullwidth_slider][\/et_pb_section][et_pb_section fb_built=\u00bb1&#8243; _builder_version=\u00bb4.17.3&#8243; _module_preset=\u00bbdefault\u00bb global_colors_info=\u00bb{}\u00bb][et_pb_row _builder_version=\u00bb4.17.3&#8243; _module_preset=\u00bbdefault\u00bb global_colors_info=\u00bb{}\u00bb][et_pb_column type=\u00bb4_4&#8243; _builder_version=\u00bb4.17.3&#8243; _module_preset=\u00bbdefault\u00bb global_colors_info=\u00bb{}\u00bb][et_pb_text _builder_version=\u00bb4.17.3&#8243; _module_preset=\u00bbdefault\u00bb global_colors_info=\u00bb{}\u00bb]<\/p>\n<h2>Nuestro compromiso<\/h2>\n<p>&nbsp;<\/p>\n<h3><strong>Nos comprometemos a mantener nuestros valores m\u00e1s importantes en cada producto y proyecto que ofrecemos.<\/strong><\/h3>\n<div class=\"fusion-text\"> <\/div>\n<div class=\"fusion-text\">\n<p>VILLIGER persigue un proceso de mejora continua de su cartera de productos.<br \/>El objetivo general es mejorar el proceso de desarrollo y producci\u00f3n\/entrega de productos para alcanzar el nivel cero de defectos, medido por la tasa de defectos por grupo de productos durante una vida \u00fatil de un m\u00ednimo de 15 a\u00f1os.<\/p>\n<\/div>\n<p>[\/et_pb_text][\/et_pb_column][\/et_pb_row][et_pb_row column_structure=\u00bb1_3,1_3,1_3&#8243; _builder_version=\u00bb4.17.3&#8243; _module_preset=\u00bbdefault\u00bb global_colors_info=\u00bb{}\u00bb][et_pb_column type=\u00bb1_3&#8243; _builder_version=\u00bb4.17.3&#8243; _module_preset=\u00bbdefault\u00bb global_colors_info=\u00bb{}\u00bb][et_pb_image src=\u00bbhttps:\/\/villiger-security.com\/wp-content\/uploads\/proces_1-1-400&#215;399-1.jpg\u00bb title_text=\u00bbproces_1-1-400&#215;399-1&#8243; _builder_version=\u00bb4.17.3&#8243; _module_preset=\u00bbdefault\u00bb global_colors_info=\u00bb{}\u00bb][\/et_pb_image][\/et_pb_column][et_pb_column type=\u00bb1_3&#8243; _builder_version=\u00bb4.17.3&#8243; _module_preset=\u00bbdefault\u00bb global_colors_info=\u00bb{}\u00bb][et_pb_image src=\u00bbhttps:\/\/villiger-security.com\/wp-content\/uploads\/proces_1-2-400&#215;399-1.jpg\u00bb title_text=\u00bbproces_1-2-400&#215;399-1&#8243; _builder_version=\u00bb4.17.3&#8243; _module_preset=\u00bbdefault\u00bb global_colors_info=\u00bb{}\u00bb][\/et_pb_image][\/et_pb_column][et_pb_column type=\u00bb1_3&#8243; _builder_version=\u00bb4.17.3&#8243; _module_preset=\u00bbdefault\u00bb global_colors_info=\u00bb{}\u00bb][et_pb_image src=\u00bbhttps:\/\/villiger-security.com\/wp-content\/uploads\/proces_1-3-400&#215;399-1.jpg\u00bb title_text=\u00bbproces_1-3-400&#215;399-1&#8243; _builder_version=\u00bb4.17.3&#8243; _module_preset=\u00bbdefault\u00bb global_colors_info=\u00bb{}\u00bb][\/et_pb_image][\/et_pb_column][\/et_pb_row][\/et_pb_section][et_pb_section fb_built=\u00bb1&#8243; _builder_version=\u00bb4.17.3&#8243; _module_preset=\u00bbdefault\u00bb background_color=\u00bb#f2f3fa\u00bb custom_margin=\u00bb||||false|false\u00bb border_width_top=\u00bb10px\u00bb border_color_top=\u00bb#f8f9fe\u00bb border_width_bottom=\u00bb10px\u00bb border_color_bottom=\u00bb#f8f9fe\u00bb locked=\u00bboff\u00bb global_colors_info=\u00bb{}\u00bb][et_pb_row column_structure=\u00bb1_3,1_3,1_3&#8243; _builder_version=\u00bb4.17.3&#8243; _module_preset=\u00bbdefault\u00bb global_colors_info=\u00bb{}\u00bb][et_pb_column type=\u00bb1_3&#8243; _builder_version=\u00bb4.17.3&#8243; _module_preset=\u00bbdefault\u00bb global_colors_info=\u00bb{}\u00bb][et_pb_blurb title=\u00bbSoluciones a medida\u00bb image=\u00bbhttps:\/\/villiger-security.com\/wp-content\/uploads\/MANAGEMENT-AND-FINANCE-Black-07-1.png\u00bb _builder_version=\u00bb4.17.3&#8243; _module_preset=\u00bbdefault\u00bb text_orientation=\u00bbcenter\u00bb global_colors_info=\u00bb{}\u00bb]<\/p>\n<p><span>La implantaci\u00f3n de nuevas tecnolog\u00edas requiere a menudo cambios en los procesos para beneficiarse de la automatizaci\u00f3n o de mayores niveles de seguridad.  <br \/>Su negocio, sus procesos y sus riesgos son espec\u00ed\ufb01cos. Por eso, en primer lugar, te escuchamos, en segundo lugar,  <br \/>consultamos y, finalmente, encontramos su soluci\u00f3n adecuada.<\/span><\/p>\n<p>[\/et_pb_blurb][\/et_pb_column][et_pb_column type=\u00bb1_3&#8243; _builder_version=\u00bb4.17.3&#8243; _module_preset=\u00bbdefault\u00bb global_colors_info=\u00bb{}\u00bb][et_pb_blurb title=\u00bbPrototipos\u00bb image=\u00bbhttps:\/\/villiger-security.com\/wp-content\/uploads\/SEO-AND-DEVELOPMENT-Black-12.png\u00bb _builder_version=\u00bb4.17.3&#8243; _module_preset=\u00bbdefault\u00bb text_orientation=\u00bbcenter\u00bb global_colors_info=\u00bb{}\u00bb]<\/p>\n<p><span>La seguridad es una combinaci\u00f3n de decisiones para prevenir cualquier amenaza de manera eficiente y productiva. VILLIGER ofrece posibilidades de ofrecer prototipos a un precio asequible para asegurar  <\/span><span>eficiencia y confianza.<\/span><\/p>\n<p>[\/et_pb_blurb][\/et_pb_column][et_pb_column type=\u00bb1_3&#8243; _builder_version=\u00bb4.17.3&#8243; _module_preset=\u00bbdefault\u00bb global_colors_info=\u00bb{}\u00bb][et_pb_blurb title=\u00bbFinalizaci\u00f3n\u00bb image=\u00bbhttps:\/\/villiger-security.com\/wp-content\/uploads\/2022\/05\/MANAGEMENT-AND-FINANCE-Black-07.png\u00bb _builder_version=\u00bb4.17.3&#8243; _module_preset=\u00bbdefault\u00bb text_orientation=\u00bbcenter\u00bb global_colors_info=\u00bb{}\u00bb]<\/p>\n<div id=\"post-4759\" class=\"post-4759 page type-page status-publish hentry\">\n<div data-elementor-type=\"wp-page\" data-elementor-id=\"4759\" class=\"elementor elementor-4759\">\n<section class=\"elementor-section elementor-top-section elementor-element elementor-element-13fc5f6 elementor-section-boxed elementor-section-height-default elementor-section-height-default\" data-id=\"13fc5f6\" data-element_type=\"section\">\n<div class=\"elementor-container elementor-column-gap-default\">\n<div class=\"elementor-column elementor-col-33 elementor-top-column elementor-element elementor-element-1772d1f\" data-id=\"1772d1f\" data-element_type=\"column\">\n<div class=\"elementor-widget-wrap elementor-element-populated\">\n<div class=\"elementor-element elementor-element-cf6e6cc elementor-widget elementor-widget-text-editor\" data-id=\"cf6e6cc\" data-element_type=\"widget\" data-widget_type=\"text-editor.default\">\n<div class=\"elementor-widget-container\">\n<p>Su n\u00famero de robos (incluidos los robos internos) se reducir\u00e1 dr\u00e1sticamente. La prima del seguro se reducir\u00e1 y el coste total de propiedad se minimizar\u00e1. VILLIGER siempre le ofrecer\u00e1 el mejor ROI y TCO posibles.<\/p>\n<\/div>\n<\/div>\n<\/div>\n<\/div>\n<\/div>\n<\/section>\n<\/div>\n<\/div>\n<p>[\/et_pb_blurb][\/et_pb_column][\/et_pb_row][\/et_pb_section][et_pb_section fb_built=\u00bb1&#8243; _builder_version=\u00bb4.17.3&#8243; _module_preset=\u00bbdefault\u00bb global_module=\u00bb1185&#8243; saved_tabs=\u00bball\u00bb locked=\u00bboff\u00bb global_colors_info=\u00bb{}\u00bb][et_pb_row _builder_version=\u00bb4.17.3&#8243; _module_preset=\u00bbdefault\u00bb global_colors_info=\u00bb{}\u00bb][et_pb_column type=\u00bb4_4&#8243; _builder_version=\u00bb4.17.3&#8243; _module_preset=\u00bbdefault\u00bb global_colors_info=\u00bb{}\u00bb][et_pb_text _builder_version=\u00bb4.17.3&#8243; _module_preset=\u00bbdefault\u00bb text_orientation=\u00bbcenter\u00bb max_width=\u00bb600px\u00bb module_alignment=\u00bbcenter\u00bb locked=\u00bboff\u00bb global_colors_info=\u00bb{}\u00bb]<\/p>\n<h2>\u00bfQuiere una consulta?<\/h2>\n\n<div class=\"wpcf7 no-js\" id=\"wpcf7-f3210-o1\" lang=\"es-ES\" dir=\"ltr\" data-wpcf7-id=\"3210\">\n<div class=\"screen-reader-response\"><p role=\"status\" aria-live=\"polite\" aria-atomic=\"true\"><\/p> <ul><\/ul><\/div>\n<form action=\"\/es\/wp-json\/wp\/v2\/pages\/3035#wpcf7-f3210-o1\" method=\"post\" class=\"wpcf7-form init\" aria-label=\"Formulario de contacto\" novalidate=\"novalidate\" data-status=\"init\">\n<fieldset class=\"hidden-fields-container\"><input type=\"hidden\" name=\"_wpcf7\" value=\"3210\" \/><input type=\"hidden\" name=\"_wpcf7_version\" value=\"6.1.4\" \/><input type=\"hidden\" name=\"_wpcf7_locale\" value=\"es_ES\" \/><input type=\"hidden\" name=\"_wpcf7_unit_tag\" value=\"wpcf7-f3210-o1\" \/><input type=\"hidden\" name=\"_wpcf7_container_post\" value=\"0\" \/><input type=\"hidden\" name=\"_wpcf7_posted_data_hash\" value=\"\" \/><input type=\"hidden\" name=\"_wpcf7_recaptcha_response\" value=\"\" \/>\n<\/fieldset>\n<p><span class=\"wpcf7-form-control-wrap\" data-name=\"your-name\"><input size=\"40\" maxlength=\"400\" class=\"wpcf7-form-control wpcf7-text wpcf7-validates-as-required\" aria-required=\"true\" aria-invalid=\"false\" placeholder=\"First Name \/ Last Name *\" value=\"\" type=\"text\" name=\"your-name\" \/><\/span><span class=\"wpcf7-form-control-wrap\" data-name=\"PLZoderWohnort\"><input size=\"40\" maxlength=\"400\" class=\"wpcf7-form-control wpcf7-text\" aria-invalid=\"false\" placeholder=\"ZIP and Place\" value=\"\" type=\"text\" name=\"PLZoderWohnort\" \/><\/span><br \/>\n<span class=\"wpcf7-form-control-wrap\" data-name=\"your-email\"><input size=\"40\" maxlength=\"400\" class=\"wpcf7-form-control wpcf7-email wpcf7-validates-as-required wpcf7-text wpcf7-validates-as-email\" aria-required=\"true\" aria-invalid=\"false\" placeholder=\"eMail *\" value=\"\" type=\"email\" name=\"your-email\" \/><\/span><span class=\"wpcf7-form-control-wrap\" data-name=\"your-telefon\"><input size=\"40\" maxlength=\"400\" class=\"wpcf7-form-control wpcf7-text\" aria-invalid=\"false\" placeholder=\"Phone\" value=\"\" type=\"text\" name=\"your-telefon\" \/><\/span><br \/>\n<span class=\"wpcf7-form-control-wrap\" data-name=\"Nachricht\"><textarea cols=\"40\" rows=\"10\" maxlength=\"2000\" class=\"wpcf7-form-control wpcf7-textarea\" aria-invalid=\"false\" placeholder=\"Enter your request here\" name=\"Nachricht\"><\/textarea><\/span>\n<\/p>\n<p><input class=\"wpcf7-form-control wpcf7-submit has-spinner\" type=\"submit\" value=\"Send\" \/>\n<\/p>\n<p><i style=\"font-size: 14px;  \">* Campo obligatorio<\/i>\n<\/p><div class=\"wpcf7-response-output\" aria-hidden=\"true\"><\/div>\n<\/form>\n<\/div>\n\n<p>[\/et_pb_text][\/et_pb_column][\/et_pb_row][\/et_pb_section]<\/p>\n","protected":false},"excerpt":{"rendered":"<p>Nuestro compromiso &nbsp; Nos comprometemos a mantener nuestros valores m\u00e1s importantes en cada producto y proyecto que ofrecemos. VILLIGER persigue un proceso de mejora continua de su cartera de productos.El objetivo general es mejorar el proceso de desarrollo y producci\u00f3n\/entrega de productos para alcanzar el nivel cero de defectos, medido por la tasa de defectos [&hellip;]<\/p>\n","protected":false},"author":1,"featured_media":0,"parent":0,"menu_order":0,"comment_status":"closed","ping_status":"closed","template":"","meta":{"_acf_changed":false,"_et_pb_use_builder":"on","_et_pb_old_content":"","_et_gb_content_width":"","footnotes":""},"class_list":["post-3035","page","type-page","status-publish","hentry"],"acf":[],"yoast_head":"<!-- This site is optimized with the Yoast SEO plugin v26.7 - https:\/\/yoast.com\/wordpress\/plugins\/seo\/ -->\n<title>Innovaci\u00f3n en el desarrollo - Villiger Security Solutions AG<\/title>\n<meta name=\"description\" content=\"El objetivo general es mejorar el proceso de desarrollo y producci\u00f3n\/entrega de productos para llegar a cero defectos.\" \/>\n<meta name=\"robots\" content=\"index, follow, max-snippet:-1, max-image-preview:large, max-video-preview:-1\" \/>\n<link rel=\"canonical\" href=\"https:\/\/villiger-security.com\/es\/innovacion-en-el-desarrollo\/\" \/>\n<meta property=\"og:locale\" content=\"es_ES\" \/>\n<meta property=\"og:type\" content=\"article\" \/>\n<meta property=\"og:title\" content=\"Innovaci\u00f3n en el desarrollo - Villiger Security Solutions AG\" \/>\n<meta property=\"og:description\" content=\"El objetivo general es mejorar el proceso de desarrollo y producci\u00f3n\/entrega de productos para llegar a cero defectos.\" \/>\n<meta property=\"og:url\" content=\"https:\/\/villiger-security.com\/es\/innovacion-en-el-desarrollo\/\" \/>\n<meta property=\"og:site_name\" content=\"Villiger Security Solutions AG\" \/>\n<meta property=\"article:modified_time\" content=\"2022-08-12T07:02:32+00:00\" \/>\n<meta name=\"twitter:card\" content=\"summary_large_image\" \/>\n<meta name=\"twitter:label1\" content=\"Tiempo de lectura\" \/>\n\t<meta name=\"twitter:data1\" content=\"5 minutos\" \/>\n<script type=\"application\/ld+json\" class=\"yoast-schema-graph\">{\"@context\":\"https:\/\/schema.org\",\"@graph\":[{\"@type\":\"WebPage\",\"@id\":\"https:\/\/villiger-security.com\/es\/innovacion-en-el-desarrollo\/\",\"url\":\"https:\/\/villiger-security.com\/es\/innovacion-en-el-desarrollo\/\",\"name\":\"Innovaci\u00f3n en el desarrollo - Villiger Security Solutions AG\",\"isPartOf\":{\"@id\":\"https:\/\/villiger-security.com\/es\/#website\"},\"datePublished\":\"2022-05-31T08:36:42+00:00\",\"dateModified\":\"2022-08-12T07:02:32+00:00\",\"description\":\"El objetivo general es mejorar el proceso de desarrollo y producci\u00f3n\/entrega de productos para llegar a cero defectos.\",\"breadcrumb\":{\"@id\":\"https:\/\/villiger-security.com\/es\/innovacion-en-el-desarrollo\/#breadcrumb\"},\"inLanguage\":\"es\",\"potentialAction\":[{\"@type\":\"ReadAction\",\"target\":[\"https:\/\/villiger-security.com\/es\/innovacion-en-el-desarrollo\/\"]}]},{\"@type\":\"BreadcrumbList\",\"@id\":\"https:\/\/villiger-security.com\/es\/innovacion-en-el-desarrollo\/#breadcrumb\",\"itemListElement\":[{\"@type\":\"ListItem\",\"position\":1,\"name\":\"Home\",\"item\":\"https:\/\/villiger-security.com\/es\/\"},{\"@type\":\"ListItem\",\"position\":2,\"name\":\"Innovaci\u00f3n en el desarrollo\"}]},{\"@type\":\"WebSite\",\"@id\":\"https:\/\/villiger-security.com\/es\/#website\",\"url\":\"https:\/\/villiger-security.com\/es\/\",\"name\":\"Villiger Security Solutions AG\",\"description\":\"Innovate the future of cash\",\"potentialAction\":[{\"@type\":\"SearchAction\",\"target\":{\"@type\":\"EntryPoint\",\"urlTemplate\":\"https:\/\/villiger-security.com\/es\/?s={search_term_string}\"},\"query-input\":{\"@type\":\"PropertyValueSpecification\",\"valueRequired\":true,\"valueName\":\"search_term_string\"}}],\"inLanguage\":\"es\"}]}<\/script>\n<!-- \/ Yoast SEO plugin. -->","yoast_head_json":{"title":"Innovaci\u00f3n en el desarrollo - Villiger Security Solutions AG","description":"El objetivo general es mejorar el proceso de desarrollo y producci\u00f3n\/entrega de productos para llegar a cero defectos.","robots":{"index":"index","follow":"follow","max-snippet":"max-snippet:-1","max-image-preview":"max-image-preview:large","max-video-preview":"max-video-preview:-1"},"canonical":"https:\/\/villiger-security.com\/es\/innovacion-en-el-desarrollo\/","og_locale":"es_ES","og_type":"article","og_title":"Innovaci\u00f3n en el desarrollo - Villiger Security Solutions AG","og_description":"El objetivo general es mejorar el proceso de desarrollo y producci\u00f3n\/entrega de productos para llegar a cero defectos.","og_url":"https:\/\/villiger-security.com\/es\/innovacion-en-el-desarrollo\/","og_site_name":"Villiger Security Solutions AG","article_modified_time":"2022-08-12T07:02:32+00:00","twitter_card":"summary_large_image","twitter_misc":{"Tiempo de lectura":"5 minutos"},"schema":{"@context":"https:\/\/schema.org","@graph":[{"@type":"WebPage","@id":"https:\/\/villiger-security.com\/es\/innovacion-en-el-desarrollo\/","url":"https:\/\/villiger-security.com\/es\/innovacion-en-el-desarrollo\/","name":"Innovaci\u00f3n en el desarrollo - Villiger Security Solutions AG","isPartOf":{"@id":"https:\/\/villiger-security.com\/es\/#website"},"datePublished":"2022-05-31T08:36:42+00:00","dateModified":"2022-08-12T07:02:32+00:00","description":"El objetivo general es mejorar el proceso de desarrollo y producci\u00f3n\/entrega de productos para llegar a cero defectos.","breadcrumb":{"@id":"https:\/\/villiger-security.com\/es\/innovacion-en-el-desarrollo\/#breadcrumb"},"inLanguage":"es","potentialAction":[{"@type":"ReadAction","target":["https:\/\/villiger-security.com\/es\/innovacion-en-el-desarrollo\/"]}]},{"@type":"BreadcrumbList","@id":"https:\/\/villiger-security.com\/es\/innovacion-en-el-desarrollo\/#breadcrumb","itemListElement":[{"@type":"ListItem","position":1,"name":"Home","item":"https:\/\/villiger-security.com\/es\/"},{"@type":"ListItem","position":2,"name":"Innovaci\u00f3n en el desarrollo"}]},{"@type":"WebSite","@id":"https:\/\/villiger-security.com\/es\/#website","url":"https:\/\/villiger-security.com\/es\/","name":"Villiger Security Solutions AG","description":"Innovate the future of cash","potentialAction":[{"@type":"SearchAction","target":{"@type":"EntryPoint","urlTemplate":"https:\/\/villiger-security.com\/es\/?s={search_term_string}"},"query-input":{"@type":"PropertyValueSpecification","valueRequired":true,"valueName":"search_term_string"}}],"inLanguage":"es"}]}},"_links":{"self":[{"href":"https:\/\/villiger-security.com\/es\/wp-json\/wp\/v2\/pages\/3035","targetHints":{"allow":["GET"]}}],"collection":[{"href":"https:\/\/villiger-security.com\/es\/wp-json\/wp\/v2\/pages"}],"about":[{"href":"https:\/\/villiger-security.com\/es\/wp-json\/wp\/v2\/types\/page"}],"author":[{"embeddable":true,"href":"https:\/\/villiger-security.com\/es\/wp-json\/wp\/v2\/users\/1"}],"replies":[{"embeddable":true,"href":"https:\/\/villiger-security.com\/es\/wp-json\/wp\/v2\/comments?post=3035"}],"version-history":[{"count":0,"href":"https:\/\/villiger-security.com\/es\/wp-json\/wp\/v2\/pages\/3035\/revisions"}],"wp:attachment":[{"href":"https:\/\/villiger-security.com\/es\/wp-json\/wp\/v2\/media?parent=3035"}],"curies":[{"name":"wp","href":"https:\/\/api.w.org\/{rel}","templated":true}]}}