{"id":3032,"date":"2022-05-31T08:35:24","date_gmt":"2022-05-31T08:35:24","guid":{"rendered":"https:\/\/villiger-security.com\/cashinfrapro\/"},"modified":"2022-08-12T07:02:31","modified_gmt":"2022-08-12T07:02:31","slug":"cashinfrapro","status":"publish","type":"page","link":"https:\/\/villiger-security.com\/es\/cashinfrapro\/","title":{"rendered":"CashInfraPro"},"content":{"rendered":"<p>[et_pb_section fb_built=\u00bb1&#8243; fullwidth=\u00bbon\u00bb module_id=\u00bbhome-slid\u00bb _builder_version=\u00bb4.17.3&#8243; _module_preset=\u00bbdefault\u00bb bottom_divider_color=\u00bb#e9e9f6&#8243; bottom_divider_height=\u00bb0px\u00bb bottom_divider_repeat=\u00bb0.5x\u00bb locked=\u00bboff\u00bb global_colors_info=\u00bb{}\u00bb][et_pb_fullwidth_slider module_id=\u00bbhome-slid\u00bb _builder_version=\u00bb4.17.3&#8243; _module_preset=\u00bbdefault\u00bb header_level=\u00bbh1&#8243; header_font=\u00bb|600||||on|||\u00bb header_text_color=\u00bb#ffffff\u00bb body_font=\u00bb|||||on|||\u00bb body_text_color=\u00bbrgba(255,228,43,0.89)\u00bb use_background_color_gradient=\u00bbon\u00bb background_color_gradient_direction=\u00bb140deg\u00bb background_color_gradient_stops=\u00bbrgba(234,0,39,0.3) 0%|rgba(0,15,159,0.2) 25%\u00bb background_color_gradient_overlays_image=\u00bbon\u00bb custom_padding=\u00bb150px|0px|200px|0px|false|false\u00bb custom_padding_tablet=\u00bb120px||150px||false|false\u00bb custom_padding_phone=\u00bb||150px||false|false\u00bb custom_padding_last_edited=\u00bbon|tablet\u00bb auto=\u00bbon\u00bb auto_speed=\u00bb4500&#8243; auto_ignore_hover=\u00bbon\u00bb global_colors_info=\u00bb{}\u00bb][et_pb_slide heading=\u00bbCashInfraPro\u00bb _builder_version=\u00bb4.17.3&#8243; _module_preset=\u00bbdefault\u00bb header_level=\u00bbh2&#8243; header_font=\u00bb|||||on|||\u00bb header_text_align=\u00bbcenter\u00bb header_text_color=\u00bb#ffffff\u00bb header_font_size=\u00bb50px\u00bb body_text_align=\u00bbcenter\u00bb body_text_color=\u00bb#FFFFFF\u00bb body_font_size=\u00bb25px\u00bb body_line_height=\u00bb1.3em\u00bb background_enable_color=\u00bboff\u00bb background_image=\u00bbhttps:\/\/villiger-security.com\/wp-content\/uploads\/2022\/05\/showroom.jpg\u00bb background_enable_image=\u00bbon\u00bb background_position=\u00bbbottom_center\u00bb text_orientation=\u00bbleft\u00bb max_width=\u00bb613px\u00bb body_font_size_tablet=\u00bb25px\u00bb body_font_size_phone=\u00bb25px\u00bb body_font_size_last_edited=\u00bbon|phone\u00bb body_line_height_tablet=\u00bb1.3em\u00bb body_line_height_phone=\u00bb1.3em\u00bb body_line_height_last_edited=\u00bbon|desktop\u00bb header_text_shadow_style=\u00bbpreset5&#8243; header_text_shadow_horizontal_length=\u00bb0.03em\u00bb header_text_shadow_vertical_length=\u00bb0.03em\u00bb header_text_shadow_color=\u00bbrgba(0,0,0,0.73)\u00bb text_shadow_style=\u00bbpreset5&#8243; text_shadow_horizontal_length=\u00bb0.07em\u00bb text_shadow_vertical_length=\u00bb0.07em\u00bb text_shadow_color=\u00bb#000000&#8243; global_colors_info=\u00bb{}\u00bb sticky_transition=\u00bbon\u00bb][\/et_pb_slide][\/et_pb_fullwidth_slider][\/et_pb_section][et_pb_section fb_built=\u00bb1&#8243; _builder_version=\u00bb4.17.3&#8243; _module_preset=\u00bbdefault\u00bb global_colors_info=\u00bb{}\u00bb][et_pb_row column_structure=\u00bb3_5,2_5&#8243; _builder_version=\u00bb4.17.3&#8243; _module_preset=\u00bbdefault\u00bb global_colors_info=\u00bb{}\u00bb][et_pb_column type=\u00bb3_5&#8243; _builder_version=\u00bb4.17.3&#8243; _module_preset=\u00bbdefault\u00bb global_colors_info=\u00bb{}\u00bb][et_pb_text _builder_version=\u00bb4.17.3&#8243; _module_preset=\u00bbdefault\u00bb global_colors_info=\u00bb{}\u00bb]<\/p>\n<h2>CashInfraPro<\/h2>\n<h3>(Cash Infrastructure Projects and Services GmbH)<\/h3>\n<p>VILLIGER Security colabora con Cash InfraPro (Cash Infrastructure Projects and Services GmbH) que es un grupo de expertos de alto nivel.<br \/>Cada uno de ellos cuenta con m\u00e1s de 20 a\u00f1os de experiencia internacional y reconocimiento mundial en proyectos de gesti\u00f3n del ciclo del efectivo.<\/p>\n<p>Gracias a su experiencia como ejecutivos en empresas l\u00edderes del sector, est\u00e1n familiarizados con las estrategias, los m\u00e9todos y los factores clave cruciales para su \u00e9xito y su aplicaci\u00f3n oportuna con efecto duradero.<\/p>\n<p>El Sr. Jens Eberhardt es uno de nuestros principales socios que asiste y asesora junto con el Sr. Peter Villiger, guiando a nuestros clientes en sus procesos de soluci\u00f3n.<br \/>El trabajo en equipo del Sr. Peter Villiger y el Sr. Jens Eberhardt se remonta a muchos a\u00f1os atr\u00e1s y son el complemento perfecto para su consulta sobre soluciones.<br \/>Pueden asesorarle con m\u00e1s de 30 a\u00f1os de experiencia y conocimientos.<\/p>\n<p>[\/et_pb_text][\/et_pb_column][et_pb_column type=\u00bb2_5&#8243; _builder_version=\u00bb4.17.3&#8243; _module_preset=\u00bbdefault\u00bb global_colors_info=\u00bb{}\u00bb][et_pb_image src=\u00bbhttps:\/\/villiger-security.com\/wp-content\/uploads\/cashinfrapro_logo.png\u00bb title_text=\u00bbcashinfrapro_logo\u00bb _builder_version=\u00bb4.17.3&#8243; _module_preset=\u00bbdefault\u00bb custom_margin=\u00bb0px||||false|false\u00bb global_colors_info=\u00bb{}\u00bb][\/et_pb_image][\/et_pb_column][\/et_pb_row][\/et_pb_section][et_pb_section fb_built=\u00bb1&#8243; _builder_version=\u00bb4.17.3&#8243; _module_preset=\u00bbdefault\u00bb global_colors_info=\u00bb{}\u00bb][et_pb_row column_structure=\u00bb2_5,3_5&#8243; _builder_version=\u00bb4.17.3&#8243; _module_preset=\u00bbdefault\u00bb global_colors_info=\u00bb{}\u00bb][et_pb_column type=\u00bb2_5&#8243; _builder_version=\u00bb4.17.3&#8243; _module_preset=\u00bbdefault\u00bb global_colors_info=\u00bb{}\u00bb][et_pb_image src=\u00bbhttps:\/\/villiger-security.com\/wp-content\/uploads\/csm_News_15_Layout_plan_ffa80a19fc.jpg\u00bb title_text=\u00bbcsm_News_15_Layout_plan_ffa80a19fc\u00bb module_class=\u00bbnoborder\u00bb _builder_version=\u00bb4.17.3&#8243; _module_preset=\u00bbdefault\u00bb global_colors_info=\u00bb{}\u00bb][\/et_pb_image][\/et_pb_column][et_pb_column type=\u00bb3_5&#8243; _builder_version=\u00bb4.17.3&#8243; _module_preset=\u00bbdefault\u00bb global_colors_info=\u00bb{}\u00bb][et_pb_text _builder_version=\u00bb4.17.3&#8243; _module_preset=\u00bbdefault\u00bb global_colors_info=\u00bb{}\u00bb]<\/p>\n<h3>Optimizaci\u00f3n de los ciclos de caja<\/h3>\n<div id=\"post-5242\" class=\"post-5242 page type-page status-publish hentry\">\n<div data-elementor-type=\"wp-page\" data-elementor-id=\"5242\" class=\"elementor elementor-5242\">\n<section class=\"elementor-section elementor-top-section elementor-element elementor-element-ced6fe1 elementor-section-boxed elementor-section-height-default elementor-section-height-default\" data-id=\"ced6fe1\" data-element_type=\"section\">\n<div class=\"elementor-container elementor-column-gap-default\">\n<div class=\"elementor-column elementor-col-100 elementor-top-column elementor-element elementor-element-6f62229\" data-id=\"6f62229\" data-element_type=\"column\">\n<div class=\"elementor-widget-wrap elementor-element-populated\">\n<div class=\"elementor-element elementor-element-f2f947d elementor-widget elementor-widget-text-editor\" data-id=\"f2f947d\" data-element_type=\"widget\" data-widget_type=\"text-editor.default\">\n<div class=\"elementor-widget-container\">\n<header>Una optimizaci\u00f3n eficaz del ciclo de efectivo que tenga en cuenta toda la cadena de suministro de efectivo de principio a fin:<\/p>\n<ul>\n<li>Ciclo de vida de los billetes y monedas<\/li>\n<li>Ciclo mayorista: Log\u00edstica para bancos centrales y empresas de transporte de fondos<\/li>\n<li>Ciclo de sucursales: Log\u00edstica para cajeros autom\u00e1ticos, sucursales bancarias y minoristas<\/li>\n<\/ul>\n<p>Las nuevas tecnolog\u00edas en la industria del efectivo, as\u00ed como las adaptaciones de los desarrollos t\u00e9cnicos de industrias ajenas al sector del efectivo, abren perspectivas para estandarizar, digitalizar y automatizar el ciclo del efectivo.<br \/>El objetivo es: optimizar el coste del efectivo.<\/p>\n<p>Cash InfraPro apoya a su organizaci\u00f3n con equipos experimentados en la gesti\u00f3n del ciclo de efectivo, tecnolog\u00edas y mejora operativa, centrados en las tareas espec\u00edficas de su proyecto.<br \/>Nuestro enfoque optimiza la productividad de sus procesos y le ofrece ventajas competitivas.<\/p>\n<\/header>\n<p>Los proyectos t\u00edpicos son:<\/p>\n<ul>\n<li><a class=\"internal-link\" title=\"Estudios de viabilidad\" href=\"https:\/\/www.cashinfrapro.com\/expertise\/feasibility-study\" data-btattached=\"true\"><br \/>\n  <span><br \/>\n    <em>Estudios de viabilidad<\/em><br \/>\n  <\/span><br \/>\n<\/a> para nuevos modelos de ciclo de caja<\/li>\n<li>Ingenier\u00eda de<span> <\/span><a class=\"internal-link\" title=\"Construcci\u00f3n de centros de efectivo\" href=\"https:\/\/www.cashinfrapro.com\/expertise\/cash-center-engineering\" data-btattached=\"true\"><br \/>\n  <span><br \/>\n    <em>Centros de efectivo<\/em><br \/>\n  <\/span><br \/>\n<\/a><span> <\/span>desde el concepto hasta la implementaci\u00f3n, el lanzamiento operativo y la auditor\u00eda<\/li>\n<li>Planificaci\u00f3n e implementaci\u00f3n de<span> <\/span><span><br \/>\n  <em><br \/>\n    <a href=\"https:\/\/www.cashinfrapro.com\/services\/wholesale-cycle#c682\" data-btattached=\"true\">Efectivo en tr\u00e1nsito<\/a><br \/>\n  <\/em><br \/>\n<\/span><span> <\/span>empresas, programas de mejora operativa y auditor\u00eda<\/li>\n<li>Optimizaci\u00f3n de<span> <\/span><a href=\"https:\/\/www.cashinfrapro.com\/services\/branch-cycle#c689\" data-btattached=\"true\"><br \/>\n  <span><br \/>\n    <em>Gesti\u00f3n de cajeros autom\u00e1ticos<\/em><br \/>\n  <\/span><br \/>\n<\/a>programas de reciclaje de cajeros autom\u00e1ticos, reciclaje en puntos de venta, cajeros m\u00f3viles y sucursales bancarias m\u00f3viles<\/li>\n<li>Implementaci\u00f3n de tecnolog\u00edas avanzadas, por ejemplo<span> <\/span><span><br \/>\n  <em><a class=\"internal-link\" title=\"autoidentificaci\u00f3n en la log\u00edstica del efectivo\" href=\"https:\/\/www.cashinfrapro.com\/expertise\/gs1-standards-for-cash-logistics\" data-btattached=\"true\">Auto-ID<\/a> <\/em><br \/>\n<\/span>para el seguimiento y la localizaci\u00f3n<span> <\/span><a class=\"internal-link\" title=\"Comunicaci\u00f3n EDI para la log\u00edstica de caja\" href=\"https:\/\/www.cashinfrapro.com\/expertise\/gs1-standards-for-cash-logistics\" data-btattached=\"true\"><br \/>\n  <span><br \/>\n    <em>Comunicaci\u00f3n EDI<\/em><br \/>\n  <\/span><br \/>\n<\/a><span> <\/span>para la gesti\u00f3n de \u00f3rdenes de pago,<span> <\/span><a href=\"https:\/\/www.cashinfrapro.com\/expertise\/cash-center-engineering\" data-btattached=\"true\"><br \/>\n  <em><br \/>\n    <span>Automatizaci\u00f3n de la caja<\/span><br \/>\n  <\/em><br \/>\n<\/a><\/li>\n<li>Programas para<em><br \/>\n  <span> <\/span><br \/>\n<\/em><a class=\"internal-link\" title=\"Gesti\u00f3n ajustada de la tesorer\u00eda\" href=\"https:\/\/www.cashinfrapro.com\/expertise\/lean-cash-management\" data-btattached=\"true\"><br \/>\n  <em><br \/>\n    <span>Gesti\u00f3n ajustada de la tesorer\u00eda<\/span><br \/>\n  <\/em><br \/>\n<\/a><\/li>\n<li>Implantaci\u00f3n del pago sin efectivo en los puntos de venta y en<span> <\/span><a href=\"https:\/\/www.cashinfrapro.com\/company\/glossary#c641\" data-btattached=\"true\"><br \/>\n  <span><br \/>\n    <em>banca m\u00f3vil<\/em><br \/>\n  <\/span><br \/>\n<\/a><span> <\/span>soluciones<\/li>\n<\/ul>\n<p>&nbsp;<\/p>\n<p><strong>Enlace a CashInfraPro:<span> <\/span><a href=\"https:\/\/www.cashinfrapro.com\/\" data-btattached=\"true\"><br \/>\n  <span><br \/>\n    <em>www.cashinfrapro.com<\/em><br \/>\n  <\/span><br \/>\n<\/a><\/strong><\/p>\n<\/div>\n<\/div>\n<\/div>\n<\/div>\n<\/div>\n<\/section>\n<\/div>\n<\/div>\n<p>[\/et_pb_text][\/et_pb_column][\/et_pb_row][\/et_pb_section][et_pb_section fb_built=\u00bb1&#8243; _builder_version=\u00bb4.17.3&#8243; _module_preset=\u00bbdefault\u00bb global_module=\u00bb1185&#8243; global_colors_info=\u00bb{}\u00bb][et_pb_row _builder_version=\u00bb4.17.3&#8243; _module_preset=\u00bbdefault\u00bb global_colors_info=\u00bb{}\u00bb][et_pb_column type=\u00bb4_4&#8243; _builder_version=\u00bb4.17.3&#8243; _module_preset=\u00bbdefault\u00bb global_colors_info=\u00bb{}\u00bb][et_pb_text _builder_version=\u00bb4.17.3&#8243; _module_preset=\u00bbdefault\u00bb text_orientation=\u00bbcenter\u00bb max_width=\u00bb600px\u00bb module_alignment=\u00bbcenter\u00bb locked=\u00bboff\u00bb global_colors_info=\u00bb{}\u00bb]<\/p>\n<h2>\u00bfQuiere una consulta?<\/h2>\n\n<div class=\"wpcf7 no-js\" id=\"wpcf7-f3210-o1\" lang=\"es-ES\" dir=\"ltr\" data-wpcf7-id=\"3210\">\n<div class=\"screen-reader-response\"><p role=\"status\" aria-live=\"polite\" aria-atomic=\"true\"><\/p> <ul><\/ul><\/div>\n<form action=\"\/es\/wp-json\/wp\/v2\/pages\/3032#wpcf7-f3210-o1\" method=\"post\" class=\"wpcf7-form init\" aria-label=\"Formulario de contacto\" novalidate=\"novalidate\" data-status=\"init\">\n<fieldset class=\"hidden-fields-container\"><input type=\"hidden\" name=\"_wpcf7\" value=\"3210\" \/><input type=\"hidden\" name=\"_wpcf7_version\" value=\"6.1.4\" \/><input type=\"hidden\" name=\"_wpcf7_locale\" value=\"es_ES\" \/><input type=\"hidden\" name=\"_wpcf7_unit_tag\" value=\"wpcf7-f3210-o1\" \/><input type=\"hidden\" name=\"_wpcf7_container_post\" value=\"0\" \/><input type=\"hidden\" name=\"_wpcf7_posted_data_hash\" value=\"\" \/><input type=\"hidden\" name=\"_wpcf7_recaptcha_response\" value=\"\" \/>\n<\/fieldset>\n<p><span class=\"wpcf7-form-control-wrap\" data-name=\"your-name\"><input size=\"40\" maxlength=\"400\" class=\"wpcf7-form-control wpcf7-text wpcf7-validates-as-required\" aria-required=\"true\" aria-invalid=\"false\" placeholder=\"First Name \/ Last Name *\" value=\"\" type=\"text\" name=\"your-name\" \/><\/span><span class=\"wpcf7-form-control-wrap\" data-name=\"PLZoderWohnort\"><input size=\"40\" maxlength=\"400\" class=\"wpcf7-form-control wpcf7-text\" aria-invalid=\"false\" placeholder=\"ZIP and Place\" value=\"\" type=\"text\" name=\"PLZoderWohnort\" \/><\/span><br \/>\n<span class=\"wpcf7-form-control-wrap\" data-name=\"your-email\"><input size=\"40\" maxlength=\"400\" class=\"wpcf7-form-control wpcf7-email wpcf7-validates-as-required wpcf7-text wpcf7-validates-as-email\" aria-required=\"true\" aria-invalid=\"false\" placeholder=\"eMail *\" value=\"\" type=\"email\" name=\"your-email\" \/><\/span><span class=\"wpcf7-form-control-wrap\" data-name=\"your-telefon\"><input size=\"40\" maxlength=\"400\" class=\"wpcf7-form-control wpcf7-text\" aria-invalid=\"false\" placeholder=\"Phone\" value=\"\" type=\"text\" name=\"your-telefon\" \/><\/span><br \/>\n<span class=\"wpcf7-form-control-wrap\" data-name=\"Nachricht\"><textarea cols=\"40\" rows=\"10\" maxlength=\"2000\" class=\"wpcf7-form-control wpcf7-textarea\" aria-invalid=\"false\" placeholder=\"Enter your request here\" name=\"Nachricht\"><\/textarea><\/span>\n<\/p>\n<p><input class=\"wpcf7-form-control wpcf7-submit has-spinner\" type=\"submit\" value=\"Send\" \/>\n<\/p>\n<p><i style=\"font-size: 14px;  \">* Campo obligatorio<\/i>\n<\/p><div class=\"wpcf7-response-output\" aria-hidden=\"true\"><\/div>\n<\/form>\n<\/div>\n\n<p>[\/et_pb_text][\/et_pb_column][\/et_pb_row][\/et_pb_section]<\/p>\n","protected":false},"excerpt":{"rendered":"<p>CashInfraPro (Cash Infrastructure Projects and Services GmbH) VILLIGER Security colabora con Cash InfraPro (Cash Infrastructure Projects and Services GmbH) que es un grupo de expertos de alto nivel.Cada uno de ellos cuenta con m\u00e1s de 20 a\u00f1os de experiencia internacional y reconocimiento mundial en proyectos de gesti\u00f3n del ciclo del efectivo. Gracias a su experiencia [&hellip;]<\/p>\n","protected":false},"author":1,"featured_media":0,"parent":0,"menu_order":0,"comment_status":"closed","ping_status":"closed","template":"","meta":{"_acf_changed":false,"_et_pb_use_builder":"on","_et_pb_old_content":"","_et_gb_content_width":"","footnotes":""},"class_list":["post-3032","page","type-page","status-publish","hentry"],"acf":[],"yoast_head":"<!-- This site is optimized with the Yoast SEO plugin v26.7 - https:\/\/yoast.com\/wordpress\/plugins\/seo\/ -->\n<title>CashInfraPro - Villiger Security Solutions AG<\/title>\n<meta name=\"description\" content=\"VILLIGER Security colabora con CashInfraPro (Cash Infrastructure Projects and Services GmbH) que es un grupo de expertos de alto nivel.\" \/>\n<meta name=\"robots\" content=\"index, follow, max-snippet:-1, max-image-preview:large, max-video-preview:-1\" \/>\n<link rel=\"canonical\" href=\"https:\/\/villiger-security.com\/es\/cashinfrapro\/\" \/>\n<meta property=\"og:locale\" content=\"es_ES\" \/>\n<meta property=\"og:type\" content=\"article\" \/>\n<meta property=\"og:title\" content=\"CashInfraPro - Villiger Security Solutions AG\" \/>\n<meta property=\"og:description\" content=\"VILLIGER Security colabora con CashInfraPro (Cash Infrastructure Projects and Services GmbH) que es un grupo de expertos de alto nivel.\" \/>\n<meta property=\"og:url\" content=\"https:\/\/villiger-security.com\/es\/cashinfrapro\/\" \/>\n<meta property=\"og:site_name\" content=\"Villiger Security Solutions AG\" \/>\n<meta property=\"article:modified_time\" content=\"2022-08-12T07:02:31+00:00\" \/>\n<meta name=\"twitter:card\" content=\"summary_large_image\" \/>\n<meta name=\"twitter:label1\" content=\"Tiempo de lectura\" \/>\n\t<meta name=\"twitter:data1\" content=\"5 minutos\" \/>\n<script type=\"application\/ld+json\" class=\"yoast-schema-graph\">{\"@context\":\"https:\/\/schema.org\",\"@graph\":[{\"@type\":\"WebPage\",\"@id\":\"https:\/\/villiger-security.com\/es\/cashinfrapro\/\",\"url\":\"https:\/\/villiger-security.com\/es\/cashinfrapro\/\",\"name\":\"CashInfraPro - Villiger Security Solutions AG\",\"isPartOf\":{\"@id\":\"https:\/\/villiger-security.com\/es\/#website\"},\"datePublished\":\"2022-05-31T08:35:24+00:00\",\"dateModified\":\"2022-08-12T07:02:31+00:00\",\"description\":\"VILLIGER Security colabora con CashInfraPro (Cash Infrastructure Projects and Services GmbH) que es un grupo de expertos de alto nivel.\",\"breadcrumb\":{\"@id\":\"https:\/\/villiger-security.com\/es\/cashinfrapro\/#breadcrumb\"},\"inLanguage\":\"es\",\"potentialAction\":[{\"@type\":\"ReadAction\",\"target\":[\"https:\/\/villiger-security.com\/es\/cashinfrapro\/\"]}]},{\"@type\":\"BreadcrumbList\",\"@id\":\"https:\/\/villiger-security.com\/es\/cashinfrapro\/#breadcrumb\",\"itemListElement\":[{\"@type\":\"ListItem\",\"position\":1,\"name\":\"Home\",\"item\":\"https:\/\/villiger-security.com\/es\/\"},{\"@type\":\"ListItem\",\"position\":2,\"name\":\"CashInfraPro\"}]},{\"@type\":\"WebSite\",\"@id\":\"https:\/\/villiger-security.com\/es\/#website\",\"url\":\"https:\/\/villiger-security.com\/es\/\",\"name\":\"Villiger Security Solutions AG\",\"description\":\"Innovate the future of cash\",\"potentialAction\":[{\"@type\":\"SearchAction\",\"target\":{\"@type\":\"EntryPoint\",\"urlTemplate\":\"https:\/\/villiger-security.com\/es\/?s={search_term_string}\"},\"query-input\":{\"@type\":\"PropertyValueSpecification\",\"valueRequired\":true,\"valueName\":\"search_term_string\"}}],\"inLanguage\":\"es\"}]}<\/script>\n<!-- \/ Yoast SEO plugin. -->","yoast_head_json":{"title":"CashInfraPro - Villiger Security Solutions AG","description":"VILLIGER Security colabora con CashInfraPro (Cash Infrastructure Projects and Services GmbH) que es un grupo de expertos de alto nivel.","robots":{"index":"index","follow":"follow","max-snippet":"max-snippet:-1","max-image-preview":"max-image-preview:large","max-video-preview":"max-video-preview:-1"},"canonical":"https:\/\/villiger-security.com\/es\/cashinfrapro\/","og_locale":"es_ES","og_type":"article","og_title":"CashInfraPro - Villiger Security Solutions AG","og_description":"VILLIGER Security colabora con CashInfraPro (Cash Infrastructure Projects and Services GmbH) que es un grupo de expertos de alto nivel.","og_url":"https:\/\/villiger-security.com\/es\/cashinfrapro\/","og_site_name":"Villiger Security Solutions AG","article_modified_time":"2022-08-12T07:02:31+00:00","twitter_card":"summary_large_image","twitter_misc":{"Tiempo de lectura":"5 minutos"},"schema":{"@context":"https:\/\/schema.org","@graph":[{"@type":"WebPage","@id":"https:\/\/villiger-security.com\/es\/cashinfrapro\/","url":"https:\/\/villiger-security.com\/es\/cashinfrapro\/","name":"CashInfraPro - Villiger Security Solutions AG","isPartOf":{"@id":"https:\/\/villiger-security.com\/es\/#website"},"datePublished":"2022-05-31T08:35:24+00:00","dateModified":"2022-08-12T07:02:31+00:00","description":"VILLIGER Security colabora con CashInfraPro (Cash Infrastructure Projects and Services GmbH) que es un grupo de expertos de alto nivel.","breadcrumb":{"@id":"https:\/\/villiger-security.com\/es\/cashinfrapro\/#breadcrumb"},"inLanguage":"es","potentialAction":[{"@type":"ReadAction","target":["https:\/\/villiger-security.com\/es\/cashinfrapro\/"]}]},{"@type":"BreadcrumbList","@id":"https:\/\/villiger-security.com\/es\/cashinfrapro\/#breadcrumb","itemListElement":[{"@type":"ListItem","position":1,"name":"Home","item":"https:\/\/villiger-security.com\/es\/"},{"@type":"ListItem","position":2,"name":"CashInfraPro"}]},{"@type":"WebSite","@id":"https:\/\/villiger-security.com\/es\/#website","url":"https:\/\/villiger-security.com\/es\/","name":"Villiger Security Solutions AG","description":"Innovate the future of cash","potentialAction":[{"@type":"SearchAction","target":{"@type":"EntryPoint","urlTemplate":"https:\/\/villiger-security.com\/es\/?s={search_term_string}"},"query-input":{"@type":"PropertyValueSpecification","valueRequired":true,"valueName":"search_term_string"}}],"inLanguage":"es"}]}},"_links":{"self":[{"href":"https:\/\/villiger-security.com\/es\/wp-json\/wp\/v2\/pages\/3032","targetHints":{"allow":["GET"]}}],"collection":[{"href":"https:\/\/villiger-security.com\/es\/wp-json\/wp\/v2\/pages"}],"about":[{"href":"https:\/\/villiger-security.com\/es\/wp-json\/wp\/v2\/types\/page"}],"author":[{"embeddable":true,"href":"https:\/\/villiger-security.com\/es\/wp-json\/wp\/v2\/users\/1"}],"replies":[{"embeddable":true,"href":"https:\/\/villiger-security.com\/es\/wp-json\/wp\/v2\/comments?post=3032"}],"version-history":[{"count":0,"href":"https:\/\/villiger-security.com\/es\/wp-json\/wp\/v2\/pages\/3032\/revisions"}],"wp:attachment":[{"href":"https:\/\/villiger-security.com\/es\/wp-json\/wp\/v2\/media?parent=3032"}],"curies":[{"name":"wp","href":"https:\/\/api.w.org\/{rel}","templated":true}]}}