{"id":3009,"date":"2022-05-05T07:16:29","date_gmt":"2022-05-05T07:16:29","guid":{"rendered":"https:\/\/villiger-security.com\/terminos-y-condiciones\/"},"modified":"2022-08-12T07:02:30","modified_gmt":"2022-08-12T07:02:30","slug":"terminos-y-condiciones","status":"publish","type":"page","link":"https:\/\/villiger-security.com\/es\/terminos-y-condiciones\/","title":{"rendered":"T\u00e9rminos y condiciones"},"content":{"rendered":"<p>[et_pb_section fb_built=\u00bb1&#8243; theme_builder_area=\u00bbpost_content\u00bb _builder_version=\u00bb4.17.3&#8243; _module_preset=\u00bbdefault\u00bb][et_pb_row _builder_version=\u00bb4.17.3&#8243; _module_preset=\u00bbdefault\u00bb theme_builder_area=\u00bbpost_content\u00bb][et_pb_column _builder_version=\u00bb4.17.3&#8243; _module_preset=\u00bbdefault\u00bb type=\u00bb4_4&#8243; theme_builder_area=\u00bbpost_content\u00bb][et_pb_text _builder_version=\u00bb4.17.3&#8243; _module_preset=\u00bbdefault\u00bb theme_builder_area=\u00bbpost_content\u00bb hover_enabled=\u00bb0&#8243; sticky_enabled=\u00bb0&#8243;]<\/p>\n<h1>T\u00e9rminos y condiciones de Villiger Solutions AG<\/h1>\n<h3>Condiciones de uso<\/h3>\n<p>Bienvenido a nuestro sitio web. Villiger Security Solutions AG y sus asociados le prestan sus servicios bajo las siguientes condiciones. Si visita este sitio web, acepta estas condiciones.<\/p>\n<h3>Privacidad<\/h3>\n<p>Por favor, revise nuestro Aviso de Privacidad, que tambi\u00e9n rige su visita a nuestro sitio web, para entender nuestras pr\u00e1cticas.<\/p>\n<h3>Comunicaciones electr\u00f3nicas<\/h3>\n<p>Cuando usted visita Villiger Security Solutions AG o nos env\u00eda correos electr\u00f3nicos, se est\u00e1 comunicando con nosotros electr\u00f3nicamente. Usted da su consentimiento para recibir nuestras comunicaciones por v\u00eda electr\u00f3nica. Nos comunicaremos con usted por correo electr\u00f3nico. Usted acepta que todos los acuerdos, avisos, divulgaciones y otras comunicaciones que le proporcionamos electr\u00f3nicamente satisfacen cualquier requisito legal de que dichas comunicaciones sean por escrito.<\/p>\n<h3>Copyright<\/h3>\n<p>Todo el contenido incluido en este sitio, como el texto, los gr\u00e1ficos, los logotipos, los iconos de botones, las im\u00e1genes, los clips de audio, las descargas digitales, las compilaciones de datos y el software, es propiedad de Villiger Security Solutions AG o de sus proveedores de contenido y est\u00e1 protegido por las leyes internacionales de derechos de autor.<\/p>\n<h3>Marcas comerciales<\/h3>\n<p>Las marcas y la imagen comercial de Villiger Security Solutions AG no pueden utilizarse en relaci\u00f3n con ning\u00fan producto o servicio que no sea de Villiger Security Solutions AG, de ninguna manera que pueda causar confusi\u00f3n entre los clientes, o de ninguna manera que desprestigie o desacredite a Villiger Security Solutions AG. Todas las dem\u00e1s marcas comerciales que no son propiedad de Villiger Security Solutions AG o sus filiales y que aparecen en este sitio son propiedad de sus respectivos propietarios, que pueden o no estar afiliados, conectados o patrocinados por Villiger Security Solutions AG o sus filiales.<\/p>\n<h3>Licencia y acceso al sitio<\/h3>\n<p>Villiger Security Solutions AG le concede una licencia limitada para acceder a este sitio y hacer un uso personal del mismo, y no para descargarlo (salvo el almacenamiento en cach\u00e9 de las p\u00e1ginas) o modificarlo, o cualquier parte del mismo, salvo con el consentimiento expreso por escrito de Villiger Security Solutions AG. Esta licencia no incluye la reventa o el uso comercial de este sitio o de sus contenidos: la recopilaci\u00f3n y el uso de cualquier listado de productos, descripciones o precios: cualquier uso derivado de este sitio o de sus contenidos: cualquier descarga o copia de informaci\u00f3n de la cuenta en beneficio de otro comerciante: o cualquier uso de miner\u00eda de datos, robots o herramientas similares de recopilaci\u00f3n y extracci\u00f3n de datos. Este sitio o cualquier parte de este sitio no puede ser reproducido, duplicado, copiado, vendido, revendido, visitado o explotado de cualquier otra manera para cualquier prop\u00f3sito comercial sin el consentimiento expreso por escrito de Villiger Security Solutions AG. Usted no puede enmarcar o utilizar t\u00e9cnicas de enmarcado para adjuntar cualquier marca comercial, logotipo u otra informaci\u00f3n de propiedad (incluyendo im\u00e1genes, texto, dise\u00f1o de p\u00e1gina o forma) de Villiger Security Solutions AG y nuestros asociados sin el consentimiento expreso por escrito. No puede utilizar ninguna metaetiqueta ni ning\u00fan otro \u00abtexto oculto\u00bb que utilice el nombre o las marcas comerciales de Villiger Security Solutions AG sin el consentimiento expreso por escrito de Villiger Security Solutions AG. Cualquier uso no autorizado pone fin a la autorizaci\u00f3n o licencia concedida por Villiger Security Solutions AG. Se le concede un derecho limitado, revocable y no exclusivo a crear un hiperv\u00ednculo a la p\u00e1gina de inicio de Villiger Security Solutions AG siempre que el enlace no represente a Villiger Security Solutions AG, sus asociados o sus productos o servicios de forma falsa, enga\u00f1osa, despectiva u ofensiva. No puede utilizar ning\u00fan logotipo de Villiger Security Solutions AG ni ning\u00fan otro gr\u00e1fico o marca registrada como parte del enlace sin autorizaci\u00f3n expresa por escrito.<\/p>\n<h3>Su cuenta de socio<\/h3>\n<p>Si usted utiliza este sitio, es responsable de mantener la confidencialidad de su cuenta y contrase\u00f1a y de restringir el acceso a su ordenador, y acepta la responsabilidad de todas las actividades que se realicen con su cuenta o contrase\u00f1a. S\u00f3lo podr\u00e1 crear una cuenta de miembro en nuestro sitio web si es mayor de 18 a\u00f1os. Villiger Security Solutions AG y sus asociados se reservan el derecho de rechazar el servicio, cancelar las cuentas, eliminar o editar el contenido, o cancelar los pedidos a su entera discreci\u00f3n.<\/p>\n<p>[\/et_pb_text][\/et_pb_column][\/et_pb_row][\/et_pb_section]<\/p>\n","protected":false},"excerpt":{"rendered":"<p>T\u00e9rminos y condiciones de Villiger Solutions AG Condiciones de uso Bienvenido a nuestro sitio web. Villiger Security Solutions AG y sus asociados le prestan sus servicios bajo las siguientes condiciones. Si visita este sitio web, acepta estas condiciones. Privacidad Por favor, revise nuestro Aviso de Privacidad, que tambi\u00e9n rige su visita a nuestro sitio web, [&hellip;]<\/p>\n","protected":false},"author":1,"featured_media":0,"parent":0,"menu_order":0,"comment_status":"closed","ping_status":"closed","template":"","meta":{"_acf_changed":false,"_et_pb_use_builder":"on","_et_pb_old_content":"","_et_gb_content_width":"","footnotes":""},"class_list":["post-3009","page","type-page","status-publish","hentry"],"acf":[],"yoast_head":"<!-- This site is optimized with the Yoast SEO plugin v26.7 - https:\/\/yoast.com\/wordpress\/plugins\/seo\/ -->\n<title>T\u00e9rminos y condiciones - Villiger Security Solutions AG<\/title>\n<meta name=\"robots\" content=\"index, follow, max-snippet:-1, max-image-preview:large, max-video-preview:-1\" \/>\n<link rel=\"canonical\" href=\"https:\/\/villiger-security.com\/es\/terminos-y-condiciones\/\" \/>\n<meta property=\"og:locale\" content=\"es_ES\" \/>\n<meta property=\"og:type\" content=\"article\" \/>\n<meta property=\"og:title\" content=\"T\u00e9rminos y condiciones - Villiger Security Solutions AG\" \/>\n<meta property=\"og:description\" content=\"T\u00e9rminos y condiciones de Villiger Solutions AG Condiciones de uso Bienvenido a nuestro sitio web. Villiger Security Solutions AG y sus asociados le prestan sus servicios bajo las siguientes condiciones. Si visita este sitio web, acepta estas condiciones. Privacidad Por favor, revise nuestro Aviso de Privacidad, que tambi\u00e9n rige su visita a nuestro sitio web, [&hellip;]\" \/>\n<meta property=\"og:url\" content=\"https:\/\/villiger-security.com\/es\/terminos-y-condiciones\/\" \/>\n<meta property=\"og:site_name\" content=\"Villiger Security Solutions AG\" \/>\n<meta property=\"article:modified_time\" content=\"2022-08-12T07:02:30+00:00\" \/>\n<meta name=\"twitter:card\" content=\"summary_large_image\" \/>\n<meta name=\"twitter:label1\" content=\"Tiempo de lectura\" \/>\n\t<meta name=\"twitter:data1\" content=\"4 minutos\" \/>\n<script type=\"application\/ld+json\" class=\"yoast-schema-graph\">{\"@context\":\"https:\/\/schema.org\",\"@graph\":[{\"@type\":\"WebPage\",\"@id\":\"https:\/\/villiger-security.com\/es\/terminos-y-condiciones\/\",\"url\":\"https:\/\/villiger-security.com\/es\/terminos-y-condiciones\/\",\"name\":\"T\u00e9rminos y condiciones - Villiger Security Solutions AG\",\"isPartOf\":{\"@id\":\"https:\/\/villiger-security.com\/es\/#website\"},\"datePublished\":\"2022-05-05T07:16:29+00:00\",\"dateModified\":\"2022-08-12T07:02:30+00:00\",\"breadcrumb\":{\"@id\":\"https:\/\/villiger-security.com\/es\/terminos-y-condiciones\/#breadcrumb\"},\"inLanguage\":\"es\",\"potentialAction\":[{\"@type\":\"ReadAction\",\"target\":[\"https:\/\/villiger-security.com\/es\/terminos-y-condiciones\/\"]}]},{\"@type\":\"BreadcrumbList\",\"@id\":\"https:\/\/villiger-security.com\/es\/terminos-y-condiciones\/#breadcrumb\",\"itemListElement\":[{\"@type\":\"ListItem\",\"position\":1,\"name\":\"Home\",\"item\":\"https:\/\/villiger-security.com\/es\/\"},{\"@type\":\"ListItem\",\"position\":2,\"name\":\"T\u00e9rminos y condiciones\"}]},{\"@type\":\"WebSite\",\"@id\":\"https:\/\/villiger-security.com\/es\/#website\",\"url\":\"https:\/\/villiger-security.com\/es\/\",\"name\":\"Villiger Security Solutions AG\",\"description\":\"Innovate the future of cash\",\"potentialAction\":[{\"@type\":\"SearchAction\",\"target\":{\"@type\":\"EntryPoint\",\"urlTemplate\":\"https:\/\/villiger-security.com\/es\/?s={search_term_string}\"},\"query-input\":{\"@type\":\"PropertyValueSpecification\",\"valueRequired\":true,\"valueName\":\"search_term_string\"}}],\"inLanguage\":\"es\"}]}<\/script>\n<!-- \/ Yoast SEO plugin. -->","yoast_head_json":{"title":"T\u00e9rminos y condiciones - Villiger Security Solutions AG","robots":{"index":"index","follow":"follow","max-snippet":"max-snippet:-1","max-image-preview":"max-image-preview:large","max-video-preview":"max-video-preview:-1"},"canonical":"https:\/\/villiger-security.com\/es\/terminos-y-condiciones\/","og_locale":"es_ES","og_type":"article","og_title":"T\u00e9rminos y condiciones - Villiger Security Solutions AG","og_description":"T\u00e9rminos y condiciones de Villiger Solutions AG Condiciones de uso Bienvenido a nuestro sitio web. Villiger Security Solutions AG y sus asociados le prestan sus servicios bajo las siguientes condiciones. Si visita este sitio web, acepta estas condiciones. Privacidad Por favor, revise nuestro Aviso de Privacidad, que tambi\u00e9n rige su visita a nuestro sitio web, [&hellip;]","og_url":"https:\/\/villiger-security.com\/es\/terminos-y-condiciones\/","og_site_name":"Villiger Security Solutions AG","article_modified_time":"2022-08-12T07:02:30+00:00","twitter_card":"summary_large_image","twitter_misc":{"Tiempo de lectura":"4 minutos"},"schema":{"@context":"https:\/\/schema.org","@graph":[{"@type":"WebPage","@id":"https:\/\/villiger-security.com\/es\/terminos-y-condiciones\/","url":"https:\/\/villiger-security.com\/es\/terminos-y-condiciones\/","name":"T\u00e9rminos y condiciones - Villiger Security Solutions AG","isPartOf":{"@id":"https:\/\/villiger-security.com\/es\/#website"},"datePublished":"2022-05-05T07:16:29+00:00","dateModified":"2022-08-12T07:02:30+00:00","breadcrumb":{"@id":"https:\/\/villiger-security.com\/es\/terminos-y-condiciones\/#breadcrumb"},"inLanguage":"es","potentialAction":[{"@type":"ReadAction","target":["https:\/\/villiger-security.com\/es\/terminos-y-condiciones\/"]}]},{"@type":"BreadcrumbList","@id":"https:\/\/villiger-security.com\/es\/terminos-y-condiciones\/#breadcrumb","itemListElement":[{"@type":"ListItem","position":1,"name":"Home","item":"https:\/\/villiger-security.com\/es\/"},{"@type":"ListItem","position":2,"name":"T\u00e9rminos y condiciones"}]},{"@type":"WebSite","@id":"https:\/\/villiger-security.com\/es\/#website","url":"https:\/\/villiger-security.com\/es\/","name":"Villiger Security Solutions AG","description":"Innovate the future of cash","potentialAction":[{"@type":"SearchAction","target":{"@type":"EntryPoint","urlTemplate":"https:\/\/villiger-security.com\/es\/?s={search_term_string}"},"query-input":{"@type":"PropertyValueSpecification","valueRequired":true,"valueName":"search_term_string"}}],"inLanguage":"es"}]}},"_links":{"self":[{"href":"https:\/\/villiger-security.com\/es\/wp-json\/wp\/v2\/pages\/3009","targetHints":{"allow":["GET"]}}],"collection":[{"href":"https:\/\/villiger-security.com\/es\/wp-json\/wp\/v2\/pages"}],"about":[{"href":"https:\/\/villiger-security.com\/es\/wp-json\/wp\/v2\/types\/page"}],"author":[{"embeddable":true,"href":"https:\/\/villiger-security.com\/es\/wp-json\/wp\/v2\/users\/1"}],"replies":[{"embeddable":true,"href":"https:\/\/villiger-security.com\/es\/wp-json\/wp\/v2\/comments?post=3009"}],"version-history":[{"count":0,"href":"https:\/\/villiger-security.com\/es\/wp-json\/wp\/v2\/pages\/3009\/revisions"}],"wp:attachment":[{"href":"https:\/\/villiger-security.com\/es\/wp-json\/wp\/v2\/media?parent=3009"}],"curies":[{"name":"wp","href":"https:\/\/api.w.org\/{rel}","templated":true}]}}