{"id":3006,"date":"2022-05-05T07:15:42","date_gmt":"2022-05-05T07:15:42","guid":{"rendered":"https:\/\/villiger-security.com\/impressum\/"},"modified":"2022-08-12T07:02:30","modified_gmt":"2022-08-12T07:02:30","slug":"impressum","status":"publish","type":"page","link":"https:\/\/villiger-security.com\/es\/impressum\/","title":{"rendered":"Impressum"},"content":{"rendered":"<p>[et_pb_section fb_built=\u00bb1&#8243; theme_builder_area=\u00bbpost_content\u00bb _builder_version=\u00bb4.17.3&#8243; _module_preset=\u00bbdefault\u00bb][et_pb_row _builder_version=\u00bb4.17.3&#8243; _module_preset=\u00bbdefault\u00bb theme_builder_area=\u00bbpost_content\u00bb][et_pb_column _builder_version=\u00bb4.17.3&#8243; _module_preset=\u00bbdefault\u00bb type=\u00bb4_4&#8243; theme_builder_area=\u00bbpost_content\u00bb][et_pb_text _builder_version=\u00bb4.17.3&#8243; _module_preset=\u00bbdefault\u00bb theme_builder_area=\u00bbpost_content\u00bb hover_enabled=\u00bb0&#8243; sticky_enabled=\u00bb0&#8243;]<\/p>\n<h1>Impressum<\/h1>\n<h2>Villiger Security Solution AG<\/h2>\n<p><strong>Representante autorizado:<\/strong><br \/>Peter Villiger<\/p>\n<p><strong>Inscripci\u00f3n en el registro mercantil:<\/strong><br \/>Nombre de la empresa registrada: Villiger Security Solutions AG<br \/>N\u00famero de registro comercial: CHE-110.358.395<\/p>\n<p><strong>N\u00famero de IVA:<\/strong><br \/>CHE-110.358.395<\/p>\n<p><strong>Exenci\u00f3n de responsabilidad:<\/strong><br \/>El autor no asume ninguna responsabilidad por la correcci\u00f3n, exactitud, actualidad, fiabilidad e integridad de la informaci\u00f3n.<br \/>Quedan excluidas las reclamaciones de responsabilidad contra el autor por da\u00f1os materiales o inmateriales derivados del acceso, uso o no uso de la informaci\u00f3n publicada, del mal uso de la conexi\u00f3n o de fallos t\u00e9cnicos.<br \/>Todas las ofertas son sin compromiso. El autor se reserva expresamente el derecho de cambiar, a\u00f1adir o eliminar partes de las p\u00e1ginas o la oferta completa sin previo aviso, o de cesar temporal o permanentemente la publicaci\u00f3n.<\/p>\n<p><strong>Descargo de responsabilidad para los enlaces<\/strong><br \/>Las referencias y enlaces a sitios web de terceros est\u00e1n fuera de nuestro \u00e1mbito de responsabilidad. Rechaz\u00f3 cualquier responsabilidad sobre dichos sitios web. El acceso y la utilizaci\u00f3n de estos sitios web se realizan por cuenta y riesgo del usuario.<\/p>\n<p><strong>Derechos de autor<\/strong><br \/>Los derechos de autor y todos los dem\u00e1s derechos sobre el contenido, las im\u00e1genes, las fotos u otros archivos de este sitio web pertenecen exclusivamente a Villiger Security Solutions AG o a los titulares de los derechos espec\u00edficamente mencionados. Para la reproducci\u00f3n de cualquier elemento debe obtenerse previamente el consentimiento por escrito del titular de los derechos de autor.<\/p>\n<p>[\/et_pb_text][\/et_pb_column][\/et_pb_row][\/et_pb_section]<\/p>\n","protected":false},"excerpt":{"rendered":"<p>Impressum Villiger Security Solution AG Representante autorizado:Peter Villiger Inscripci\u00f3n en el registro mercantil:Nombre de la empresa registrada: Villiger Security Solutions AGN\u00famero de registro comercial: CHE-110.358.395 N\u00famero de IVA:CHE-110.358.395 Exenci\u00f3n de responsabilidad:El autor no asume ninguna responsabilidad por la correcci\u00f3n, exactitud, actualidad, fiabilidad e integridad de la informaci\u00f3n.Quedan excluidas las reclamaciones de responsabilidad contra el autor [&hellip;]<\/p>\n","protected":false},"author":1,"featured_media":0,"parent":0,"menu_order":0,"comment_status":"closed","ping_status":"closed","template":"","meta":{"_acf_changed":false,"_et_pb_use_builder":"on","_et_pb_old_content":"","_et_gb_content_width":"","footnotes":""},"class_list":["post-3006","page","type-page","status-publish","hentry"],"acf":[],"yoast_head":"<!-- This site is optimized with the Yoast SEO plugin v26.7 - https:\/\/yoast.com\/wordpress\/plugins\/seo\/ -->\n<title>Impressum - Villiger Security Solutions AG<\/title>\n<meta name=\"robots\" content=\"index, follow, max-snippet:-1, max-image-preview:large, max-video-preview:-1\" \/>\n<link rel=\"canonical\" href=\"https:\/\/villiger-security.com\/es\/impressum\/\" \/>\n<meta property=\"og:locale\" content=\"es_ES\" \/>\n<meta property=\"og:type\" content=\"article\" \/>\n<meta property=\"og:title\" content=\"Impressum - Villiger Security Solutions AG\" \/>\n<meta property=\"og:description\" content=\"Impressum Villiger Security Solution AG Representante autorizado:Peter Villiger Inscripci\u00f3n en el registro mercantil:Nombre de la empresa registrada: Villiger Security Solutions AGN\u00famero de registro comercial: CHE-110.358.395 N\u00famero de IVA:CHE-110.358.395 Exenci\u00f3n de responsabilidad:El autor no asume ninguna responsabilidad por la correcci\u00f3n, exactitud, actualidad, fiabilidad e integridad de la informaci\u00f3n.Quedan excluidas las reclamaciones de responsabilidad contra el autor [&hellip;]\" \/>\n<meta property=\"og:url\" content=\"https:\/\/villiger-security.com\/es\/impressum\/\" \/>\n<meta property=\"og:site_name\" content=\"Villiger Security Solutions AG\" \/>\n<meta property=\"article:modified_time\" content=\"2022-08-12T07:02:30+00:00\" \/>\n<meta name=\"twitter:card\" content=\"summary_large_image\" \/>\n<meta name=\"twitter:label1\" content=\"Tiempo de lectura\" \/>\n\t<meta name=\"twitter:data1\" content=\"2 minutos\" \/>\n<script type=\"application\/ld+json\" class=\"yoast-schema-graph\">{\"@context\":\"https:\/\/schema.org\",\"@graph\":[{\"@type\":\"WebPage\",\"@id\":\"https:\/\/villiger-security.com\/es\/impressum\/\",\"url\":\"https:\/\/villiger-security.com\/es\/impressum\/\",\"name\":\"Impressum - Villiger Security Solutions AG\",\"isPartOf\":{\"@id\":\"https:\/\/villiger-security.com\/es\/#website\"},\"datePublished\":\"2022-05-05T07:15:42+00:00\",\"dateModified\":\"2022-08-12T07:02:30+00:00\",\"breadcrumb\":{\"@id\":\"https:\/\/villiger-security.com\/es\/impressum\/#breadcrumb\"},\"inLanguage\":\"es\",\"potentialAction\":[{\"@type\":\"ReadAction\",\"target\":[\"https:\/\/villiger-security.com\/es\/impressum\/\"]}]},{\"@type\":\"BreadcrumbList\",\"@id\":\"https:\/\/villiger-security.com\/es\/impressum\/#breadcrumb\",\"itemListElement\":[{\"@type\":\"ListItem\",\"position\":1,\"name\":\"Home\",\"item\":\"https:\/\/villiger-security.com\/es\/\"},{\"@type\":\"ListItem\",\"position\":2,\"name\":\"Impressum\"}]},{\"@type\":\"WebSite\",\"@id\":\"https:\/\/villiger-security.com\/es\/#website\",\"url\":\"https:\/\/villiger-security.com\/es\/\",\"name\":\"Villiger Security Solutions AG\",\"description\":\"Innovate the future of cash\",\"potentialAction\":[{\"@type\":\"SearchAction\",\"target\":{\"@type\":\"EntryPoint\",\"urlTemplate\":\"https:\/\/villiger-security.com\/es\/?s={search_term_string}\"},\"query-input\":{\"@type\":\"PropertyValueSpecification\",\"valueRequired\":true,\"valueName\":\"search_term_string\"}}],\"inLanguage\":\"es\"}]}<\/script>\n<!-- \/ Yoast SEO plugin. -->","yoast_head_json":{"title":"Impressum - Villiger Security Solutions AG","robots":{"index":"index","follow":"follow","max-snippet":"max-snippet:-1","max-image-preview":"max-image-preview:large","max-video-preview":"max-video-preview:-1"},"canonical":"https:\/\/villiger-security.com\/es\/impressum\/","og_locale":"es_ES","og_type":"article","og_title":"Impressum - Villiger Security Solutions AG","og_description":"Impressum Villiger Security Solution AG Representante autorizado:Peter Villiger Inscripci\u00f3n en el registro mercantil:Nombre de la empresa registrada: Villiger Security Solutions AGN\u00famero de registro comercial: CHE-110.358.395 N\u00famero de IVA:CHE-110.358.395 Exenci\u00f3n de responsabilidad:El autor no asume ninguna responsabilidad por la correcci\u00f3n, exactitud, actualidad, fiabilidad e integridad de la informaci\u00f3n.Quedan excluidas las reclamaciones de responsabilidad contra el autor [&hellip;]","og_url":"https:\/\/villiger-security.com\/es\/impressum\/","og_site_name":"Villiger Security Solutions AG","article_modified_time":"2022-08-12T07:02:30+00:00","twitter_card":"summary_large_image","twitter_misc":{"Tiempo de lectura":"2 minutos"},"schema":{"@context":"https:\/\/schema.org","@graph":[{"@type":"WebPage","@id":"https:\/\/villiger-security.com\/es\/impressum\/","url":"https:\/\/villiger-security.com\/es\/impressum\/","name":"Impressum - Villiger Security Solutions AG","isPartOf":{"@id":"https:\/\/villiger-security.com\/es\/#website"},"datePublished":"2022-05-05T07:15:42+00:00","dateModified":"2022-08-12T07:02:30+00:00","breadcrumb":{"@id":"https:\/\/villiger-security.com\/es\/impressum\/#breadcrumb"},"inLanguage":"es","potentialAction":[{"@type":"ReadAction","target":["https:\/\/villiger-security.com\/es\/impressum\/"]}]},{"@type":"BreadcrumbList","@id":"https:\/\/villiger-security.com\/es\/impressum\/#breadcrumb","itemListElement":[{"@type":"ListItem","position":1,"name":"Home","item":"https:\/\/villiger-security.com\/es\/"},{"@type":"ListItem","position":2,"name":"Impressum"}]},{"@type":"WebSite","@id":"https:\/\/villiger-security.com\/es\/#website","url":"https:\/\/villiger-security.com\/es\/","name":"Villiger Security Solutions AG","description":"Innovate the future of cash","potentialAction":[{"@type":"SearchAction","target":{"@type":"EntryPoint","urlTemplate":"https:\/\/villiger-security.com\/es\/?s={search_term_string}"},"query-input":{"@type":"PropertyValueSpecification","valueRequired":true,"valueName":"search_term_string"}}],"inLanguage":"es"}]}},"_links":{"self":[{"href":"https:\/\/villiger-security.com\/es\/wp-json\/wp\/v2\/pages\/3006","targetHints":{"allow":["GET"]}}],"collection":[{"href":"https:\/\/villiger-security.com\/es\/wp-json\/wp\/v2\/pages"}],"about":[{"href":"https:\/\/villiger-security.com\/es\/wp-json\/wp\/v2\/types\/page"}],"author":[{"embeddable":true,"href":"https:\/\/villiger-security.com\/es\/wp-json\/wp\/v2\/users\/1"}],"replies":[{"embeddable":true,"href":"https:\/\/villiger-security.com\/es\/wp-json\/wp\/v2\/comments?post=3006"}],"version-history":[{"count":0,"href":"https:\/\/villiger-security.com\/es\/wp-json\/wp\/v2\/pages\/3006\/revisions"}],"wp:attachment":[{"href":"https:\/\/villiger-security.com\/es\/wp-json\/wp\/v2\/media?parent=3006"}],"curies":[{"name":"wp","href":"https:\/\/api.w.org\/{rel}","templated":true}]}}