{"id":2927,"date":"2022-07-22T12:51:38","date_gmt":"2022-07-22T12:51:38","guid":{"rendered":"https:\/\/villiger-security.com\/grupo-rollspack\/"},"modified":"2022-08-12T06:57:21","modified_gmt":"2022-08-12T06:57:21","slug":"grupo-rollspack","status":"publish","type":"page","link":"https:\/\/villiger-security.com\/es\/grupo-rollspack\/","title":{"rendered":"Grupo RollsPack"},"content":{"rendered":"<p>[et_pb_section fb_built=\u00bb1&#8243; fullwidth=\u00bbon\u00bb module_id=\u00bbhome-slid\u00bb _builder_version=\u00bb4.17.3&#8243; _module_preset=\u00bbdefault\u00bb filter_saturate=\u00bb50%\u00bb bottom_divider_color=\u00bb#e9e9f6&#8243; bottom_divider_height=\u00bb0px\u00bb bottom_divider_repeat=\u00bb0.5x\u00bb hover_enabled=\u00bb0&#8243; global_colors_info=\u00bb{}\u00bb sticky_enabled=\u00bb0&#8243;][et_pb_fullwidth_slider _builder_version=\u00bb4.17.4&#8243; _module_preset=\u00bbdefault\u00bb header_level=\u00bbh1&#8243; header_font=\u00bb|600||||on|||\u00bb header_text_color=\u00bb#ffffff\u00bb body_font=\u00bb|||||on|||\u00bb body_text_color=\u00bbrgba(255,228,43,0.89)\u00bb use_background_color_gradient=\u00bbon\u00bb background_color_gradient_direction=\u00bb140deg\u00bb background_color_gradient_stops=\u00bbrgba(234,0,39,0.3) 0%|rgba(0,15,159,0.45) 26%\u00bb background_color_gradient_overlays_image=\u00bbon\u00bb background_enable_image=\u00bboff\u00bb custom_padding=\u00bb150px|0px|200px|0px|false|false\u00bb custom_padding_tablet=\u00bb120px||150px||false|false\u00bb custom_padding_phone=\u00bb||150px||false|false\u00bb custom_padding_last_edited=\u00bbon|tablet\u00bb auto=\u00bbon\u00bb auto_speed=\u00bb4500&#8243; auto_ignore_hover=\u00bbon\u00bb hover_enabled=\u00bb0&#8243; global_colors_info=\u00bb{}\u00bb sticky_enabled=\u00bb0&#8243;][et_pb_slide heading=\u00bbEmbalaje de seguridad al por mayor  \u00bb _builder_version=\u00bb4.17.4&#8243; _module_preset=\u00bbdefault\u00bb header_level=\u00bbh2&#8243; header_font=\u00bb|||||on|||\u00bb header_text_align=\u00bbcenter\u00bb header_text_color=\u00bb#ffffff\u00bb header_font_size=\u00bb50px\u00bb body_text_align=\u00bbcenter\u00bb body_text_color=\u00bb#FFFFFF\u00bb body_font_size=\u00bb25px\u00bb body_line_height=\u00bb1.3em\u00bb background_enable_color=\u00bboff\u00bb background_image=\u00bbhttps:\/\/villiger-security.com\/wp-content\/uploads\/Header.png\u00bb background_enable_image=\u00bbon\u00bb background_position=\u00bbbottom_center\u00bb text_orientation=\u00bbleft\u00bb max_width=\u00bb613px\u00bb hover_enabled=\u00bb0&#8243; body_font_size_tablet=\u00bb25px\u00bb body_font_size_phone=\u00bb25px\u00bb body_font_size_last_edited=\u00bbon|phone\u00bb body_line_height_tablet=\u00bb1.3em\u00bb body_line_height_phone=\u00bb1.3em\u00bb body_line_height_last_edited=\u00bbon|desktop\u00bb header_text_shadow_style=\u00bbpreset5&#8243; header_text_shadow_horizontal_length=\u00bb0.03em\u00bb header_text_shadow_vertical_length=\u00bb0.03em\u00bb header_text_shadow_color=\u00bbrgba(0,0,0,0.73)\u00bb text_shadow_style=\u00bbpreset5&#8243; text_shadow_horizontal_length=\u00bb0.07em\u00bb text_shadow_vertical_length=\u00bb0.07em\u00bb text_shadow_color=\u00bb#000000&#8243; global_colors_info=\u00bb{}\u00bb sticky_transition=\u00bbon\u00bb title_text=\u00bbHeader\u00bb sticky_enabled=\u00bb0&#8243;]<\/p>\n<p>Con tecnolog\u00eda a prueba de manipulaciones<\/p>\n<p>[\/et_pb_slide][\/et_pb_fullwidth_slider][\/et_pb_section][et_pb_section fb_built=\u00bb1&#8243; custom_padding_last_edited=\u00bbon|desktop\u00bb _builder_version=\u00bb4.17.3&#8243; custom_margin=\u00bb||||false|false\u00bb custom_padding_tablet=\u00bb\u00bb custom_padding_phone=\u00bb\u00bb transparent_background=\u00bboff\u00bb global_colors_info=\u00bb{}\u00bb][et_pb_row _builder_version=\u00bb4.17.4&#8243; _module_preset=\u00bbdefault\u00bb][et_pb_column _builder_version=\u00bb4.17.4&#8243; _module_preset=\u00bbdefault\u00bb type=\u00bb4_4&#8243;][et_pb_image src=\u00bbhttps:\/\/villiger-security.com\/wp-content\/uploads\/RollsPackGroup-Global-Innovation-White-TM-USA-Flag-01.png\u00bb _builder_version=\u00bb4.17.4&#8243; _module_preset=\u00bbdefault\u00bb title_text=\u00bbRollsPackGroup-Global-Innovation-White-TM-USA-Flag-01&#8243; hover_enabled=\u00bb0&#8243; sticky_enabled=\u00bb0&#8243;][\/et_pb_image][\/et_pb_column][\/et_pb_row][et_pb_row module_id=\u00bbhome-tabs\u00bb _builder_version=\u00bb4.17.3&#8243; _module_preset=\u00bbdefault\u00bb global_colors_info=\u00bb{}\u00bb][et_pb_column type=\u00bb4_4&#8243; _builder_version=\u00bb4.16.1&#8243; _module_preset=\u00bbdefault\u00bb global_colors_info=\u00bb{}\u00bb][et_pb_text _builder_version=\u00bb4.17.4&#8243; _module_preset=\u00bbdefault\u00bb text_font_size=\u00bb22px\u00bb header_text_color=\u00bb#1d1d1b\u00bb header_font_size=\u00bb40px\u00bb header_2_font=\u00bb|700|||||||\u00bb header_2_font_size=\u00bb34px\u00bb hover_enabled=\u00bb0&#8243; global_colors_info=\u00bb{}\u00bb sticky_enabled=\u00bb0&#8243;]<\/p>\n<div class=\"product_heading\">\n<h2 style=\"text-align: center;\">Bolsas de dep\u00f3sito<\/h2>\n<\/div>\n<p>&nbsp;<\/p>\n<p style=\"text-align: center; margin-top: 10px;\">\n<p>[\/et_pb_text][\/et_pb_column][\/et_pb_row][et_pb_row _builder_version=\u00bb4.17.4&#8243; _module_preset=\u00bbdefault\u00bb column_structure=\u00bb1_2,1_2&#8243;][et_pb_column _builder_version=\u00bb4.17.4&#8243; _module_preset=\u00bbdefault\u00bb type=\u00bb1_2&#8243;][et_pb_image src=\u00bbhttps:\/\/villiger-security.com\/wp-content\/uploads\/Untitled-1.png\u00bb _builder_version=\u00bb4.17.4&#8243; _module_preset=\u00bbdefault\u00bb title_text=\u00bbSin t\u00edtulo-1&#8243; hover_enabled=\u00bb0&#8243; sticky_enabled=\u00bb0&#8243;][\/et_pb_image][\/et_pb_column][et_pb_column _builder_version=\u00bb4.17.4&#8243; _module_preset=\u00bbdefault\u00bb type=\u00bb1_2&#8243;][et_pb_text _builder_version=\u00bb4.17.4&#8243; _module_preset=\u00bbdefault\u00bb hover_enabled=\u00bb0&#8243; sticky_enabled=\u00bb0&#8243;]<\/p>\n<p class=\"aos-init aos-animate\" data-aos=\"fade-up\" data-aos-easing=\"ease\" data-aos-duration=\"200\">Adecuada para una gran variedad de sectores, nuestra bolsa de dep\u00f3sito es una bolsa resistente de un solo uso dise\u00f1ada para transportar monedas, billetes, cheques, divisas y objetos de valor. Nuestras bolsas est\u00e1n homologadas por el SCEC y son ideales para el transporte de fondos, los bancos, los clubes, los casinos, la hosteler\u00eda y el comercio minorista. Cada bolsa est\u00e1 numerada individualmente e incluye un recibo despegable con el mismo n\u00famero para mayor seguridad. Las bolsas incluyen un panel escribible en la parte delantera para un desglose completo del contenido de la bolsa.<\/p>\n<ul class=\"aos-init aos-animate\" data-aos=\"fade-up\" data-aos-easing=\"ease\" data-aos-duration=\"400\">\n<li>Tecnolog\u00eda Secur-Safe\u2122 con evidencia de manipulaci\u00f3n<\/li>\n<li>Lista de contenidos<\/li>\n<li>Aprobado por el SCEC<\/li>\n<li>Indicar la manipulaci\u00f3n del calor, la f\u00edsica y la ventilaci\u00f3n del agua<\/li>\n<\/ul>\n<p>[\/et_pb_text][\/et_pb_column][\/et_pb_row][et_pb_row _builder_version=\u00bb4.17.4&#8243; _module_preset=\u00bbdefault\u00bb column_structure=\u00bb1_5,1_5,1_5,1_5,1_5&#8243;][et_pb_column _builder_version=\u00bb4.17.4&#8243; _module_preset=\u00bbdefault\u00bb type=\u00bb1_5&#8243;][et_pb_image src=\u00bbhttps:\/\/villiger-security.com\/wp-content\/uploads\/DSC2039-anz-DE-570.png\u00bb _builder_version=\u00bb4.17.4&#8243; _module_preset=\u00bbdefault\u00bb title_text=\u00bbDSC2039-anz-DE-570&#8243; hover_enabled=\u00bb0&#8243; sticky_enabled=\u00bb0&#8243;][\/et_pb_image][\/et_pb_column][et_pb_column _builder_version=\u00bb4.17.4&#8243; _module_preset=\u00bbdefault\u00bb type=\u00bb1_5&#8243;][et_pb_image src=\u00bbhttps:\/\/villiger-security.com\/wp-content\/uploads\/DSC2046-quick-cash-rear-DE-570.png\u00bb _builder_version=\u00bb4.17.4&#8243; _module_preset=\u00bbdefault\u00bb title_text=\u00bbDSC2046-quick-cash-rear-DE-570&#8243; hover_enabled=\u00bb0&#8243; sticky_enabled=\u00bb0&#8243;][\/et_pb_image][\/et_pb_column][et_pb_column _builder_version=\u00bb4.17.4&#8243; _module_preset=\u00bbdefault\u00bb type=\u00bb1_5&#8243;][et_pb_image src=\u00bbhttps:\/\/villiger-security.com\/wp-content\/uploads\/Deposit-Security-Satchel-2.png\u00bb _builder_version=\u00bb4.17.4&#8243; _module_preset=\u00bbdefault\u00bb title_text=\u00bbDep\u00f3sito-Seguridad-Satchel-2&#8243; hover_enabled=\u00bb0&#8243; sticky_enabled=\u00bb0&#8243;][\/et_pb_image][\/et_pb_column][et_pb_column _builder_version=\u00bb4.17.4&#8243; _module_preset=\u00bbdefault\u00bb type=\u00bb1_5&#8243;][et_pb_image src=\u00bbhttps:\/\/villiger-security.com\/wp-content\/uploads\/Hero-15.png\u00bb _builder_version=\u00bb4.17.4&#8243; _module_preset=\u00bbdefault\u00bb title_text=\u00bbH\u00e9roe-15&#8243; hover_enabled=\u00bb0&#8243; sticky_enabled=\u00bb0&#8243;][\/et_pb_image][\/et_pb_column][et_pb_column _builder_version=\u00bb4.17.4&#8243; _module_preset=\u00bbdefault\u00bb type=\u00bb1_5&#8243;][et_pb_image src=\u00bbhttps:\/\/villiger-security.com\/wp-content\/uploads\/DSC2065-bag-rip-DE-570.png\u00bb _builder_version=\u00bb4.17.4&#8243; _module_preset=\u00bbdefault\u00bb title_text=\u00bbDSC2065-bag-rip-DE-570&#8243; hover_enabled=\u00bb0&#8243; sticky_enabled=\u00bb0&#8243;][\/et_pb_image][\/et_pb_column][\/et_pb_row][et_pb_row _builder_version=\u00bb4.17.4&#8243; _module_preset=\u00bbdefault\u00bb][et_pb_column _builder_version=\u00bb4.17.4&#8243; _module_preset=\u00bbdefault\u00bb type=\u00bb4_4&#8243;][et_pb_text _builder_version=\u00bb4.17.4&#8243; _module_preset=\u00bbdefault\u00bb hover_enabled=\u00bb0&#8243; sticky_enabled=\u00bb0&#8243; custom_margin=\u00bb||7px|||\u00bb]<\/p>\n<p>Para visitar el sitio web de RollsPack:<\/p>\n<p>[\/et_pb_text][et_pb_button button_text=\u00bbHaga clic aqu\u00ed\u00bb _builder_version=\u00bb4.17.4&#8243; _module_preset=\u00bbdefault\u00bb url_new_window=\u00bbon\u00bb button_url=\u00bbhttps:\/\/rollspackgroup.com\/packaging\/deposit-bags\/\u00bb hover_enabled=\u00bb0&#8243; sticky_enabled=\u00bb0&#8243;][\/et_pb_button][\/et_pb_column][\/et_pb_row][\/et_pb_section]<\/p>\n","protected":false},"excerpt":{"rendered":"<p>Con tecnolog\u00eda a prueba de manipulaciones Bolsas de dep\u00f3sito &nbsp; Adecuada para una gran variedad de sectores, nuestra bolsa de dep\u00f3sito es una bolsa resistente de un solo uso dise\u00f1ada para transportar monedas, billetes, cheques, divisas y objetos de valor. Nuestras bolsas est\u00e1n homologadas por el SCEC y son ideales para el transporte de fondos, [&hellip;]<\/p>\n","protected":false},"author":2,"featured_media":0,"parent":0,"menu_order":0,"comment_status":"closed","ping_status":"closed","template":"","meta":{"_acf_changed":false,"_et_pb_use_builder":"on","_et_pb_old_content":"","_et_gb_content_width":"","footnotes":""},"class_list":["post-2927","page","type-page","status-publish","hentry"],"acf":[],"yoast_head":"<!-- This site is optimized with the Yoast SEO plugin v26.7 - https:\/\/yoast.com\/wordpress\/plugins\/seo\/ -->\n<title>Grupo RollsPack - Villiger Security Solutions AG<\/title>\n<meta name=\"description\" content=\"Socios y membres\u00edas y organizaciones internacionales en las que Villiger Security Solutions AG participa oficialmente.\" \/>\n<meta name=\"robots\" content=\"index, follow, max-snippet:-1, max-image-preview:large, max-video-preview:-1\" \/>\n<link rel=\"canonical\" href=\"https:\/\/villiger-security.com\/es\/grupo-rollspack\/\" \/>\n<meta property=\"og:locale\" content=\"es_ES\" \/>\n<meta property=\"og:type\" content=\"article\" \/>\n<meta property=\"og:title\" content=\"Grupo RollsPack - Villiger Security Solutions AG\" \/>\n<meta property=\"og:description\" content=\"Socios y membres\u00edas y organizaciones internacionales en las que Villiger Security Solutions AG participa oficialmente.\" \/>\n<meta property=\"og:url\" content=\"https:\/\/villiger-security.com\/es\/grupo-rollspack\/\" \/>\n<meta property=\"og:site_name\" content=\"Villiger Security Solutions AG\" \/>\n<meta property=\"article:modified_time\" content=\"2022-08-12T06:57:21+00:00\" \/>\n<meta name=\"twitter:card\" content=\"summary_large_image\" \/>\n<meta name=\"twitter:label1\" content=\"Tiempo de lectura\" \/>\n\t<meta name=\"twitter:data1\" content=\"5 minutos\" \/>\n<script type=\"application\/ld+json\" class=\"yoast-schema-graph\">{\"@context\":\"https:\/\/schema.org\",\"@graph\":[{\"@type\":\"WebPage\",\"@id\":\"https:\/\/villiger-security.com\/es\/grupo-rollspack\/\",\"url\":\"https:\/\/villiger-security.com\/es\/grupo-rollspack\/\",\"name\":\"Grupo RollsPack - Villiger Security Solutions AG\",\"isPartOf\":{\"@id\":\"https:\/\/villiger-security.com\/es\/#website\"},\"datePublished\":\"2022-07-22T12:51:38+00:00\",\"dateModified\":\"2022-08-12T06:57:21+00:00\",\"description\":\"Socios y membres\u00edas y organizaciones internacionales en las que Villiger Security Solutions AG participa oficialmente.\",\"breadcrumb\":{\"@id\":\"https:\/\/villiger-security.com\/es\/grupo-rollspack\/#breadcrumb\"},\"inLanguage\":\"es\",\"potentialAction\":[{\"@type\":\"ReadAction\",\"target\":[\"https:\/\/villiger-security.com\/es\/grupo-rollspack\/\"]}]},{\"@type\":\"BreadcrumbList\",\"@id\":\"https:\/\/villiger-security.com\/es\/grupo-rollspack\/#breadcrumb\",\"itemListElement\":[{\"@type\":\"ListItem\",\"position\":1,\"name\":\"Home\",\"item\":\"https:\/\/villiger-security.com\/es\/\"},{\"@type\":\"ListItem\",\"position\":2,\"name\":\"Grupo RollsPack\"}]},{\"@type\":\"WebSite\",\"@id\":\"https:\/\/villiger-security.com\/es\/#website\",\"url\":\"https:\/\/villiger-security.com\/es\/\",\"name\":\"Villiger Security Solutions AG\",\"description\":\"Innovate the future of cash\",\"potentialAction\":[{\"@type\":\"SearchAction\",\"target\":{\"@type\":\"EntryPoint\",\"urlTemplate\":\"https:\/\/villiger-security.com\/es\/?s={search_term_string}\"},\"query-input\":{\"@type\":\"PropertyValueSpecification\",\"valueRequired\":true,\"valueName\":\"search_term_string\"}}],\"inLanguage\":\"es\"}]}<\/script>\n<!-- \/ Yoast SEO plugin. -->","yoast_head_json":{"title":"Grupo RollsPack - Villiger Security Solutions AG","description":"Socios y membres\u00edas y organizaciones internacionales en las que Villiger Security Solutions AG participa oficialmente.","robots":{"index":"index","follow":"follow","max-snippet":"max-snippet:-1","max-image-preview":"max-image-preview:large","max-video-preview":"max-video-preview:-1"},"canonical":"https:\/\/villiger-security.com\/es\/grupo-rollspack\/","og_locale":"es_ES","og_type":"article","og_title":"Grupo RollsPack - Villiger Security Solutions AG","og_description":"Socios y membres\u00edas y organizaciones internacionales en las que Villiger Security Solutions AG participa oficialmente.","og_url":"https:\/\/villiger-security.com\/es\/grupo-rollspack\/","og_site_name":"Villiger Security Solutions AG","article_modified_time":"2022-08-12T06:57:21+00:00","twitter_card":"summary_large_image","twitter_misc":{"Tiempo de lectura":"5 minutos"},"schema":{"@context":"https:\/\/schema.org","@graph":[{"@type":"WebPage","@id":"https:\/\/villiger-security.com\/es\/grupo-rollspack\/","url":"https:\/\/villiger-security.com\/es\/grupo-rollspack\/","name":"Grupo RollsPack - Villiger Security Solutions AG","isPartOf":{"@id":"https:\/\/villiger-security.com\/es\/#website"},"datePublished":"2022-07-22T12:51:38+00:00","dateModified":"2022-08-12T06:57:21+00:00","description":"Socios y membres\u00edas y organizaciones internacionales en las que Villiger Security Solutions AG participa oficialmente.","breadcrumb":{"@id":"https:\/\/villiger-security.com\/es\/grupo-rollspack\/#breadcrumb"},"inLanguage":"es","potentialAction":[{"@type":"ReadAction","target":["https:\/\/villiger-security.com\/es\/grupo-rollspack\/"]}]},{"@type":"BreadcrumbList","@id":"https:\/\/villiger-security.com\/es\/grupo-rollspack\/#breadcrumb","itemListElement":[{"@type":"ListItem","position":1,"name":"Home","item":"https:\/\/villiger-security.com\/es\/"},{"@type":"ListItem","position":2,"name":"Grupo RollsPack"}]},{"@type":"WebSite","@id":"https:\/\/villiger-security.com\/es\/#website","url":"https:\/\/villiger-security.com\/es\/","name":"Villiger Security Solutions AG","description":"Innovate the future of cash","potentialAction":[{"@type":"SearchAction","target":{"@type":"EntryPoint","urlTemplate":"https:\/\/villiger-security.com\/es\/?s={search_term_string}"},"query-input":{"@type":"PropertyValueSpecification","valueRequired":true,"valueName":"search_term_string"}}],"inLanguage":"es"}]}},"_links":{"self":[{"href":"https:\/\/villiger-security.com\/es\/wp-json\/wp\/v2\/pages\/2927","targetHints":{"allow":["GET"]}}],"collection":[{"href":"https:\/\/villiger-security.com\/es\/wp-json\/wp\/v2\/pages"}],"about":[{"href":"https:\/\/villiger-security.com\/es\/wp-json\/wp\/v2\/types\/page"}],"author":[{"embeddable":true,"href":"https:\/\/villiger-security.com\/es\/wp-json\/wp\/v2\/users\/2"}],"replies":[{"embeddable":true,"href":"https:\/\/villiger-security.com\/es\/wp-json\/wp\/v2\/comments?post=2927"}],"version-history":[{"count":0,"href":"https:\/\/villiger-security.com\/es\/wp-json\/wp\/v2\/pages\/2927\/revisions"}],"wp:attachment":[{"href":"https:\/\/villiger-security.com\/es\/wp-json\/wp\/v2\/media?parent=2927"}],"curies":[{"name":"wp","href":"https:\/\/api.w.org\/{rel}","templated":true}]}}