{"id":3794,"date":"2022-10-11T08:50:35","date_gmt":"2022-10-11T08:50:35","guid":{"rendered":"https:\/\/villiger-security.com\/?post_type=product&#038;p=3794"},"modified":"2022-10-11T09:27:48","modified_gmt":"2022-10-11T09:27:48","slug":"rollendes-regalsystem-copy","status":"publish","type":"product","link":"https:\/\/villiger-security.com\/de\/produkt\/rollendes-regalsystem-copy\/","title":{"rendered":"Rollendes Regalsystem"},"content":{"rendered":"<ul>\n<li>Wertsachen sind im Falle eines Diebstahls gesch\u00fctzt<\/li>\n<li>Koffer ist w\u00e4hrend des Fahrzeugtransports gesch\u00fctzt<\/li>\n<li>Die Koffer werden aufgeladen, w\u00e4hrend sie angedockt sind<\/li>\n<li>Mobile Logistik: Be- und Entladen von Fahrzeugen innerhalb von 3 bis 5 Minuten.<\/li>\n<\/ul>\n","protected":false},"excerpt":{"rendered":"<p><i><span class=\"VIiyi\" lang=\"de\"><span class=\"JLqJ4b ChMk0b\"><span class=\"Q4iAWc\">Sichere Aufbewahrung im Fahrzeug f\u00fcr Ihre Villiger IBNS Koffer<\/span><\/span><\/span><\/i><\/p>\n<p><span class=\"VIiyi\" lang=\"de\"><span class=\"JLqJ4b ChMk0b\"><span class=\"Q4iAWc\">Das Rack System erm\u00f6glicht das Andocken der VILLIGER IBNS Koffer mit Induktionsladung und kann in jedes Fahrzeug eingebaut werden.<\/span><\/span><br \/>\n<span class=\"JLqJ4b ChMk0b\"><span class=\"Q4iAWc\">Die Koffer werden in den Rack-Steckpl\u00e4tzen angedockt und das Rack-System l\u00e4dt und h\u00e4lt die Koffer gesichert.<\/span><\/span><br \/>\n<span class=\"JLqJ4b ChMk0b\"><span class=\"Q4iAWc\">Der modulare Aufbau erm\u00f6glicht mehrere Reihen-\/S\u00e4ulen-Kombinationen, je nach verf\u00fcgbarem Platz.<\/span><\/span><br \/>\n<span class=\"JLqJ4b ChMk0b\"><span class=\"Q4iAWc\">Die optimale L\u00f6sung zur Verk\u00fcrzung der Be- und Entladezeit von Fahrzeugen.<\/span><\/span><br \/>\n<span class=\"JLqJ4b ChMk0b\"><span class=\"Q4iAWc\">Das Rollendes Regalsystem kann f\u00fcr alle Villiger IBNS Koffer ausgelegt werden und bietet einen enormen Kostensparfaktor im Ablauf im Cash Center.<\/span><\/span><\/span><\/p>\n","protected":false},"featured_media":2618,"comment_status":"open","ping_status":"closed","template":"","meta":{"_acf_changed":false,"_et_pb_use_builder":"","_et_pb_old_content":"","_et_gb_content_width":""},"product_brand":[],"product_cat":[81],"product_tag":[97,96],"class_list":{"0":"post-3794","1":"product","2":"type-product","3":"status-publish","4":"has-post-thumbnail","6":"product_cat-sicherheit-bei-geldtransporten","7":"product_tag-ibns-gepanzert","8":"product_tag-ibns-softskin-de","10":"first","11":"instock","12":"shipping-taxable","13":"product-type-simple"},"acf":[],"yoast_head":"<!-- This site is optimized with the Yoast SEO plugin v26.7 - https:\/\/yoast.com\/wordpress\/plugins\/seo\/ -->\n<title>Rollendes Regalsystem - Villiger Security Solutions AG<\/title>\n<meta name=\"robots\" content=\"index, follow, max-snippet:-1, max-image-preview:large, max-video-preview:-1\" \/>\n<link rel=\"canonical\" href=\"https:\/\/villiger-security.com\/de\/produkt\/rollendes-regalsystem-copy\/\" \/>\n<meta property=\"og:locale\" content=\"de_DE\" \/>\n<meta property=\"og:type\" content=\"article\" \/>\n<meta property=\"og:title\" content=\"Rollendes Regalsystem - Villiger Security Solutions AG\" \/>\n<meta property=\"og:description\" content=\"Sichere Aufbewahrung im Fahrzeug f\u00fcr Ihre Villiger IBNS Koffer  Das Rack System erm\u00f6glicht das Andocken der VILLIGER IBNS Koffer mit Induktionsladung und kann in jedes Fahrzeug eingebaut werden. Die Koffer werden in den Rack-Steckpl\u00e4tzen angedockt und das Rack-System l\u00e4dt und h\u00e4lt die Koffer gesichert. Der modulare Aufbau erm\u00f6glicht mehrere Reihen-\/S\u00e4ulen-Kombinationen, je nach verf\u00fcgbarem Platz. Die optimale L\u00f6sung zur Verk\u00fcrzung der Be- und Entladezeit von Fahrzeugen. Das Rollendes Regalsystem kann f\u00fcr alle Villiger IBNS Koffer ausgelegt werden und bietet einen enormen Kostensparfaktor im Ablauf im Cash Center.\" \/>\n<meta property=\"og:url\" content=\"https:\/\/villiger-security.com\/de\/produkt\/rollendes-regalsystem-copy\/\" \/>\n<meta property=\"og:site_name\" content=\"Villiger Security Solutions AG\" \/>\n<meta property=\"article:modified_time\" content=\"2022-10-11T09:27:48+00:00\" \/>\n<meta property=\"og:image\" content=\"https:\/\/villiger-security.com\/wp-content\/uploads\/Rolling-Rack-empty.796-1.png\" \/>\n\t<meta property=\"og:image:width\" content=\"3000\" \/>\n\t<meta property=\"og:image:height\" content=\"1822\" \/>\n\t<meta property=\"og:image:type\" content=\"image\/png\" \/>\n<meta name=\"twitter:card\" content=\"summary_large_image\" \/>\n<meta name=\"twitter:label1\" content=\"Gesch\u00e4tzte Lesezeit\" \/>\n\t<meta name=\"twitter:data1\" content=\"1\u00a0Minute\" \/>\n<script type=\"application\/ld+json\" class=\"yoast-schema-graph\">{\"@context\":\"https:\/\/schema.org\",\"@graph\":[{\"@type\":\"WebPage\",\"@id\":\"https:\/\/villiger-security.com\/de\/produkt\/rollendes-regalsystem-copy\/\",\"url\":\"https:\/\/villiger-security.com\/de\/produkt\/rollendes-regalsystem-copy\/\",\"name\":\"Rollendes Regalsystem - Villiger Security Solutions AG\",\"isPartOf\":{\"@id\":\"https:\/\/villiger-security.com\/de\/#website\"},\"primaryImageOfPage\":{\"@id\":\"https:\/\/villiger-security.com\/de\/produkt\/rollendes-regalsystem-copy\/#primaryimage\"},\"image\":{\"@id\":\"https:\/\/villiger-security.com\/de\/produkt\/rollendes-regalsystem-copy\/#primaryimage\"},\"thumbnailUrl\":\"https:\/\/villiger-security.com\/wp-content\/uploads\/Rolling-Rack-empty.796-1.png\",\"datePublished\":\"2022-10-11T08:50:35+00:00\",\"dateModified\":\"2022-10-11T09:27:48+00:00\",\"breadcrumb\":{\"@id\":\"https:\/\/villiger-security.com\/de\/produkt\/rollendes-regalsystem-copy\/#breadcrumb\"},\"inLanguage\":\"de\",\"potentialAction\":[{\"@type\":\"ReadAction\",\"target\":[\"https:\/\/villiger-security.com\/de\/produkt\/rollendes-regalsystem-copy\/\"]}]},{\"@type\":\"ImageObject\",\"inLanguage\":\"de\",\"@id\":\"https:\/\/villiger-security.com\/de\/produkt\/rollendes-regalsystem-copy\/#primaryimage\",\"url\":\"https:\/\/villiger-security.com\/wp-content\/uploads\/Rolling-Rack-empty.796-1.png\",\"contentUrl\":\"https:\/\/villiger-security.com\/wp-content\/uploads\/Rolling-Rack-empty.796-1.png\",\"width\":3000,\"height\":1822},{\"@type\":\"BreadcrumbList\",\"@id\":\"https:\/\/villiger-security.com\/de\/produkt\/rollendes-regalsystem-copy\/#breadcrumb\",\"itemListElement\":[{\"@type\":\"ListItem\",\"position\":1,\"name\":\"Home\",\"item\":\"https:\/\/villiger-security.com\/de\/\"},{\"@type\":\"ListItem\",\"position\":2,\"name\":\"Shop\",\"item\":\"https:\/\/villiger-security.com\/de\/shop\/\"},{\"@type\":\"ListItem\",\"position\":3,\"name\":\"Rollendes Regalsystem\"}]},{\"@type\":\"WebSite\",\"@id\":\"https:\/\/villiger-security.com\/de\/#website\",\"url\":\"https:\/\/villiger-security.com\/de\/\",\"name\":\"Villiger Security Solutions AG\",\"description\":\"Innovate the future of cash\",\"potentialAction\":[{\"@type\":\"SearchAction\",\"target\":{\"@type\":\"EntryPoint\",\"urlTemplate\":\"https:\/\/villiger-security.com\/de\/?s={search_term_string}\"},\"query-input\":{\"@type\":\"PropertyValueSpecification\",\"valueRequired\":true,\"valueName\":\"search_term_string\"}}],\"inLanguage\":\"de\"}]}<\/script>\n<!-- \/ Yoast SEO plugin. -->","yoast_head_json":{"title":"Rollendes Regalsystem - Villiger Security Solutions AG","robots":{"index":"index","follow":"follow","max-snippet":"max-snippet:-1","max-image-preview":"max-image-preview:large","max-video-preview":"max-video-preview:-1"},"canonical":"https:\/\/villiger-security.com\/de\/produkt\/rollendes-regalsystem-copy\/","og_locale":"de_DE","og_type":"article","og_title":"Rollendes Regalsystem - Villiger Security Solutions AG","og_description":"Sichere Aufbewahrung im Fahrzeug f\u00fcr Ihre Villiger IBNS Koffer  Das Rack System erm\u00f6glicht das Andocken der VILLIGER IBNS Koffer mit Induktionsladung und kann in jedes Fahrzeug eingebaut werden. Die Koffer werden in den Rack-Steckpl\u00e4tzen angedockt und das Rack-System l\u00e4dt und h\u00e4lt die Koffer gesichert. Der modulare Aufbau erm\u00f6glicht mehrere Reihen-\/S\u00e4ulen-Kombinationen, je nach verf\u00fcgbarem Platz. Die optimale L\u00f6sung zur Verk\u00fcrzung der Be- und Entladezeit von Fahrzeugen. Das Rollendes Regalsystem kann f\u00fcr alle Villiger IBNS Koffer ausgelegt werden und bietet einen enormen Kostensparfaktor im Ablauf im Cash Center.","og_url":"https:\/\/villiger-security.com\/de\/produkt\/rollendes-regalsystem-copy\/","og_site_name":"Villiger Security Solutions AG","article_modified_time":"2022-10-11T09:27:48+00:00","og_image":[{"width":3000,"height":1822,"url":"https:\/\/villiger-security.com\/wp-content\/uploads\/Rolling-Rack-empty.796-1.png","type":"image\/png"}],"twitter_card":"summary_large_image","twitter_misc":{"Gesch\u00e4tzte Lesezeit":"1\u00a0Minute"},"schema":{"@context":"https:\/\/schema.org","@graph":[{"@type":"WebPage","@id":"https:\/\/villiger-security.com\/de\/produkt\/rollendes-regalsystem-copy\/","url":"https:\/\/villiger-security.com\/de\/produkt\/rollendes-regalsystem-copy\/","name":"Rollendes Regalsystem - Villiger Security Solutions AG","isPartOf":{"@id":"https:\/\/villiger-security.com\/de\/#website"},"primaryImageOfPage":{"@id":"https:\/\/villiger-security.com\/de\/produkt\/rollendes-regalsystem-copy\/#primaryimage"},"image":{"@id":"https:\/\/villiger-security.com\/de\/produkt\/rollendes-regalsystem-copy\/#primaryimage"},"thumbnailUrl":"https:\/\/villiger-security.com\/wp-content\/uploads\/Rolling-Rack-empty.796-1.png","datePublished":"2022-10-11T08:50:35+00:00","dateModified":"2022-10-11T09:27:48+00:00","breadcrumb":{"@id":"https:\/\/villiger-security.com\/de\/produkt\/rollendes-regalsystem-copy\/#breadcrumb"},"inLanguage":"de","potentialAction":[{"@type":"ReadAction","target":["https:\/\/villiger-security.com\/de\/produkt\/rollendes-regalsystem-copy\/"]}]},{"@type":"ImageObject","inLanguage":"de","@id":"https:\/\/villiger-security.com\/de\/produkt\/rollendes-regalsystem-copy\/#primaryimage","url":"https:\/\/villiger-security.com\/wp-content\/uploads\/Rolling-Rack-empty.796-1.png","contentUrl":"https:\/\/villiger-security.com\/wp-content\/uploads\/Rolling-Rack-empty.796-1.png","width":3000,"height":1822},{"@type":"BreadcrumbList","@id":"https:\/\/villiger-security.com\/de\/produkt\/rollendes-regalsystem-copy\/#breadcrumb","itemListElement":[{"@type":"ListItem","position":1,"name":"Home","item":"https:\/\/villiger-security.com\/de\/"},{"@type":"ListItem","position":2,"name":"Shop","item":"https:\/\/villiger-security.com\/de\/shop\/"},{"@type":"ListItem","position":3,"name":"Rollendes Regalsystem"}]},{"@type":"WebSite","@id":"https:\/\/villiger-security.com\/de\/#website","url":"https:\/\/villiger-security.com\/de\/","name":"Villiger Security Solutions AG","description":"Innovate the future of cash","potentialAction":[{"@type":"SearchAction","target":{"@type":"EntryPoint","urlTemplate":"https:\/\/villiger-security.com\/de\/?s={search_term_string}"},"query-input":{"@type":"PropertyValueSpecification","valueRequired":true,"valueName":"search_term_string"}}],"inLanguage":"de"}]}},"_links":{"self":[{"href":"https:\/\/villiger-security.com\/de\/wp-json\/wp\/v2\/product\/3794","targetHints":{"allow":["GET"]}}],"collection":[{"href":"https:\/\/villiger-security.com\/de\/wp-json\/wp\/v2\/product"}],"about":[{"href":"https:\/\/villiger-security.com\/de\/wp-json\/wp\/v2\/types\/product"}],"replies":[{"embeddable":true,"href":"https:\/\/villiger-security.com\/de\/wp-json\/wp\/v2\/comments?post=3794"}],"wp:featuredmedia":[{"embeddable":true,"href":"https:\/\/villiger-security.com\/de\/wp-json\/wp\/v2\/media\/2618"}],"wp:attachment":[{"href":"https:\/\/villiger-security.com\/de\/wp-json\/wp\/v2\/media?parent=3794"}],"wp:term":[{"taxonomy":"product_brand","embeddable":true,"href":"https:\/\/villiger-security.com\/de\/wp-json\/wp\/v2\/product_brand?post=3794"},{"taxonomy":"product_cat","embeddable":true,"href":"https:\/\/villiger-security.com\/de\/wp-json\/wp\/v2\/product_cat?post=3794"},{"taxonomy":"product_tag","embeddable":true,"href":"https:\/\/villiger-security.com\/de\/wp-json\/wp\/v2\/product_tag?post=3794"}],"curies":[{"name":"wp","href":"https:\/\/api.w.org\/{rel}","templated":true}]}}