{"id":3168,"date":"2022-07-28T09:11:49","date_gmt":"2022-07-28T09:11:49","guid":{"rendered":"https:\/\/villiger-security.com\/product\/systemkoffer-v-2\/"},"modified":"2024-07-30T10:33:26","modified_gmt":"2024-07-30T10:33:26","slug":"systemkoffer-v-2","status":"publish","type":"product","link":"https:\/\/villiger-security.com\/de\/produkt\/systemkoffer-v-2\/","title":{"rendered":"System Case V.2"},"content":{"rendered":"<p>[et_pb_section fb_built=&#8220;1&#8243; admin_label=&#8220;section&#8220; _builder_version=&#8220;4.16&#8243; global_colors_info=&#8220;{}&#8220;][et_pb_row admin_label=&#8220;row&#8220; _builder_version=&#8220;4.16&#8243; background_size=&#8220;initial&#8220; background_position=&#8220;top_left&#8220; background_repeat=&#8220;repeat&#8220; global_colors_info=&#8220;{}&#8220;][et_pb_column type=&#8220;4_4&#8243; _builder_version=&#8220;4.16&#8243; custom_padding=&#8220;|||&#8220; global_colors_info=&#8220;{}&#8220; custom_padding__hover=&#8220;|||&#8220;][\/et_pb_column][\/et_pb_row][\/et_pb_section]<\/p>\n","protected":false},"excerpt":{"rendered":"<p><i>Ein integriertes System f\u00fcr eine Ein-Mann-Bargeldabholung an verschiedenen Standorten &#8211; sicher und wirtschaftlich!<\/i><\/p>\n<p>Das Drop Case System ist f\u00fcr Ein-Mann-Fahrzeuge konzipiert und erm\u00f6glicht die Bargeldabholung an verschiedenen Orten. Der Systemkoffer eliminiert die Risiken des Stra\u00dfenverkehrs, w\u00e4hrend der Tresor f\u00fcr die sichere Aufbewahrung im Fahrzeug sorgt. Die Entleerung der Kisten erfolgt vollautomatisch.<\/p>\n","protected":false},"featured_media":2820,"comment_status":"open","ping_status":"closed","template":"","meta":{"_acf_changed":false,"_et_pb_use_builder":"on","_et_pb_old_content":"<ul>\r\n \t<li>Die Wertsachen werden w\u00e4hrend des Fahrzeugtransports und auf dem B\u00fcrgersteig durch unausl\u00f6schliche Tinte gesch\u00fctzt.<\/li>\r\n \t<li>Vollst\u00e4ndiger Schutz der Teile des Drop Case Systems (Systemgeh\u00e4use und Tresor) vor unbefugtem \u00d6ffnen - Sabotage, Einbruch, Schneiden, Bohren, Erhitzen, usw.<\/li>\r\n \t<li>Erweiterte Zugangsoptionen - RFid, Infrarot, Bluetooth und NFC.<\/li>\r\n \t<li>Der Wachmann kann nicht erpresst oder bedroht werden, um den Koffer zu \u00f6ffnen.<\/li>\r\n<\/ul>","_et_gb_content_width":""},"product_brand":[],"product_cat":[81],"product_tag":[125,96,98],"class_list":{"0":"post-3168","1":"product","2":"type-product","3":"status-publish","4":"has-post-thumbnail","6":"product_cat-sicherheit-bei-geldtransporten","7":"product_tag-1-mann","8":"product_tag-ibns-softskin-de","9":"product_tag-ibns-pflaster","11":"first","12":"instock","13":"shipping-taxable","14":"product-type-simple"},"acf":[],"yoast_head":"<!-- This site is optimized with the Yoast SEO plugin v26.7 - https:\/\/yoast.com\/wordpress\/plugins\/seo\/ -->\n<title>System Case V.2 - Villiger Security Solutions AG<\/title>\n<meta name=\"description\" content=\"VILLIGER bringt ein einzigartiges Ger\u00e4t auf den Markt, das die bew\u00e4hrte L\u00f6sung f\u00fcr die Farbbeize, ein neues Design und eine neue Steuerungstechnologie kombiniert, was den Security Case 5000 zu einem der innovativsten auf dem Markt macht.\" \/>\n<meta name=\"robots\" content=\"index, follow, max-snippet:-1, max-image-preview:large, max-video-preview:-1\" \/>\n<link rel=\"canonical\" href=\"https:\/\/villiger-security.com\/de\/produkt\/systemkoffer-v-2\/\" \/>\n<meta property=\"og:locale\" content=\"de_DE\" \/>\n<meta property=\"og:type\" content=\"article\" \/>\n<meta property=\"og:title\" content=\"System Case V.2 - Villiger Security Solutions AG\" \/>\n<meta property=\"og:description\" content=\"VILLIGER bringt ein einzigartiges Ger\u00e4t auf den Markt, das die bew\u00e4hrte L\u00f6sung f\u00fcr die Farbbeize, ein neues Design und eine neue Steuerungstechnologie kombiniert, was den Security Case 5000 zu einem der innovativsten auf dem Markt macht.\" \/>\n<meta property=\"og:url\" content=\"https:\/\/villiger-security.com\/de\/produkt\/systemkoffer-v-2\/\" \/>\n<meta property=\"og:site_name\" content=\"Villiger Security Solutions AG\" \/>\n<meta property=\"article:modified_time\" content=\"2024-07-30T10:33:26+00:00\" \/>\n<meta property=\"og:image\" content=\"http:\/\/Smart%20Case\" \/>\n<meta name=\"twitter:card\" content=\"summary_large_image\" \/>\n<meta name=\"twitter:description\" content=\"33\" \/>\n<meta name=\"twitter:image\" content=\"http:\/\/60\" \/>\n<meta name=\"twitter:label1\" content=\"Gesch\u00e4tzte Lesezeit\" \/>\n\t<meta name=\"twitter:data1\" content=\"1\u00a0Minute\" \/>\n<script type=\"application\/ld+json\" class=\"yoast-schema-graph\">{\"@context\":\"https:\/\/schema.org\",\"@graph\":[{\"@type\":\"WebPage\",\"@id\":\"https:\/\/villiger-security.com\/de\/produkt\/systemkoffer-v-2\/\",\"url\":\"https:\/\/villiger-security.com\/de\/produkt\/systemkoffer-v-2\/\",\"name\":\"System Case V.2 - Villiger Security Solutions AG\",\"isPartOf\":{\"@id\":\"https:\/\/villiger-security.com\/de\/#website\"},\"primaryImageOfPage\":{\"@id\":\"https:\/\/villiger-security.com\/de\/produkt\/systemkoffer-v-2\/#primaryimage\"},\"image\":{\"@id\":\"https:\/\/villiger-security.com\/de\/produkt\/systemkoffer-v-2\/#primaryimage\"},\"thumbnailUrl\":\"https:\/\/villiger-security.com\/wp-content\/uploads\/104087-01-1.png\",\"datePublished\":\"2022-07-28T09:11:49+00:00\",\"dateModified\":\"2024-07-30T10:33:26+00:00\",\"description\":\"VILLIGER bringt ein einzigartiges Ger\u00e4t auf den Markt, das die bew\u00e4hrte L\u00f6sung f\u00fcr die Farbbeize, ein neues Design und eine neue Steuerungstechnologie kombiniert, was den Security Case 5000 zu einem der innovativsten auf dem Markt macht.\",\"breadcrumb\":{\"@id\":\"https:\/\/villiger-security.com\/de\/produkt\/systemkoffer-v-2\/#breadcrumb\"},\"inLanguage\":\"de\",\"potentialAction\":[{\"@type\":\"ReadAction\",\"target\":[\"https:\/\/villiger-security.com\/de\/produkt\/systemkoffer-v-2\/\"]}]},{\"@type\":\"ImageObject\",\"inLanguage\":\"de\",\"@id\":\"https:\/\/villiger-security.com\/de\/produkt\/systemkoffer-v-2\/#primaryimage\",\"url\":\"https:\/\/villiger-security.com\/wp-content\/uploads\/104087-01-1.png\",\"contentUrl\":\"https:\/\/villiger-security.com\/wp-content\/uploads\/104087-01-1.png\",\"width\":3000,\"height\":1872},{\"@type\":\"BreadcrumbList\",\"@id\":\"https:\/\/villiger-security.com\/de\/produkt\/systemkoffer-v-2\/#breadcrumb\",\"itemListElement\":[{\"@type\":\"ListItem\",\"position\":1,\"name\":\"Home\",\"item\":\"https:\/\/villiger-security.com\/de\/\"},{\"@type\":\"ListItem\",\"position\":2,\"name\":\"Shop\",\"item\":\"https:\/\/villiger-security.com\/de\/shop\/\"},{\"@type\":\"ListItem\",\"position\":3,\"name\":\"System Case V.2\"}]},{\"@type\":\"WebSite\",\"@id\":\"https:\/\/villiger-security.com\/de\/#website\",\"url\":\"https:\/\/villiger-security.com\/de\/\",\"name\":\"Villiger Security Solutions AG\",\"description\":\"Innovate the future of cash\",\"potentialAction\":[{\"@type\":\"SearchAction\",\"target\":{\"@type\":\"EntryPoint\",\"urlTemplate\":\"https:\/\/villiger-security.com\/de\/?s={search_term_string}\"},\"query-input\":{\"@type\":\"PropertyValueSpecification\",\"valueRequired\":true,\"valueName\":\"search_term_string\"}}],\"inLanguage\":\"de\"}]}<\/script>\n<!-- \/ Yoast SEO plugin. -->","yoast_head_json":{"title":"System Case V.2 - Villiger Security Solutions AG","description":"VILLIGER bringt ein einzigartiges Ger\u00e4t auf den Markt, das die bew\u00e4hrte L\u00f6sung f\u00fcr die Farbbeize, ein neues Design und eine neue Steuerungstechnologie kombiniert, was den Security Case 5000 zu einem der innovativsten auf dem Markt macht.","robots":{"index":"index","follow":"follow","max-snippet":"max-snippet:-1","max-image-preview":"max-image-preview:large","max-video-preview":"max-video-preview:-1"},"canonical":"https:\/\/villiger-security.com\/de\/produkt\/systemkoffer-v-2\/","og_locale":"de_DE","og_type":"article","og_title":"System Case V.2 - Villiger Security Solutions AG","og_description":"VILLIGER bringt ein einzigartiges Ger\u00e4t auf den Markt, das die bew\u00e4hrte L\u00f6sung f\u00fcr die Farbbeize, ein neues Design und eine neue Steuerungstechnologie kombiniert, was den Security Case 5000 zu einem der innovativsten auf dem Markt macht.","og_url":"https:\/\/villiger-security.com\/de\/produkt\/systemkoffer-v-2\/","og_site_name":"Villiger Security Solutions AG","article_modified_time":"2024-07-30T10:33:26+00:00","og_image":[{"url":"Smart Case","type":"","width":"","height":""}],"twitter_card":"summary_large_image","twitter_description":"33","twitter_image":"60","twitter_misc":{"Gesch\u00e4tzte Lesezeit":"1\u00a0Minute"},"schema":{"@context":"https:\/\/schema.org","@graph":[{"@type":"WebPage","@id":"https:\/\/villiger-security.com\/de\/produkt\/systemkoffer-v-2\/","url":"https:\/\/villiger-security.com\/de\/produkt\/systemkoffer-v-2\/","name":"System Case V.2 - Villiger Security Solutions AG","isPartOf":{"@id":"https:\/\/villiger-security.com\/de\/#website"},"primaryImageOfPage":{"@id":"https:\/\/villiger-security.com\/de\/produkt\/systemkoffer-v-2\/#primaryimage"},"image":{"@id":"https:\/\/villiger-security.com\/de\/produkt\/systemkoffer-v-2\/#primaryimage"},"thumbnailUrl":"https:\/\/villiger-security.com\/wp-content\/uploads\/104087-01-1.png","datePublished":"2022-07-28T09:11:49+00:00","dateModified":"2024-07-30T10:33:26+00:00","description":"VILLIGER bringt ein einzigartiges Ger\u00e4t auf den Markt, das die bew\u00e4hrte L\u00f6sung f\u00fcr die Farbbeize, ein neues Design und eine neue Steuerungstechnologie kombiniert, was den Security Case 5000 zu einem der innovativsten auf dem Markt macht.","breadcrumb":{"@id":"https:\/\/villiger-security.com\/de\/produkt\/systemkoffer-v-2\/#breadcrumb"},"inLanguage":"de","potentialAction":[{"@type":"ReadAction","target":["https:\/\/villiger-security.com\/de\/produkt\/systemkoffer-v-2\/"]}]},{"@type":"ImageObject","inLanguage":"de","@id":"https:\/\/villiger-security.com\/de\/produkt\/systemkoffer-v-2\/#primaryimage","url":"https:\/\/villiger-security.com\/wp-content\/uploads\/104087-01-1.png","contentUrl":"https:\/\/villiger-security.com\/wp-content\/uploads\/104087-01-1.png","width":3000,"height":1872},{"@type":"BreadcrumbList","@id":"https:\/\/villiger-security.com\/de\/produkt\/systemkoffer-v-2\/#breadcrumb","itemListElement":[{"@type":"ListItem","position":1,"name":"Home","item":"https:\/\/villiger-security.com\/de\/"},{"@type":"ListItem","position":2,"name":"Shop","item":"https:\/\/villiger-security.com\/de\/shop\/"},{"@type":"ListItem","position":3,"name":"System Case V.2"}]},{"@type":"WebSite","@id":"https:\/\/villiger-security.com\/de\/#website","url":"https:\/\/villiger-security.com\/de\/","name":"Villiger Security Solutions AG","description":"Innovate the future of cash","potentialAction":[{"@type":"SearchAction","target":{"@type":"EntryPoint","urlTemplate":"https:\/\/villiger-security.com\/de\/?s={search_term_string}"},"query-input":{"@type":"PropertyValueSpecification","valueRequired":true,"valueName":"search_term_string"}}],"inLanguage":"de"}]}},"_links":{"self":[{"href":"https:\/\/villiger-security.com\/de\/wp-json\/wp\/v2\/product\/3168","targetHints":{"allow":["GET"]}}],"collection":[{"href":"https:\/\/villiger-security.com\/de\/wp-json\/wp\/v2\/product"}],"about":[{"href":"https:\/\/villiger-security.com\/de\/wp-json\/wp\/v2\/types\/product"}],"replies":[{"embeddable":true,"href":"https:\/\/villiger-security.com\/de\/wp-json\/wp\/v2\/comments?post=3168"}],"wp:featuredmedia":[{"embeddable":true,"href":"https:\/\/villiger-security.com\/de\/wp-json\/wp\/v2\/media\/2820"}],"wp:attachment":[{"href":"https:\/\/villiger-security.com\/de\/wp-json\/wp\/v2\/media?parent=3168"}],"wp:term":[{"taxonomy":"product_brand","embeddable":true,"href":"https:\/\/villiger-security.com\/de\/wp-json\/wp\/v2\/product_brand?post=3168"},{"taxonomy":"product_cat","embeddable":true,"href":"https:\/\/villiger-security.com\/de\/wp-json\/wp\/v2\/product_cat?post=3168"},{"taxonomy":"product_tag","embeddable":true,"href":"https:\/\/villiger-security.com\/de\/wp-json\/wp\/v2\/product_tag?post=3168"}],"curies":[{"name":"wp","href":"https:\/\/api.w.org\/{rel}","templated":true}]}}