{"id":3148,"date":"2022-08-09T11:55:15","date_gmt":"2022-08-09T11:55:15","guid":{"rendered":"https:\/\/villiger-security.com\/product\/tintengeschuetzte-glory-ci10-b-stapelkassette\/"},"modified":"2022-08-25T11:01:20","modified_gmt":"2022-08-25T11:01:20","slug":"tintengeschuetzte-glory-ci10-b-stapelkassette","status":"publish","type":"product","link":"https:\/\/villiger-security.com\/de\/produkt\/tintengeschuetzte-glory-ci10-b-stapelkassette\/","title":{"rendered":"Ink Protected GLORY CI10-B Stacking Cassette"},"content":{"rendered":"<p>[et_pb_section fb_built=&#8220;1&#8243; _builder_version=&#8220;4.16&#8243; custom_padding=&#8220;0px||||false|false&#8220; collapsed=&#8220;on&#8220; global_colors_info=&#8220;{}&#8220;][et_pb_row _builder_version=&#8220;4.16&#8243; background_size=&#8220;initial&#8220; background_position=&#8220;top_left&#8220; background_repeat=&#8220;repeat&#8220; width=&#8220;100%&#8220; custom_padding=&#8220;0px||0px||false|false&#8220; global_colors_info=&#8220;{}&#8220;][et_pb_column type=&#8220;4_4&#8243; _builder_version=&#8220;4.16&#8243; custom_padding=&#8220;|||&#8220; global_colors_info=&#8220;{}&#8220; custom_padding__hover=&#8220;|||&#8220;][et_pb_wc_breadcrumb _builder_version=&#8220;4.16&#8243; global_colors_info=&#8220;{}&#8220;][\/et_pb_wc_breadcrumb][et_pb_wc_cart_notice _builder_version=&#8220;4.16&#8243; global_colors_info=&#8220;{}&#8220;][\/et_pb_wc_cart_notice][\/et_pb_column][\/et_pb_row][et_pb_row column_structure=&#8220;1_2,1_2&#8243; _builder_version=&#8220;4.16&#8243; background_size=&#8220;initial&#8220; background_position=&#8220;top_left&#8220; background_repeat=&#8220;repeat&#8220; width=&#8220;100%&#8220; custom_padding=&#8220;0px||||false|false&#8220; global_colors_info=&#8220;{}&#8220;][et_pb_column type=&#8220;1_2&#8243; _builder_version=&#8220;4.16&#8243; custom_padding=&#8220;|||&#8220; global_colors_info=&#8220;{}&#8220; custom_padding__hover=&#8220;|||&#8220;][et_pb_wc_images _builder_version=&#8220;4.16&#8243; global_colors_info=&#8220;{}&#8220;][\/et_pb_wc_images][\/et_pb_column][et_pb_column type=&#8220;1_2&#8243; _builder_version=&#8220;4.16&#8243; custom_padding=&#8220;|||&#8220; global_colors_info=&#8220;{}&#8220; custom_padding__hover=&#8220;|||&#8220;][et_pb_wc_title _builder_version=&#8220;4.16&#8243; global_colors_info=&#8220;{}&#8220;][\/et_pb_wc_title][et_pb_wc_rating _builder_version=&#8220;4.16&#8243; global_colors_info=&#8220;{}&#8220;][\/et_pb_wc_rating][et_pb_wc_price _builder_version=&#8220;4.16&#8243; global_colors_info=&#8220;{}&#8220;][\/et_pb_wc_price][et_pb_wc_description _builder_version=&#8220;4.16&#8243; global_colors_info=&#8220;{}&#8220;][\/et_pb_wc_description][et_pb_wc_add_to_cart _builder_version=&#8220;4.16&#8243; global_colors_info=&#8220;{}&#8220;][\/et_pb_wc_add_to_cart][et_pb_wc_meta _builder_version=&#8220;4.16&#8243; global_colors_info=&#8220;{}&#8220;][\/et_pb_wc_meta][\/et_pb_column][\/et_pb_row][et_pb_row _builder_version=&#8220;4.16&#8243; background_size=&#8220;initial&#8220; background_position=&#8220;top_left&#8220; background_repeat=&#8220;repeat&#8220; width=&#8220;100%&#8220; global_colors_info=&#8220;{}&#8220;][et_pb_column type=&#8220;4_4&#8243; _builder_version=&#8220;4.16&#8243; custom_padding=&#8220;|||&#8220; global_colors_info=&#8220;{}&#8220; custom_padding__hover=&#8220;|||&#8220;][et_pb_wc_tabs _builder_version=&#8220;4.16&#8243; global_colors_info=&#8220;{}&#8220;]\t\t\t\t\t[\/et_pb_wc_tabs][et_pb_wc_upsells _builder_version=&#8220;4.16&#8243; global_colors_info=&#8220;{}&#8220;][\/et_pb_wc_upsells][et_pb_wc_related_products _builder_version=&#8220;4.16&#8243; global_colors_info=&#8220;{}&#8220;][\/et_pb_wc_related_products][\/et_pb_column][\/et_pb_row][\/et_pb_section]<\/p>\n","protected":false},"excerpt":{"rendered":"<p>Die Villiger Retail-L\u00f6sung zeichnet sich durch ein H\u00f6chstma\u00df an Sicherheit aus, ist einfach vor Ort zu installieren und leicht zu warten. Die Farbmodule und Steuereinheiten passen sich an jede Kassette an und werden an oder in die vorhandenen Kassetten integriert.<\/p>\n","protected":false},"featured_media":2920,"comment_status":"open","ping_status":"closed","template":"","meta":{"_acf_changed":false,"_et_pb_use_builder":"on","_et_pb_old_content":"<ul>\r\n \t<li>Bargeld wird durch unausl\u00f6schliche Tinte gesch\u00fctzt<\/li>\r\n \t<li>Das System wird durch einen der folgenden Vorf\u00e4lle aktiviert:<\/li>\r\n \t<li>Bewegung der Kassette<\/li>\r\n \t<li>Deckel \u00f6ffnen<\/li>\r\n \t<li>Erkennung von Schocks<\/li>\r\n \t<li>Einbrechen, Aufstemmen, Erhitzen oder jeder andere Versuch des unbefugten \u00d6ffnens<\/li>\r\n<\/ul>","_et_gb_content_width":""},"product_brand":[],"product_cat":[103],"product_tag":[104,105,108,97,96,98,106],"class_list":{"0":"post-3148","1":"product","2":"type-product","3":"status-publish","4":"has-post-thumbnail","6":"product_cat-sicherheit-im-einzelhandel","7":"product_tag-einzelhandel","8":"product_tag-eisenbahn","9":"product_tag-ibns-einzelhandel","10":"product_tag-ibns-gepanzert","11":"product_tag-ibns-softskin-de","12":"product_tag-ibns-pflaster","13":"product_tag-post","15":"first","16":"instock","17":"shipping-taxable","18":"product-type-simple"},"acf":[],"yoast_head":"<!-- This site is optimized with the Yoast SEO plugin v26.7 - https:\/\/yoast.com\/wordpress\/plugins\/seo\/ -->\n<title>Ink Protected GLORY CI10-B Stacking Cassette - Villiger Security Solutions AG<\/title>\n<meta name=\"description\" content=\"VILLIGER bringt ein einzigartiges Ger\u00e4t auf den Markt, das die bew\u00e4hrte L\u00f6sung f\u00fcr die Farbbeize, ein neues Design und eine neue Steuerungstechnologie kombiniert, was den Security Case 5000 zu einem der innovativsten auf dem Markt macht.\" \/>\n<meta name=\"robots\" content=\"index, follow, max-snippet:-1, max-image-preview:large, max-video-preview:-1\" \/>\n<link rel=\"canonical\" href=\"https:\/\/villiger-security.com\/de\/produkt\/tintengeschuetzte-glory-ci10-b-stapelkassette\/\" \/>\n<meta property=\"og:locale\" content=\"de_DE\" \/>\n<meta property=\"og:type\" content=\"article\" \/>\n<meta property=\"og:title\" content=\"Ink Protected GLORY CI10-B Stacking Cassette - Villiger Security Solutions AG\" \/>\n<meta property=\"og:description\" content=\"VILLIGER bringt ein einzigartiges Ger\u00e4t auf den Markt, das die bew\u00e4hrte L\u00f6sung f\u00fcr die Farbbeize, ein neues Design und eine neue Steuerungstechnologie kombiniert, was den Security Case 5000 zu einem der innovativsten auf dem Markt macht.\" \/>\n<meta property=\"og:url\" content=\"https:\/\/villiger-security.com\/de\/produkt\/tintengeschuetzte-glory-ci10-b-stapelkassette\/\" \/>\n<meta property=\"og:site_name\" content=\"Villiger Security Solutions AG\" \/>\n<meta property=\"article:modified_time\" content=\"2022-08-25T11:01:20+00:00\" \/>\n<meta property=\"og:image\" content=\"http:\/\/Smart%20Case\" \/>\n<meta name=\"twitter:card\" content=\"summary_large_image\" \/>\n<meta name=\"twitter:description\" content=\"33\" \/>\n<meta name=\"twitter:image\" content=\"http:\/\/60\" \/>\n<meta name=\"twitter:label1\" content=\"Gesch\u00e4tzte Lesezeit\" \/>\n\t<meta name=\"twitter:data1\" content=\"1\u00a0Minute\" \/>\n<script type=\"application\/ld+json\" class=\"yoast-schema-graph\">{\"@context\":\"https:\/\/schema.org\",\"@graph\":[{\"@type\":\"WebPage\",\"@id\":\"https:\/\/villiger-security.com\/de\/produkt\/tintengeschuetzte-glory-ci10-b-stapelkassette\/\",\"url\":\"https:\/\/villiger-security.com\/de\/produkt\/tintengeschuetzte-glory-ci10-b-stapelkassette\/\",\"name\":\"Ink Protected GLORY CI10-B Stacking Cassette - Villiger Security Solutions AG\",\"isPartOf\":{\"@id\":\"https:\/\/villiger-security.com\/de\/#website\"},\"primaryImageOfPage\":{\"@id\":\"https:\/\/villiger-security.com\/de\/produkt\/tintengeschuetzte-glory-ci10-b-stapelkassette\/#primaryimage\"},\"image\":{\"@id\":\"https:\/\/villiger-security.com\/de\/produkt\/tintengeschuetzte-glory-ci10-b-stapelkassette\/#primaryimage\"},\"thumbnailUrl\":\"https:\/\/villiger-security.com\/wp-content\/uploads\/CI-10B-Stacking-Cassette.png\",\"datePublished\":\"2022-08-09T11:55:15+00:00\",\"dateModified\":\"2022-08-25T11:01:20+00:00\",\"description\":\"VILLIGER bringt ein einzigartiges Ger\u00e4t auf den Markt, das die bew\u00e4hrte L\u00f6sung f\u00fcr die Farbbeize, ein neues Design und eine neue Steuerungstechnologie kombiniert, was den Security Case 5000 zu einem der innovativsten auf dem Markt macht.\",\"breadcrumb\":{\"@id\":\"https:\/\/villiger-security.com\/de\/produkt\/tintengeschuetzte-glory-ci10-b-stapelkassette\/#breadcrumb\"},\"inLanguage\":\"de\",\"potentialAction\":[{\"@type\":\"ReadAction\",\"target\":[\"https:\/\/villiger-security.com\/de\/produkt\/tintengeschuetzte-glory-ci10-b-stapelkassette\/\"]}]},{\"@type\":\"ImageObject\",\"inLanguage\":\"de\",\"@id\":\"https:\/\/villiger-security.com\/de\/produkt\/tintengeschuetzte-glory-ci10-b-stapelkassette\/#primaryimage\",\"url\":\"https:\/\/villiger-security.com\/wp-content\/uploads\/CI-10B-Stacking-Cassette.png\",\"contentUrl\":\"https:\/\/villiger-security.com\/wp-content\/uploads\/CI-10B-Stacking-Cassette.png\",\"width\":1620,\"height\":2228},{\"@type\":\"BreadcrumbList\",\"@id\":\"https:\/\/villiger-security.com\/de\/produkt\/tintengeschuetzte-glory-ci10-b-stapelkassette\/#breadcrumb\",\"itemListElement\":[{\"@type\":\"ListItem\",\"position\":1,\"name\":\"Home\",\"item\":\"https:\/\/villiger-security.com\/de\/\"},{\"@type\":\"ListItem\",\"position\":2,\"name\":\"Shop\",\"item\":\"https:\/\/villiger-security.com\/de\/shop\/\"},{\"@type\":\"ListItem\",\"position\":3,\"name\":\"Ink Protected GLORY CI10-B Stacking Cassette\"}]},{\"@type\":\"WebSite\",\"@id\":\"https:\/\/villiger-security.com\/de\/#website\",\"url\":\"https:\/\/villiger-security.com\/de\/\",\"name\":\"Villiger Security Solutions AG\",\"description\":\"Innovate the future of cash\",\"potentialAction\":[{\"@type\":\"SearchAction\",\"target\":{\"@type\":\"EntryPoint\",\"urlTemplate\":\"https:\/\/villiger-security.com\/de\/?s={search_term_string}\"},\"query-input\":{\"@type\":\"PropertyValueSpecification\",\"valueRequired\":true,\"valueName\":\"search_term_string\"}}],\"inLanguage\":\"de\"}]}<\/script>\n<!-- \/ Yoast SEO plugin. -->","yoast_head_json":{"title":"Ink Protected GLORY CI10-B Stacking Cassette - Villiger Security Solutions AG","description":"VILLIGER bringt ein einzigartiges Ger\u00e4t auf den Markt, das die bew\u00e4hrte L\u00f6sung f\u00fcr die Farbbeize, ein neues Design und eine neue Steuerungstechnologie kombiniert, was den Security Case 5000 zu einem der innovativsten auf dem Markt macht.","robots":{"index":"index","follow":"follow","max-snippet":"max-snippet:-1","max-image-preview":"max-image-preview:large","max-video-preview":"max-video-preview:-1"},"canonical":"https:\/\/villiger-security.com\/de\/produkt\/tintengeschuetzte-glory-ci10-b-stapelkassette\/","og_locale":"de_DE","og_type":"article","og_title":"Ink Protected GLORY CI10-B Stacking Cassette - Villiger Security Solutions AG","og_description":"VILLIGER bringt ein einzigartiges Ger\u00e4t auf den Markt, das die bew\u00e4hrte L\u00f6sung f\u00fcr die Farbbeize, ein neues Design und eine neue Steuerungstechnologie kombiniert, was den Security Case 5000 zu einem der innovativsten auf dem Markt macht.","og_url":"https:\/\/villiger-security.com\/de\/produkt\/tintengeschuetzte-glory-ci10-b-stapelkassette\/","og_site_name":"Villiger Security Solutions AG","article_modified_time":"2022-08-25T11:01:20+00:00","og_image":[{"url":"Smart Case","type":"","width":"","height":""}],"twitter_card":"summary_large_image","twitter_description":"33","twitter_image":"60","twitter_misc":{"Gesch\u00e4tzte Lesezeit":"1\u00a0Minute"},"schema":{"@context":"https:\/\/schema.org","@graph":[{"@type":"WebPage","@id":"https:\/\/villiger-security.com\/de\/produkt\/tintengeschuetzte-glory-ci10-b-stapelkassette\/","url":"https:\/\/villiger-security.com\/de\/produkt\/tintengeschuetzte-glory-ci10-b-stapelkassette\/","name":"Ink Protected GLORY CI10-B Stacking Cassette - Villiger Security Solutions AG","isPartOf":{"@id":"https:\/\/villiger-security.com\/de\/#website"},"primaryImageOfPage":{"@id":"https:\/\/villiger-security.com\/de\/produkt\/tintengeschuetzte-glory-ci10-b-stapelkassette\/#primaryimage"},"image":{"@id":"https:\/\/villiger-security.com\/de\/produkt\/tintengeschuetzte-glory-ci10-b-stapelkassette\/#primaryimage"},"thumbnailUrl":"https:\/\/villiger-security.com\/wp-content\/uploads\/CI-10B-Stacking-Cassette.png","datePublished":"2022-08-09T11:55:15+00:00","dateModified":"2022-08-25T11:01:20+00:00","description":"VILLIGER bringt ein einzigartiges Ger\u00e4t auf den Markt, das die bew\u00e4hrte L\u00f6sung f\u00fcr die Farbbeize, ein neues Design und eine neue Steuerungstechnologie kombiniert, was den Security Case 5000 zu einem der innovativsten auf dem Markt macht.","breadcrumb":{"@id":"https:\/\/villiger-security.com\/de\/produkt\/tintengeschuetzte-glory-ci10-b-stapelkassette\/#breadcrumb"},"inLanguage":"de","potentialAction":[{"@type":"ReadAction","target":["https:\/\/villiger-security.com\/de\/produkt\/tintengeschuetzte-glory-ci10-b-stapelkassette\/"]}]},{"@type":"ImageObject","inLanguage":"de","@id":"https:\/\/villiger-security.com\/de\/produkt\/tintengeschuetzte-glory-ci10-b-stapelkassette\/#primaryimage","url":"https:\/\/villiger-security.com\/wp-content\/uploads\/CI-10B-Stacking-Cassette.png","contentUrl":"https:\/\/villiger-security.com\/wp-content\/uploads\/CI-10B-Stacking-Cassette.png","width":1620,"height":2228},{"@type":"BreadcrumbList","@id":"https:\/\/villiger-security.com\/de\/produkt\/tintengeschuetzte-glory-ci10-b-stapelkassette\/#breadcrumb","itemListElement":[{"@type":"ListItem","position":1,"name":"Home","item":"https:\/\/villiger-security.com\/de\/"},{"@type":"ListItem","position":2,"name":"Shop","item":"https:\/\/villiger-security.com\/de\/shop\/"},{"@type":"ListItem","position":3,"name":"Ink Protected GLORY CI10-B Stacking Cassette"}]},{"@type":"WebSite","@id":"https:\/\/villiger-security.com\/de\/#website","url":"https:\/\/villiger-security.com\/de\/","name":"Villiger Security Solutions AG","description":"Innovate the future of cash","potentialAction":[{"@type":"SearchAction","target":{"@type":"EntryPoint","urlTemplate":"https:\/\/villiger-security.com\/de\/?s={search_term_string}"},"query-input":{"@type":"PropertyValueSpecification","valueRequired":true,"valueName":"search_term_string"}}],"inLanguage":"de"}]}},"_links":{"self":[{"href":"https:\/\/villiger-security.com\/de\/wp-json\/wp\/v2\/product\/3148","targetHints":{"allow":["GET"]}}],"collection":[{"href":"https:\/\/villiger-security.com\/de\/wp-json\/wp\/v2\/product"}],"about":[{"href":"https:\/\/villiger-security.com\/de\/wp-json\/wp\/v2\/types\/product"}],"replies":[{"embeddable":true,"href":"https:\/\/villiger-security.com\/de\/wp-json\/wp\/v2\/comments?post=3148"}],"wp:featuredmedia":[{"embeddable":true,"href":"https:\/\/villiger-security.com\/de\/wp-json\/wp\/v2\/media\/2920"}],"wp:attachment":[{"href":"https:\/\/villiger-security.com\/de\/wp-json\/wp\/v2\/media?parent=3148"}],"wp:term":[{"taxonomy":"product_brand","embeddable":true,"href":"https:\/\/villiger-security.com\/de\/wp-json\/wp\/v2\/product_brand?post=3148"},{"taxonomy":"product_cat","embeddable":true,"href":"https:\/\/villiger-security.com\/de\/wp-json\/wp\/v2\/product_cat?post=3148"},{"taxonomy":"product_tag","embeddable":true,"href":"https:\/\/villiger-security.com\/de\/wp-json\/wp\/v2\/product_tag?post=3148"}],"curies":[{"name":"wp","href":"https:\/\/api.w.org\/{rel}","templated":true}]}}