{"id":3133,"date":"2022-05-03T10:36:17","date_gmt":"2022-05-03T10:36:17","guid":{"rendered":"https:\/\/villiger-security.com\/product\/intelligente-tablettsysteme\/"},"modified":"2022-08-25T11:02:45","modified_gmt":"2022-08-25T11:02:45","slug":"smart-tray-10000-2","status":"publish","type":"product","link":"https:\/\/villiger-security.com\/de\/produkt\/smart-tray-10000-2\/","title":{"rendered":"Smart Tray Systems"},"content":{"rendered":"","protected":false},"excerpt":{"rendered":"<p>Verwendung des Smart Tray als IBNS-gesch\u00fctzter Sicherheitskoffer. Das Smart Tray ist zu einem sehr niedrigen Preis erh\u00e4ltlich, was es zum g\u00fcnstigsten Sicherheitskoffer auf dem Markt macht. Automatisieren Sie den Prozess Schritt f\u00fcr Schritt in Ihrem eigenen Tempo. Ihre M\u00f6glichkeiten sind endlos, passen Sie das Smart Tray mit kleinen Konfigurationen an jeden bestehenden Prozess an.<\/p>\n<p>Wenn Sie das volle Potenzial des Smart Tray aussch\u00f6pfen, k\u00f6nnen Sie Ihre Betriebskosten um \u00fcber 70 % senken und einen ROI innerhalb weniger Monate erzielen.<\/p>\n","protected":false},"featured_media":0,"comment_status":"open","ping_status":"closed","template":"","meta":{"_acf_changed":false,"_et_pb_use_builder":"on","_et_pb_old_content":"","_et_gb_content_width":""},"product_brand":[],"product_cat":[84],"product_tag":[],"class_list":{"0":"post-3133","1":"product","2":"type-product","3":"status-publish","5":"product_cat-pharmazeutische-und-logistische-sicherheit","7":"first","8":"instock","9":"shipping-taxable","10":"product-type-simple"},"acf":[],"yoast_head":"<!-- This site is optimized with the Yoast SEO plugin v26.7 - https:\/\/yoast.com\/wordpress\/plugins\/seo\/ -->\n<title>Smart Tray Systems - Villiger Security Solutions AG<\/title>\n<meta name=\"robots\" content=\"index, follow, max-snippet:-1, max-image-preview:large, max-video-preview:-1\" \/>\n<link rel=\"canonical\" href=\"https:\/\/villiger-security.com\/de\/produkt\/smart-tray-10000-2\/\" \/>\n<meta property=\"og:locale\" content=\"de_DE\" \/>\n<meta property=\"og:type\" content=\"article\" \/>\n<meta property=\"og:title\" content=\"Smart Tray Systems - Villiger Security Solutions AG\" \/>\n<meta property=\"og:description\" content=\"Verwendung des Smart Tray als IBNS-gesch\u00fctzter Sicherheitskoffer. Das Smart Tray ist zu einem sehr niedrigen Preis erh\u00e4ltlich, was es zum g\u00fcnstigsten Sicherheitskoffer auf dem Markt macht. Automatisieren Sie den Prozess Schritt f\u00fcr Schritt in Ihrem eigenen Tempo. Ihre M\u00f6glichkeiten sind endlos, passen Sie das Smart Tray mit kleinen Konfigurationen an jeden bestehenden Prozess an.  Wenn Sie das volle Potenzial des Smart Tray aussch\u00f6pfen, k\u00f6nnen Sie Ihre Betriebskosten um \u00fcber 70 % senken und einen ROI innerhalb weniger Monate erzielen.\" \/>\n<meta property=\"og:url\" content=\"https:\/\/villiger-security.com\/de\/produkt\/smart-tray-10000-2\/\" \/>\n<meta property=\"og:site_name\" content=\"Villiger Security Solutions AG\" \/>\n<meta property=\"article:modified_time\" content=\"2022-08-25T11:02:45+00:00\" \/>\n<meta name=\"twitter:card\" content=\"summary_large_image\" \/>\n<script type=\"application\/ld+json\" class=\"yoast-schema-graph\">{\"@context\":\"https:\/\/schema.org\",\"@graph\":[{\"@type\":\"WebPage\",\"@id\":\"https:\/\/villiger-security.com\/de\/produkt\/smart-tray-10000-2\/\",\"url\":\"https:\/\/villiger-security.com\/de\/produkt\/smart-tray-10000-2\/\",\"name\":\"Smart Tray Systems - Villiger Security Solutions AG\",\"isPartOf\":{\"@id\":\"https:\/\/villiger-security.com\/de\/#website\"},\"datePublished\":\"2022-05-03T10:36:17+00:00\",\"dateModified\":\"2022-08-25T11:02:45+00:00\",\"breadcrumb\":{\"@id\":\"https:\/\/villiger-security.com\/de\/produkt\/smart-tray-10000-2\/#breadcrumb\"},\"inLanguage\":\"de\",\"potentialAction\":[{\"@type\":\"ReadAction\",\"target\":[\"https:\/\/villiger-security.com\/de\/produkt\/smart-tray-10000-2\/\"]}]},{\"@type\":\"BreadcrumbList\",\"@id\":\"https:\/\/villiger-security.com\/de\/produkt\/smart-tray-10000-2\/#breadcrumb\",\"itemListElement\":[{\"@type\":\"ListItem\",\"position\":1,\"name\":\"Home\",\"item\":\"https:\/\/villiger-security.com\/de\/\"},{\"@type\":\"ListItem\",\"position\":2,\"name\":\"Shop\",\"item\":\"https:\/\/villiger-security.com\/de\/shop\/\"},{\"@type\":\"ListItem\",\"position\":3,\"name\":\"Smart Tray Systems\"}]},{\"@type\":\"WebSite\",\"@id\":\"https:\/\/villiger-security.com\/de\/#website\",\"url\":\"https:\/\/villiger-security.com\/de\/\",\"name\":\"Villiger Security Solutions AG\",\"description\":\"Innovate the future of cash\",\"potentialAction\":[{\"@type\":\"SearchAction\",\"target\":{\"@type\":\"EntryPoint\",\"urlTemplate\":\"https:\/\/villiger-security.com\/de\/?s={search_term_string}\"},\"query-input\":{\"@type\":\"PropertyValueSpecification\",\"valueRequired\":true,\"valueName\":\"search_term_string\"}}],\"inLanguage\":\"de\"}]}<\/script>\n<!-- \/ Yoast SEO plugin. -->","yoast_head_json":{"title":"Smart Tray Systems - Villiger Security Solutions AG","robots":{"index":"index","follow":"follow","max-snippet":"max-snippet:-1","max-image-preview":"max-image-preview:large","max-video-preview":"max-video-preview:-1"},"canonical":"https:\/\/villiger-security.com\/de\/produkt\/smart-tray-10000-2\/","og_locale":"de_DE","og_type":"article","og_title":"Smart Tray Systems - Villiger Security Solutions AG","og_description":"Verwendung des Smart Tray als IBNS-gesch\u00fctzter Sicherheitskoffer. Das Smart Tray ist zu einem sehr niedrigen Preis erh\u00e4ltlich, was es zum g\u00fcnstigsten Sicherheitskoffer auf dem Markt macht. Automatisieren Sie den Prozess Schritt f\u00fcr Schritt in Ihrem eigenen Tempo. Ihre M\u00f6glichkeiten sind endlos, passen Sie das Smart Tray mit kleinen Konfigurationen an jeden bestehenden Prozess an.  Wenn Sie das volle Potenzial des Smart Tray aussch\u00f6pfen, k\u00f6nnen Sie Ihre Betriebskosten um \u00fcber 70 % senken und einen ROI innerhalb weniger Monate erzielen.","og_url":"https:\/\/villiger-security.com\/de\/produkt\/smart-tray-10000-2\/","og_site_name":"Villiger Security Solutions AG","article_modified_time":"2022-08-25T11:02:45+00:00","twitter_card":"summary_large_image","schema":{"@context":"https:\/\/schema.org","@graph":[{"@type":"WebPage","@id":"https:\/\/villiger-security.com\/de\/produkt\/smart-tray-10000-2\/","url":"https:\/\/villiger-security.com\/de\/produkt\/smart-tray-10000-2\/","name":"Smart Tray Systems - Villiger Security Solutions AG","isPartOf":{"@id":"https:\/\/villiger-security.com\/de\/#website"},"datePublished":"2022-05-03T10:36:17+00:00","dateModified":"2022-08-25T11:02:45+00:00","breadcrumb":{"@id":"https:\/\/villiger-security.com\/de\/produkt\/smart-tray-10000-2\/#breadcrumb"},"inLanguage":"de","potentialAction":[{"@type":"ReadAction","target":["https:\/\/villiger-security.com\/de\/produkt\/smart-tray-10000-2\/"]}]},{"@type":"BreadcrumbList","@id":"https:\/\/villiger-security.com\/de\/produkt\/smart-tray-10000-2\/#breadcrumb","itemListElement":[{"@type":"ListItem","position":1,"name":"Home","item":"https:\/\/villiger-security.com\/de\/"},{"@type":"ListItem","position":2,"name":"Shop","item":"https:\/\/villiger-security.com\/de\/shop\/"},{"@type":"ListItem","position":3,"name":"Smart Tray Systems"}]},{"@type":"WebSite","@id":"https:\/\/villiger-security.com\/de\/#website","url":"https:\/\/villiger-security.com\/de\/","name":"Villiger Security Solutions AG","description":"Innovate the future of cash","potentialAction":[{"@type":"SearchAction","target":{"@type":"EntryPoint","urlTemplate":"https:\/\/villiger-security.com\/de\/?s={search_term_string}"},"query-input":{"@type":"PropertyValueSpecification","valueRequired":true,"valueName":"search_term_string"}}],"inLanguage":"de"}]}},"_links":{"self":[{"href":"https:\/\/villiger-security.com\/de\/wp-json\/wp\/v2\/product\/3133","targetHints":{"allow":["GET"]}}],"collection":[{"href":"https:\/\/villiger-security.com\/de\/wp-json\/wp\/v2\/product"}],"about":[{"href":"https:\/\/villiger-security.com\/de\/wp-json\/wp\/v2\/types\/product"}],"replies":[{"embeddable":true,"href":"https:\/\/villiger-security.com\/de\/wp-json\/wp\/v2\/comments?post=3133"}],"wp:attachment":[{"href":"https:\/\/villiger-security.com\/de\/wp-json\/wp\/v2\/media?parent=3133"}],"wp:term":[{"taxonomy":"product_brand","embeddable":true,"href":"https:\/\/villiger-security.com\/de\/wp-json\/wp\/v2\/product_brand?post=3133"},{"taxonomy":"product_cat","embeddable":true,"href":"https:\/\/villiger-security.com\/de\/wp-json\/wp\/v2\/product_cat?post=3133"},{"taxonomy":"product_tag","embeddable":true,"href":"https:\/\/villiger-security.com\/de\/wp-json\/wp\/v2\/product_tag?post=3133"}],"curies":[{"name":"wp","href":"https:\/\/api.w.org\/{rel}","templated":true}]}}