{"id":3113,"date":"2022-05-03T09:09:05","date_gmt":"2022-05-03T09:09:05","guid":{"rendered":"https:\/\/villiger-security.com\/produkte\/"},"modified":"2022-08-30T09:13:21","modified_gmt":"2022-08-30T09:13:21","slug":"produkte","status":"publish","type":"page","link":"https:\/\/villiger-security.com\/de\/produkte\/","title":{"rendered":"Produkte"},"content":{"rendered":"<p>[et_pb_section fb_built=&#8220;1&#8243; module_class=&#8220;panelbar&#8220; _builder_version=&#8220;4.17.3&#8243; _module_preset=&#8220;default&#8220; background_color=&#8220;#303132&#8243; custom_margin=&#8220;0px||0px||false|false&#8220; custom_padding=&#8220;0px||0px||false|false&#8220; global_module=&#8220;3356&#8243; saved_tabs=&#8220;all&#8220; global_colors_info=&#8220;{}&#8220;][et_pb_row column_structure=&#8220;1_4,3_4&#8243; _builder_version=&#8220;4.17.3&#8243; _module_preset=&#8220;default&#8220; custom_padding=&#8220;5px||10px||false|false&#8220; global_colors_info=&#8220;{}&#8220;][et_pb_column type=&#8220;1_4&#8243; _builder_version=&#8220;4.17.3&#8243; _module_preset=&#8220;default&#8220; global_colors_info=&#8220;{}&#8220;][et_pb_text _builder_version=&#8220;4.17.3&#8243; _module_preset=&#8220;default&#8220; text_font=&#8220;|||||on|||&#8220; text_text_color=&#8220;#ffffff&#8220; text_font_size=&#8220;25px&#8220; custom_margin=&#8220;||0px||false|false&#8220; custom_margin_tablet=&#8220;||-20px||false|false&#8220; custom_margin_phone=&#8220;&#8220; custom_margin_last_edited=&#8220;on|desktop&#8220; custom_padding=&#8220;10px||||false|false&#8220; custom_padding_tablet=&#8220;0px||||false|false&#8220; custom_padding_phone=&#8220;&#8220; custom_padding_last_edited=&#8220;on|tablet&#8220; text_font_size_tablet=&#8220;22px&#8220; text_font_size_phone=&#8220;18px&#8220; text_font_size_last_edited=&#8220;on|phone&#8220; header_font_size_tablet=&#8220;&#8220; header_font_size_phone=&#8220;&#8220; header_font_size_last_edited=&#8220;on|desktop&#8220; global_colors_info=&#8220;{}&#8220;]<\/p>\n<p>Sicherheitsl\u00f6sungen<\/p>\n<p>[\/et_pb_text][\/et_pb_column][et_pb_column type=&#8220;3_4&#8243; _builder_version=&#8220;4.17.3&#8243; _module_preset=&#8220;default&#8220; global_colors_info=&#8220;{}&#8220;][et_pb_text _builder_version=&#8220;4.17.6&#8243; _module_preset=&#8220;default&#8220; text_text_color=&#8220;#ffffff&#8220; text_font_size=&#8220;10px&#8220; text_orientation=&#8220;center&#8220; module_alignment=&#8220;right&#8220; hover_enabled=&#8220;0&#8243; global_colors_info=&#8220;{}&#8220; sticky_enabled=&#8220;0&#8243;]<\/p>\n<div class=\"produkt-panel\">\n<div class=\"panel\"><a href=\"https:\/\/villiger-security.com\/de\/produkt-schlagwort\/1-mann\/\"><img decoding=\"async\" src=\"https:\/\/villiger-security.com\/wp-content\/uploads\/1-Man.png\" alt=\"\" class=\"wp-image-1235 one-man alignnone size-full\" \/><\/a><br \/><a href=\"https:\/\/villiger-security.com\/de\/produkt-schlagwort\/1-mann\/\">1-Mann<\/a><\/div>\n<div class=\"panel\"><a href=\"https:\/\/villiger-security.com\/de\/produkt-schlagwort\/burgersteig\/\"><img loading=\"lazy\" decoding=\"async\" src=\"https:\/\/villiger-security.com\/wp-content\/uploads\/Pavement.png\" width=\"119\" height=\"123\" alt=\"\" class=\"wp-image-1263 alignnone size-full\" \/><\/a><br \/><a href=\"https:\/\/villiger-security.com\/de\/produkt-schlagwort\/burgersteig\/\">B\u00fcrgersteig<\/a><\/div>\n<div class=\"panel\"><a href=\"https:\/\/villiger-security.com\/de\/produkt-schlagwort\/atm-de\/\"><img loading=\"lazy\" decoding=\"async\" src=\"https:\/\/villiger-security.com\/wp-content\/uploads\/ATM.png\" width=\"119\" height=\"123\" alt=\"\" class=\"wp-image-1259 alignnone size-full\" \/><\/a><br \/><a href=\"https:\/\/villiger-security.com\/de\/produkt-schlagwort\/atm-de\/\">ATM<\/a><\/div>\n<div class=\"panel\"><a href=\"https:\/\/villiger-security.com\/de\/produkt-schlagwort\/einzelhandel\/\"><img loading=\"lazy\" decoding=\"async\" src=\"https:\/\/villiger-security.com\/wp-content\/uploads\/Retail.png\" width=\"119\" height=\"123\" alt=\"\" class=\"wp-image-1267 alignnone size-full\" \/><\/a><br \/><a href=\"https:\/\/villiger-security.com\/de\/produkt-schlagwort\/einzelhandel\/\">Einzelhandel<\/a><\/div>\n<div class=\"panel\"><a href=\"https:\/\/villiger-security.com\/de\/produkt-schlagwort\/bankwesen-privat\/\"><img loading=\"lazy\" decoding=\"async\" src=\"https:\/\/villiger-security.com\/wp-content\/uploads\/Banking.png\" width=\"119\" height=\"123\" alt=\"\" class=\"wp-image-1260 alignnone size-full\" \/><\/a><br \/><a href=\"https:\/\/villiger-security.com\/de\/produkt-schlagwort\/bankwesen-privat\/\">Bankwesen<\/a><br \/><a href=\"https:\/\/villiger-security.com\/de\/produkt-schlagwort\/bankwesen-privat\/\">Privat<\/a><\/div>\n<div class=\"panel\"><a href=\"https:\/\/villiger-security.com\/de\/produkt-schlagwort\/pharma-de\/\"><img loading=\"lazy\" decoding=\"async\" src=\"https:\/\/villiger-security.com\/wp-content\/uploads\/Pharma.png\" width=\"119\" height=\"123\" alt=\"\" class=\"wp-image-1264 alignnone size-full\" \/>Pharma<\/a><\/div>\n<div class=\"panel\"><a href=\"https:\/\/villiger-security.com\/de\/produkt-schlagwort\/eisenbahn\/\"><img loading=\"lazy\" decoding=\"async\" src=\"https:\/\/villiger-security.com\/wp-content\/uploads\/Railway.png\" width=\"119\" height=\"123\" alt=\"\" class=\"wp-image-1266 alignnone size-full\" \/>Eisenbahn<\/a><\/div>\n<div class=\"panel\"><a href=\"https:\/\/villiger-security.com\/de\/produkt-schlagwort\/maritim\/\"><img loading=\"lazy\" decoding=\"async\" src=\"https:\/\/villiger-security.com\/wp-content\/uploads\/Maritime-1.png\" width=\"119\" height=\"123\" alt=\"\" class=\"wp-image-1262 alignnone size-full\" \/>Maritim<\/a><\/div>\n<div class=\"panel\"><a href=\"https:\/\/villiger-security.com\/de\/produkt-schlagwort\/luftverkehr\/\"><img loading=\"lazy\" decoding=\"async\" src=\"https:\/\/villiger-security.com\/wp-content\/uploads\/Aerial.png\" width=\"119\" height=\"123\" alt=\"\" class=\"wp-image-1258 alignnone size-full\" \/>Luftverkehr<\/a><\/div>\n<div class=\"panel\"><a href=\"https:\/\/villiger-security.com\/de\/produkt-schlagwort\/post\/\"><img loading=\"lazy\" decoding=\"async\" src=\"https:\/\/villiger-security.com\/wp-content\/uploads\/Postal.png\" width=\"119\" height=\"123\" alt=\"\" class=\"wp-image-1265 alignnone size-full\" \/>Post<\/a><\/div>\n<div class=\"panel\"><a href=\"https:\/\/villiger-security.com\/de\/produkt-schlagwort\/luxus\/\"><img loading=\"lazy\" decoding=\"async\" src=\"https:\/\/villiger-security.com\/wp-content\/uploads\/Luxury.png\" width=\"119\" height=\"123\" alt=\"\" class=\"wp-image-1261 alignnone size-full\" \/>Luxus<\/a><\/div>\n<div class=\"panel\"><a href=\"https:\/\/villiger-security.com\/de\/produkt-schlagwort\/wert\/\"><img loading=\"lazy\" decoding=\"async\" src=\"https:\/\/villiger-security.com\/wp-content\/uploads\/Value.png\" width=\"119\" height=\"123\" alt=\"\" class=\"wp-image-1268 alignnone size-full\" \/>Wertsachen<\/a><\/div>\n<\/div>\n<p>[\/et_pb_text][\/et_pb_column][\/et_pb_row][\/et_pb_section][et_pb_section fb_built=&#8220;1&#8243; fullwidth=&#8220;on&#8220; module_id=&#8220;home-slid&#8220; _builder_version=&#8220;4.17.3&#8243; _module_preset=&#8220;default&#8220; filter_saturate=&#8220;50%&#8220; bottom_divider_color=&#8220;#e9e9f6&#8243; bottom_divider_height=&#8220;0px&#8220; bottom_divider_repeat=&#8220;0.5x&#8220; locked=&#8220;off&#8220; global_colors_info=&#8220;{}&#8220;][et_pb_fullwidth_slider _builder_version=&#8220;4.17.6&#8243; _module_preset=&#8220;default&#8220; header_level=&#8220;h1&#8243; header_font=&#8220;|600||||on|||&#8220; header_text_color=&#8220;#ffffff&#8220; body_font=&#8220;|||||on|||&#8220; body_text_color=&#8220;rgba(255,228,43,0.89)&#8220; use_background_color_gradient=&#8220;on&#8220; background_color_gradient_direction=&#8220;140deg&#8220; background_color_gradient_stops=&#8220;rgba(234,0,39,0.3) 0%|rgba(0,15,159,0.2) 26%&#8220; background_color_gradient_overlays_image=&#8220;on&#8220; custom_padding=&#8220;150px|0px|200px|0px|false|false&#8220; custom_padding_tablet=&#8220;120px||150px||false|false&#8220; custom_padding_phone=&#8220;||150px||false|false&#8220; custom_padding_last_edited=&#8220;on|tablet&#8220; auto=&#8220;on&#8220; auto_speed=&#8220;4500&#8243; auto_ignore_hover=&#8220;on&#8220; global_colors_info=&#8220;{}&#8220;][et_pb_slide heading=&#8220;Produkte von Villiger Security Solutions&#8220; _builder_version=&#8220;4.17.6&#8243; _module_preset=&#8220;default&#8220; header_level=&#8220;h2&#8243; header_font=&#8220;|||||on|||&#8220; header_text_align=&#8220;center&#8220; header_text_color=&#8220;#ffffff&#8220; header_font_size=&#8220;50px&#8220; body_text_align=&#8220;center&#8220; body_text_color=&#8220;#FFFFFF&#8220; body_font_size=&#8220;25px&#8220; body_line_height=&#8220;1.3em&#8220; background_enable_color=&#8220;off&#8220; background_image=&#8220;https:\/\/villiger-security.com\/wp-content\/uploads\/2022\/05\/showroom.jpg&#8220; background_enable_image=&#8220;on&#8220; background_position=&#8220;bottom_center&#8220; text_orientation=&#8220;left&#8220; max_width=&#8220;613px&#8220; body_font_size_tablet=&#8220;25px&#8220; body_font_size_phone=&#8220;25px&#8220; body_font_size_last_edited=&#8220;on|phone&#8220; body_line_height_tablet=&#8220;1.3em&#8220; body_line_height_phone=&#8220;1.3em&#8220; body_line_height_last_edited=&#8220;on|desktop&#8220; header_text_shadow_style=&#8220;preset5&#8243; header_text_shadow_horizontal_length=&#8220;0.03em&#8220; header_text_shadow_vertical_length=&#8220;0.03em&#8220; header_text_shadow_color=&#8220;rgba(0,0,0,0.73)&#8220; text_shadow_style=&#8220;preset5&#8243; text_shadow_horizontal_length=&#8220;0.07em&#8220; text_shadow_vertical_length=&#8220;0.07em&#8220; text_shadow_color=&#8220;#000000&#8243; global_colors_info=&#8220;{}&#8220; sticky_transition=&#8220;on&#8220;][\/et_pb_slide][\/et_pb_fullwidth_slider][\/et_pb_section][et_pb_section fb_built=&#8220;1&#8243; module_id=&#8220;cit&#8220; _builder_version=&#8220;4.17.3&#8243; _module_preset=&#8220;default&#8220; global_colors_info=&#8220;{}&#8220;][et_pb_row _builder_version=&#8220;4.17.3&#8243; _module_preset=&#8220;default&#8220; global_colors_info=&#8220;{}&#8220;][et_pb_column type=&#8220;4_4&#8243; _builder_version=&#8220;4.17.3&#8243; _module_preset=&#8220;default&#8220; global_colors_info=&#8220;{}&#8220;][et_pb_text _builder_version=&#8220;4.17.6&#8243; _module_preset=&#8220;default&#8220; global_colors_info=&#8220;{}&#8220;]<\/p>\n<h2>CIT &#8211; Sicherheit bei Geldtransporten<\/h2>\n<p><span>Unser Sicherheitskonzept basiert auf der Idee, dass Wertgegenst\u00e4nde entweder gar nicht oder in einem unbrauchbaren Zustand in die H\u00e4nde von Kriminellen gelangen. Die f\u00fcr den Transport verantwortlichen Personen kommen zu keinem Zeitpunkt mit den Wertgegenst\u00e4nden in Ber\u00fchrung und k\u00f6nnen die Sicherheitsbeh\u00e4lter nicht \u00f6ffnen. Auf diese Weise sind sie vor Erpressung oder Bestechung sicher. Den Einbrechern ist auch klar, dass es keinen Sinn macht, die Kuriere von den Wertsachen zu trennen.<\/span><\/p>\n<p>[\/et_pb_text][et_pb_shop type=&#8220;product_category&#8220; posts_number=&#8220;22&#8243; include_categories=&#8220;81&#8243; columns_number=&#8220;6&#8243; _builder_version=&#8220;4.17.6&#8243; _module_preset=&#8220;default&#8220; global_colors_info=&#8220;{}&#8220;][\/et_pb_shop][\/et_pb_column][\/et_pb_row][\/et_pb_section][et_pb_section fb_built=&#8220;1&#8243; module_id=&#8220;atm&#8220; _builder_version=&#8220;4.17.3&#8243; _module_preset=&#8220;default&#8220; background_color=&#8220;#f2f3fa&#8220; border_width_top=&#8220;10px&#8220; border_color_top=&#8220;#f8f9fe&#8220; border_width_bottom=&#8220;10px&#8220; border_color_bottom=&#8220;#f8f9fe&#8220; global_colors_info=&#8220;{}&#8220;][et_pb_row _builder_version=&#8220;4.17.3&#8243; _module_preset=&#8220;default&#8220; global_colors_info=&#8220;{}&#8220;][et_pb_column type=&#8220;4_4&#8243; _builder_version=&#8220;4.17.3&#8243; _module_preset=&#8220;default&#8220; global_colors_info=&#8220;{}&#8220;][et_pb_text _builder_version=&#8220;4.17.3&#8243; _module_preset=&#8220;default&#8220; global_colors_info=&#8220;{}&#8220;]<\/p>\n<h2>ATM-Sicherheit<\/h2>\n<p>Die Villiger ATM-Tintensicherheitsl\u00f6sung zeichnet sich durch die h\u00f6chste Sicherheitsstufe aus und ist zudem einfach vor Ort zu installieren und zu warten. Die Farbmodule und Steuereinheiten passen sich an jede Marke von Geldautomaten an und werden in die vorhandenen Kassetten integriert. <br \/>Das System kann in Kombination mit dem ATM-Trolley eine komplette End-to-End-L\u00f6sung integrieren.<\/p>\n<p>[\/et_pb_text][et_pb_shop type=&#8220;product_category&#8220; posts_number=&#8220;100&#8243; include_categories=&#8220;91&#8243; columns_number=&#8220;6&#8243; _builder_version=&#8220;4.17.3&#8243; _module_preset=&#8220;default&#8220; global_colors_info=&#8220;{}&#8220;][\/et_pb_shop][\/et_pb_column][\/et_pb_row][\/et_pb_section][et_pb_section fb_built=&#8220;1&#8243; module_id=&#8220;Einzelhandel&#8220; _builder_version=&#8220;4.17.3&#8243; _module_preset=&#8220;default&#8220; global_colors_info=&#8220;{}&#8220;][et_pb_row _builder_version=&#8220;4.17.3&#8243; _module_preset=&#8220;default&#8220; global_colors_info=&#8220;{}&#8220;][et_pb_column type=&#8220;4_4&#8243; _builder_version=&#8220;4.17.3&#8243; _module_preset=&#8220;default&#8220; global_colors_info=&#8220;{}&#8220;][et_pb_text _builder_version=&#8220;4.17.3&#8243; _module_preset=&#8220;default&#8220; global_colors_info=&#8220;{}&#8220;]<\/p>\n<h2>Sicherheit im Einzelhandel<\/h2>\n<p>Die Villiger Retail Solution zeichnet sich durch ein H\u00f6chstmass an Sicherheit aus, ist einfach vor Ort zu installieren und leicht zu warten. Die Farbmodule und Steuereinheiten passen sich an jede Kassette an und werden an oder in die vorhandenen Kassetten integriert.<\/p>\n<h4>Villiger Zusammenarbeit mit GLORY LTD.<\/h4>\n<p>Villiger arbeitet mit GLORY LTD. in einer starken und effizienten Partnerschaft zusammen. Villiger liefert exklusive IBNS-Systeme f\u00fcr GLORY LTD. Produkte zum Schutz von Einzelhandelsl\u00f6sungen weltweit. Villigers j\u00fcngste, GLORY LTD. Solutions, hat CASHINFINITY als neues System f\u00fcr 2017 eingef\u00fchrt. <br \/>Die GLORY-Gruppe mit Hauptsitz in Japan ist ein Pionier in der Entwicklung und Herstellung von Geldbearbeitungsmaschinen und -systemen. In dem Bestreben, die vielf\u00e4ltigen Bed\u00fcrfnisse der Gesellschaft zu erf\u00fcllen, bedient GLORY die Finanz-, Einzelhandels-, Geldtransport- und Gl\u00fccksspielbranche in \u00fcber 80 L\u00e4ndern der Welt.<\/p>\n<p>[\/et_pb_text][et_pb_shop type=&#8220;product_category&#8220; posts_number=&#8220;100&#8243; include_categories=&#8220;103&#8243; columns_number=&#8220;6&#8243; _builder_version=&#8220;4.17.3&#8243; _module_preset=&#8220;default&#8220; global_colors_info=&#8220;{}&#8220;][\/et_pb_shop][\/et_pb_column][\/et_pb_row][\/et_pb_section][et_pb_section fb_built=&#8220;1&#8243; module_id=&#8220;Eisenbahn&#8220; _builder_version=&#8220;4.17.3&#8243; _module_preset=&#8220;default&#8220; background_color=&#8220;#f2f3fa&#8220; border_width_top=&#8220;10px&#8220; border_color_top=&#8220;#f8f9fe&#8220; border_width_bottom=&#8220;10px&#8220; border_color_bottom=&#8220;#f8f9fe&#8220; global_colors_info=&#8220;{}&#8220;][et_pb_row _builder_version=&#8220;4.17.3&#8243; _module_preset=&#8220;default&#8220; global_colors_info=&#8220;{}&#8220;][et_pb_column type=&#8220;4_4&#8243; _builder_version=&#8220;4.17.3&#8243; _module_preset=&#8220;default&#8220; global_colors_info=&#8220;{}&#8220;][et_pb_text _builder_version=&#8220;4.17.3&#8243; _module_preset=&#8220;default&#8220; global_colors_info=&#8220;{}&#8220;]<\/p>\n<h2>Sicherheit in den Bereichen Eisenbahn, Schifffahrt, Privat- und Bankwesen<\/h2>\n<p>[\/et_pb_text][et_pb_shop type=&#8220;product_category&#8220; posts_number=&#8220;100&#8243; include_categories=&#8220;119&#8243; columns_number=&#8220;6&#8243; _builder_version=&#8220;4.17.3&#8243; _module_preset=&#8220;default&#8220; global_colors_info=&#8220;{}&#8220;][\/et_pb_shop][\/et_pb_column][\/et_pb_row][\/et_pb_section][et_pb_section fb_built=&#8220;1&#8243; module_id=&#8220;Luft&#8220; _builder_version=&#8220;4.17.3&#8243; _module_preset=&#8220;default&#8220; global_colors_info=&#8220;{}&#8220;][et_pb_row _builder_version=&#8220;4.17.3&#8243; _module_preset=&#8220;default&#8220; global_colors_info=&#8220;{}&#8220;][et_pb_column type=&#8220;4_4&#8243; _builder_version=&#8220;4.17.3&#8243; _module_preset=&#8220;default&#8220; global_colors_info=&#8220;{}&#8220;][et_pb_text _builder_version=&#8220;4.17.3&#8243; _module_preset=&#8220;default&#8220; global_colors_info=&#8220;{}&#8220;]<\/p>\n<h2>Sicherheit in Pharmazie und Logistik<\/h2>\n<p>[\/et_pb_text][et_pb_shop type=&#8220;product_category&#8220; posts_number=&#8220;100&#8243; include_categories=&#8220;84&#8243; columns_number=&#8220;6&#8243; _builder_version=&#8220;4.17.3&#8243; _module_preset=&#8220;default&#8220; global_colors_info=&#8220;{}&#8220;][\/et_pb_shop][\/et_pb_column][\/et_pb_row][\/et_pb_section]<\/p>\n","protected":false},"excerpt":{"rendered":"<p>Sicherheitsl\u00f6sungen 1-Mann B\u00fcrgersteig ATM Einzelhandel BankwesenPrivat Pharma Eisenbahn Maritim Luftverkehr Post Luxus Wertsachen CIT &#8211; Sicherheit bei Geldtransporten Unser Sicherheitskonzept basiert auf der Idee, dass Wertgegenst\u00e4nde entweder gar nicht oder in einem unbrauchbaren Zustand in die H\u00e4nde von Kriminellen gelangen. Die f\u00fcr den Transport verantwortlichen Personen kommen zu keinem Zeitpunkt mit den Wertgegenst\u00e4nden in Ber\u00fchrung [&hellip;]<\/p>\n","protected":false},"author":1,"featured_media":0,"parent":0,"menu_order":0,"comment_status":"closed","ping_status":"closed","template":"","meta":{"_acf_changed":false,"_et_pb_use_builder":"on","_et_pb_old_content":"","_et_gb_content_width":"","footnotes":""},"class_list":["post-3113","page","type-page","status-publish","hentry"],"acf":[],"yoast_head":"<!-- This site is optimized with the Yoast SEO plugin v26.7 - https:\/\/yoast.com\/wordpress\/plugins\/seo\/ -->\n<title>Produkte von Villiger Security Solutions<\/title>\n<meta name=\"description\" content=\"Entdecken Sie die Villiger Security Produkte, die speziell f\u00fcr Sicherheitsl\u00f6sungen rund um den Werttransport entwickelt wurden.\" \/>\n<meta name=\"robots\" content=\"index, follow, max-snippet:-1, max-image-preview:large, max-video-preview:-1\" \/>\n<link rel=\"canonical\" href=\"https:\/\/villiger-security.com\/de\/produkte\/\" \/>\n<meta property=\"og:locale\" content=\"de_DE\" \/>\n<meta property=\"og:type\" content=\"article\" \/>\n<meta property=\"og:title\" content=\"Produkte von Villiger Security Solutions\" \/>\n<meta property=\"og:description\" content=\"Entdecken Sie die Villiger Security Produkte, die speziell f\u00fcr Sicherheitsl\u00f6sungen rund um den Werttransport entwickelt wurden.\" \/>\n<meta property=\"og:url\" content=\"https:\/\/villiger-security.com\/de\/produkte\/\" \/>\n<meta property=\"og:site_name\" content=\"Villiger Security Solutions AG\" \/>\n<meta property=\"article:modified_time\" content=\"2022-08-30T09:13:21+00:00\" \/>\n<meta property=\"og:image\" content=\"https:\/\/villiger-security.com\/wp-content\/uploads\/1-Man.png\" \/>\n<meta name=\"twitter:card\" content=\"summary_large_image\" \/>\n<meta name=\"twitter:label1\" content=\"Gesch\u00e4tzte Lesezeit\" \/>\n\t<meta name=\"twitter:data1\" content=\"6\u00a0Minuten\" \/>\n<script type=\"application\/ld+json\" class=\"yoast-schema-graph\">{\"@context\":\"https:\/\/schema.org\",\"@graph\":[{\"@type\":\"WebPage\",\"@id\":\"https:\/\/villiger-security.com\/de\/produkte\/\",\"url\":\"https:\/\/villiger-security.com\/de\/produkte\/\",\"name\":\"Produkte von Villiger Security Solutions\",\"isPartOf\":{\"@id\":\"https:\/\/villiger-security.com\/de\/#website\"},\"primaryImageOfPage\":{\"@id\":\"https:\/\/villiger-security.com\/de\/produkte\/#primaryimage\"},\"image\":{\"@id\":\"https:\/\/villiger-security.com\/de\/produkte\/#primaryimage\"},\"thumbnailUrl\":\"https:\/\/villiger-security.com\/wp-content\/uploads\/1-Man.png\",\"datePublished\":\"2022-05-03T09:09:05+00:00\",\"dateModified\":\"2022-08-30T09:13:21+00:00\",\"description\":\"Entdecken Sie die Villiger Security Produkte, die speziell f\u00fcr Sicherheitsl\u00f6sungen rund um den Werttransport entwickelt wurden.\",\"breadcrumb\":{\"@id\":\"https:\/\/villiger-security.com\/de\/produkte\/#breadcrumb\"},\"inLanguage\":\"de\",\"potentialAction\":[{\"@type\":\"ReadAction\",\"target\":[\"https:\/\/villiger-security.com\/de\/produkte\/\"]}]},{\"@type\":\"ImageObject\",\"inLanguage\":\"de\",\"@id\":\"https:\/\/villiger-security.com\/de\/produkte\/#primaryimage\",\"url\":\"https:\/\/villiger-security.com\/wp-content\/uploads\/1-Man.png\",\"contentUrl\":\"https:\/\/villiger-security.com\/wp-content\/uploads\/1-Man.png\"},{\"@type\":\"BreadcrumbList\",\"@id\":\"https:\/\/villiger-security.com\/de\/produkte\/#breadcrumb\",\"itemListElement\":[{\"@type\":\"ListItem\",\"position\":1,\"name\":\"Home\",\"item\":\"https:\/\/villiger-security.com\/de\/\"},{\"@type\":\"ListItem\",\"position\":2,\"name\":\"Produkte\"}]},{\"@type\":\"WebSite\",\"@id\":\"https:\/\/villiger-security.com\/de\/#website\",\"url\":\"https:\/\/villiger-security.com\/de\/\",\"name\":\"Villiger Security Solutions AG\",\"description\":\"Innovate the future of cash\",\"potentialAction\":[{\"@type\":\"SearchAction\",\"target\":{\"@type\":\"EntryPoint\",\"urlTemplate\":\"https:\/\/villiger-security.com\/de\/?s={search_term_string}\"},\"query-input\":{\"@type\":\"PropertyValueSpecification\",\"valueRequired\":true,\"valueName\":\"search_term_string\"}}],\"inLanguage\":\"de\"}]}<\/script>\n<!-- \/ Yoast SEO plugin. -->","yoast_head_json":{"title":"Produkte von Villiger Security Solutions","description":"Entdecken Sie die Villiger Security Produkte, die speziell f\u00fcr Sicherheitsl\u00f6sungen rund um den Werttransport entwickelt wurden.","robots":{"index":"index","follow":"follow","max-snippet":"max-snippet:-1","max-image-preview":"max-image-preview:large","max-video-preview":"max-video-preview:-1"},"canonical":"https:\/\/villiger-security.com\/de\/produkte\/","og_locale":"de_DE","og_type":"article","og_title":"Produkte von Villiger Security Solutions","og_description":"Entdecken Sie die Villiger Security Produkte, die speziell f\u00fcr Sicherheitsl\u00f6sungen rund um den Werttransport entwickelt wurden.","og_url":"https:\/\/villiger-security.com\/de\/produkte\/","og_site_name":"Villiger Security Solutions AG","article_modified_time":"2022-08-30T09:13:21+00:00","og_image":[{"url":"https:\/\/villiger-security.com\/wp-content\/uploads\/1-Man.png","type":"","width":"","height":""}],"twitter_card":"summary_large_image","twitter_misc":{"Gesch\u00e4tzte Lesezeit":"6\u00a0Minuten"},"schema":{"@context":"https:\/\/schema.org","@graph":[{"@type":"WebPage","@id":"https:\/\/villiger-security.com\/de\/produkte\/","url":"https:\/\/villiger-security.com\/de\/produkte\/","name":"Produkte von Villiger Security Solutions","isPartOf":{"@id":"https:\/\/villiger-security.com\/de\/#website"},"primaryImageOfPage":{"@id":"https:\/\/villiger-security.com\/de\/produkte\/#primaryimage"},"image":{"@id":"https:\/\/villiger-security.com\/de\/produkte\/#primaryimage"},"thumbnailUrl":"https:\/\/villiger-security.com\/wp-content\/uploads\/1-Man.png","datePublished":"2022-05-03T09:09:05+00:00","dateModified":"2022-08-30T09:13:21+00:00","description":"Entdecken Sie die Villiger Security Produkte, die speziell f\u00fcr Sicherheitsl\u00f6sungen rund um den Werttransport entwickelt wurden.","breadcrumb":{"@id":"https:\/\/villiger-security.com\/de\/produkte\/#breadcrumb"},"inLanguage":"de","potentialAction":[{"@type":"ReadAction","target":["https:\/\/villiger-security.com\/de\/produkte\/"]}]},{"@type":"ImageObject","inLanguage":"de","@id":"https:\/\/villiger-security.com\/de\/produkte\/#primaryimage","url":"https:\/\/villiger-security.com\/wp-content\/uploads\/1-Man.png","contentUrl":"https:\/\/villiger-security.com\/wp-content\/uploads\/1-Man.png"},{"@type":"BreadcrumbList","@id":"https:\/\/villiger-security.com\/de\/produkte\/#breadcrumb","itemListElement":[{"@type":"ListItem","position":1,"name":"Home","item":"https:\/\/villiger-security.com\/de\/"},{"@type":"ListItem","position":2,"name":"Produkte"}]},{"@type":"WebSite","@id":"https:\/\/villiger-security.com\/de\/#website","url":"https:\/\/villiger-security.com\/de\/","name":"Villiger Security Solutions AG","description":"Innovate the future of cash","potentialAction":[{"@type":"SearchAction","target":{"@type":"EntryPoint","urlTemplate":"https:\/\/villiger-security.com\/de\/?s={search_term_string}"},"query-input":{"@type":"PropertyValueSpecification","valueRequired":true,"valueName":"search_term_string"}}],"inLanguage":"de"}]}},"_links":{"self":[{"href":"https:\/\/villiger-security.com\/de\/wp-json\/wp\/v2\/pages\/3113","targetHints":{"allow":["GET"]}}],"collection":[{"href":"https:\/\/villiger-security.com\/de\/wp-json\/wp\/v2\/pages"}],"about":[{"href":"https:\/\/villiger-security.com\/de\/wp-json\/wp\/v2\/types\/page"}],"author":[{"embeddable":true,"href":"https:\/\/villiger-security.com\/de\/wp-json\/wp\/v2\/users\/1"}],"replies":[{"embeddable":true,"href":"https:\/\/villiger-security.com\/de\/wp-json\/wp\/v2\/comments?post=3113"}],"version-history":[{"count":0,"href":"https:\/\/villiger-security.com\/de\/wp-json\/wp\/v2\/pages\/3113\/revisions"}],"wp:attachment":[{"href":"https:\/\/villiger-security.com\/de\/wp-json\/wp\/v2\/media?parent=3113"}],"curies":[{"name":"wp","href":"https:\/\/api.w.org\/{rel}","templated":true}]}}