{"id":3057,"date":"2022-05-31T08:35:54","date_gmt":"2022-05-31T08:35:54","guid":{"rendered":"https:\/\/villiger-security.com\/qualitaetsmanagement\/"},"modified":"2022-08-24T07:29:20","modified_gmt":"2022-08-24T07:29:20","slug":"qualitaetsmanagement","status":"publish","type":"page","link":"https:\/\/villiger-security.com\/de\/qualitaetsmanagement\/","title":{"rendered":"Qualit\u00e4tsmanagement"},"content":{"rendered":"<p>[et_pb_section fb_built=&#8220;1&#8243; fullwidth=&#8220;on&#8220; module_id=&#8220;home-slid&#8220; _builder_version=&#8220;4.17.3&#8243; _module_preset=&#8220;default&#8220; bottom_divider_color=&#8220;#e9e9f6&#8243; bottom_divider_height=&#8220;0px&#8220; bottom_divider_repeat=&#8220;0.5x&#8220; locked=&#8220;off&#8220; global_colors_info=&#8220;{}&#8220;][et_pb_fullwidth_slider module_id=&#8220;home-slid&#8220; _builder_version=&#8220;4.17.3&#8243; _module_preset=&#8220;default&#8220; header_level=&#8220;h1&#8243; header_font=&#8220;|600||||on|||&#8220; header_text_color=&#8220;#ffffff&#8220; body_font=&#8220;|||||on|||&#8220; body_text_color=&#8220;rgba(255,228,43,0.89)&#8220; use_background_color_gradient=&#8220;on&#8220; background_color_gradient_direction=&#8220;140deg&#8220; background_color_gradient_stops=&#8220;rgba(234,0,39,0.3) 0%|rgba(0,15,159,0.2) 25%&#8220; background_color_gradient_overlays_image=&#8220;on&#8220; custom_padding=&#8220;150px|0px|200px|0px|false|false&#8220; custom_padding_tablet=&#8220;120px||150px||false|false&#8220; custom_padding_phone=&#8220;||150px||false|false&#8220; custom_padding_last_edited=&#8220;on|tablet&#8220; auto=&#8220;on&#8220; auto_speed=&#8220;4500&#8243; auto_ignore_hover=&#8220;on&#8220; global_colors_info=&#8220;{}&#8220;][et_pb_slide heading=&#8220;Qualit\u00e4tsmanagement&#8220; _builder_version=&#8220;4.17.3&#8243; _module_preset=&#8220;default&#8220; header_level=&#8220;h2&#8243; header_font=&#8220;|||||on|||&#8220; header_text_align=&#8220;center&#8220; header_text_color=&#8220;#ffffff&#8220; header_font_size=&#8220;50px&#8220; body_text_align=&#8220;center&#8220; body_text_color=&#8220;#FFFFFF&#8220; body_font_size=&#8220;25px&#8220; body_line_height=&#8220;1.3em&#8220; background_enable_color=&#8220;off&#8220; background_image=&#8220;https:\/\/villiger-security.com\/wp-content\/uploads\/2022\/05\/showroom.jpg&#8220; background_enable_image=&#8220;on&#8220; background_position=&#8220;bottom_center&#8220; text_orientation=&#8220;left&#8220; max_width=&#8220;613px&#8220; body_font_size_tablet=&#8220;25px&#8220; body_font_size_phone=&#8220;25px&#8220; body_font_size_last_edited=&#8220;on|phone&#8220; body_line_height_tablet=&#8220;1.3em&#8220; body_line_height_phone=&#8220;1.3em&#8220; body_line_height_last_edited=&#8220;on|desktop&#8220; header_text_shadow_style=&#8220;preset5&#8243; header_text_shadow_horizontal_length=&#8220;0.03em&#8220; header_text_shadow_vertical_length=&#8220;0.03em&#8220; header_text_shadow_color=&#8220;rgba(0,0,0,0.73)&#8220; text_shadow_style=&#8220;preset5&#8243; text_shadow_horizontal_length=&#8220;0.07em&#8220; text_shadow_vertical_length=&#8220;0.07em&#8220; text_shadow_color=&#8220;#000000&#8243; global_colors_info=&#8220;{}&#8220; sticky_transition=&#8220;on&#8220;][\/et_pb_slide][\/et_pb_fullwidth_slider][\/et_pb_section][et_pb_section fb_built=&#8220;1&#8243; _builder_version=&#8220;4.17.3&#8243; _module_preset=&#8220;default&#8220; global_colors_info=&#8220;{}&#8220;][et_pb_row _builder_version=&#8220;4.17.3&#8243; _module_preset=&#8220;default&#8220; global_colors_info=&#8220;{}&#8220;][et_pb_column type=&#8220;4_4&#8243; _builder_version=&#8220;4.17.3&#8243; _module_preset=&#8220;default&#8220; global_colors_info=&#8220;{}&#8220;][et_pb_text _builder_version=&#8220;4.17.6&#8243; _module_preset=&#8220;default&#8220; global_colors_info=&#8220;{}&#8220;]<\/p>\n<h2>Qualit\u00e4tsrichtlinien<\/h2>\n<p>VILLIGER hat eine Produktpalette von \u00fcber 200 Artikeln f\u00fcr fast 40 Systeme. Um sicherzustellen, dass die aktuelle Produktpalette weiterhin den praktischen Bed\u00fcrfnissen unserer Kunden entspricht, ist ein st\u00e4ndiger Dialog zwischen den Anwendern von VILLIGER Systemen und Produkten unerl\u00e4sslich.<\/p>\n<p>Die Qualit\u00e4tsstandards des Unternehmens werden von der Unternehmensleitung festgelegt und aktiv unterst\u00fctzt. Sie sind daher f\u00fcr alle Bereiche unseres Unternehmens verbindlich. Sie sind die Leitlinien f\u00fcr alle Ebenen des Unternehmens. Jeder Mitarbeiter ist f\u00fcr die Qualit\u00e4t der von ihm geleisteten Arbeit verantwortlich. Es liegt in ihrer Verantwortung, die vorgeschriebenen Anweisungen und Richtlinien so zu befolgen, dass diese Anforderungen vollst\u00e4ndig erf\u00fcllt werden.<\/p>\n<p>Um dies zu gew\u00e4hrleisten, werden Methoden, Verfahren und Produktionsmittel eingesetzt, die dem heutigen Stand von Wissenschaft und Technik entsprechen. Alle Phasen der Produktentwicklung und -herstellung werden sorgf\u00e4ltig geplant, unter Ber\u00fccksichtigung von Normen und gesetzlichen Anforderungen und in \u00dcbereinstimmung mit unseren Richtlinien.<\/p>\n<p>Kompetente, motivierte und hochqualifizierte Mitarbeiter erledigen die notwendigen Aufgaben in allen Bereichen unseres Unternehmens. Die Qualit\u00e4t unserer Produkte und aller unserer Dienstleistungen wird durch die Planung aller notwendigen Schritte vor und w\u00e4hrend der Auftragsabwicklung sowie durch eine systematische \u00dcberwachung aller an der Herstellung unserer Produkte beteiligten Prozesse erreicht.<\/p>\n<p>&nbsp;<\/p>\n<h3>Qualit\u00e4tssicherung f\u00fcr den Produktionsprozess<\/h3>\n<p>Die Richtlinien gelten f\u00fcr alle Schritte innerhalb der Produktion inkl. Komponentenlieferanten. Das Gesamtziel ist die Gew\u00e4hrleistung einer Ausfallquote von 0,0 % in jedem Produktionsschritt. Beginnend mit Qualit\u00e4tsbesprechungen und -kontrollen vor Ort bei den Komponentenlieferanten, kontrolliert VILLIGER die Teile auch im Lagereingang, einschliesslich einer intensiven Kontrolle f\u00fcr alle funktionskritischen Produkte, z.B. Batterien.<\/p>\n<p>Im Rahmen des Montageprozesses erfolgt eine Qualit\u00e4ts- und Funktionskontrolle f\u00fcr jedes Modul und f\u00fcr das Endprodukt zu 100%. Die Pr\u00fcfung des Endprodukts simuliert den Kundenaufbau im Betrieb. Die kompletten Pr\u00fcfergebnisse werden f\u00fcr das Produkt und alle Komponenten und Module aufgezeichnet, so dass VILLIGER bei weiteren Fehlern w\u00e4hrend der Lebensdauer die Fehlerquelle zur\u00fcckverfolgen kann.<\/p>\n<p>[\/et_pb_text][\/et_pb_column][\/et_pb_row][\/et_pb_section][et_pb_section fb_built=&#8220;1&#8243; _builder_version=&#8220;4.17.3&#8243; _module_preset=&#8220;default&#8220; global_colors_info=&#8220;{}&#8220;][et_pb_row column_structure=&#8220;2_5,3_5&#8243; _builder_version=&#8220;4.17.3&#8243; _module_preset=&#8220;default&#8220; global_colors_info=&#8220;{}&#8220;][et_pb_column type=&#8220;2_5&#8243; _builder_version=&#8220;4.17.3&#8243; _module_preset=&#8220;default&#8220; global_colors_info=&#8220;{}&#8220;][et_pb_image src=&#8220;https:\/\/villiger-security.com\/wp-content\/uploads\/Quality.png&#8220; title_text=&#8220;Qualit\u00e4t&#8220; module_class=&#8220;noborder&#8220; _builder_version=&#8220;4.17.3&#8243; _module_preset=&#8220;default&#8220; global_colors_info=&#8220;{}&#8220;][\/et_pb_image][\/et_pb_column][et_pb_column type=&#8220;3_5&#8243; _builder_version=&#8220;4.17.3&#8243; _module_preset=&#8220;default&#8220; global_colors_info=&#8220;{}&#8220;][et_pb_text _builder_version=&#8220;4.17.6&#8243; _module_preset=&#8220;default&#8220; hover_enabled=&#8220;0&#8243; global_colors_info=&#8220;{}&#8220; sticky_enabled=&#8220;0&#8243;]<\/p>\n<h3>Qualit\u00e4tsverpflichtungen<\/h3>\n<p>VILLIGER Produkte sind f\u00fcr eine Lebensdauer von mehr als 10 Jahren ausgelegt, und VILLIGER kann in Verbindung mit einer vorbeugenden Wartung durch VILLIGER eine lebenslange Garantie zusichern. Der Schutz der Umwelt ist Teil des Engagements von VILLIGER f\u00fcr die Zukunft. Unser Ziel ist es, nur sortenreine Materialien zu verwenden, damit die Materialien veralteter Produkte problemlos recycelt werden k\u00f6nnen.<\/p>\n<p>&nbsp;<\/p>\n<h3>Kostenvorteile f\u00fcr VILLIGER Kunden<\/h3>\n<p>Villiger erreicht heute f\u00fcr die wichtigsten Produktgruppen eine Produktausfallrate von weniger als 1%, was f\u00fcr die VILLIGER-Kunden einen Kostenvorteil bei der Total Cost of Ownership (TCO) Berechnung bedeutet. Die Analyse zeigt die TCO \u00fcber 10 Jahre f\u00fcr zwei Produkte, Produkt 1 mit einer Ausfallrate von 1 % gegen\u00fcber Produkt 2 mit einer Rate <br \/>von 9 %.<\/p>\n<p>Der TCO-Vorteil f\u00fcr Produkt 1 (blaue Linie, vergleichbar mit dem VILLIGER-Produkt) betr\u00e4gt 30% nach 5 Jahren und 50% nach 10 Jahren Lebensdauer im Vergleich zu Produkt 2 (rote Linie)<a href=\"https:\/\/www.villiger-security.com\/quality-management\/#_ftn1\" name=\"_ftnref1\" data-btattached=\"true\">[1]<\/a>. Umgekehrt sollte die Anfangsinvestition f\u00fcr Produkt 2 um 50 % billiger sein als f\u00fcr Produkt 1, um den Nachteil \u00fcber die n\u00e4chsten 10 Jahre Lebensdauer auszugleichen. Im Vergleich zu einem Produkt mit einer ebenfalls anerkannten Ausfallrate von 15% kompensiert der Vorteil eines Best-in-Class-Produktes die vollen Produktkosten von 100% \u00fcber 10 Jahre.<\/p>\n<p>[\/et_pb_text][\/et_pb_column][\/et_pb_row][\/et_pb_section][et_pb_section fb_built=&#8220;1&#8243; _builder_version=&#8220;4.17.3&#8243; _module_preset=&#8220;default&#8220; background_color=&#8220;#f2f3fa&#8220; custom_margin=&#8220;||||false|false&#8220; border_width_top=&#8220;10px&#8220; border_color_top=&#8220;#f8f9fe&#8220; border_width_bottom=&#8220;10px&#8220; border_color_bottom=&#8220;#f8f9fe&#8220; locked=&#8220;off&#8220; global_colors_info=&#8220;{}&#8220;][et_pb_row column_structure=&#8220;1_3,1_3,1_3&#8243; _builder_version=&#8220;4.17.3&#8243; _module_preset=&#8220;default&#8220; global_colors_info=&#8220;{}&#8220;][et_pb_column type=&#8220;1_3&#8243; _builder_version=&#8220;4.17.3&#8243; _module_preset=&#8220;default&#8220; global_colors_info=&#8220;{}&#8220;][et_pb_blurb title=&#8220;Verl\u00e4sslichkeit und Lebensdauer der Produkte&#8220; image=&#8220;https:\/\/villiger-security.com\/wp-content\/uploads\/BUSINESS-AND-MARKETING-Black-05.png&#8220; _builder_version=&#8220;4.17.6&#8243; _module_preset=&#8220;default&#8220; text_orientation=&#8220;center&#8220; global_colors_info=&#8220;{}&#8220;]<\/p>\n<p><span>Durch hervorragende Produktqualit\u00e4t und<\/span><br \/><span>Lebenszyklusmanagement bieten wir ein<\/span><br \/><span>Lebensdauer von +15 Jahren mit einer<\/span><br \/><span>Ausfallrate von 0,45 %<\/span><\/p>\n<p>[\/et_pb_blurb][\/et_pb_column][et_pb_column type=&#8220;1_3&#8243; _builder_version=&#8220;4.17.3&#8243; _module_preset=&#8220;default&#8220; global_colors_info=&#8220;{}&#8220;][et_pb_blurb title=&#8220;Beste Investitionsrentabilit\u00e4t (ROI)&#8220; image=&#8220;https:\/\/villiger-security.com\/wp-content\/uploads\/BANKING-AND-FINANCE-Black-06.png&#8220; _builder_version=&#8220;4.17.6&#8243; _module_preset=&#8220;default&#8220; text_orientation=&#8220;center&#8220; hover_enabled=&#8220;0&#8243; global_colors_info=&#8220;{}&#8220; sticky_enabled=&#8220;0&#8243;]<\/p>\n<p><span>Durch die Betrachtung der Gesamtkosten f\u00fcr<\/span><br \/><span>Eigentum. Pionierarbeit f\u00fcr mehr<\/span><br \/><span>mehr als 30 Jahre mit Tintenf\u00e4rbung<\/span><br \/><span>f\u00fcr die Bargeldsicherung<\/span><\/p>\n<p>[\/et_pb_blurb][\/et_pb_column][et_pb_column type=&#8220;1_3&#8243; _builder_version=&#8220;4.17.3&#8243; _module_preset=&#8220;default&#8220; global_colors_info=&#8220;{}&#8220;][et_pb_blurb title=&#8220;Breiteste Produktpalette mit kundenspezifischer L\u00f6sung  &#8220; image=&#8220;https:\/\/villiger-security.com\/wp-content\/uploads\/BASIC-Black-02-04.png&#8220; _builder_version=&#8220;4.17.3&#8243; _module_preset=&#8220;default&#8220; text_orientation=&#8220;center&#8220; max_width=&#8220;300px&#8220; module_alignment=&#8220;center&#8220; global_colors_info=&#8220;{}&#8220;]<\/p>\n<p><span>Schutz der Barmittel w\u00e4hrend des Bargeldkreislaufs<\/span><br \/><span>mit einer E2E-L\u00f6sung f\u00fcr Werttransportunternehmen,<\/span><br \/><span>Banken, Geldautomaten, Cash Center<\/span><br \/><span>und Einzelhandelsgesch\u00e4fte<\/span><\/p>\n<p>[\/et_pb_blurb][\/et_pb_column][\/et_pb_row][\/et_pb_section][et_pb_section fb_built=&#8220;1&#8243; _builder_version=&#8220;4.17.3&#8243; _module_preset=&#8220;default&#8220; saved_tabs=&#8220;all&#8220; locked=&#8220;off&#8220; global_colors_info=&#8220;{}&#8220;][et_pb_row _builder_version=&#8220;4.17.3&#8243; _module_preset=&#8220;default&#8220; global_colors_info=&#8220;{}&#8220;][et_pb_column type=&#8220;4_4&#8243; _builder_version=&#8220;4.17.3&#8243; _module_preset=&#8220;default&#8220; global_colors_info=&#8220;{}&#8220;][et_pb_text _builder_version=&#8220;4.17.3&#8243; _module_preset=&#8220;default&#8220; text_orientation=&#8220;center&#8220; max_width=&#8220;600px&#8220; module_alignment=&#8220;center&#8220; locked=&#8220;off&#8220; global_colors_info=&#8220;{}&#8220;]<\/p>\n<h2>M\u00f6chten Sie ein Beratungsgespr\u00e4ch?<\/h2>\n\n<div class=\"wpcf7 no-js\" id=\"wpcf7-f3196-o1\" lang=\"de-DE\" dir=\"ltr\" data-wpcf7-id=\"3196\">\n<div class=\"screen-reader-response\"><p role=\"status\" aria-live=\"polite\" aria-atomic=\"true\"><\/p> <ul><\/ul><\/div>\n<form action=\"\/de\/wp-json\/wp\/v2\/pages\/3057#wpcf7-f3196-o1\" method=\"post\" class=\"wpcf7-form init\" aria-label=\"Kontaktformular\" novalidate=\"novalidate\" data-status=\"init\">\n<fieldset class=\"hidden-fields-container\"><input type=\"hidden\" name=\"_wpcf7\" value=\"3196\" \/><input type=\"hidden\" name=\"_wpcf7_version\" value=\"6.1.4\" \/><input type=\"hidden\" name=\"_wpcf7_locale\" value=\"de_DE\" \/><input type=\"hidden\" name=\"_wpcf7_unit_tag\" value=\"wpcf7-f3196-o1\" \/><input type=\"hidden\" name=\"_wpcf7_container_post\" value=\"0\" \/><input type=\"hidden\" name=\"_wpcf7_posted_data_hash\" value=\"\" \/><input type=\"hidden\" name=\"_wpcf7_recaptcha_response\" value=\"\" \/>\n<\/fieldset>\n<p><span class=\"wpcf7-form-control-wrap\" data-name=\"your-name\"><input size=\"40\" maxlength=\"400\" class=\"wpcf7-form-control wpcf7-text wpcf7-validates-as-required\" aria-required=\"true\" aria-invalid=\"false\" placeholder=\"Vorname \/ Nachname *\" value=\"\" type=\"text\" name=\"your-name\" \/><\/span><span class=\"wpcf7-form-control-wrap\" data-name=\"PLZoderWohnort\"><input size=\"40\" maxlength=\"400\" class=\"wpcf7-form-control wpcf7-text\" aria-invalid=\"false\" placeholder=\"PLZ und Wohnort\" value=\"\" type=\"text\" name=\"PLZoderWohnort\" \/><\/span><br \/>\n<span class=\"wpcf7-form-control-wrap\" data-name=\"your-email\"><input size=\"40\" maxlength=\"400\" class=\"wpcf7-form-control wpcf7-email wpcf7-validates-as-required wpcf7-text wpcf7-validates-as-email\" aria-required=\"true\" aria-invalid=\"false\" placeholder=\"E-Mail *\" value=\"\" type=\"email\" name=\"your-email\" \/><\/span><span class=\"wpcf7-form-control-wrap\" data-name=\"your-telefon\"><input size=\"40\" maxlength=\"400\" class=\"wpcf7-form-control wpcf7-text\" aria-invalid=\"false\" placeholder=\"Telefon\" value=\"\" type=\"text\" name=\"your-telefon\" \/><\/span><br \/>\n<span class=\"wpcf7-form-control-wrap\" data-name=\"Nachricht\"><textarea cols=\"40\" rows=\"10\" maxlength=\"2000\" class=\"wpcf7-form-control wpcf7-textarea\" aria-invalid=\"false\" placeholder=\"Geben Sie hier Ihre Nachricht ein\" name=\"Nachricht\"><\/textarea><\/span>\n<\/p>\n<p><input class=\"wpcf7-form-control wpcf7-submit has-spinner\" type=\"submit\" value=\"Senden\" \/>\n<\/p>\n<p><i style=\"font-size: 14px;  \">* Erforderliches Feld<\/i>\n<\/p><div class=\"wpcf7-response-output\" aria-hidden=\"true\"><\/div>\n<\/form>\n<\/div>\n\n<p>[\/et_pb_text][\/et_pb_column][\/et_pb_row][\/et_pb_section]<\/p>\n","protected":false},"excerpt":{"rendered":"<p>Qualit\u00e4tsrichtlinien VILLIGER hat eine Produktpalette von \u00fcber 200 Artikeln f\u00fcr fast 40 Systeme. Um sicherzustellen, dass die aktuelle Produktpalette weiterhin den praktischen Bed\u00fcrfnissen unserer Kunden entspricht, ist ein st\u00e4ndiger Dialog zwischen den Anwendern von VILLIGER Systemen und Produkten unerl\u00e4sslich. Die Qualit\u00e4tsstandards des Unternehmens werden von der Unternehmensleitung festgelegt und aktiv unterst\u00fctzt. Sie sind daher f\u00fcr [&hellip;]<\/p>\n","protected":false},"author":1,"featured_media":0,"parent":0,"menu_order":0,"comment_status":"closed","ping_status":"closed","template":"","meta":{"_acf_changed":false,"_et_pb_use_builder":"on","_et_pb_old_content":"","_et_gb_content_width":"","footnotes":""},"class_list":["post-3057","page","type-page","status-publish","hentry"],"acf":[],"yoast_head":"<!-- This site is optimized with the Yoast SEO plugin v26.7 - https:\/\/yoast.com\/wordpress\/plugins\/seo\/ -->\n<title>Qualit\u00e4tsmanagement - Villiger Security Solutions AG<\/title>\n<meta name=\"description\" content=\"Die Qualit\u00e4tsstandards des Unternehmens werden von der Unternehmensleitung festgelegt und aktiv unterst\u00fctzt.\" \/>\n<meta name=\"robots\" content=\"index, follow, max-snippet:-1, max-image-preview:large, max-video-preview:-1\" \/>\n<link rel=\"canonical\" href=\"https:\/\/villiger-security.com\/de\/qualitaetsmanagement\/\" \/>\n<meta property=\"og:locale\" content=\"de_DE\" \/>\n<meta property=\"og:type\" content=\"article\" \/>\n<meta property=\"og:title\" content=\"Qualit\u00e4tsmanagement - Villiger Security Solutions AG\" \/>\n<meta property=\"og:description\" content=\"Die Qualit\u00e4tsstandards des Unternehmens werden von der Unternehmensleitung festgelegt und aktiv unterst\u00fctzt.\" \/>\n<meta property=\"og:url\" content=\"https:\/\/villiger-security.com\/de\/qualitaetsmanagement\/\" \/>\n<meta property=\"og:site_name\" content=\"Villiger Security Solutions AG\" \/>\n<meta property=\"article:modified_time\" content=\"2022-08-24T07:29:20+00:00\" \/>\n<meta name=\"twitter:card\" content=\"summary_large_image\" \/>\n<meta name=\"twitter:label1\" content=\"Gesch\u00e4tzte Lesezeit\" \/>\n\t<meta name=\"twitter:data1\" content=\"7\u00a0Minuten\" \/>\n<script type=\"application\/ld+json\" class=\"yoast-schema-graph\">{\"@context\":\"https:\/\/schema.org\",\"@graph\":[{\"@type\":\"WebPage\",\"@id\":\"https:\/\/villiger-security.com\/de\/qualitaetsmanagement\/\",\"url\":\"https:\/\/villiger-security.com\/de\/qualitaetsmanagement\/\",\"name\":\"Qualit\u00e4tsmanagement - Villiger Security Solutions AG\",\"isPartOf\":{\"@id\":\"https:\/\/villiger-security.com\/de\/#website\"},\"datePublished\":\"2022-05-31T08:35:54+00:00\",\"dateModified\":\"2022-08-24T07:29:20+00:00\",\"description\":\"Die Qualit\u00e4tsstandards des Unternehmens werden von der Unternehmensleitung festgelegt und aktiv unterst\u00fctzt.\",\"breadcrumb\":{\"@id\":\"https:\/\/villiger-security.com\/de\/qualitaetsmanagement\/#breadcrumb\"},\"inLanguage\":\"de\",\"potentialAction\":[{\"@type\":\"ReadAction\",\"target\":[\"https:\/\/villiger-security.com\/de\/qualitaetsmanagement\/\"]}]},{\"@type\":\"BreadcrumbList\",\"@id\":\"https:\/\/villiger-security.com\/de\/qualitaetsmanagement\/#breadcrumb\",\"itemListElement\":[{\"@type\":\"ListItem\",\"position\":1,\"name\":\"Home\",\"item\":\"https:\/\/villiger-security.com\/de\/\"},{\"@type\":\"ListItem\",\"position\":2,\"name\":\"Qualit\u00e4tsmanagement\"}]},{\"@type\":\"WebSite\",\"@id\":\"https:\/\/villiger-security.com\/de\/#website\",\"url\":\"https:\/\/villiger-security.com\/de\/\",\"name\":\"Villiger Security Solutions AG\",\"description\":\"Innovate the future of cash\",\"potentialAction\":[{\"@type\":\"SearchAction\",\"target\":{\"@type\":\"EntryPoint\",\"urlTemplate\":\"https:\/\/villiger-security.com\/de\/?s={search_term_string}\"},\"query-input\":{\"@type\":\"PropertyValueSpecification\",\"valueRequired\":true,\"valueName\":\"search_term_string\"}}],\"inLanguage\":\"de\"}]}<\/script>\n<!-- \/ Yoast SEO plugin. -->","yoast_head_json":{"title":"Qualit\u00e4tsmanagement - Villiger Security Solutions AG","description":"Die Qualit\u00e4tsstandards des Unternehmens werden von der Unternehmensleitung festgelegt und aktiv unterst\u00fctzt.","robots":{"index":"index","follow":"follow","max-snippet":"max-snippet:-1","max-image-preview":"max-image-preview:large","max-video-preview":"max-video-preview:-1"},"canonical":"https:\/\/villiger-security.com\/de\/qualitaetsmanagement\/","og_locale":"de_DE","og_type":"article","og_title":"Qualit\u00e4tsmanagement - Villiger Security Solutions AG","og_description":"Die Qualit\u00e4tsstandards des Unternehmens werden von der Unternehmensleitung festgelegt und aktiv unterst\u00fctzt.","og_url":"https:\/\/villiger-security.com\/de\/qualitaetsmanagement\/","og_site_name":"Villiger Security Solutions AG","article_modified_time":"2022-08-24T07:29:20+00:00","twitter_card":"summary_large_image","twitter_misc":{"Gesch\u00e4tzte Lesezeit":"7\u00a0Minuten"},"schema":{"@context":"https:\/\/schema.org","@graph":[{"@type":"WebPage","@id":"https:\/\/villiger-security.com\/de\/qualitaetsmanagement\/","url":"https:\/\/villiger-security.com\/de\/qualitaetsmanagement\/","name":"Qualit\u00e4tsmanagement - Villiger Security Solutions AG","isPartOf":{"@id":"https:\/\/villiger-security.com\/de\/#website"},"datePublished":"2022-05-31T08:35:54+00:00","dateModified":"2022-08-24T07:29:20+00:00","description":"Die Qualit\u00e4tsstandards des Unternehmens werden von der Unternehmensleitung festgelegt und aktiv unterst\u00fctzt.","breadcrumb":{"@id":"https:\/\/villiger-security.com\/de\/qualitaetsmanagement\/#breadcrumb"},"inLanguage":"de","potentialAction":[{"@type":"ReadAction","target":["https:\/\/villiger-security.com\/de\/qualitaetsmanagement\/"]}]},{"@type":"BreadcrumbList","@id":"https:\/\/villiger-security.com\/de\/qualitaetsmanagement\/#breadcrumb","itemListElement":[{"@type":"ListItem","position":1,"name":"Home","item":"https:\/\/villiger-security.com\/de\/"},{"@type":"ListItem","position":2,"name":"Qualit\u00e4tsmanagement"}]},{"@type":"WebSite","@id":"https:\/\/villiger-security.com\/de\/#website","url":"https:\/\/villiger-security.com\/de\/","name":"Villiger Security Solutions AG","description":"Innovate the future of cash","potentialAction":[{"@type":"SearchAction","target":{"@type":"EntryPoint","urlTemplate":"https:\/\/villiger-security.com\/de\/?s={search_term_string}"},"query-input":{"@type":"PropertyValueSpecification","valueRequired":true,"valueName":"search_term_string"}}],"inLanguage":"de"}]}},"_links":{"self":[{"href":"https:\/\/villiger-security.com\/de\/wp-json\/wp\/v2\/pages\/3057","targetHints":{"allow":["GET"]}}],"collection":[{"href":"https:\/\/villiger-security.com\/de\/wp-json\/wp\/v2\/pages"}],"about":[{"href":"https:\/\/villiger-security.com\/de\/wp-json\/wp\/v2\/types\/page"}],"author":[{"embeddable":true,"href":"https:\/\/villiger-security.com\/de\/wp-json\/wp\/v2\/users\/1"}],"replies":[{"embeddable":true,"href":"https:\/\/villiger-security.com\/de\/wp-json\/wp\/v2\/comments?post=3057"}],"version-history":[{"count":0,"href":"https:\/\/villiger-security.com\/de\/wp-json\/wp\/v2\/pages\/3057\/revisions"}],"wp:attachment":[{"href":"https:\/\/villiger-security.com\/de\/wp-json\/wp\/v2\/media?parent=3057"}],"curies":[{"name":"wp","href":"https:\/\/api.w.org\/{rel}","templated":true}]}}