{"id":3048,"date":"2022-05-03T11:23:11","date_gmt":"2022-05-03T11:23:11","guid":{"rendered":"https:\/\/villiger-security.com\/faerbung-ink\/"},"modified":"2022-08-24T08:17:25","modified_gmt":"2022-08-24T08:17:25","slug":"faerbung-ink","status":"publish","type":"page","link":"https:\/\/villiger-security.com\/de\/faerbung-ink\/","title":{"rendered":"F\u00e4rbung INK"},"content":{"rendered":"<p>[et_pb_section fb_built=&#8220;1&#8243; fullwidth=&#8220;on&#8220; module_id=&#8220;home-slid&#8220; _builder_version=&#8220;4.17.3&#8243; _module_preset=&#8220;default&#8220; bottom_divider_color=&#8220;#e9e9f6&#8243; bottom_divider_height=&#8220;0px&#8220; bottom_divider_repeat=&#8220;0.5x&#8220; locked=&#8220;off&#8220; global_colors_info=&#8220;{}&#8220;][et_pb_fullwidth_slider module_id=&#8220;home-slid&#8220; _builder_version=&#8220;4.17.4&#8243; _module_preset=&#8220;default&#8220; header_level=&#8220;h1&#8243; header_font=&#8220;|600||||on|||&#8220; header_text_color=&#8220;#ffffff&#8220; body_font=&#8220;|||||on|||&#8220; body_text_color=&#8220;rgba(255,228,43,0.89)&#8220; use_background_color_gradient=&#8220;on&#8220; background_color_gradient_direction=&#8220;140deg&#8220; background_color_gradient_stops=&#8220;rgba(234,0,39,0.3) 0%|rgba(0,15,159,0.2) 25%&#8220; background_color_gradient_overlays_image=&#8220;on&#8220; custom_padding=&#8220;150px|0px|200px|0px|false|false&#8220; custom_padding_tablet=&#8220;120px||150px||false|false&#8220; custom_padding_phone=&#8220;||150px||false|false&#8220; custom_padding_last_edited=&#8220;on|tablet&#8220; auto=&#8220;on&#8220; auto_speed=&#8220;4500&#8243; auto_ignore_hover=&#8220;on&#8220; global_colors_info=&#8220;{}&#8220;][et_pb_slide heading=&#8220;SICPA &#8211; F\u00e4rbetinte&#8220; _builder_version=&#8220;4.17.4&#8243; _module_preset=&#8220;default&#8220; header_level=&#8220;h2&#8243; header_font=&#8220;|||||on|||&#8220; header_text_align=&#8220;center&#8220; header_text_color=&#8220;#ffffff&#8220; header_font_size=&#8220;50px&#8220; body_text_align=&#8220;center&#8220; body_text_color=&#8220;#FFFFFF&#8220; body_font_size=&#8220;25px&#8220; body_line_height=&#8220;1.3em&#8220; background_enable_color=&#8220;off&#8220; background_image=&#8220;https:\/\/villiger-security.com\/wp-content\/uploads\/Background.png&#8220; background_enable_image=&#8220;on&#8220; background_position=&#8220;bottom_center&#8220; text_orientation=&#8220;left&#8220; max_width=&#8220;613px&#8220; body_font_size_tablet=&#8220;25px&#8220; body_font_size_phone=&#8220;25px&#8220; body_font_size_last_edited=&#8220;on|phone&#8220; body_line_height_tablet=&#8220;1.3em&#8220; body_line_height_phone=&#8220;1.3em&#8220; body_line_height_last_edited=&#8220;on|desktop&#8220; header_text_shadow_style=&#8220;preset5&#8243; header_text_shadow_horizontal_length=&#8220;0.03em&#8220; header_text_shadow_vertical_length=&#8220;0.03em&#8220; header_text_shadow_color=&#8220;rgba(0,0,0,0.73)&#8220; text_shadow_style=&#8220;preset5&#8243; text_shadow_horizontal_length=&#8220;0.07em&#8220; text_shadow_vertical_length=&#8220;0.07em&#8220; text_shadow_color=&#8220;#000000&#8243; global_colors_info=&#8220;{}&#8220; sticky_transition=&#8220;on&#8220;][\/et_pb_slide][\/et_pb_fullwidth_slider][\/et_pb_section][et_pb_section fb_built=&#8220;1&#8243; _builder_version=&#8220;4.17.3&#8243; _module_preset=&#8220;default&#8220; global_colors_info=&#8220;{}&#8220;][et_pb_row column_structure=&#8220;3_5,2_5&#8243; _builder_version=&#8220;4.17.3&#8243; _module_preset=&#8220;default&#8220; global_colors_info=&#8220;{}&#8220;][et_pb_column type=&#8220;3_5&#8243; _builder_version=&#8220;4.17.3&#8243; _module_preset=&#8220;default&#8220; global_colors_info=&#8220;{}&#8220;][et_pb_text _builder_version=&#8220;4.17.6&#8243; _module_preset=&#8220;default&#8220; global_colors_info=&#8220;{}&#8220;]<\/p>\n<h2>Villiger Ink Security von SICPA<\/h2>\n<h3>Der Bedarf an Cash Protection nimmt zu<\/h3>\n<p>Da der Umfang und die H\u00e4ufigkeit des Bargeldumlaufs unaufh\u00f6rlich zunehmen, steigt auch die Nachfrage nach wirksamen Massnahmen zum Schutz des Bargelds erheblich. <br \/>Die Notwendigkeit des Schutzes von Bargeld beschr\u00e4nkt sich nicht auf Geldautomaten und Geldtransporte, sondern gilt f\u00fcr alle Orte, an denen viel Bargeld gelagert wird. <br \/>Dieser Schutz wurde zun\u00e4chst durch eine Kombination von Sicherheitsmassnahmen wie gepanzerte Fahrzeuge, bewaffnete Wachen, Video\u00fcberwachung usw. gew\u00e4hrleistet.<\/p>\n<p>Leider haben diese L\u00f6sungen zu einer Eskalation der Gewalt bei Angriffen auf Geldautomaten, Angriffen auf Fahrzeuge und Sicherheitspersonal w\u00e4hrend des Geldtransports und Razzien in Bargeldlagern gef\u00fchrt. Diese Situation hat zur Entwicklung einer sichereren und effizienteren L\u00f6sung gef\u00fchrt: Intelligente Banknotenneutralisierungssysteme (IBNS).<\/p>\n<p>IBNS, eine L\u00f6sung zur Bek\u00e4mpfung von Gewalt durch den Einsatz von Technologien anstelle von Gewalt, ist in Europa weit verbreitet und wird zunehmend auch auf anderen Kontinenten eingesetzt. Die L\u00f6sung umfasst Kassetten, Beh\u00e4lter und Tresore zur Aufbewahrung, Ausgabe und zum Transport von Bargeld, die mit einem intelligenten System ausgestattet sind, das einen eingebauten F\u00e4rbemechanismus aktiviert, wenn der Beh\u00e4lter aufgebrochen wird.<\/p>\n<p>Indem der Wert einer unwiderruflich befleckten Banknote f\u00fcr ung\u00fcltig erkl\u00e4rt wird, wird der eigentliche Vorteil f\u00fcr Bargelddiebe beseitigt.<\/p>\n<p>[\/et_pb_text][\/et_pb_column][et_pb_column type=&#8220;2_5&#8243; _builder_version=&#8220;4.17.3&#8243; _module_preset=&#8220;default&#8220; global_colors_info=&#8220;{}&#8220;][et_pb_image src=&#8220;https:\/\/villiger-security.com\/wp-content\/uploads\/Logo.png&#8220; title_text=&#8220;Logo&#8220; _builder_version=&#8220;4.17.4&#8243; _module_preset=&#8220;default&#8220; global_colors_info=&#8220;{}&#8220;][\/et_pb_image][et_pb_text _builder_version=&#8220;4.17.3&#8243; _module_preset=&#8220;default&#8220; global_colors_info=&#8220;{}&#8220;]<\/p>\n<h3>Beiztinten und Vorteile<\/h3>\n<ul>\n<li>Abschreckung von Verbrechen<\/li>\n<li>Bew\u00e4hrte Wirksamkeit*<\/li>\n<li>Unausl\u00f6schlich<\/li>\n<li>Sicher in der Anwendung<\/li>\n<li>Einfach zu bedienen<\/li>\n<li>Kompatibel mit der grossen Mehrheit der Banknotensubstrate &#8211; Umweltfreundlich<\/li>\n<\/ul>\n<p>[\/et_pb_text][\/et_pb_column][\/et_pb_row][\/et_pb_section][et_pb_section fb_built=&#8220;1&#8243; _builder_version=&#8220;4.17.3&#8243; _module_preset=&#8220;default&#8220; global_colors_info=&#8220;{}&#8220;][et_pb_row column_structure=&#8220;2_5,3_5&#8243; _builder_version=&#8220;4.17.3&#8243; _module_preset=&#8220;default&#8220; global_colors_info=&#8220;{}&#8220;][et_pb_column type=&#8220;2_5&#8243; _builder_version=&#8220;4.17.3&#8243; _module_preset=&#8220;default&#8220; global_colors_info=&#8220;{}&#8220;][et_pb_image src=&#8220;https:\/\/villiger-security.com\/wp-content\/uploads\/SICPA-white-paper-staining-inks-04.jpg&#8220; title_text=&#8220;SICPA &#8211; wei\u00dfe Papierbeiztinten 04&#8243; module_class=&#8220;noborder&#8220; _builder_version=&#8220;4.17.4&#8243; _module_preset=&#8220;default&#8220; global_colors_info=&#8220;{}&#8220;][\/et_pb_image][\/et_pb_column][et_pb_column type=&#8220;3_5&#8243; _builder_version=&#8220;4.17.3&#8243; _module_preset=&#8220;default&#8220; global_colors_info=&#8220;{}&#8220;][et_pb_text _builder_version=&#8220;4.17.6&#8243; _module_preset=&#8220;default&#8220; global_colors_info=&#8220;{}&#8220;]<\/p>\n<h3>F\u00e4rbende Tinte: Widerstandsf\u00e4hig und Stark<\/h3>\n<p>Die SICPA-F\u00e4rbetinten erf\u00fcllen die strengen Anforderungen der nationalen und internationalen Standards und kennzeichnen alle in den Sicherheitskoffern enthaltenen Banknoten.<br \/>Zu den Merkmalen hochwertiger Beiztinten geh\u00f6ren:<\/p>\n<ul>\n<li>Best\u00e4ndigkeit: Selbst mit starken Chemikalien bleiben die Flecken dauerhaft und unausl\u00f6schlich und k\u00f6nnen nicht wirksam von den verschmutzten Banknoten entfernt werden;<\/li>\n<li>Vielseitigkeit: Es werden st\u00e4ndig Forschungs- und Entwicklungsarbeiten durchgef\u00fchrt, um sicherzustellen, dass die Formulierungen der Beiztinten auf herk\u00f6mmlichen Papiersubstraten, innovativen Substraten und lackierten Substraten wirksam sind;<\/li>\n<li>R\u00fcckverfolgbarkeit: M\u00f6glichkeit, Taggants in die Farbl\u00f6sung einzubringen, um die Herkunft der Banknote zur\u00fcckzuverfolgen und zu Erstattungszwecken oder zur Feststellung eines Zusammenhangs mit einem Verbrechen. Die SICPA-F\u00e4rbetinten sind mit verschiedenen unit\u00e4ren Taggant-Technologien kompatibel, von denen einige auf DNA basieren;<\/li>\n<li>Sicherheit: ungiftig und in voller \u00dcbereinstimmung mit den Gesundheits-, Sicherheits- und Umweltgesetzen.<\/li>\n<\/ul>\n<p>[\/et_pb_text][\/et_pb_column][\/et_pb_row][et_pb_row column_structure=&#8220;2_5,3_5&#8243; _builder_version=&#8220;4.17.3&#8243; _module_preset=&#8220;default&#8220; global_colors_info=&#8220;{}&#8220;][et_pb_column type=&#8220;2_5&#8243; _builder_version=&#8220;4.17.3&#8243; _module_preset=&#8220;default&#8220; global_colors_info=&#8220;{}&#8220;][et_pb_image src=&#8220;https:\/\/villiger-security.com\/wp-content\/uploads\/SICPA-white-paper-staining-inks-05.jpg&#8220; title_text=&#8220;SICPA &#8211; wei\u00dfe Papierbeiztinten 05&#8243; module_class=&#8220;noborder&#8220; _builder_version=&#8220;4.17.4&#8243; _module_preset=&#8220;default&#8220; min_height=&#8220;252px&#8220; custom_margin=&#8220;||3px|||&#8220; custom_padding=&#8220;||0px|||&#8220; global_colors_info=&#8220;{}&#8220;][\/et_pb_image][et_pb_image src=&#8220;https:\/\/villiger-security.com\/wp-content\/uploads\/SICPA-white-paper-staining-inks-06.jpg&#8220; title_text=&#8220;SICPA &#8211; wei\u00dfe Papierbeiztinten 06&#8243; module_class=&#8220;noborder&#8220; _builder_version=&#8220;4.17.4&#8243; _module_preset=&#8220;default&#8220; global_colors_info=&#8220;{}&#8220;][\/et_pb_image][\/et_pb_column][et_pb_column type=&#8220;3_5&#8243; _builder_version=&#8220;4.17.3&#8243; _module_preset=&#8220;default&#8220; global_colors_info=&#8220;{}&#8220;][et_pb_text _builder_version=&#8220;4.17.4&#8243; _module_preset=&#8220;default&#8220; global_colors_info=&#8220;{}&#8220;]<\/p>\n<h4>ANFORDERUNGEN AN ZERTIFIZIERUNGS- UND BEIZTINTEN<\/h4>\n<p>Kompetente und unabh\u00e4ngige Labors in verschiedenen L\u00e4ndern haben gr\u00fcndliche Testprotokolle f\u00fcr SICPA-F\u00e4rbetinten erstellt, in denen die chemische Best\u00e4ndigkeit, das F\u00e4rbeverhalten und die Alterungserscheinungen \u00fcberpr\u00fcft wurden.<\/p>\n<p>Einige der Organisationen, die SICPA-F\u00e4rbefarben gepr\u00fcft und zertifiziert haben, sind:<\/p>\n<ul>\n<li>LNE (Laboratoire National de M\u00e9trologie et d&#8217;Essais), Frankreich;<\/li>\n<li>SBSC (Svensk Brand &amp; S\u00e4kerhets Certifiering) \/ NFC (Nationellt Forensiskt Centrum), Schweden;<\/li>\n<li>Forensic Documents Consultants, S\u00fcd<\/li>\n<\/ul>\n<p>Die Bewertungen best\u00e4tigen, dass die SICPA-F\u00e4rbetinte unausl\u00f6schlich ist und nicht von den Banknoten entfernt werden kann, ohne das Substrat zu zerst\u00f6ren oder die Banknoten vollst\u00e4ndig von ihrem urspr\u00fcnglichen Zustand zu ver\u00e4ndern.<\/p>\n<p><span style=\"color: #0000ff;\"><em>*Bild oben: Gef\u00e4rbte 5\u20ac-Banknote zu Testzwecken<\/em><\/span><br \/><span style=\"color: #0000ff;\"><em>*Unteres Bild: Verschmutzte 5\u20ac-Banknote nach dem Widerstandstest<\/em><\/span><\/p>\n<p>&nbsp;<\/p>\n<p>[\/et_pb_text][\/et_pb_column][\/et_pb_row][et_pb_row column_structure=&#8220;2_5,3_5&#8243; _builder_version=&#8220;4.17.3&#8243; _module_preset=&#8220;default&#8220; global_colors_info=&#8220;{}&#8220;][et_pb_column type=&#8220;2_5&#8243; _builder_version=&#8220;4.17.3&#8243; _module_preset=&#8220;default&#8220; global_colors_info=&#8220;{}&#8220;][et_pb_image src=&#8220;https:\/\/villiger-security.com\/wp-content\/uploads\/SICPA-white-paper-staining-inks-07.jpg&#8220; title_text=&#8220;SICPA &#8211; wei\u00dfe Papierbeiztinten 07&#8243; module_class=&#8220;noborder&#8220; _builder_version=&#8220;4.17.4&#8243; _module_preset=&#8220;default&#8220; min_height=&#8220;252px&#8220; custom_margin=&#8220;||3px|||&#8220; custom_padding=&#8220;||0px|||&#8220; global_colors_info=&#8220;{}&#8220;][\/et_pb_image][\/et_pb_column][et_pb_column type=&#8220;3_5&#8243; _builder_version=&#8220;4.17.3&#8243; _module_preset=&#8220;default&#8220; global_colors_info=&#8220;{}&#8220;][et_pb_text _builder_version=&#8220;4.17.6&#8243; _module_preset=&#8220;default&#8220; global_colors_info=&#8220;{}&#8220;]<\/p>\n<h4>ST\u00c4NDIGE WEITERENTWICKLUNG IM EINKLANG MIT DEN INNOVATIONEN DER BRANCHE<\/h4>\n<p>Seit Anfang der 1990er Jahre entwickelt SICPA F\u00e4rbetinten, die Papierbanknoten unausl\u00f6schlich kennzeichnen. Kontinuierliche Forschungs- und Entwicklungsanstrengungen werden unternommen, um die Wirksamkeit von Beiztinten auf innovativen Substraten wie beschichtetem Papier, Polymeren und Hybridl\u00f6sungen zu gew\u00e4hrleisten.<\/p>\n<p>In diesem Bereich wurden bedeutende Durchbr\u00fcche erzielt, so dass die SICPA-F\u00e4rbefarben vom LNE (Frankreich) f\u00fcr die Euro-Serie 2 zertifiziert werden konnten.<\/p>\n<p>&nbsp;<\/p>\n<h4>EINHALTUNG DER VORSCHRIFTEN IN DEN BEREICHEN GESUNDHEIT, SICHERHEIT UND UMWELT<\/h4>\n<p>Alle SICPA-Tinten werden im Einklang mit Gesundheits-, Sicherheits- und Umweltstandards entwickelt. Das Unternehmen wendet bei der Auswahl der Rohstoffe strenge Regeln an, um sicherzustellen, dass die Beiztinten keine sch\u00e4dlichen Stoffe enthalten, wie es in den internationalen Vorschriften vorgesehen ist. Es wird eine Reihe potenzieller Expositionsszenarien untersucht, um geeignete Vorsichtsmassnahmen und Arbeitsverfahren f\u00fcr den Umgang mit F\u00e4rbefarben festzulegen.<\/p>\n<p>Vor kurzem wurde ein neues internationales Kodifizierungssystem f\u00fcr Einstufungs-, Kennzeichnungs- und Verpackungsnormen eingef\u00fchrt, um die gesamte Kette der an der chemischen Industrie beteiligten Akteure zu sch\u00fctzen. Die neuen Tintenetiketten sollen denjenigen, die mit den Tinten umgehen, vollst\u00e4ndige und detaillierte Informationen liefern.<\/p>\n<p>Alle F&amp;E-Bem\u00fchungen bei SICPA ber\u00fccksichtigen die sich entwickelnden Umwelt- und Sicherheitsstandards auf proaktiver Basis.<\/p>\n<p>&nbsp;<\/p>\n<p>[\/et_pb_text][\/et_pb_column][\/et_pb_row][et_pb_row column_structure=&#8220;2_5,3_5&#8243; _builder_version=&#8220;4.17.3&#8243; _module_preset=&#8220;default&#8220; global_colors_info=&#8220;{}&#8220;][et_pb_column type=&#8220;2_5&#8243; _builder_version=&#8220;4.17.3&#8243; _module_preset=&#8220;default&#8220; global_colors_info=&#8220;{}&#8220;][et_pb_image src=&#8220;https:\/\/villiger-security.com\/wp-content\/uploads\/stining-ink-red.jpg&#8220; title_text=&#8220;stinking-ink-rot&#8220; _builder_version=&#8220;4.17.4&#8243; _module_preset=&#8220;default&#8220; global_colors_info=&#8220;{}&#8220;][\/et_pb_image][\/et_pb_column][et_pb_column type=&#8220;3_5&#8243; _builder_version=&#8220;4.17.3&#8243; _module_preset=&#8220;default&#8220; global_colors_info=&#8220;{}&#8220;][et_pb_text _builder_version=&#8220;4.17.4&#8243; _module_preset=&#8220;default&#8220; global_colors_info=&#8220;{}&#8220;]<\/p>\n<h4>ZUK\u00dcNFTIGE ENTWICKLUNGEN<\/h4>\n<p>Die n\u00e4chste Herausforderung bei der Anwendung von F\u00e4rbetinte wird die maschinelle Erkennung sein, um zu verhindern, dass verschmutzte Banknoten \u00fcber automatische Systeme in Umlauf gebracht werden.<\/p>\n<p>Die Infrarotreaktion der befleckten Banknoten sollte es Banknotenautomaten erm\u00f6glichen, die befleckten (gestohlenen) Banknoten von anderen verschmutzten Banknoten zu unterscheiden.<\/p>\n<p>*Ende 2007 wurden 100 % des Bargelds mit IBNS in Belgien transportiert, und seither wurden keine Angriffe auf Geldtransporte mehr verzeichnet.<\/p>\n<p><span style=\"color: #999999;\">Quelle: &#8222;How ink staining\/IBNS eradicated cash in transit related crime in Belgium&#8220;, Freddy Pourbaix, G4S Cash Solutions Belgium, ICCOS Miami, September 2013.<\/span><\/p>\n<p>&nbsp;<\/p>\n<p>[\/et_pb_text][\/et_pb_column][\/et_pb_row][\/et_pb_section][et_pb_section fb_built=&#8220;1&#8243; _builder_version=&#8220;4.17.3&#8243; _module_preset=&#8220;default&#8220; global_colors_info=&#8220;{}&#8220;][et_pb_row _builder_version=&#8220;4.17.3&#8243; _module_preset=&#8220;default&#8220; global_colors_info=&#8220;{}&#8220;][et_pb_column type=&#8220;4_4&#8243; _builder_version=&#8220;4.17.3&#8243; _module_preset=&#8220;default&#8220; global_colors_info=&#8220;{}&#8220;][et_pb_text _builder_version=&#8220;4.17.3&#8243; _module_preset=&#8220;default&#8220; text_orientation=&#8220;center&#8220; max_width=&#8220;600px&#8220; module_alignment=&#8220;center&#8220; locked=&#8220;off&#8220; global_colors_info=&#8220;{}&#8220;]<\/p>\n<h2>M\u00f6chten Sie ein Beratungsgespr\u00e4ch?<\/h2>\n\n<div class=\"wpcf7 no-js\" id=\"wpcf7-f3196-o1\" lang=\"de-DE\" dir=\"ltr\" data-wpcf7-id=\"3196\">\n<div class=\"screen-reader-response\"><p role=\"status\" aria-live=\"polite\" aria-atomic=\"true\"><\/p> <ul><\/ul><\/div>\n<form action=\"\/de\/wp-json\/wp\/v2\/pages\/3048#wpcf7-f3196-o1\" method=\"post\" class=\"wpcf7-form init\" aria-label=\"Kontaktformular\" novalidate=\"novalidate\" data-status=\"init\">\n<fieldset class=\"hidden-fields-container\"><input type=\"hidden\" name=\"_wpcf7\" value=\"3196\" \/><input type=\"hidden\" name=\"_wpcf7_version\" value=\"6.1.4\" \/><input type=\"hidden\" name=\"_wpcf7_locale\" value=\"de_DE\" \/><input type=\"hidden\" name=\"_wpcf7_unit_tag\" value=\"wpcf7-f3196-o1\" \/><input type=\"hidden\" name=\"_wpcf7_container_post\" value=\"0\" \/><input type=\"hidden\" name=\"_wpcf7_posted_data_hash\" value=\"\" \/><input type=\"hidden\" name=\"_wpcf7_recaptcha_response\" value=\"\" \/>\n<\/fieldset>\n<p><span class=\"wpcf7-form-control-wrap\" data-name=\"your-name\"><input size=\"40\" maxlength=\"400\" class=\"wpcf7-form-control wpcf7-text wpcf7-validates-as-required\" aria-required=\"true\" aria-invalid=\"false\" placeholder=\"Vorname \/ Nachname *\" value=\"\" type=\"text\" name=\"your-name\" \/><\/span><span class=\"wpcf7-form-control-wrap\" data-name=\"PLZoderWohnort\"><input size=\"40\" maxlength=\"400\" class=\"wpcf7-form-control wpcf7-text\" aria-invalid=\"false\" placeholder=\"PLZ und Wohnort\" value=\"\" type=\"text\" name=\"PLZoderWohnort\" \/><\/span><br \/>\n<span class=\"wpcf7-form-control-wrap\" data-name=\"your-email\"><input size=\"40\" maxlength=\"400\" class=\"wpcf7-form-control wpcf7-email wpcf7-validates-as-required wpcf7-text wpcf7-validates-as-email\" aria-required=\"true\" aria-invalid=\"false\" placeholder=\"E-Mail *\" value=\"\" type=\"email\" name=\"your-email\" \/><\/span><span class=\"wpcf7-form-control-wrap\" data-name=\"your-telefon\"><input size=\"40\" maxlength=\"400\" class=\"wpcf7-form-control wpcf7-text\" aria-invalid=\"false\" placeholder=\"Telefon\" value=\"\" type=\"text\" name=\"your-telefon\" \/><\/span><br \/>\n<span class=\"wpcf7-form-control-wrap\" data-name=\"Nachricht\"><textarea cols=\"40\" rows=\"10\" maxlength=\"2000\" class=\"wpcf7-form-control wpcf7-textarea\" aria-invalid=\"false\" placeholder=\"Geben Sie hier Ihre Nachricht ein\" name=\"Nachricht\"><\/textarea><\/span>\n<\/p>\n<p><input class=\"wpcf7-form-control wpcf7-submit has-spinner\" type=\"submit\" value=\"Senden\" \/>\n<\/p>\n<p><i style=\"font-size: 14px;  \">* Erforderliches Feld<\/i>\n<\/p><div class=\"wpcf7-response-output\" aria-hidden=\"true\"><\/div>\n<\/form>\n<\/div>\n\n<p>[\/et_pb_text][\/et_pb_column][\/et_pb_row][\/et_pb_section]<\/p>\n","protected":false},"excerpt":{"rendered":"<p>Villiger Ink Security von SICPA Der Bedarf an Cash Protection nimmt zu Da der Umfang und die H\u00e4ufigkeit des Bargeldumlaufs unaufh\u00f6rlich zunehmen, steigt auch die Nachfrage nach wirksamen Massnahmen zum Schutz des Bargelds erheblich. Die Notwendigkeit des Schutzes von Bargeld beschr\u00e4nkt sich nicht auf Geldautomaten und Geldtransporte, sondern gilt f\u00fcr alle Orte, an denen viel [&hellip;]<\/p>\n","protected":false},"author":1,"featured_media":0,"parent":0,"menu_order":0,"comment_status":"closed","ping_status":"closed","template":"","meta":{"_acf_changed":false,"_et_pb_use_builder":"on","_et_pb_old_content":"","_et_gb_content_width":"","footnotes":""},"class_list":["post-3048","page","type-page","status-publish","hentry"],"acf":[],"yoast_head":"<!-- This site is optimized with the Yoast SEO plugin v26.7 - https:\/\/yoast.com\/wordpress\/plugins\/seo\/ -->\n<title>Villiger Security of Ink - Bedarf an Cash Protection nimmt zu<\/title>\n<meta name=\"description\" content=\"F\u00e4rbetinte: Die SICPA-F\u00e4rbetinten erf\u00fcllen die strengen Anforderungen der nationalen und internationalen Normen.\" \/>\n<meta name=\"robots\" content=\"index, follow, max-snippet:-1, max-image-preview:large, max-video-preview:-1\" \/>\n<link rel=\"canonical\" href=\"https:\/\/villiger-security.com\/de\/faerbung-ink\/\" \/>\n<meta property=\"og:locale\" content=\"de_DE\" \/>\n<meta property=\"og:type\" content=\"article\" \/>\n<meta property=\"og:title\" content=\"Villiger Security of Ink - Bedarf an Cash Protection nimmt zu\" \/>\n<meta property=\"og:description\" content=\"F\u00e4rbetinte: Die SICPA-F\u00e4rbetinten erf\u00fcllen die strengen Anforderungen der nationalen und internationalen Normen.\" \/>\n<meta property=\"og:url\" content=\"https:\/\/villiger-security.com\/de\/faerbung-ink\/\" \/>\n<meta property=\"og:site_name\" content=\"Villiger Security Solutions AG\" \/>\n<meta property=\"article:modified_time\" content=\"2022-08-24T08:17:25+00:00\" \/>\n<meta name=\"twitter:card\" content=\"summary_large_image\" \/>\n<meta name=\"twitter:label1\" content=\"Gesch\u00e4tzte Lesezeit\" \/>\n\t<meta name=\"twitter:data1\" content=\"9\u00a0Minuten\" \/>\n<script type=\"application\/ld+json\" class=\"yoast-schema-graph\">{\"@context\":\"https:\/\/schema.org\",\"@graph\":[{\"@type\":\"WebPage\",\"@id\":\"https:\/\/villiger-security.com\/de\/faerbung-ink\/\",\"url\":\"https:\/\/villiger-security.com\/de\/faerbung-ink\/\",\"name\":\"Villiger Security of Ink - Bedarf an Cash Protection nimmt zu\",\"isPartOf\":{\"@id\":\"https:\/\/villiger-security.com\/de\/#website\"},\"datePublished\":\"2022-05-03T11:23:11+00:00\",\"dateModified\":\"2022-08-24T08:17:25+00:00\",\"description\":\"F\u00e4rbetinte: Die SICPA-F\u00e4rbetinten erf\u00fcllen die strengen Anforderungen der nationalen und internationalen Normen.\",\"breadcrumb\":{\"@id\":\"https:\/\/villiger-security.com\/de\/faerbung-ink\/#breadcrumb\"},\"inLanguage\":\"de\",\"potentialAction\":[{\"@type\":\"ReadAction\",\"target\":[\"https:\/\/villiger-security.com\/de\/faerbung-ink\/\"]}]},{\"@type\":\"BreadcrumbList\",\"@id\":\"https:\/\/villiger-security.com\/de\/faerbung-ink\/#breadcrumb\",\"itemListElement\":[{\"@type\":\"ListItem\",\"position\":1,\"name\":\"Home\",\"item\":\"https:\/\/villiger-security.com\/de\/\"},{\"@type\":\"ListItem\",\"position\":2,\"name\":\"F\u00e4rbung INK\"}]},{\"@type\":\"WebSite\",\"@id\":\"https:\/\/villiger-security.com\/de\/#website\",\"url\":\"https:\/\/villiger-security.com\/de\/\",\"name\":\"Villiger Security Solutions AG\",\"description\":\"Innovate the future of cash\",\"potentialAction\":[{\"@type\":\"SearchAction\",\"target\":{\"@type\":\"EntryPoint\",\"urlTemplate\":\"https:\/\/villiger-security.com\/de\/?s={search_term_string}\"},\"query-input\":{\"@type\":\"PropertyValueSpecification\",\"valueRequired\":true,\"valueName\":\"search_term_string\"}}],\"inLanguage\":\"de\"}]}<\/script>\n<!-- \/ Yoast SEO plugin. -->","yoast_head_json":{"title":"Villiger Security of Ink - Bedarf an Cash Protection nimmt zu","description":"F\u00e4rbetinte: Die SICPA-F\u00e4rbetinten erf\u00fcllen die strengen Anforderungen der nationalen und internationalen Normen.","robots":{"index":"index","follow":"follow","max-snippet":"max-snippet:-1","max-image-preview":"max-image-preview:large","max-video-preview":"max-video-preview:-1"},"canonical":"https:\/\/villiger-security.com\/de\/faerbung-ink\/","og_locale":"de_DE","og_type":"article","og_title":"Villiger Security of Ink - Bedarf an Cash Protection nimmt zu","og_description":"F\u00e4rbetinte: Die SICPA-F\u00e4rbetinten erf\u00fcllen die strengen Anforderungen der nationalen und internationalen Normen.","og_url":"https:\/\/villiger-security.com\/de\/faerbung-ink\/","og_site_name":"Villiger Security Solutions AG","article_modified_time":"2022-08-24T08:17:25+00:00","twitter_card":"summary_large_image","twitter_misc":{"Gesch\u00e4tzte Lesezeit":"9\u00a0Minuten"},"schema":{"@context":"https:\/\/schema.org","@graph":[{"@type":"WebPage","@id":"https:\/\/villiger-security.com\/de\/faerbung-ink\/","url":"https:\/\/villiger-security.com\/de\/faerbung-ink\/","name":"Villiger Security of Ink - Bedarf an Cash Protection nimmt zu","isPartOf":{"@id":"https:\/\/villiger-security.com\/de\/#website"},"datePublished":"2022-05-03T11:23:11+00:00","dateModified":"2022-08-24T08:17:25+00:00","description":"F\u00e4rbetinte: Die SICPA-F\u00e4rbetinten erf\u00fcllen die strengen Anforderungen der nationalen und internationalen Normen.","breadcrumb":{"@id":"https:\/\/villiger-security.com\/de\/faerbung-ink\/#breadcrumb"},"inLanguage":"de","potentialAction":[{"@type":"ReadAction","target":["https:\/\/villiger-security.com\/de\/faerbung-ink\/"]}]},{"@type":"BreadcrumbList","@id":"https:\/\/villiger-security.com\/de\/faerbung-ink\/#breadcrumb","itemListElement":[{"@type":"ListItem","position":1,"name":"Home","item":"https:\/\/villiger-security.com\/de\/"},{"@type":"ListItem","position":2,"name":"F\u00e4rbung INK"}]},{"@type":"WebSite","@id":"https:\/\/villiger-security.com\/de\/#website","url":"https:\/\/villiger-security.com\/de\/","name":"Villiger Security Solutions AG","description":"Innovate the future of cash","potentialAction":[{"@type":"SearchAction","target":{"@type":"EntryPoint","urlTemplate":"https:\/\/villiger-security.com\/de\/?s={search_term_string}"},"query-input":{"@type":"PropertyValueSpecification","valueRequired":true,"valueName":"search_term_string"}}],"inLanguage":"de"}]}},"_links":{"self":[{"href":"https:\/\/villiger-security.com\/de\/wp-json\/wp\/v2\/pages\/3048","targetHints":{"allow":["GET"]}}],"collection":[{"href":"https:\/\/villiger-security.com\/de\/wp-json\/wp\/v2\/pages"}],"about":[{"href":"https:\/\/villiger-security.com\/de\/wp-json\/wp\/v2\/types\/page"}],"author":[{"embeddable":true,"href":"https:\/\/villiger-security.com\/de\/wp-json\/wp\/v2\/users\/1"}],"replies":[{"embeddable":true,"href":"https:\/\/villiger-security.com\/de\/wp-json\/wp\/v2\/comments?post=3048"}],"version-history":[{"count":0,"href":"https:\/\/villiger-security.com\/de\/wp-json\/wp\/v2\/pages\/3048\/revisions"}],"wp:attachment":[{"href":"https:\/\/villiger-security.com\/de\/wp-json\/wp\/v2\/media?parent=3048"}],"curies":[{"name":"wp","href":"https:\/\/api.w.org\/{rel}","templated":true}]}}