{"id":3044,"date":"2022-05-05T07:16:29","date_gmt":"2022-05-05T07:16:29","guid":{"rendered":"https:\/\/villiger-security.com\/bedingungen-und-konditionen\/"},"modified":"2022-08-12T07:02:33","modified_gmt":"2022-08-12T07:02:33","slug":"bedingungen-und-konditionen","status":"publish","type":"page","link":"https:\/\/villiger-security.com\/de\/bedingungen-und-konditionen\/","title":{"rendered":"Bedingungen und Konditionen"},"content":{"rendered":"<p>[et_pb_section fb_built=&#8220;1&#8243; theme_builder_area=&#8220;post_content&#8220; _builder_version=&#8220;4.17.3&#8243; _module_preset=&#8220;default&#8220;][et_pb_row _builder_version=&#8220;4.17.3&#8243; _module_preset=&#8220;default&#8220; theme_builder_area=&#8220;post_content&#8220;][et_pb_column _builder_version=&#8220;4.17.3&#8243; _module_preset=&#8220;default&#8220; type=&#8220;4_4&#8243; theme_builder_area=&#8220;post_content&#8220;][et_pb_text _builder_version=&#8220;4.17.3&#8243; _module_preset=&#8220;default&#8220; theme_builder_area=&#8220;post_content&#8220; hover_enabled=&#8220;0&#8243; sticky_enabled=&#8220;0&#8243;]<\/p>\n<h1>Allgemeine Gesch\u00e4ftsbedingungen der Villiger Solutions AG<\/h1>\n<h3>Bedingungen f\u00fcr die Nutzung<\/h3>\n<p>Willkommen auf unserer Website! Die Villiger Security Solutions AG und die mit ihr verbundenen Unternehmen erbringen ihre Dienstleistungen f\u00fcr Sie zu den nachstehenden Bedingungen. Wenn Sie diese Website besuchen, akzeptieren Sie diese Bedingungen.<\/p>\n<h3>Datenschutz<\/h3>\n<p>Bitte lesen Sie unseren Datenschutzhinweis, der auch f\u00fcr Ihren Besuch auf unserer Website gilt, um sich \u00fcber unsere Praktiken zu informieren.<\/p>\n<h3>Elektronische Kommunikation<\/h3>\n<p>Wenn Sie Villiger Security Solutions AG besuchen oder E-Mails an uns senden, kommunizieren Sie mit uns auf elektronischem Weg. Sie erkl\u00e4ren sich damit einverstanden, Mitteilungen von uns auf elektronischem Wege zu erhalten. Wir werden mit Ihnen per E-Mail kommunizieren. Sie erkl\u00e4ren sich damit einverstanden, dass alle Vereinbarungen, Mitteilungen, Offenlegungen und andere Mitteilungen, die wir Ihnen elektronisch zur Verf\u00fcgung stellen, alle gesetzlichen Anforderungen an die Schriftform dieser Mitteilungen erf\u00fcllen.<\/p>\n<h3>Urheberrecht<\/h3>\n<p>Alle auf dieser Website enthaltenen Inhalte wie Texte, Grafiken, Logos, Schaltfl\u00e4chensymbole, Bilder, Audioclips, digitale Downloads, Datenzusammenstellungen und Software sind Eigentum der Villiger Security Solutions AG oder ihrer Inhaltsanbieter und durch internationale Urheberrechtsgesetze gesch\u00fctzt.<\/p>\n<h3>Markenzeichen<\/h3>\n<p>Die Handelsmarken und das Handelskleid von Villiger Security Solutions AG d\u00fcrfen nicht in Verbindung mit einem Produkt oder einer Dienstleistung verwendet werden, die nicht von Villiger Security Solutions AG stammt, oder in einer Weise, die geeignet ist, Verwechslungen unter den Kunden hervorzurufen, oder in einer Weise, die Villiger Security Solutions AG verunglimpft oder diskreditiert. Alle anderen Marken, die nicht im Besitz der Villiger Security Solutions AG oder ihrer Tochtergesellschaften sind und auf dieser Website erscheinen, sind das Eigentum ihrer jeweiligen Inhaber, die mit der Villiger Security Solutions AG oder ihren Tochtergesellschaften verbunden sind oder von ihnen gesponsert werden k\u00f6nnen.<\/p>\n<h3>Lizenz und Zugang zum Standort<\/h3>\n<p>Villiger Security Solutions AG gew\u00e4hrt Ihnen eine eingeschr\u00e4nkte Lizenz f\u00fcr den Zugriff und die pers\u00f6nliche Nutzung dieser Website. Das Herunterladen (mit Ausnahme des Cachens von Seiten) oder \u00c4ndern dieser Website oder von Teilen davon ist nur mit ausdr\u00fccklicher schriftlicher Genehmigung von Villiger Security Solutions AG gestattet. Diese Lizenz umfasst nicht den Weiterverkauf oder die kommerzielle Nutzung dieser Website oder ihrer Inhalte, die Sammlung und Nutzung von Produktlisten, -beschreibungen oder -preisen, die abgeleitete Nutzung dieser Website oder ihrer Inhalte, das Herunterladen oder Kopieren von Kontoinformationen zugunsten eines anderen H\u00e4ndlers oder die Nutzung von Data Mining, Robotern oder \u00e4hnlichen Tools zur Datenerfassung und -extraktion. Diese Website oder Teile davon d\u00fcrfen ohne ausdr\u00fcckliche schriftliche Genehmigung der Villiger Security Solutions AG nicht reproduziert, vervielf\u00e4ltigt, kopiert, verkauft, weiterverkauft, besucht oder anderweitig f\u00fcr kommerzielle Zwecke genutzt werden. Sie d\u00fcrfen keine Framing-Techniken verwenden, um Marken, Logos oder andere urheberrechtlich gesch\u00fctzte Informationen (einschlie\u00dflich Bilder, Text, Seitenlayout oder Form) der Villiger Security Solutions AG und unserer Partner ohne ausdr\u00fcckliche schriftliche Zustimmung einzubinden. Sie d\u00fcrfen keine Meta-Tags oder anderen &#8222;versteckten Text&#8220; verwenden, der den Namen oder die Marken von Villiger Security Solutions AG ohne die ausdr\u00fcckliche schriftliche Zustimmung von Villiger Security Solutions AG nutzt. Jede unerlaubte Nutzung beendet die von Villiger Security Solutions AG gew\u00e4hrte Erlaubnis oder Lizenz. Es wird Ihnen ein beschr\u00e4nktes, widerrufliches und nicht ausschlie\u00dfliches Recht einger\u00e4umt, einen Hyperlink auf die Homepage der Villiger Security Solutions AG einzurichten, solange der Link die Villiger Security Solutions AG, ihre Partner oder ihre Produkte oder Dienstleistungen nicht in einer falschen, irref\u00fchrenden, abwertenden oder anderweitig anst\u00f6\u00dfigen Weise darstellt. Sie d\u00fcrfen ohne ausdr\u00fcckliche schriftliche Genehmigung kein Logo der Villiger Security Solutions AG oder andere gesch\u00fctzte Grafiken oder Marken als Teil des Links verwenden.<\/p>\n<h3>Ihr Mitgliedskonto<\/h3>\n<p>Wenn Sie diese Website nutzen, sind Sie daf\u00fcr verantwortlich, die Vertraulichkeit Ihres Kontos und Ihres Passworts zu wahren und den Zugang zu Ihrem Computer zu beschr\u00e4nken, und Sie stimmen zu, die Verantwortung f\u00fcr alle Aktivit\u00e4ten zu \u00fcbernehmen, die unter Ihrem Konto oder Passwort stattfinden. Sie k\u00f6nnen ein Mitgliedskonto auf unserer Website erst ab einem Alter von 18 Jahren anlegen. Die Villiger Security Solutions AG und ihre Partner behalten sich das Recht vor, nach eigenem Ermessen Dienstleistungen zu verweigern, Konten zu k\u00fcndigen, Inhalte zu entfernen oder zu bearbeiten oder Bestellungen zu stornieren.<\/p>\n<p>[\/et_pb_text][\/et_pb_column][\/et_pb_row][\/et_pb_section]<\/p>\n","protected":false},"excerpt":{"rendered":"<p>Allgemeine Gesch\u00e4ftsbedingungen der Villiger Solutions AG Bedingungen f\u00fcr die Nutzung Willkommen auf unserer Website! Die Villiger Security Solutions AG und die mit ihr verbundenen Unternehmen erbringen ihre Dienstleistungen f\u00fcr Sie zu den nachstehenden Bedingungen. Wenn Sie diese Website besuchen, akzeptieren Sie diese Bedingungen. Datenschutz Bitte lesen Sie unseren Datenschutzhinweis, der auch f\u00fcr Ihren Besuch auf [&hellip;]<\/p>\n","protected":false},"author":1,"featured_media":0,"parent":0,"menu_order":0,"comment_status":"closed","ping_status":"closed","template":"","meta":{"_acf_changed":false,"_et_pb_use_builder":"on","_et_pb_old_content":"","_et_gb_content_width":"","footnotes":""},"class_list":["post-3044","page","type-page","status-publish","hentry"],"acf":[],"yoast_head":"<!-- This site is optimized with the Yoast SEO plugin v26.7 - https:\/\/yoast.com\/wordpress\/plugins\/seo\/ -->\n<title>Bedingungen und Konditionen - Villiger Security Solutions AG<\/title>\n<meta name=\"robots\" content=\"index, follow, max-snippet:-1, max-image-preview:large, max-video-preview:-1\" \/>\n<link rel=\"canonical\" href=\"https:\/\/villiger-security.com\/de\/bedingungen-und-konditionen\/\" \/>\n<meta property=\"og:locale\" content=\"de_DE\" \/>\n<meta property=\"og:type\" content=\"article\" \/>\n<meta property=\"og:title\" content=\"Bedingungen und Konditionen - Villiger Security Solutions AG\" \/>\n<meta property=\"og:description\" content=\"Allgemeine Gesch\u00e4ftsbedingungen der Villiger Solutions AG Bedingungen f\u00fcr die Nutzung Willkommen auf unserer Website! Die Villiger Security Solutions AG und die mit ihr verbundenen Unternehmen erbringen ihre Dienstleistungen f\u00fcr Sie zu den nachstehenden Bedingungen. Wenn Sie diese Website besuchen, akzeptieren Sie diese Bedingungen. Datenschutz Bitte lesen Sie unseren Datenschutzhinweis, der auch f\u00fcr Ihren Besuch auf [&hellip;]\" \/>\n<meta property=\"og:url\" content=\"https:\/\/villiger-security.com\/de\/bedingungen-und-konditionen\/\" \/>\n<meta property=\"og:site_name\" content=\"Villiger Security Solutions AG\" \/>\n<meta property=\"article:modified_time\" content=\"2022-08-12T07:02:33+00:00\" \/>\n<meta name=\"twitter:card\" content=\"summary_large_image\" \/>\n<meta name=\"twitter:label1\" content=\"Gesch\u00e4tzte Lesezeit\" \/>\n\t<meta name=\"twitter:data1\" content=\"4\u00a0Minuten\" \/>\n<script type=\"application\/ld+json\" class=\"yoast-schema-graph\">{\"@context\":\"https:\/\/schema.org\",\"@graph\":[{\"@type\":\"WebPage\",\"@id\":\"https:\/\/villiger-security.com\/de\/bedingungen-und-konditionen\/\",\"url\":\"https:\/\/villiger-security.com\/de\/bedingungen-und-konditionen\/\",\"name\":\"Bedingungen und Konditionen - Villiger Security Solutions AG\",\"isPartOf\":{\"@id\":\"https:\/\/villiger-security.com\/de\/#website\"},\"datePublished\":\"2022-05-05T07:16:29+00:00\",\"dateModified\":\"2022-08-12T07:02:33+00:00\",\"breadcrumb\":{\"@id\":\"https:\/\/villiger-security.com\/de\/bedingungen-und-konditionen\/#breadcrumb\"},\"inLanguage\":\"de\",\"potentialAction\":[{\"@type\":\"ReadAction\",\"target\":[\"https:\/\/villiger-security.com\/de\/bedingungen-und-konditionen\/\"]}]},{\"@type\":\"BreadcrumbList\",\"@id\":\"https:\/\/villiger-security.com\/de\/bedingungen-und-konditionen\/#breadcrumb\",\"itemListElement\":[{\"@type\":\"ListItem\",\"position\":1,\"name\":\"Home\",\"item\":\"https:\/\/villiger-security.com\/de\/\"},{\"@type\":\"ListItem\",\"position\":2,\"name\":\"Bedingungen und Konditionen\"}]},{\"@type\":\"WebSite\",\"@id\":\"https:\/\/villiger-security.com\/de\/#website\",\"url\":\"https:\/\/villiger-security.com\/de\/\",\"name\":\"Villiger Security Solutions AG\",\"description\":\"Innovate the future of cash\",\"potentialAction\":[{\"@type\":\"SearchAction\",\"target\":{\"@type\":\"EntryPoint\",\"urlTemplate\":\"https:\/\/villiger-security.com\/de\/?s={search_term_string}\"},\"query-input\":{\"@type\":\"PropertyValueSpecification\",\"valueRequired\":true,\"valueName\":\"search_term_string\"}}],\"inLanguage\":\"de\"}]}<\/script>\n<!-- \/ Yoast SEO plugin. -->","yoast_head_json":{"title":"Bedingungen und Konditionen - Villiger Security Solutions AG","robots":{"index":"index","follow":"follow","max-snippet":"max-snippet:-1","max-image-preview":"max-image-preview:large","max-video-preview":"max-video-preview:-1"},"canonical":"https:\/\/villiger-security.com\/de\/bedingungen-und-konditionen\/","og_locale":"de_DE","og_type":"article","og_title":"Bedingungen und Konditionen - Villiger Security Solutions AG","og_description":"Allgemeine Gesch\u00e4ftsbedingungen der Villiger Solutions AG Bedingungen f\u00fcr die Nutzung Willkommen auf unserer Website! Die Villiger Security Solutions AG und die mit ihr verbundenen Unternehmen erbringen ihre Dienstleistungen f\u00fcr Sie zu den nachstehenden Bedingungen. Wenn Sie diese Website besuchen, akzeptieren Sie diese Bedingungen. Datenschutz Bitte lesen Sie unseren Datenschutzhinweis, der auch f\u00fcr Ihren Besuch auf [&hellip;]","og_url":"https:\/\/villiger-security.com\/de\/bedingungen-und-konditionen\/","og_site_name":"Villiger Security Solutions AG","article_modified_time":"2022-08-12T07:02:33+00:00","twitter_card":"summary_large_image","twitter_misc":{"Gesch\u00e4tzte Lesezeit":"4\u00a0Minuten"},"schema":{"@context":"https:\/\/schema.org","@graph":[{"@type":"WebPage","@id":"https:\/\/villiger-security.com\/de\/bedingungen-und-konditionen\/","url":"https:\/\/villiger-security.com\/de\/bedingungen-und-konditionen\/","name":"Bedingungen und Konditionen - Villiger Security Solutions AG","isPartOf":{"@id":"https:\/\/villiger-security.com\/de\/#website"},"datePublished":"2022-05-05T07:16:29+00:00","dateModified":"2022-08-12T07:02:33+00:00","breadcrumb":{"@id":"https:\/\/villiger-security.com\/de\/bedingungen-und-konditionen\/#breadcrumb"},"inLanguage":"de","potentialAction":[{"@type":"ReadAction","target":["https:\/\/villiger-security.com\/de\/bedingungen-und-konditionen\/"]}]},{"@type":"BreadcrumbList","@id":"https:\/\/villiger-security.com\/de\/bedingungen-und-konditionen\/#breadcrumb","itemListElement":[{"@type":"ListItem","position":1,"name":"Home","item":"https:\/\/villiger-security.com\/de\/"},{"@type":"ListItem","position":2,"name":"Bedingungen und Konditionen"}]},{"@type":"WebSite","@id":"https:\/\/villiger-security.com\/de\/#website","url":"https:\/\/villiger-security.com\/de\/","name":"Villiger Security Solutions AG","description":"Innovate the future of cash","potentialAction":[{"@type":"SearchAction","target":{"@type":"EntryPoint","urlTemplate":"https:\/\/villiger-security.com\/de\/?s={search_term_string}"},"query-input":{"@type":"PropertyValueSpecification","valueRequired":true,"valueName":"search_term_string"}}],"inLanguage":"de"}]}},"_links":{"self":[{"href":"https:\/\/villiger-security.com\/de\/wp-json\/wp\/v2\/pages\/3044","targetHints":{"allow":["GET"]}}],"collection":[{"href":"https:\/\/villiger-security.com\/de\/wp-json\/wp\/v2\/pages"}],"about":[{"href":"https:\/\/villiger-security.com\/de\/wp-json\/wp\/v2\/types\/page"}],"author":[{"embeddable":true,"href":"https:\/\/villiger-security.com\/de\/wp-json\/wp\/v2\/users\/1"}],"replies":[{"embeddable":true,"href":"https:\/\/villiger-security.com\/de\/wp-json\/wp\/v2\/comments?post=3044"}],"version-history":[{"count":0,"href":"https:\/\/villiger-security.com\/de\/wp-json\/wp\/v2\/pages\/3044\/revisions"}],"wp:attachment":[{"href":"https:\/\/villiger-security.com\/de\/wp-json\/wp\/v2\/media?parent=3044"}],"curies":[{"name":"wp","href":"https:\/\/api.w.org\/{rel}","templated":true}]}}