{"id":3036,"date":"2022-05-31T08:35:24","date_gmt":"2022-05-31T08:35:24","guid":{"rendered":"https:\/\/villiger-security.com\/cashinfrapro\/"},"modified":"2022-08-24T07:17:35","modified_gmt":"2022-08-24T07:17:35","slug":"cashinfrapro","status":"publish","type":"page","link":"https:\/\/villiger-security.com\/de\/cashinfrapro\/","title":{"rendered":"CashInfraPro"},"content":{"rendered":"<p>[et_pb_section fb_built=&#8220;1&#8243; fullwidth=&#8220;on&#8220; module_id=&#8220;home-slid&#8220; _builder_version=&#8220;4.17.3&#8243; _module_preset=&#8220;default&#8220; bottom_divider_color=&#8220;#e9e9f6&#8243; bottom_divider_height=&#8220;0px&#8220; bottom_divider_repeat=&#8220;0.5x&#8220; locked=&#8220;off&#8220; global_colors_info=&#8220;{}&#8220;][et_pb_fullwidth_slider module_id=&#8220;home-slid&#8220; _builder_version=&#8220;4.17.3&#8243; _module_preset=&#8220;default&#8220; header_level=&#8220;h1&#8243; header_font=&#8220;|600||||on|||&#8220; header_text_color=&#8220;#ffffff&#8220; body_font=&#8220;|||||on|||&#8220; body_text_color=&#8220;rgba(255,228,43,0.89)&#8220; use_background_color_gradient=&#8220;on&#8220; background_color_gradient_direction=&#8220;140deg&#8220; background_color_gradient_stops=&#8220;rgba(234,0,39,0.3) 0%|rgba(0,15,159,0.2) 25%&#8220; background_color_gradient_overlays_image=&#8220;on&#8220; custom_padding=&#8220;150px|0px|200px|0px|false|false&#8220; custom_padding_tablet=&#8220;120px||150px||false|false&#8220; custom_padding_phone=&#8220;||150px||false|false&#8220; custom_padding_last_edited=&#8220;on|tablet&#8220; auto=&#8220;on&#8220; auto_speed=&#8220;4500&#8243; auto_ignore_hover=&#8220;on&#8220; global_colors_info=&#8220;{}&#8220;][et_pb_slide heading=&#8220;CashInfraPro&#8220; _builder_version=&#8220;4.17.3&#8243; _module_preset=&#8220;default&#8220; header_level=&#8220;h2&#8243; header_font=&#8220;|||||on|||&#8220; header_text_align=&#8220;center&#8220; header_text_color=&#8220;#ffffff&#8220; header_font_size=&#8220;50px&#8220; body_text_align=&#8220;center&#8220; body_text_color=&#8220;#FFFFFF&#8220; body_font_size=&#8220;25px&#8220; body_line_height=&#8220;1.3em&#8220; background_enable_color=&#8220;off&#8220; background_image=&#8220;https:\/\/villiger-security.com\/wp-content\/uploads\/2022\/05\/showroom.jpg&#8220; background_enable_image=&#8220;on&#8220; background_position=&#8220;bottom_center&#8220; text_orientation=&#8220;left&#8220; max_width=&#8220;613px&#8220; body_font_size_tablet=&#8220;25px&#8220; body_font_size_phone=&#8220;25px&#8220; body_font_size_last_edited=&#8220;on|phone&#8220; body_line_height_tablet=&#8220;1.3em&#8220; body_line_height_phone=&#8220;1.3em&#8220; body_line_height_last_edited=&#8220;on|desktop&#8220; header_text_shadow_style=&#8220;preset5&#8243; header_text_shadow_horizontal_length=&#8220;0.03em&#8220; header_text_shadow_vertical_length=&#8220;0.03em&#8220; header_text_shadow_color=&#8220;rgba(0,0,0,0.73)&#8220; text_shadow_style=&#8220;preset5&#8243; text_shadow_horizontal_length=&#8220;0.07em&#8220; text_shadow_vertical_length=&#8220;0.07em&#8220; text_shadow_color=&#8220;#000000&#8243; global_colors_info=&#8220;{}&#8220; sticky_transition=&#8220;on&#8220;][\/et_pb_slide][\/et_pb_fullwidth_slider][\/et_pb_section][et_pb_section fb_built=&#8220;1&#8243; _builder_version=&#8220;4.17.3&#8243; _module_preset=&#8220;default&#8220; global_colors_info=&#8220;{}&#8220;][et_pb_row column_structure=&#8220;3_5,2_5&#8243; _builder_version=&#8220;4.17.3&#8243; _module_preset=&#8220;default&#8220; global_colors_info=&#8220;{}&#8220;][et_pb_column type=&#8220;3_5&#8243; _builder_version=&#8220;4.17.3&#8243; _module_preset=&#8220;default&#8220; global_colors_info=&#8220;{}&#8220;][et_pb_text _builder_version=&#8220;4.17.3&#8243; _module_preset=&#8220;default&#8220; global_colors_info=&#8220;{}&#8220;]<\/p>\n<h2>CashInfraPro<\/h2>\n<h3>(Cash Infrastructure Projects and Services GmbH)<\/h3>\n<p>VILLIGER Security arbeitet mit Cash InfraPro (Cash Infrastructure Projects and Services GmbH) zusammen, einer Gruppe von erfahrenen Experten.<br \/>Jeder von ihnen verf\u00fcgt \u00fcber mehr als 20 Jahre internationale Erfahrung und weltweite Anerkennung in Cash-Cycle-Management-Projekten.<\/p>\n<p>Mit ihrem Hintergrund als F\u00fchrungskr\u00e4fte in branchenf\u00fchrenden Unternehmen kennen sie Strategien, Methoden und Schl\u00fcsselfaktoren, die f\u00fcr Ihren Erfolg und die rechtzeitige Umsetzung mit nachhaltiger Wirkung entscheidend sind.<\/p>\n<p>Herr Jens Eberhardt ist einer unserer Hauptpartner, der zusammen mit Herrn Peter Villiger unsere Kunden in ihren L\u00f6sungsprozessen unterst\u00fctzt und ber\u00e4t.<br \/>Das Team von Herrn Peter Villiger &amp; Herrn Jens Eberhardt arbeitet seit vielen Jahren zusammen und ist die perfekte Besetzung f\u00fcr Ihre L\u00f6sungsberatung.<br \/>Sie k\u00f6nnen Sie mit mehr als 30 Jahren Erfahrung und Know-how beraten.<\/p>\n<p>[\/et_pb_text][\/et_pb_column][et_pb_column type=&#8220;2_5&#8243; _builder_version=&#8220;4.17.3&#8243; _module_preset=&#8220;default&#8220; global_colors_info=&#8220;{}&#8220;][et_pb_image src=&#8220;https:\/\/villiger-security.com\/wp-content\/uploads\/cashinfrapro_logo.png&#8220; title_text=&#8220;cashinfrapro_logo&#8220; _builder_version=&#8220;4.17.3&#8243; _module_preset=&#8220;default&#8220; custom_margin=&#8220;0px||||false|false&#8220; global_colors_info=&#8220;{}&#8220;][\/et_pb_image][\/et_pb_column][\/et_pb_row][\/et_pb_section][et_pb_section fb_built=&#8220;1&#8243; _builder_version=&#8220;4.17.3&#8243; _module_preset=&#8220;default&#8220; global_colors_info=&#8220;{}&#8220;][et_pb_row column_structure=&#8220;2_5,3_5&#8243; _builder_version=&#8220;4.17.3&#8243; _module_preset=&#8220;default&#8220; global_colors_info=&#8220;{}&#8220;][et_pb_column type=&#8220;2_5&#8243; _builder_version=&#8220;4.17.3&#8243; _module_preset=&#8220;default&#8220; global_colors_info=&#8220;{}&#8220;][et_pb_image src=&#8220;https:\/\/villiger-security.com\/wp-content\/uploads\/csm_News_15_Layout_plan_ffa80a19fc.jpg&#8220; title_text=&#8220;csm_News_15_Layout_plan_ffa80a19fc&#8220; module_class=&#8220;noborder&#8220; _builder_version=&#8220;4.17.3&#8243; _module_preset=&#8220;default&#8220; global_colors_info=&#8220;{}&#8220;][\/et_pb_image][\/et_pb_column][et_pb_column type=&#8220;3_5&#8243; _builder_version=&#8220;4.17.3&#8243; _module_preset=&#8220;default&#8220; global_colors_info=&#8220;{}&#8220;][et_pb_text _builder_version=&#8220;4.17.6&#8243; _module_preset=&#8220;default&#8220; hover_enabled=&#8220;0&#8243; global_colors_info=&#8220;{}&#8220; sticky_enabled=&#8220;0&#8243;]<\/p>\n<h3>Optimierung der Geldkreisl\u00e4ufe<\/h3>\n<div id=\"post-5242\" class=\"post-5242 page type-page status-publish hentry\">\n<div data-elementor-type=\"wp-page\" data-elementor-id=\"5242\" class=\"elementor elementor-5242\">\n<section class=\"elementor-section elementor-top-section elementor-element elementor-element-ced6fe1 elementor-section-boxed elementor-section-height-default elementor-section-height-default\" data-id=\"ced6fe1\" data-element_type=\"section\">\n<div class=\"elementor-container elementor-column-gap-default\">\n<div class=\"elementor-column elementor-col-100 elementor-top-column elementor-element elementor-element-6f62229\" data-id=\"6f62229\" data-element_type=\"column\">\n<div class=\"elementor-widget-wrap elementor-element-populated\">\n<div class=\"elementor-element elementor-element-f2f947d elementor-widget elementor-widget-text-editor\" data-id=\"f2f947d\" data-element_type=\"widget\" data-widget_type=\"text-editor.default\">\n<div class=\"elementor-widget-container\">\n<header>Eine effektive Optimierung des Bargeldkreislaufs unter Ber\u00fccksichtigung der gesamten Bargeldversorgungskette von Anfang bis Ende:<\/p>\n<ul>\n<li>Lebenszyklus von Banknoten und M\u00fcnzen<\/li>\n<li>Grosshandelszyklus: Logistik f\u00fcr Zentralbanken und Werttransportunternehmen<\/li>\n<li>Filialzyklus: Logistik f\u00fcr Geldautomaten, Bankfilialen und Einzelh\u00e4ndler<\/li>\n<\/ul>\n<p>Neue Technologien in der Bargeldbranche sowie die Adaption technischer Entwicklungen aus Branchen ausserhalb des Bargeldsektors er\u00f6ffnen Perspektiven zur Standardisierung, Digitalisierung und Automatisierung des Bargeldkreislaufs.<br \/>Das Ziel lautet: Optimierung der Kosten f\u00fcr Barmittel.<\/p>\n<p>Cash InfraPro unterst\u00fctzt Ihre Organisation mit erfahrenen Teams f\u00fcr Cash Cycle Management, Technologien und operative Verbesserungen, die sich auf Ihre spezifischen Projektaufgaben konzentrieren.<br \/>Unser Ansatz optimiert Ihre Prozessproduktivit\u00e4t und bietet Ihnen Wettbewerbsvorteile.<\/p>\n<\/header>\n<p>Typische Projekte sind:<\/p>\n<ul>\n<li>\n<p>Durchf\u00fchrbarkeitsstudien f\u00fcr neue Bargeldkreislaufmodelle<\/p>\n<\/li>\n<li>\n<p>Entwicklung von Cash-Centern vom Konzept bis zur Implementierung, Betriebseinf\u00fchrung und Auditierung<\/p>\n<\/li>\n<li>\n<p>Planung und Implementierung von Cash-in-Transit-Unternehmen, operative Verbesserungsprogramme und Audits<\/p>\n<\/li>\n<li>\n<p>Optimierung des Geldautomatenmanagements, Programme zum Recycling von Geldautomaten, Recycling am PoS, mobile Geldautomaten und mobile Bankfilialen<\/p>\n<\/li>\n<li>\n<p>Implementierung fortschrittlicher Technologien, z.B. Auto-ID f\u00fcr Tracking &amp; Tracing, EDI-Kommunikation f\u00fcr Cash Order Management, Cash Center Automation<\/p>\n<\/li>\n<li>\n<p>Programme f\u00fcr schlankes Cash Management<\/p>\n<\/li>\n<li>\n<p>Einf\u00fchrung des bargeldlosen Zahlungsverkehrs am POS und in mobilen Bankl\u00f6sungen<\/p>\n<\/li>\n<\/ul>\n<p>&nbsp;<\/p>\n<p><strong>Link zu CashInfraPro:<a href=\"https:\/\/www.cashinfrapro.com\/\" data-btattached=\"true\"><span><em> www.cashinfrapro.com<\/em><br \/><\/span><br \/><\/a><\/strong><\/p>\n<\/div>\n<\/div>\n<\/div>\n<\/div>\n<\/div>\n<\/section>\n<\/div>\n<\/div>\n<p>[\/et_pb_text][\/et_pb_column][\/et_pb_row][\/et_pb_section][et_pb_section fb_built=&#8220;1&#8243; _builder_version=&#8220;4.17.3&#8243; _module_preset=&#8220;default&#8220; global_colors_info=&#8220;{}&#8220;][et_pb_row _builder_version=&#8220;4.17.3&#8243; _module_preset=&#8220;default&#8220; global_colors_info=&#8220;{}&#8220;][et_pb_column type=&#8220;4_4&#8243; _builder_version=&#8220;4.17.3&#8243; _module_preset=&#8220;default&#8220; global_colors_info=&#8220;{}&#8220;][et_pb_text _builder_version=&#8220;4.17.3&#8243; _module_preset=&#8220;default&#8220; text_orientation=&#8220;center&#8220; max_width=&#8220;600px&#8220; module_alignment=&#8220;center&#8220; locked=&#8220;off&#8220; global_colors_info=&#8220;{}&#8220;]<\/p>\n<h2>M\u00f6chten Sie ein Beratungsgespr\u00e4ch?<\/h2>\n\n<div class=\"wpcf7 no-js\" id=\"wpcf7-f3196-o1\" lang=\"de-DE\" dir=\"ltr\" data-wpcf7-id=\"3196\">\n<div class=\"screen-reader-response\"><p role=\"status\" aria-live=\"polite\" aria-atomic=\"true\"><\/p> <ul><\/ul><\/div>\n<form action=\"\/de\/wp-json\/wp\/v2\/pages\/3036#wpcf7-f3196-o1\" method=\"post\" class=\"wpcf7-form init\" aria-label=\"Kontaktformular\" novalidate=\"novalidate\" data-status=\"init\">\n<fieldset class=\"hidden-fields-container\"><input type=\"hidden\" name=\"_wpcf7\" value=\"3196\" \/><input type=\"hidden\" name=\"_wpcf7_version\" value=\"6.1.4\" \/><input type=\"hidden\" name=\"_wpcf7_locale\" value=\"de_DE\" \/><input type=\"hidden\" name=\"_wpcf7_unit_tag\" value=\"wpcf7-f3196-o1\" \/><input type=\"hidden\" name=\"_wpcf7_container_post\" value=\"0\" \/><input type=\"hidden\" name=\"_wpcf7_posted_data_hash\" value=\"\" \/><input type=\"hidden\" name=\"_wpcf7_recaptcha_response\" value=\"\" \/>\n<\/fieldset>\n<p><span class=\"wpcf7-form-control-wrap\" data-name=\"your-name\"><input size=\"40\" maxlength=\"400\" class=\"wpcf7-form-control wpcf7-text wpcf7-validates-as-required\" aria-required=\"true\" aria-invalid=\"false\" placeholder=\"Vorname \/ Nachname *\" value=\"\" type=\"text\" name=\"your-name\" \/><\/span><span class=\"wpcf7-form-control-wrap\" data-name=\"PLZoderWohnort\"><input size=\"40\" maxlength=\"400\" class=\"wpcf7-form-control wpcf7-text\" aria-invalid=\"false\" placeholder=\"PLZ und Wohnort\" value=\"\" type=\"text\" name=\"PLZoderWohnort\" \/><\/span><br \/>\n<span class=\"wpcf7-form-control-wrap\" data-name=\"your-email\"><input size=\"40\" maxlength=\"400\" class=\"wpcf7-form-control wpcf7-email wpcf7-validates-as-required wpcf7-text wpcf7-validates-as-email\" aria-required=\"true\" aria-invalid=\"false\" placeholder=\"E-Mail *\" value=\"\" type=\"email\" name=\"your-email\" \/><\/span><span class=\"wpcf7-form-control-wrap\" data-name=\"your-telefon\"><input size=\"40\" maxlength=\"400\" class=\"wpcf7-form-control wpcf7-text\" aria-invalid=\"false\" placeholder=\"Telefon\" value=\"\" type=\"text\" name=\"your-telefon\" \/><\/span><br \/>\n<span class=\"wpcf7-form-control-wrap\" data-name=\"Nachricht\"><textarea cols=\"40\" rows=\"10\" maxlength=\"2000\" class=\"wpcf7-form-control wpcf7-textarea\" aria-invalid=\"false\" placeholder=\"Geben Sie hier Ihre Nachricht ein\" name=\"Nachricht\"><\/textarea><\/span>\n<\/p>\n<p><input class=\"wpcf7-form-control wpcf7-submit has-spinner\" type=\"submit\" value=\"Senden\" \/>\n<\/p>\n<p><i style=\"font-size: 14px;  \">* Erforderliches Feld<\/i>\n<\/p><div class=\"wpcf7-response-output\" aria-hidden=\"true\"><\/div>\n<\/form>\n<\/div>\n\n<p>[\/et_pb_text][\/et_pb_column][\/et_pb_row][\/et_pb_section]<\/p>\n","protected":false},"excerpt":{"rendered":"<p>CashInfraPro (Cash Infrastructure Projects and Services GmbH) VILLIGER Security arbeitet mit Cash InfraPro (Cash Infrastructure Projects and Services GmbH) zusammen, einer Gruppe von erfahrenen Experten.Jeder von ihnen verf\u00fcgt \u00fcber mehr als 20 Jahre internationale Erfahrung und weltweite Anerkennung in Cash-Cycle-Management-Projekten. Mit ihrem Hintergrund als F\u00fchrungskr\u00e4fte in branchenf\u00fchrenden Unternehmen kennen sie Strategien, Methoden und Schl\u00fcsselfaktoren, die [&hellip;]<\/p>\n","protected":false},"author":1,"featured_media":0,"parent":0,"menu_order":0,"comment_status":"closed","ping_status":"closed","template":"","meta":{"_acf_changed":false,"_et_pb_use_builder":"on","_et_pb_old_content":"","_et_gb_content_width":"","footnotes":""},"class_list":["post-3036","page","type-page","status-publish","hentry"],"acf":[],"yoast_head":"<!-- This site is optimized with the Yoast SEO plugin v26.7 - https:\/\/yoast.com\/wordpress\/plugins\/seo\/ -->\n<title>CashInfraPro - Villiger Security Solutions AG<\/title>\n<meta name=\"description\" content=\"VILLIGER Security arbeitet mit CashInfraPro (Cash Infrastructure Projects and Services GmbH) zusammen, einer Gruppe von erfahrenen Experten.\" \/>\n<meta name=\"robots\" content=\"index, follow, max-snippet:-1, max-image-preview:large, max-video-preview:-1\" \/>\n<link rel=\"canonical\" href=\"https:\/\/villiger-security.com\/de\/cashinfrapro\/\" \/>\n<meta property=\"og:locale\" content=\"de_DE\" \/>\n<meta property=\"og:type\" content=\"article\" \/>\n<meta property=\"og:title\" content=\"CashInfraPro - Villiger Security Solutions AG\" \/>\n<meta property=\"og:description\" content=\"VILLIGER Security arbeitet mit CashInfraPro (Cash Infrastructure Projects and Services GmbH) zusammen, einer Gruppe von erfahrenen Experten.\" \/>\n<meta property=\"og:url\" content=\"https:\/\/villiger-security.com\/de\/cashinfrapro\/\" \/>\n<meta property=\"og:site_name\" content=\"Villiger Security Solutions AG\" \/>\n<meta property=\"article:modified_time\" content=\"2022-08-24T07:17:35+00:00\" \/>\n<meta name=\"twitter:card\" content=\"summary_large_image\" \/>\n<meta name=\"twitter:label1\" content=\"Gesch\u00e4tzte Lesezeit\" \/>\n\t<meta name=\"twitter:data1\" content=\"5\u00a0Minuten\" \/>\n<script type=\"application\/ld+json\" class=\"yoast-schema-graph\">{\"@context\":\"https:\/\/schema.org\",\"@graph\":[{\"@type\":\"WebPage\",\"@id\":\"https:\/\/villiger-security.com\/de\/cashinfrapro\/\",\"url\":\"https:\/\/villiger-security.com\/de\/cashinfrapro\/\",\"name\":\"CashInfraPro - Villiger Security Solutions AG\",\"isPartOf\":{\"@id\":\"https:\/\/villiger-security.com\/de\/#website\"},\"datePublished\":\"2022-05-31T08:35:24+00:00\",\"dateModified\":\"2022-08-24T07:17:35+00:00\",\"description\":\"VILLIGER Security arbeitet mit CashInfraPro (Cash Infrastructure Projects and Services GmbH) zusammen, einer Gruppe von erfahrenen Experten.\",\"breadcrumb\":{\"@id\":\"https:\/\/villiger-security.com\/de\/cashinfrapro\/#breadcrumb\"},\"inLanguage\":\"de\",\"potentialAction\":[{\"@type\":\"ReadAction\",\"target\":[\"https:\/\/villiger-security.com\/de\/cashinfrapro\/\"]}]},{\"@type\":\"BreadcrumbList\",\"@id\":\"https:\/\/villiger-security.com\/de\/cashinfrapro\/#breadcrumb\",\"itemListElement\":[{\"@type\":\"ListItem\",\"position\":1,\"name\":\"Home\",\"item\":\"https:\/\/villiger-security.com\/de\/\"},{\"@type\":\"ListItem\",\"position\":2,\"name\":\"CashInfraPro\"}]},{\"@type\":\"WebSite\",\"@id\":\"https:\/\/villiger-security.com\/de\/#website\",\"url\":\"https:\/\/villiger-security.com\/de\/\",\"name\":\"Villiger Security Solutions AG\",\"description\":\"Innovate the future of cash\",\"potentialAction\":[{\"@type\":\"SearchAction\",\"target\":{\"@type\":\"EntryPoint\",\"urlTemplate\":\"https:\/\/villiger-security.com\/de\/?s={search_term_string}\"},\"query-input\":{\"@type\":\"PropertyValueSpecification\",\"valueRequired\":true,\"valueName\":\"search_term_string\"}}],\"inLanguage\":\"de\"}]}<\/script>\n<!-- \/ Yoast SEO plugin. -->","yoast_head_json":{"title":"CashInfraPro - Villiger Security Solutions AG","description":"VILLIGER Security arbeitet mit CashInfraPro (Cash Infrastructure Projects and Services GmbH) zusammen, einer Gruppe von erfahrenen Experten.","robots":{"index":"index","follow":"follow","max-snippet":"max-snippet:-1","max-image-preview":"max-image-preview:large","max-video-preview":"max-video-preview:-1"},"canonical":"https:\/\/villiger-security.com\/de\/cashinfrapro\/","og_locale":"de_DE","og_type":"article","og_title":"CashInfraPro - Villiger Security Solutions AG","og_description":"VILLIGER Security arbeitet mit CashInfraPro (Cash Infrastructure Projects and Services GmbH) zusammen, einer Gruppe von erfahrenen Experten.","og_url":"https:\/\/villiger-security.com\/de\/cashinfrapro\/","og_site_name":"Villiger Security Solutions AG","article_modified_time":"2022-08-24T07:17:35+00:00","twitter_card":"summary_large_image","twitter_misc":{"Gesch\u00e4tzte Lesezeit":"5\u00a0Minuten"},"schema":{"@context":"https:\/\/schema.org","@graph":[{"@type":"WebPage","@id":"https:\/\/villiger-security.com\/de\/cashinfrapro\/","url":"https:\/\/villiger-security.com\/de\/cashinfrapro\/","name":"CashInfraPro - Villiger Security Solutions AG","isPartOf":{"@id":"https:\/\/villiger-security.com\/de\/#website"},"datePublished":"2022-05-31T08:35:24+00:00","dateModified":"2022-08-24T07:17:35+00:00","description":"VILLIGER Security arbeitet mit CashInfraPro (Cash Infrastructure Projects and Services GmbH) zusammen, einer Gruppe von erfahrenen Experten.","breadcrumb":{"@id":"https:\/\/villiger-security.com\/de\/cashinfrapro\/#breadcrumb"},"inLanguage":"de","potentialAction":[{"@type":"ReadAction","target":["https:\/\/villiger-security.com\/de\/cashinfrapro\/"]}]},{"@type":"BreadcrumbList","@id":"https:\/\/villiger-security.com\/de\/cashinfrapro\/#breadcrumb","itemListElement":[{"@type":"ListItem","position":1,"name":"Home","item":"https:\/\/villiger-security.com\/de\/"},{"@type":"ListItem","position":2,"name":"CashInfraPro"}]},{"@type":"WebSite","@id":"https:\/\/villiger-security.com\/de\/#website","url":"https:\/\/villiger-security.com\/de\/","name":"Villiger Security Solutions AG","description":"Innovate the future of cash","potentialAction":[{"@type":"SearchAction","target":{"@type":"EntryPoint","urlTemplate":"https:\/\/villiger-security.com\/de\/?s={search_term_string}"},"query-input":{"@type":"PropertyValueSpecification","valueRequired":true,"valueName":"search_term_string"}}],"inLanguage":"de"}]}},"_links":{"self":[{"href":"https:\/\/villiger-security.com\/de\/wp-json\/wp\/v2\/pages\/3036","targetHints":{"allow":["GET"]}}],"collection":[{"href":"https:\/\/villiger-security.com\/de\/wp-json\/wp\/v2\/pages"}],"about":[{"href":"https:\/\/villiger-security.com\/de\/wp-json\/wp\/v2\/types\/page"}],"author":[{"embeddable":true,"href":"https:\/\/villiger-security.com\/de\/wp-json\/wp\/v2\/users\/1"}],"replies":[{"embeddable":true,"href":"https:\/\/villiger-security.com\/de\/wp-json\/wp\/v2\/comments?post=3036"}],"version-history":[{"count":0,"href":"https:\/\/villiger-security.com\/de\/wp-json\/wp\/v2\/pages\/3036\/revisions"}],"wp:attachment":[{"href":"https:\/\/villiger-security.com\/de\/wp-json\/wp\/v2\/media?parent=3036"}],"curies":[{"name":"wp","href":"https:\/\/api.w.org\/{rel}","templated":true}]}}