{"id":3012,"date":"2022-05-05T07:15:42","date_gmt":"2022-05-05T07:15:42","guid":{"rendered":"https:\/\/villiger-security.com\/impressum\/"},"modified":"2022-08-12T07:02:30","modified_gmt":"2022-08-12T07:02:30","slug":"impressum","status":"publish","type":"page","link":"https:\/\/villiger-security.com\/de\/impressum\/","title":{"rendered":"Impressum"},"content":{"rendered":"<p>[et_pb_section fb_built=&#8220;1&#8243; theme_builder_area=&#8220;post_content&#8220; _builder_version=&#8220;4.17.3&#8243; _module_preset=&#8220;default&#8220;][et_pb_row _builder_version=&#8220;4.17.3&#8243; _module_preset=&#8220;default&#8220; theme_builder_area=&#8220;post_content&#8220;][et_pb_column _builder_version=&#8220;4.17.3&#8243; _module_preset=&#8220;default&#8220; type=&#8220;4_4&#8243; theme_builder_area=&#8220;post_content&#8220;][et_pb_text _builder_version=&#8220;4.17.3&#8243; _module_preset=&#8220;default&#8220; theme_builder_area=&#8220;post_content&#8220; hover_enabled=&#8220;0&#8243; sticky_enabled=&#8220;0&#8243;]<\/p>\n<h1>Impressum<\/h1>\n<h2>Villiger Sicherheitsl\u00f6sung AG<\/h2>\n<p><strong>Bevollm\u00e4chtigter Vertreter:<\/strong><br \/>Peter Villiger<\/p>\n<p><strong>Eintrag ins Handelsregister:<\/strong><br \/>Eingetragener Firmenname: Villiger Security Solutions AG<br \/>Handelsregisternummer: CHE-110.358.395<\/p>\n<p><strong>Umsatzsteuer-Identifikationsnummer:<\/strong><br \/>CHE-110.358.395<\/p>\n<p><strong>Verzicht auf Haftung:<\/strong><br \/>Der Autor \u00fcbernimmt keinerlei Gew\u00e4hr hinsichtlich der inhaltlichen Richtigkeit, Genauigkeit, Aktualit\u00e4t, Zuverl\u00e4ssigkeit und Vollst\u00e4ndigkeit der Informationen.<br \/>Haftungsanspr\u00fcche gegen den Autor wegen Sch\u00e4den materieller oder immaterieller Art, welche aus dem Zugriff oder der Nutzung bzw. Nichtnutzung der ver\u00f6ffentlichten Informationen, durch Missbrauch der Verbindung oder durch technische St\u00f6rungen entstanden sind, werden ausgeschlossen.<br \/>Alle Angebote sind freibleibend. Der Autor beh\u00e4lt es sich ausdr\u00fccklich vor, Teile der Seiten oder das gesamte Angebot ohne gesonderte Ank\u00fcndigung zu ver\u00e4ndern, zu erg\u00e4nzen, zu l\u00f6schen oder die Ver\u00f6ffentlichung zeitweise oder endg\u00fcltig einzustellen.<\/p>\n<p><strong>Haftungsausschluss f\u00fcr Links<\/strong><br \/>Verweise und Links auf Webseiten Dritter liegen au\u00dferhalb unseres Verantwortungsbereiches. Sie lehnt jede Verantwortung f\u00fcr solche Websites ab. Der Zugang zu und die Nutzung von solchen Websites erfolgt auf eigenes Risiko des Nutzers.<\/p>\n<p><strong>Urheberrechte<\/strong><br \/>Die Urheberrechte und alle anderen Rechte an Inhalten, Bildern, Fotos oder anderen Dateien auf dieser Website geh\u00f6ren ausschliesslich der Villiger Security Solutions AG oder den namentlich genannten Rechtsinhabern. F\u00fcr die Vervielf\u00e4ltigung jeglicher Elemente ist vorab die schriftliche Zustimmung des Urheberrechtsinhabers einzuholen.<\/p>\n<p>[\/et_pb_text][\/et_pb_column][\/et_pb_row][\/et_pb_section]<\/p>\n","protected":false},"excerpt":{"rendered":"<p>Impressum Villiger Sicherheitsl\u00f6sung AG Bevollm\u00e4chtigter Vertreter:Peter Villiger Eintrag ins Handelsregister:Eingetragener Firmenname: Villiger Security Solutions AGHandelsregisternummer: CHE-110.358.395 Umsatzsteuer-Identifikationsnummer:CHE-110.358.395 Verzicht auf Haftung:Der Autor \u00fcbernimmt keinerlei Gew\u00e4hr hinsichtlich der inhaltlichen Richtigkeit, Genauigkeit, Aktualit\u00e4t, Zuverl\u00e4ssigkeit und Vollst\u00e4ndigkeit der Informationen.Haftungsanspr\u00fcche gegen den Autor wegen Sch\u00e4den materieller oder immaterieller Art, welche aus dem Zugriff oder der Nutzung bzw. Nichtnutzung der ver\u00f6ffentlichten [&hellip;]<\/p>\n","protected":false},"author":1,"featured_media":0,"parent":0,"menu_order":0,"comment_status":"closed","ping_status":"closed","template":"","meta":{"_acf_changed":false,"_et_pb_use_builder":"on","_et_pb_old_content":"","_et_gb_content_width":"","footnotes":""},"class_list":["post-3012","page","type-page","status-publish","hentry"],"acf":[],"yoast_head":"<!-- This site is optimized with the Yoast SEO plugin v26.7 - https:\/\/yoast.com\/wordpress\/plugins\/seo\/ -->\n<title>Impressum - Villiger Security Solutions AG<\/title>\n<meta name=\"robots\" content=\"index, follow, max-snippet:-1, max-image-preview:large, max-video-preview:-1\" \/>\n<link rel=\"canonical\" href=\"https:\/\/villiger-security.com\/de\/impressum\/\" \/>\n<meta property=\"og:locale\" content=\"de_DE\" \/>\n<meta property=\"og:type\" content=\"article\" \/>\n<meta property=\"og:title\" content=\"Impressum - Villiger Security Solutions AG\" \/>\n<meta property=\"og:description\" content=\"Impressum Villiger Sicherheitsl\u00f6sung AG Bevollm\u00e4chtigter Vertreter:Peter Villiger Eintrag ins Handelsregister:Eingetragener Firmenname: Villiger Security Solutions AGHandelsregisternummer: CHE-110.358.395 Umsatzsteuer-Identifikationsnummer:CHE-110.358.395 Verzicht auf Haftung:Der Autor \u00fcbernimmt keinerlei Gew\u00e4hr hinsichtlich der inhaltlichen Richtigkeit, Genauigkeit, Aktualit\u00e4t, Zuverl\u00e4ssigkeit und Vollst\u00e4ndigkeit der Informationen.Haftungsanspr\u00fcche gegen den Autor wegen Sch\u00e4den materieller oder immaterieller Art, welche aus dem Zugriff oder der Nutzung bzw. Nichtnutzung der ver\u00f6ffentlichten [&hellip;]\" \/>\n<meta property=\"og:url\" content=\"https:\/\/villiger-security.com\/de\/impressum\/\" \/>\n<meta property=\"og:site_name\" content=\"Villiger Security Solutions AG\" \/>\n<meta property=\"article:modified_time\" content=\"2022-08-12T07:02:30+00:00\" \/>\n<meta name=\"twitter:card\" content=\"summary_large_image\" \/>\n<meta name=\"twitter:label1\" content=\"Gesch\u00e4tzte Lesezeit\" \/>\n\t<meta name=\"twitter:data1\" content=\"1\u00a0Minute\" \/>\n<script type=\"application\/ld+json\" class=\"yoast-schema-graph\">{\"@context\":\"https:\/\/schema.org\",\"@graph\":[{\"@type\":\"WebPage\",\"@id\":\"https:\/\/villiger-security.com\/de\/impressum\/\",\"url\":\"https:\/\/villiger-security.com\/de\/impressum\/\",\"name\":\"Impressum - Villiger Security Solutions AG\",\"isPartOf\":{\"@id\":\"https:\/\/villiger-security.com\/de\/#website\"},\"datePublished\":\"2022-05-05T07:15:42+00:00\",\"dateModified\":\"2022-08-12T07:02:30+00:00\",\"breadcrumb\":{\"@id\":\"https:\/\/villiger-security.com\/de\/impressum\/#breadcrumb\"},\"inLanguage\":\"de\",\"potentialAction\":[{\"@type\":\"ReadAction\",\"target\":[\"https:\/\/villiger-security.com\/de\/impressum\/\"]}]},{\"@type\":\"BreadcrumbList\",\"@id\":\"https:\/\/villiger-security.com\/de\/impressum\/#breadcrumb\",\"itemListElement\":[{\"@type\":\"ListItem\",\"position\":1,\"name\":\"Home\",\"item\":\"https:\/\/villiger-security.com\/de\/\"},{\"@type\":\"ListItem\",\"position\":2,\"name\":\"Impressum\"}]},{\"@type\":\"WebSite\",\"@id\":\"https:\/\/villiger-security.com\/de\/#website\",\"url\":\"https:\/\/villiger-security.com\/de\/\",\"name\":\"Villiger Security Solutions AG\",\"description\":\"Innovate the future of cash\",\"potentialAction\":[{\"@type\":\"SearchAction\",\"target\":{\"@type\":\"EntryPoint\",\"urlTemplate\":\"https:\/\/villiger-security.com\/de\/?s={search_term_string}\"},\"query-input\":{\"@type\":\"PropertyValueSpecification\",\"valueRequired\":true,\"valueName\":\"search_term_string\"}}],\"inLanguage\":\"de\"}]}<\/script>\n<!-- \/ Yoast SEO plugin. -->","yoast_head_json":{"title":"Impressum - Villiger Security Solutions AG","robots":{"index":"index","follow":"follow","max-snippet":"max-snippet:-1","max-image-preview":"max-image-preview:large","max-video-preview":"max-video-preview:-1"},"canonical":"https:\/\/villiger-security.com\/de\/impressum\/","og_locale":"de_DE","og_type":"article","og_title":"Impressum - Villiger Security Solutions AG","og_description":"Impressum Villiger Sicherheitsl\u00f6sung AG Bevollm\u00e4chtigter Vertreter:Peter Villiger Eintrag ins Handelsregister:Eingetragener Firmenname: Villiger Security Solutions AGHandelsregisternummer: CHE-110.358.395 Umsatzsteuer-Identifikationsnummer:CHE-110.358.395 Verzicht auf Haftung:Der Autor \u00fcbernimmt keinerlei Gew\u00e4hr hinsichtlich der inhaltlichen Richtigkeit, Genauigkeit, Aktualit\u00e4t, Zuverl\u00e4ssigkeit und Vollst\u00e4ndigkeit der Informationen.Haftungsanspr\u00fcche gegen den Autor wegen Sch\u00e4den materieller oder immaterieller Art, welche aus dem Zugriff oder der Nutzung bzw. Nichtnutzung der ver\u00f6ffentlichten [&hellip;]","og_url":"https:\/\/villiger-security.com\/de\/impressum\/","og_site_name":"Villiger Security Solutions AG","article_modified_time":"2022-08-12T07:02:30+00:00","twitter_card":"summary_large_image","twitter_misc":{"Gesch\u00e4tzte Lesezeit":"1\u00a0Minute"},"schema":{"@context":"https:\/\/schema.org","@graph":[{"@type":"WebPage","@id":"https:\/\/villiger-security.com\/de\/impressum\/","url":"https:\/\/villiger-security.com\/de\/impressum\/","name":"Impressum - Villiger Security Solutions AG","isPartOf":{"@id":"https:\/\/villiger-security.com\/de\/#website"},"datePublished":"2022-05-05T07:15:42+00:00","dateModified":"2022-08-12T07:02:30+00:00","breadcrumb":{"@id":"https:\/\/villiger-security.com\/de\/impressum\/#breadcrumb"},"inLanguage":"de","potentialAction":[{"@type":"ReadAction","target":["https:\/\/villiger-security.com\/de\/impressum\/"]}]},{"@type":"BreadcrumbList","@id":"https:\/\/villiger-security.com\/de\/impressum\/#breadcrumb","itemListElement":[{"@type":"ListItem","position":1,"name":"Home","item":"https:\/\/villiger-security.com\/de\/"},{"@type":"ListItem","position":2,"name":"Impressum"}]},{"@type":"WebSite","@id":"https:\/\/villiger-security.com\/de\/#website","url":"https:\/\/villiger-security.com\/de\/","name":"Villiger Security Solutions AG","description":"Innovate the future of cash","potentialAction":[{"@type":"SearchAction","target":{"@type":"EntryPoint","urlTemplate":"https:\/\/villiger-security.com\/de\/?s={search_term_string}"},"query-input":{"@type":"PropertyValueSpecification","valueRequired":true,"valueName":"search_term_string"}}],"inLanguage":"de"}]}},"_links":{"self":[{"href":"https:\/\/villiger-security.com\/de\/wp-json\/wp\/v2\/pages\/3012","targetHints":{"allow":["GET"]}}],"collection":[{"href":"https:\/\/villiger-security.com\/de\/wp-json\/wp\/v2\/pages"}],"about":[{"href":"https:\/\/villiger-security.com\/de\/wp-json\/wp\/v2\/types\/page"}],"author":[{"embeddable":true,"href":"https:\/\/villiger-security.com\/de\/wp-json\/wp\/v2\/users\/1"}],"replies":[{"embeddable":true,"href":"https:\/\/villiger-security.com\/de\/wp-json\/wp\/v2\/comments?post=3012"}],"version-history":[{"count":0,"href":"https:\/\/villiger-security.com\/de\/wp-json\/wp\/v2\/pages\/3012\/revisions"}],"wp:attachment":[{"href":"https:\/\/villiger-security.com\/de\/wp-json\/wp\/v2\/media?parent=3012"}],"curies":[{"name":"wp","href":"https:\/\/api.w.org\/{rel}","templated":true}]}}