{"id":2994,"date":"2022-05-03T11:22:29","date_gmt":"2022-05-03T11:22:29","guid":{"rendered":"https:\/\/villiger-security.com\/gruender-ceo\/"},"modified":"2022-08-24T07:53:11","modified_gmt":"2022-08-24T07:53:11","slug":"gruender-ceo","status":"publish","type":"page","link":"https:\/\/villiger-security.com\/de\/gruender-ceo\/","title":{"rendered":"Gr\u00fcnder &amp; CEO"},"content":{"rendered":"<p>[et_pb_section fb_built=&#8220;1&#8243; fullwidth=&#8220;on&#8220; module_id=&#8220;home-slid&#8220; _builder_version=&#8220;4.17.3&#8243; _module_preset=&#8220;default&#8220; filter_saturate=&#8220;50%&#8220; bottom_divider_color=&#8220;#e9e9f6&#8243; bottom_divider_height=&#8220;0px&#8220; bottom_divider_repeat=&#8220;0.5x&#8220; locked=&#8220;off&#8220; global_colors_info=&#8220;{}&#8220;][et_pb_fullwidth_slider _builder_version=&#8220;4.17.3&#8243; _module_preset=&#8220;default&#8220; header_level=&#8220;h1&#8243; header_font=&#8220;|600||||on|||&#8220; header_text_color=&#8220;#ffffff&#8220; body_font=&#8220;|||||on|||&#8220; body_text_color=&#8220;rgba(255,228,43,0.89)&#8220; use_background_color_gradient=&#8220;on&#8220; background_color_gradient_direction=&#8220;140deg&#8220; background_color_gradient_stops=&#8220;rgba(234,0,39,0.3) 0%|rgba(0,15,159,0.45) 26%&#8220; background_color_gradient_overlays_image=&#8220;on&#8220; custom_padding=&#8220;150px|0px|200px|0px|false|false&#8220; custom_padding_tablet=&#8220;120px||150px||false|false&#8220; custom_padding_phone=&#8220;||150px||false|false&#8220; custom_padding_last_edited=&#8220;on|tablet&#8220; auto=&#8220;on&#8220; auto_speed=&#8220;4500&#8243; auto_ignore_hover=&#8220;on&#8220; global_colors_info=&#8220;{}&#8220;][et_pb_slide heading=&#8220;Gr\u00fcnder &#038; CEO&#8220; _builder_version=&#8220;4.17.3&#8243; _module_preset=&#8220;default&#8220; header_level=&#8220;h2&#8243; header_font=&#8220;|||||on|||&#8220; header_text_align=&#8220;center&#8220; header_text_color=&#8220;#ffffff&#8220; header_font_size=&#8220;50px&#8220; body_text_align=&#8220;center&#8220; body_text_color=&#8220;#FFFFFF&#8220; body_font_size=&#8220;25px&#8220; body_line_height=&#8220;1.3em&#8220; background_enable_color=&#8220;off&#8220; background_image=&#8220;https:\/\/villiger-security.com\/wp-content\/uploads\/2022\/05\/showroom.jpg&#8220; background_enable_image=&#8220;on&#8220; background_position=&#8220;bottom_center&#8220; text_orientation=&#8220;left&#8220; max_width=&#8220;613px&#8220; body_font_size_tablet=&#8220;25px&#8220; body_font_size_phone=&#8220;25px&#8220; body_font_size_last_edited=&#8220;on|phone&#8220; body_line_height_tablet=&#8220;1.3em&#8220; body_line_height_phone=&#8220;1.3em&#8220; body_line_height_last_edited=&#8220;on|desktop&#8220; header_text_shadow_style=&#8220;preset5&#8243; header_text_shadow_horizontal_length=&#8220;0.03em&#8220; header_text_shadow_vertical_length=&#8220;0.03em&#8220; header_text_shadow_color=&#8220;rgba(0,0,0,0.73)&#8220; text_shadow_style=&#8220;preset5&#8243; text_shadow_horizontal_length=&#8220;0.07em&#8220; text_shadow_vertical_length=&#8220;0.07em&#8220; text_shadow_color=&#8220;#000000&#8243; global_colors_info=&#8220;{}&#8220; sticky_transition=&#8220;on&#8220;][\/et_pb_slide][\/et_pb_fullwidth_slider][\/et_pb_section][et_pb_section fb_built=&#8220;1&#8243; _builder_version=&#8220;4.17.3&#8243; _module_preset=&#8220;default&#8220; global_colors_info=&#8220;{}&#8220;][et_pb_row column_structure=&#8220;3_5,2_5&#8243; _builder_version=&#8220;4.17.3&#8243; _module_preset=&#8220;default&#8220; global_colors_info=&#8220;{}&#8220;][et_pb_column type=&#8220;3_5&#8243; _builder_version=&#8220;4.17.3&#8243; _module_preset=&#8220;default&#8220; global_colors_info=&#8220;{}&#8220;][et_pb_text _builder_version=&#8220;4.17.3&#8243; _module_preset=&#8220;default&#8220; global_colors_info=&#8220;{}&#8220;]<\/p>\n<h2>Gr\u00fcnder, Inhaber und Gesch\u00e4ftsf\u00fchrer der Villiger Security Solution AG<\/h2>\n<p>Peter Villiger ist der Pionier f\u00fcr einen sparsamen und sicheren Einsatz der Tintentechnologie in der Bargeldbranche. Er gr\u00fcndete 1988 die Villiger Security Solution AG und entwickelt sein Unternehmen st\u00e4ndig weiter. F\u00fcr ihn ist die Innovation eine Herzensangelegenheit. Mit seinem unternehmerischen Weitblick und seinem technischen Verst\u00e4ndnis integriert er die Ideen aus Kundengespr\u00e4chen in Gesamtl\u00f6sungen, so dass seine Produkte allen am Geldkreislauf Beteiligten zugute kommen. Auf diese Weise hat er die Sicherheit von Bargeld bei Transport und Lagerung, in Geldautomaten f\u00fcr Europa und S\u00fcdamerika nachhaltig beeinflusst.<\/p>\n<p>Im Gegensatz zu allen Mitbewerbern in der Bargeldsicherheits- und Bargeldbearbeitungsbranche kann Peter auf eine 30-j\u00e4hrige Erfahrung als Vorsitzender des Unternehmens zur\u00fcckblicken. Die Kunden bewundern diese Kontinuit\u00e4t. <br \/>Diejenigen, die Peter bereits kennen, sch\u00e4tzen seine Beharrlichkeit und seine Leidenschaft f\u00fcr Kundenl\u00f6sungen, die ein komplettes System und nicht nur ein Produkt bieten. Nichts scheint f\u00fcr ihn unm\u00f6glich. Bis heute liebt es Peter, Probleme in der Industrie direkt anzusprechen.<\/p>\n<p>[\/et_pb_text][\/et_pb_column][et_pb_column type=&#8220;2_5&#8243; _builder_version=&#8220;4.17.3&#8243; _module_preset=&#8220;default&#8220; global_colors_info=&#8220;{}&#8220;][et_pb_image src=&#8220;https:\/\/villiger-security.com\/wp-content\/uploads\/2022\/05\/peter_villiger.jpg&#8220; title_text=&#8220;peter_villiger&#8220; _builder_version=&#8220;4.17.3&#8243; _module_preset=&#8220;default&#8220; global_colors_info=&#8220;{}&#8220;][\/et_pb_image][et_pb_text _builder_version=&#8220;4.17.3&#8243; _module_preset=&#8220;default&#8220; global_colors_info=&#8220;{}&#8220;]<\/p>\n<h3>Peter Villiger<\/h3>\n<p><em>CEO<\/em><\/p>\n<p>[\/et_pb_text][\/et_pb_column][\/et_pb_row][\/et_pb_section]<\/p>\n","protected":false},"excerpt":{"rendered":"<p>Gr\u00fcnder, Inhaber und Gesch\u00e4ftsf\u00fchrer der Villiger Security Solution AG Peter Villiger ist der Pionier f\u00fcr einen sparsamen und sicheren Einsatz der Tintentechnologie in der Bargeldbranche. Er gr\u00fcndete 1988 die Villiger Security Solution AG und entwickelt sein Unternehmen st\u00e4ndig weiter. F\u00fcr ihn ist die Innovation eine Herzensangelegenheit. Mit seinem unternehmerischen Weitblick und seinem technischen Verst\u00e4ndnis integriert [&hellip;]<\/p>\n","protected":false},"author":1,"featured_media":0,"parent":0,"menu_order":0,"comment_status":"closed","ping_status":"closed","template":"","meta":{"_acf_changed":false,"_et_pb_use_builder":"on","_et_pb_old_content":"","_et_gb_content_width":"","footnotes":""},"class_list":["post-2994","page","type-page","status-publish","hentry"],"acf":[],"yoast_head":"<!-- This site is optimized with the Yoast SEO plugin v26.7 - https:\/\/yoast.com\/wordpress\/plugins\/seo\/ -->\n<title>Gr\u00fcnder &amp; CEO - Villiger Security Solutions AG<\/title>\n<meta name=\"description\" content=\"CEO Peter Villiger ist der Pionier f\u00fcr einen wirtschaftlichen und sicheren Einsatz der Tintentechnologie in der Bargeldbranche.\" \/>\n<meta name=\"robots\" content=\"index, follow, max-snippet:-1, max-image-preview:large, max-video-preview:-1\" \/>\n<link rel=\"canonical\" href=\"https:\/\/villiger-security.com\/de\/gruender-ceo\/\" \/>\n<meta property=\"og:locale\" content=\"de_DE\" \/>\n<meta property=\"og:type\" content=\"article\" \/>\n<meta property=\"og:title\" content=\"Gr\u00fcnder &amp; CEO - Villiger Security Solutions AG\" \/>\n<meta property=\"og:description\" content=\"CEO Peter Villiger ist der Pionier f\u00fcr einen wirtschaftlichen und sicheren Einsatz der Tintentechnologie in der Bargeldbranche.\" \/>\n<meta property=\"og:url\" content=\"https:\/\/villiger-security.com\/de\/gruender-ceo\/\" \/>\n<meta property=\"og:site_name\" content=\"Villiger Security Solutions AG\" \/>\n<meta property=\"article:modified_time\" content=\"2022-08-24T07:53:11+00:00\" \/>\n<meta name=\"twitter:card\" content=\"summary_large_image\" \/>\n<meta name=\"twitter:label1\" content=\"Gesch\u00e4tzte Lesezeit\" \/>\n\t<meta name=\"twitter:data1\" content=\"3\u00a0Minuten\" \/>\n<script type=\"application\/ld+json\" class=\"yoast-schema-graph\">{\"@context\":\"https:\/\/schema.org\",\"@graph\":[{\"@type\":\"WebPage\",\"@id\":\"https:\/\/villiger-security.com\/de\/gruender-ceo\/\",\"url\":\"https:\/\/villiger-security.com\/de\/gruender-ceo\/\",\"name\":\"Gr\u00fcnder &amp; CEO - Villiger Security Solutions AG\",\"isPartOf\":{\"@id\":\"https:\/\/villiger-security.com\/de\/#website\"},\"datePublished\":\"2022-05-03T11:22:29+00:00\",\"dateModified\":\"2022-08-24T07:53:11+00:00\",\"description\":\"CEO Peter Villiger ist der Pionier f\u00fcr einen wirtschaftlichen und sicheren Einsatz der Tintentechnologie in der Bargeldbranche.\",\"breadcrumb\":{\"@id\":\"https:\/\/villiger-security.com\/de\/gruender-ceo\/#breadcrumb\"},\"inLanguage\":\"de\",\"potentialAction\":[{\"@type\":\"ReadAction\",\"target\":[\"https:\/\/villiger-security.com\/de\/gruender-ceo\/\"]}]},{\"@type\":\"BreadcrumbList\",\"@id\":\"https:\/\/villiger-security.com\/de\/gruender-ceo\/#breadcrumb\",\"itemListElement\":[{\"@type\":\"ListItem\",\"position\":1,\"name\":\"Home\",\"item\":\"https:\/\/villiger-security.com\/de\/\"},{\"@type\":\"ListItem\",\"position\":2,\"name\":\"Gr\u00fcnder &amp; CEO\"}]},{\"@type\":\"WebSite\",\"@id\":\"https:\/\/villiger-security.com\/de\/#website\",\"url\":\"https:\/\/villiger-security.com\/de\/\",\"name\":\"Villiger Security Solutions AG\",\"description\":\"Innovate the future of cash\",\"potentialAction\":[{\"@type\":\"SearchAction\",\"target\":{\"@type\":\"EntryPoint\",\"urlTemplate\":\"https:\/\/villiger-security.com\/de\/?s={search_term_string}\"},\"query-input\":{\"@type\":\"PropertyValueSpecification\",\"valueRequired\":true,\"valueName\":\"search_term_string\"}}],\"inLanguage\":\"de\"}]}<\/script>\n<!-- \/ Yoast SEO plugin. -->","yoast_head_json":{"title":"Gr\u00fcnder &amp; CEO - Villiger Security Solutions AG","description":"CEO Peter Villiger ist der Pionier f\u00fcr einen wirtschaftlichen und sicheren Einsatz der Tintentechnologie in der Bargeldbranche.","robots":{"index":"index","follow":"follow","max-snippet":"max-snippet:-1","max-image-preview":"max-image-preview:large","max-video-preview":"max-video-preview:-1"},"canonical":"https:\/\/villiger-security.com\/de\/gruender-ceo\/","og_locale":"de_DE","og_type":"article","og_title":"Gr\u00fcnder &amp; CEO - Villiger Security Solutions AG","og_description":"CEO Peter Villiger ist der Pionier f\u00fcr einen wirtschaftlichen und sicheren Einsatz der Tintentechnologie in der Bargeldbranche.","og_url":"https:\/\/villiger-security.com\/de\/gruender-ceo\/","og_site_name":"Villiger Security Solutions AG","article_modified_time":"2022-08-24T07:53:11+00:00","twitter_card":"summary_large_image","twitter_misc":{"Gesch\u00e4tzte Lesezeit":"3\u00a0Minuten"},"schema":{"@context":"https:\/\/schema.org","@graph":[{"@type":"WebPage","@id":"https:\/\/villiger-security.com\/de\/gruender-ceo\/","url":"https:\/\/villiger-security.com\/de\/gruender-ceo\/","name":"Gr\u00fcnder &amp; CEO - Villiger Security Solutions AG","isPartOf":{"@id":"https:\/\/villiger-security.com\/de\/#website"},"datePublished":"2022-05-03T11:22:29+00:00","dateModified":"2022-08-24T07:53:11+00:00","description":"CEO Peter Villiger ist der Pionier f\u00fcr einen wirtschaftlichen und sicheren Einsatz der Tintentechnologie in der Bargeldbranche.","breadcrumb":{"@id":"https:\/\/villiger-security.com\/de\/gruender-ceo\/#breadcrumb"},"inLanguage":"de","potentialAction":[{"@type":"ReadAction","target":["https:\/\/villiger-security.com\/de\/gruender-ceo\/"]}]},{"@type":"BreadcrumbList","@id":"https:\/\/villiger-security.com\/de\/gruender-ceo\/#breadcrumb","itemListElement":[{"@type":"ListItem","position":1,"name":"Home","item":"https:\/\/villiger-security.com\/de\/"},{"@type":"ListItem","position":2,"name":"Gr\u00fcnder &amp; CEO"}]},{"@type":"WebSite","@id":"https:\/\/villiger-security.com\/de\/#website","url":"https:\/\/villiger-security.com\/de\/","name":"Villiger Security Solutions AG","description":"Innovate the future of cash","potentialAction":[{"@type":"SearchAction","target":{"@type":"EntryPoint","urlTemplate":"https:\/\/villiger-security.com\/de\/?s={search_term_string}"},"query-input":{"@type":"PropertyValueSpecification","valueRequired":true,"valueName":"search_term_string"}}],"inLanguage":"de"}]}},"_links":{"self":[{"href":"https:\/\/villiger-security.com\/de\/wp-json\/wp\/v2\/pages\/2994","targetHints":{"allow":["GET"]}}],"collection":[{"href":"https:\/\/villiger-security.com\/de\/wp-json\/wp\/v2\/pages"}],"about":[{"href":"https:\/\/villiger-security.com\/de\/wp-json\/wp\/v2\/types\/page"}],"author":[{"embeddable":true,"href":"https:\/\/villiger-security.com\/de\/wp-json\/wp\/v2\/users\/1"}],"replies":[{"embeddable":true,"href":"https:\/\/villiger-security.com\/de\/wp-json\/wp\/v2\/comments?post=2994"}],"version-history":[{"count":0,"href":"https:\/\/villiger-security.com\/de\/wp-json\/wp\/v2\/pages\/2994\/revisions"}],"wp:attachment":[{"href":"https:\/\/villiger-security.com\/de\/wp-json\/wp\/v2\/media?parent=2994"}],"curies":[{"name":"wp","href":"https:\/\/api.w.org\/{rel}","templated":true}]}}