{"id":2939,"date":"2022-07-14T05:41:50","date_gmt":"2022-07-14T05:41:50","guid":{"rendered":"https:\/\/villiger-security.com\/automatisierung\/"},"modified":"2025-07-23T09:39:09","modified_gmt":"2025-07-23T09:39:09","slug":"automatisierung","status":"publish","type":"page","link":"https:\/\/villiger-security.com\/de\/automatisierung\/","title":{"rendered":"Automatisierung"},"content":{"rendered":"<p>[et_pb_section fb_built=&#8220;1&#8243; _builder_version=&#8220;4.17.3&#8243; _module_preset=&#8220;default&#8220; global_colors_info=&#8220;{}&#8220;][et_pb_row _builder_version=&#8220;4.17.3&#8243; _module_preset=&#8220;default&#8220; locked=&#8220;off&#8220; global_colors_info=&#8220;{}&#8220;][et_pb_column type=&#8220;4_4&#8243; _builder_version=&#8220;4.17.3&#8243; _module_preset=&#8220;default&#8220; global_colors_info=&#8220;{}&#8220;][et_pb_text _builder_version=&#8220;4.17.3&#8243; _module_preset=&#8220;default&#8220; text_font_size=&#8220;22px&#8220; header_text_color=&#8220;#1d1d1b&#8220; header_font_size=&#8220;40px&#8220; header_2_font=&#8220;|600|||||||&#8220; header_2_font_size=&#8220;34px&#8220; max_width=&#8220;900px&#8220; module_alignment=&#8220;center&#8220; global_colors_info=&#8220;{}&#8220;]<\/p>\n<h1 style=\"text-align: center;\">Villiger Smart Tray<\/h1>\n<h2 style=\"text-align: center; margin-bottom: 10px;\">Innovate the Future of Cash &#8211; Einzelhandel, die neue Bank<\/h2>\n<p style=\"text-align: center;\">Die Zukunft des Bargelds k\u00f6nnte n\u00e4her sein, als Sie denken. Wir helfen Ihnen, Ihr Ziel zu erreichen, indem wir t\u00e4glich Zeit und Arbeitskosten reduzieren und die L\u00fccken im Bargeldkreislauf schlie\u00dfen.<\/p>\n<p style=\"text-align: center;\">\n<p>[\/et_pb_text][\/et_pb_column][\/et_pb_row][et_pb_row column_structure=&#8220;1_3,1_3,1_3&#8243; _builder_version=&#8220;4.17.3&#8243; _module_preset=&#8220;default&#8220; global_colors_info=&#8220;{}&#8220;][et_pb_column type=&#8220;1_3&#8243; _builder_version=&#8220;4.17.3&#8243; _module_preset=&#8220;default&#8220; global_colors_info=&#8220;{}&#8220;][et_pb_image src=&#8220;https:\/\/villiger-security.com\/wp-content\/uploads\/ST4000-1.png&#8220; title_text=&#8220;ST4000&#8243; _builder_version=&#8220;4.23.4&#8243; _module_preset=&#8220;default&#8220; hover_enabled=&#8220;0&#8243; global_colors_info=&#8220;{}&#8220; sticky_enabled=&#8220;0&#8243;][\/et_pb_image][et_pb_text _builder_version=&#8220;4.23.4&#8243; _module_preset=&#8220;default&#8220; hover_enabled=&#8220;0&#8243; global_colors_info=&#8220;{}&#8220; sticky_enabled=&#8220;0&#8243;]<\/p>\n<p>Smart Tray 4000<\/p>\n<p>[\/et_pb_text][\/et_pb_column][et_pb_column type=&#8220;1_3&#8243; _builder_version=&#8220;4.17.3&#8243; _module_preset=&#8220;default&#8220; global_colors_info=&#8220;{}&#8220;][et_pb_image src=&#8220;https:\/\/villiger-security.com\/wp-content\/uploads\/ST8000.png&#8220; title_text=&#8220;ST8000&#8243; _builder_version=&#8220;4.23.4&#8243; _module_preset=&#8220;default&#8220; hover_enabled=&#8220;0&#8243; global_colors_info=&#8220;{}&#8220; sticky_enabled=&#8220;0&#8243;][\/et_pb_image][et_pb_text _builder_version=&#8220;4.23.4&#8243; _module_preset=&#8220;default&#8220; hover_enabled=&#8220;0&#8243; global_colors_info=&#8220;{}&#8220; sticky_enabled=&#8220;0&#8243;]<\/p>\n<p>Smart Tray 8000<\/p>\n<p>[\/et_pb_text][\/et_pb_column][et_pb_column type=&#8220;1_3&#8243; _builder_version=&#8220;4.17.3&#8243; _module_preset=&#8220;default&#8220; global_colors_info=&#8220;{}&#8220;][et_pb_image src=&#8220;https:\/\/villiger-security.com\/wp-content\/uploads\/ST16000.png&#8220; title_text=&#8220;ST16000&#8243; _builder_version=&#8220;4.23.4&#8243; _module_preset=&#8220;default&#8220; hover_enabled=&#8220;0&#8243; global_colors_info=&#8220;{}&#8220; sticky_enabled=&#8220;0&#8243;][\/et_pb_image][et_pb_text _builder_version=&#8220;4.23.4&#8243; _module_preset=&#8220;default&#8220; hover_enabled=&#8220;0&#8243; global_colors_info=&#8220;{}&#8220; sticky_enabled=&#8220;0&#8243;]<\/p>\n<p>Smart Tray 16000<\/p>\n<p>[\/et_pb_text][\/et_pb_column][\/et_pb_row][\/et_pb_section][et_pb_section fb_built=&#8220;1&#8243; _builder_version=&#8220;4.17.3&#8243; _module_preset=&#8220;default&#8220; custom_margin=&#8220;0px||||false|false&#8220; custom_margin_tablet=&#8220;0px||||false|false&#8220; custom_margin_phone=&#8220;0px||||false|false&#8220; custom_margin_last_edited=&#8220;on|tablet&#8220; custom_padding=&#8220;0px||||false|false&#8220; global_colors_info=&#8220;{}&#8220;][et_pb_row column_structure=&#8220;1_2,1_2&#8243; _builder_version=&#8220;4.17.3&#8243; _module_preset=&#8220;default&#8220; global_colors_info=&#8220;{}&#8220;][et_pb_column type=&#8220;1_2&#8243; _builder_version=&#8220;4.17.3&#8243; _module_preset=&#8220;default&#8220; global_colors_info=&#8220;{}&#8220;][et_pb_image src=&#8220;https:\/\/villiger-security.com\/wp-content\/uploads\/smart-tray-1.jpg&#8220; title_text=&#8220;smart-tray-1&#8243; _builder_version=&#8220;4.17.3&#8243; _module_preset=&#8220;default&#8220; max_width=&#8220;500px&#8220; global_colors_info=&#8220;{}&#8220;][\/et_pb_image][\/et_pb_column][et_pb_column type=&#8220;1_2&#8243; _builder_version=&#8220;4.17.3&#8243; _module_preset=&#8220;default&#8220; global_colors_info=&#8220;{}&#8220;][et_pb_image src=&#8220;https:\/\/villiger-security.com\/wp-content\/uploads\/smart-tray-2.jpg&#8220; title_text=&#8220;smart-tray-2&#8243; _builder_version=&#8220;4.17.3&#8243; _module_preset=&#8220;default&#8220; max_width=&#8220;500px&#8220; global_colors_info=&#8220;{}&#8220;][\/et_pb_image][\/et_pb_column][\/et_pb_row][\/et_pb_section][et_pb_section fb_built=&#8220;1&#8243; _builder_version=&#8220;4.17.3&#8243; _module_preset=&#8220;default&#8220; background_color=&#8220;#f2f3fa&#8220; custom_margin=&#8220;||||false|false&#8220; border_width_top=&#8220;10px&#8220; border_color_top=&#8220;#f8f9fe&#8220; border_width_bottom=&#8220;10px&#8220; border_color_bottom=&#8220;#f8f9fe&#8220; locked=&#8220;off&#8220; global_colors_info=&#8220;{}&#8220;][et_pb_row column_structure=&#8220;1_3,1_3,1_3&#8243; _builder_version=&#8220;4.17.3&#8243; _module_preset=&#8220;default&#8220; global_colors_info=&#8220;{}&#8220;][et_pb_column type=&#8220;1_3&#8243; _builder_version=&#8220;4.17.3&#8243; _module_preset=&#8220;default&#8220; global_colors_info=&#8220;{}&#8220;][et_pb_blurb title=&#8220;Kosteng\u00fcnstiger Service f\u00fcr Ihre Kunden&#8220; image=&#8220;https:\/\/villiger-security.com\/wp-content\/uploads\/BANKING-AND-FINANCE-Black-06-1.png&#8220; _builder_version=&#8220;4.17.3&#8243; _module_preset=&#8220;default&#8220; text_orientation=&#8220;center&#8220; global_colors_info=&#8220;{}&#8220;]<\/p>\n<p><span>Mit der Einf\u00fchrung des intelligenten Tabletts k\u00f6nnen Kunden Transporte intern planen oder Dienste f\u00fcr Ein-Mann-Fahrzeuge anbieten. Die Verwendung von Smart Trays bietet niedrigere Kosten als digitale Zahlungen.<\/span><\/p>\n<p>[\/et_pb_blurb][\/et_pb_column][et_pb_column type=&#8220;1_3&#8243; _builder_version=&#8220;4.17.3&#8243; _module_preset=&#8220;default&#8220; global_colors_info=&#8220;{}&#8220;][et_pb_blurb title=&#8220;Gesicherter Prozess&#8220; image=&#8220;https:\/\/villiger-security.com\/wp-content\/uploads\/MANAGEMENT-AND-FINANCE-Black-07.png&#8220; _builder_version=&#8220;4.17.3&#8243; _module_preset=&#8220;default&#8220; text_orientation=&#8220;center&#8220; global_colors_info=&#8220;{}&#8220;]<\/p>\n<p><span>Bieten Sie netzgesch\u00fctzte und farbgesicherte Schalen an. Gesichert in der Einzelhandelseinrichtung, auf dem B\u00fcrgersteig, im Transit und im Cash Center.<\/span><\/p>\n<p>[\/et_pb_blurb][\/et_pb_column][et_pb_column type=&#8220;1_3&#8243; _builder_version=&#8220;4.17.3&#8243; _module_preset=&#8220;default&#8220; global_colors_info=&#8220;{}&#8220;][et_pb_blurb title=&#8220;Umweltfreundlich&#8220; image=&#8220;https:\/\/villiger-security.com\/wp-content\/uploads\/RECYCLING-AND-ENVIRONMENT-Black-01.png&#8220; _builder_version=&#8220;4.17.3&#8243; _module_preset=&#8220;default&#8220; text_orientation=&#8220;center&#8220; global_colors_info=&#8220;{}&#8220;]<\/p>\n<p><span>F\u00f6rderung der Nachhaltigkeit ohne die Verwendung von Sicherheitsbeuteln. Produktlebensdauer von +15 Jahren einschlie\u00dflich niedriger und lokaler Wartungskosten.<\/span><\/p>\n<p>[\/et_pb_blurb][\/et_pb_column][\/et_pb_row][\/et_pb_section][et_pb_section fb_built=&#8220;1&#8243; _builder_version=&#8220;4.17.3&#8243; _module_preset=&#8220;default&#8220; locked=&#8220;off&#8220; global_colors_info=&#8220;{}&#8220;][et_pb_row column_structure=&#8220;1_2,1_2&#8243; _builder_version=&#8220;4.17.3&#8243; _module_preset=&#8220;default&#8220; global_colors_info=&#8220;{}&#8220;][et_pb_column type=&#8220;1_2&#8243; _builder_version=&#8220;4.17.3&#8243; _module_preset=&#8220;default&#8220; global_colors_info=&#8220;{}&#8220;][et_pb_image src=&#8220;https:\/\/villiger-security.com\/wp-content\/uploads\/smart-tray-5.jpg&#8220; title_text=&#8220;smart-tray-5&#8243; _builder_version=&#8220;4.17.3&#8243; _module_preset=&#8220;default&#8220; max_width=&#8220;500px&#8220; global_colors_info=&#8220;{}&#8220;][\/et_pb_image][\/et_pb_column][et_pb_column type=&#8220;1_2&#8243; _builder_version=&#8220;4.17.3&#8243; _module_preset=&#8220;default&#8220; global_colors_info=&#8220;{}&#8220;][et_pb_image src=&#8220;https:\/\/villiger-security.com\/wp-content\/uploads\/smart-tray-6.jpg&#8220; title_text=&#8220;smart-tray-6&#8243; _builder_version=&#8220;4.17.3&#8243; _module_preset=&#8220;default&#8220; max_width=&#8220;500px&#8220; global_colors_info=&#8220;{}&#8220;][\/et_pb_image][\/et_pb_column][\/et_pb_row][\/et_pb_section][et_pb_section fb_built=&#8220;1&#8243; _builder_version=&#8220;4.17.3&#8243; _module_preset=&#8220;default&#8220; background_color=&#8220;#f2f3fa&#8220; custom_margin=&#8220;||||false|false&#8220; border_width_top=&#8220;10px&#8220; border_color_top=&#8220;#f8f9fe&#8220; border_width_bottom=&#8220;10px&#8220; border_color_bottom=&#8220;#f8f9fe&#8220; locked=&#8220;off&#8220; global_colors_info=&#8220;{}&#8220;][et_pb_row column_structure=&#8220;1_3,1_3,1_3&#8243; _builder_version=&#8220;4.17.3&#8243; _module_preset=&#8220;default&#8220; global_colors_info=&#8220;{}&#8220;][et_pb_column type=&#8220;1_3&#8243; _builder_version=&#8220;4.17.3&#8243; _module_preset=&#8220;default&#8220; global_colors_info=&#8220;{}&#8220;][et_pb_blurb title=&#8220;\u00d6ffnen Sie Ihre T\u00fcr zur Zukunft&#8220; image=&#8220;https:\/\/villiger-security.com\/wp-content\/uploads\/MANAGEMENT-AND-FINANCE-Black-01.png&#8220; _builder_version=&#8220;4.17.3&#8243; _module_preset=&#8220;default&#8220; text_orientation=&#8220;center&#8220; global_colors_info=&#8220;{}&#8220;]<\/p>\n<p><span>Schaffen Sie ein Netzwerk f\u00fcr mehr als nur die RETAIL-Branche. Bieten Sie allen am Bargeldkreislauf Beteiligten Vorteile.<\/span><\/p>\n<p>[\/et_pb_blurb][\/et_pb_column][et_pb_column type=&#8220;1_3&#8243; _builder_version=&#8220;4.17.3&#8243; _module_preset=&#8220;default&#8220; global_colors_info=&#8220;{}&#8220;][et_pb_blurb title=&#8220;Flexibles Routenmanagement&#8220; image=&#8220;https:\/\/villiger-security.com\/wp-content\/uploads\/BUSINESS-AND-MARKETING-Black-19.png&#8220; _builder_version=&#8220;4.17.3&#8243; _module_preset=&#8220;default&#8220; text_orientation=&#8220;center&#8220; global_colors_info=&#8220;{}&#8220;]<\/p>\n<p><span>Einfache Planung Ihrer Routen f\u00fcr schnelle Tablettwechsel, Lieferungen und Abholungen mit demselben Fahrzeugtyp.<\/span><\/p>\n<p>[\/et_pb_blurb][\/et_pb_column][et_pb_column type=&#8220;1_3&#8243; _builder_version=&#8220;4.17.3&#8243; _module_preset=&#8220;default&#8220; global_colors_info=&#8220;{}&#8220;][et_pb_blurb title=&#8220;Die M\u00f6glichkeiten liegen bei Ihnen&#8220; image=&#8220;https:\/\/villiger-security.com\/wp-content\/uploads\/CREATIVE-CONCEPT-Black-06-1.png&#8220; _builder_version=&#8220;4.17.3&#8243; _module_preset=&#8220;default&#8220; text_orientation=&#8220;center&#8220; global_colors_info=&#8220;{}&#8220;]<\/p>\n<p><span>Sie haben die Wahl, den Prozess Schritt f\u00fcr Schritt und in Ihrem Tempo zu automatisieren. Ihre M\u00f6glichkeiten sind endlos, passen Sie das Smart Tray mit kleinen Konfigurationen an jeden bestehenden Prozess an.<\/span><\/p>\n<p>[\/et_pb_blurb][\/et_pb_column][\/et_pb_row][\/et_pb_section][et_pb_section fb_built=&#8220;1&#8243; _builder_version=&#8220;4.17.3&#8243; _module_preset=&#8220;default&#8220; locked=&#8220;off&#8220; global_colors_info=&#8220;{}&#8220;][et_pb_row column_structure=&#8220;1_2,1_2&#8243; _builder_version=&#8220;4.17.3&#8243; _module_preset=&#8220;default&#8220; global_colors_info=&#8220;{}&#8220;][et_pb_column type=&#8220;1_2&#8243; _builder_version=&#8220;4.17.3&#8243; _module_preset=&#8220;default&#8220; global_colors_info=&#8220;{}&#8220;][et_pb_image src=&#8220;https:\/\/villiger-security.com\/wp-content\/uploads\/smart-tray-7.jpg&#8220; title_text=&#8220;smart-tray-7&#8243; _builder_version=&#8220;4.17.3&#8243; _module_preset=&#8220;default&#8220; max_width=&#8220;500px&#8220; global_colors_info=&#8220;{}&#8220;][\/et_pb_image][\/et_pb_column][et_pb_column type=&#8220;1_2&#8243; _builder_version=&#8220;4.17.3&#8243; _module_preset=&#8220;default&#8220; global_colors_info=&#8220;{}&#8220;][et_pb_image src=&#8220;https:\/\/villiger-security.com\/wp-content\/uploads\/smart-tray-8.jpg&#8220; title_text=&#8220;smart-tray-8&#8243; _builder_version=&#8220;4.17.3&#8243; _module_preset=&#8220;default&#8220; max_width=&#8220;500px&#8220; global_colors_info=&#8220;{}&#8220;][\/et_pb_image][\/et_pb_column][\/et_pb_row][\/et_pb_section][et_pb_section fb_built=&#8220;1&#8243; _builder_version=&#8220;4.17.3&#8243; _module_preset=&#8220;default&#8220; background_color=&#8220;#f2f3fa&#8220; custom_margin=&#8220;||||false|false&#8220; border_width_top=&#8220;10px&#8220; border_color_top=&#8220;#f8f9fe&#8220; border_width_bottom=&#8220;10px&#8220; border_color_bottom=&#8220;#f8f9fe&#8220; locked=&#8220;off&#8220; global_colors_info=&#8220;{}&#8220;][et_pb_row column_structure=&#8220;1_3,1_3,1_3&#8243; _builder_version=&#8220;4.17.3&#8243; _module_preset=&#8220;default&#8220; global_colors_info=&#8220;{}&#8220;][et_pb_column type=&#8220;1_3&#8243; _builder_version=&#8220;4.17.3&#8243; _module_preset=&#8220;default&#8220; global_colors_info=&#8220;{}&#8220;][et_pb_blurb title=&#8220;Verfolgen und Aufsp\u00fcren&#8220; image=&#8220;https:\/\/villiger-security.com\/wp-content\/uploads\/BASIC-Black-30.png&#8220; _builder_version=&#8220;4.17.3&#8243; _module_preset=&#8220;default&#8220; text_orientation=&#8220;center&#8220; global_colors_info=&#8220;{}&#8220;]<\/p>\n<p><span>Sie k\u00f6nnen sich von Misswirtschaft und internem Diebstahl verabschieden. Erm\u00f6glichen Sie dem Netzwerk, den gesamten Bargeldkreislauf zu durchlaufen, um jeden Wertgegenstand vom Einzelhandel bis zum Z\u00e4hlvorgang und zur\u00fcck zu verfolgen.<br \/>(GPS-Ortung optional)<\/span><\/p>\n<p>[\/et_pb_blurb][\/et_pb_column][et_pb_column type=&#8220;1_3&#8243; _builder_version=&#8220;4.17.3&#8243; _module_preset=&#8220;default&#8220; global_colors_info=&#8220;{}&#8220;][et_pb_blurb title=&#8220;Unterst\u00fctzung farbfreier Zonen&#8220; image=&#8220;https:\/\/villiger-security.com\/wp-content\/uploads\/DESIGN-Black-17.png&#8220; _builder_version=&#8220;4.17.3&#8243; _module_preset=&#8220;default&#8220; text_orientation=&#8220;center&#8220; global_colors_info=&#8220;{}&#8220;]<\/p>\n<p><span>Cash Center kann Bargeld aus dem Fach verarbeiten, ohne sich um Tinte k\u00fcmmern zu m\u00fcssen.<\/span><\/p>\n<p>[\/et_pb_blurb][\/et_pb_column][et_pb_column type=&#8220;1_3&#8243; _builder_version=&#8220;4.17.3&#8243; _module_preset=&#8220;default&#8220; global_colors_info=&#8220;{}&#8220;][et_pb_blurb title=&#8220;Be- und Entladen verk\u00fcrzen&#8220; image=&#8220;https:\/\/villiger-security.com\/wp-content\/uploads\/BASIC-Black-04.png&#8220; _builder_version=&#8220;4.17.3&#8243; _module_preset=&#8220;default&#8220; text_orientation=&#8220;center&#8220; global_colors_info=&#8220;{}&#8220;]<\/p>\n<p><span>Verk\u00fcrzung der Be- und Entladezeit um bis zu 80% durch den Einsatz von Rolling Racks.  <br \/>Bringen Sie Ihre Mitarbeiter innerhalb weniger Minuten wieder auf den Weg.<\/span><\/p>\n<p>[\/et_pb_blurb][\/et_pb_column][\/et_pb_row][\/et_pb_section][et_pb_section fb_built=&#8220;1&#8243; _builder_version=&#8220;4.17.3&#8243; _module_preset=&#8220;default&#8220; saved_tabs=&#8220;all&#8220; global_colors_info=&#8220;{}&#8220;][et_pb_row _builder_version=&#8220;4.17.3&#8243; _module_preset=&#8220;default&#8220; global_colors_info=&#8220;{}&#8220;][et_pb_column type=&#8220;4_4&#8243; _builder_version=&#8220;4.17.3&#8243; _module_preset=&#8220;default&#8220; global_colors_info=&#8220;{}&#8220;][et_pb_text _builder_version=&#8220;4.17.3&#8243; _module_preset=&#8220;default&#8220; text_orientation=&#8220;center&#8220; max_width=&#8220;600px&#8220; module_alignment=&#8220;center&#8220; locked=&#8220;off&#8220; global_colors_info=&#8220;{}&#8220;]<\/p>\n<h2>M\u00f6chten Sie ein Beratungsgespr\u00e4ch?<\/h2>\n\n<div class=\"wpcf7 no-js\" id=\"wpcf7-f3196-o1\" lang=\"de-DE\" dir=\"ltr\" data-wpcf7-id=\"3196\">\n<div class=\"screen-reader-response\"><p role=\"status\" aria-live=\"polite\" aria-atomic=\"true\"><\/p> <ul><\/ul><\/div>\n<form action=\"\/de\/wp-json\/wp\/v2\/pages\/2939#wpcf7-f3196-o1\" method=\"post\" class=\"wpcf7-form init\" aria-label=\"Kontaktformular\" novalidate=\"novalidate\" data-status=\"init\">\n<fieldset class=\"hidden-fields-container\"><input type=\"hidden\" name=\"_wpcf7\" value=\"3196\" \/><input type=\"hidden\" name=\"_wpcf7_version\" value=\"6.1.4\" \/><input type=\"hidden\" name=\"_wpcf7_locale\" value=\"de_DE\" \/><input type=\"hidden\" name=\"_wpcf7_unit_tag\" value=\"wpcf7-f3196-o1\" \/><input type=\"hidden\" name=\"_wpcf7_container_post\" value=\"0\" \/><input type=\"hidden\" name=\"_wpcf7_posted_data_hash\" value=\"\" \/><input type=\"hidden\" name=\"_wpcf7_recaptcha_response\" value=\"\" \/>\n<\/fieldset>\n<p><span class=\"wpcf7-form-control-wrap\" data-name=\"your-name\"><input size=\"40\" maxlength=\"400\" class=\"wpcf7-form-control wpcf7-text wpcf7-validates-as-required\" aria-required=\"true\" aria-invalid=\"false\" placeholder=\"Vorname \/ Nachname *\" value=\"\" type=\"text\" name=\"your-name\" \/><\/span><span class=\"wpcf7-form-control-wrap\" data-name=\"PLZoderWohnort\"><input size=\"40\" maxlength=\"400\" class=\"wpcf7-form-control wpcf7-text\" aria-invalid=\"false\" placeholder=\"PLZ und Wohnort\" value=\"\" type=\"text\" name=\"PLZoderWohnort\" \/><\/span><br \/>\n<span class=\"wpcf7-form-control-wrap\" data-name=\"your-email\"><input size=\"40\" maxlength=\"400\" class=\"wpcf7-form-control wpcf7-email wpcf7-validates-as-required wpcf7-text wpcf7-validates-as-email\" aria-required=\"true\" aria-invalid=\"false\" placeholder=\"E-Mail *\" value=\"\" type=\"email\" name=\"your-email\" \/><\/span><span class=\"wpcf7-form-control-wrap\" data-name=\"your-telefon\"><input size=\"40\" maxlength=\"400\" class=\"wpcf7-form-control wpcf7-text\" aria-invalid=\"false\" placeholder=\"Telefon\" value=\"\" type=\"text\" name=\"your-telefon\" \/><\/span><br \/>\n<span class=\"wpcf7-form-control-wrap\" data-name=\"Nachricht\"><textarea cols=\"40\" rows=\"10\" maxlength=\"2000\" class=\"wpcf7-form-control wpcf7-textarea\" aria-invalid=\"false\" placeholder=\"Geben Sie hier Ihre Nachricht ein\" name=\"Nachricht\"><\/textarea><\/span>\n<\/p>\n<p><input class=\"wpcf7-form-control wpcf7-submit has-spinner\" type=\"submit\" value=\"Senden\" \/>\n<\/p>\n<p><i style=\"font-size: 14px;  \">* Erforderliches Feld<\/i>\n<\/p><div class=\"wpcf7-response-output\" aria-hidden=\"true\"><\/div>\n<\/form>\n<\/div>\n\n<p>[\/et_pb_text][\/et_pb_column][\/et_pb_row][\/et_pb_section]<\/p>\n","protected":false},"excerpt":{"rendered":"<p>Villiger Smart Tray Innovate the Future of Cash &#8211; Einzelhandel, die neue Bank Die Zukunft des Bargelds k\u00f6nnte n\u00e4her sein, als Sie denken. Wir helfen Ihnen, Ihr Ziel zu erreichen, indem wir t\u00e4glich Zeit und Arbeitskosten reduzieren und die L\u00fccken im Bargeldkreislauf schlie\u00dfen. Smart Tray 4000Smart Tray 8000Smart Tray 16000Mit der Einf\u00fchrung des intelligenten Tabletts [&hellip;]<\/p>\n","protected":false},"author":2,"featured_media":0,"parent":0,"menu_order":0,"comment_status":"closed","ping_status":"closed","template":"","meta":{"_acf_changed":false,"_et_pb_use_builder":"on","_et_pb_old_content":"","_et_gb_content_width":"","footnotes":""},"class_list":["post-2939","page","type-page","status-publish","hentry"],"acf":[],"yoast_head":"<!-- This site is optimized with the Yoast SEO plugin v26.7 - https:\/\/yoast.com\/wordpress\/plugins\/seo\/ -->\n<title>Villiger Smart Tray: Inovate the Future of Cash - Handel, die neue Bank<\/title>\n<meta name=\"description\" content=\"Mit der Einf\u00fchrung des intelligenten Tabletts k\u00f6nnen Kunden Transporte intern planen oder Dienste f\u00fcr Ein-Mann-Fahrzeuge anbieten.\" \/>\n<meta name=\"robots\" content=\"index, follow, max-snippet:-1, max-image-preview:large, max-video-preview:-1\" \/>\n<link rel=\"canonical\" href=\"https:\/\/villiger-security.com\/de\/automatisierung\/\" \/>\n<meta property=\"og:locale\" content=\"de_DE\" \/>\n<meta property=\"og:type\" content=\"article\" \/>\n<meta property=\"og:title\" content=\"Villiger Smart Tray: Inovate the Future of Cash - Handel, die neue Bank\" \/>\n<meta property=\"og:description\" content=\"Mit der Einf\u00fchrung des intelligenten Tabletts k\u00f6nnen Kunden Transporte intern planen oder Dienste f\u00fcr Ein-Mann-Fahrzeuge anbieten.\" \/>\n<meta property=\"og:url\" content=\"https:\/\/villiger-security.com\/de\/automatisierung\/\" \/>\n<meta property=\"og:site_name\" content=\"Villiger Security Solutions AG\" \/>\n<meta property=\"article:modified_time\" content=\"2025-07-23T09:39:09+00:00\" \/>\n<meta name=\"twitter:card\" content=\"summary_large_image\" \/>\n<meta name=\"twitter:label1\" content=\"Gesch\u00e4tzte Lesezeit\" \/>\n\t<meta name=\"twitter:data1\" content=\"8\u00a0Minuten\" \/>\n<script type=\"application\/ld+json\" class=\"yoast-schema-graph\">{\"@context\":\"https:\/\/schema.org\",\"@graph\":[{\"@type\":\"WebPage\",\"@id\":\"https:\/\/villiger-security.com\/de\/automatisierung\/\",\"url\":\"https:\/\/villiger-security.com\/de\/automatisierung\/\",\"name\":\"Villiger Smart Tray: Inovate the Future of Cash - Handel, die neue Bank\",\"isPartOf\":{\"@id\":\"https:\/\/villiger-security.com\/de\/#website\"},\"datePublished\":\"2022-07-14T05:41:50+00:00\",\"dateModified\":\"2025-07-23T09:39:09+00:00\",\"description\":\"Mit der Einf\u00fchrung des intelligenten Tabletts k\u00f6nnen Kunden Transporte intern planen oder Dienste f\u00fcr Ein-Mann-Fahrzeuge anbieten.\",\"breadcrumb\":{\"@id\":\"https:\/\/villiger-security.com\/de\/automatisierung\/#breadcrumb\"},\"inLanguage\":\"de\",\"potentialAction\":[{\"@type\":\"ReadAction\",\"target\":[\"https:\/\/villiger-security.com\/de\/automatisierung\/\"]}]},{\"@type\":\"BreadcrumbList\",\"@id\":\"https:\/\/villiger-security.com\/de\/automatisierung\/#breadcrumb\",\"itemListElement\":[{\"@type\":\"ListItem\",\"position\":1,\"name\":\"Home\",\"item\":\"https:\/\/villiger-security.com\/de\/\"},{\"@type\":\"ListItem\",\"position\":2,\"name\":\"Automatisierung\"}]},{\"@type\":\"WebSite\",\"@id\":\"https:\/\/villiger-security.com\/de\/#website\",\"url\":\"https:\/\/villiger-security.com\/de\/\",\"name\":\"Villiger Security Solutions AG\",\"description\":\"Innovate the future of cash\",\"potentialAction\":[{\"@type\":\"SearchAction\",\"target\":{\"@type\":\"EntryPoint\",\"urlTemplate\":\"https:\/\/villiger-security.com\/de\/?s={search_term_string}\"},\"query-input\":{\"@type\":\"PropertyValueSpecification\",\"valueRequired\":true,\"valueName\":\"search_term_string\"}}],\"inLanguage\":\"de\"}]}<\/script>\n<!-- \/ Yoast SEO plugin. -->","yoast_head_json":{"title":"Villiger Smart Tray: Inovate the Future of Cash - Handel, die neue Bank","description":"Mit der Einf\u00fchrung des intelligenten Tabletts k\u00f6nnen Kunden Transporte intern planen oder Dienste f\u00fcr Ein-Mann-Fahrzeuge anbieten.","robots":{"index":"index","follow":"follow","max-snippet":"max-snippet:-1","max-image-preview":"max-image-preview:large","max-video-preview":"max-video-preview:-1"},"canonical":"https:\/\/villiger-security.com\/de\/automatisierung\/","og_locale":"de_DE","og_type":"article","og_title":"Villiger Smart Tray: Inovate the Future of Cash - Handel, die neue Bank","og_description":"Mit der Einf\u00fchrung des intelligenten Tabletts k\u00f6nnen Kunden Transporte intern planen oder Dienste f\u00fcr Ein-Mann-Fahrzeuge anbieten.","og_url":"https:\/\/villiger-security.com\/de\/automatisierung\/","og_site_name":"Villiger Security Solutions AG","article_modified_time":"2025-07-23T09:39:09+00:00","twitter_card":"summary_large_image","twitter_misc":{"Gesch\u00e4tzte Lesezeit":"8\u00a0Minuten"},"schema":{"@context":"https:\/\/schema.org","@graph":[{"@type":"WebPage","@id":"https:\/\/villiger-security.com\/de\/automatisierung\/","url":"https:\/\/villiger-security.com\/de\/automatisierung\/","name":"Villiger Smart Tray: Inovate the Future of Cash - Handel, die neue Bank","isPartOf":{"@id":"https:\/\/villiger-security.com\/de\/#website"},"datePublished":"2022-07-14T05:41:50+00:00","dateModified":"2025-07-23T09:39:09+00:00","description":"Mit der Einf\u00fchrung des intelligenten Tabletts k\u00f6nnen Kunden Transporte intern planen oder Dienste f\u00fcr Ein-Mann-Fahrzeuge anbieten.","breadcrumb":{"@id":"https:\/\/villiger-security.com\/de\/automatisierung\/#breadcrumb"},"inLanguage":"de","potentialAction":[{"@type":"ReadAction","target":["https:\/\/villiger-security.com\/de\/automatisierung\/"]}]},{"@type":"BreadcrumbList","@id":"https:\/\/villiger-security.com\/de\/automatisierung\/#breadcrumb","itemListElement":[{"@type":"ListItem","position":1,"name":"Home","item":"https:\/\/villiger-security.com\/de\/"},{"@type":"ListItem","position":2,"name":"Automatisierung"}]},{"@type":"WebSite","@id":"https:\/\/villiger-security.com\/de\/#website","url":"https:\/\/villiger-security.com\/de\/","name":"Villiger Security Solutions AG","description":"Innovate the future of cash","potentialAction":[{"@type":"SearchAction","target":{"@type":"EntryPoint","urlTemplate":"https:\/\/villiger-security.com\/de\/?s={search_term_string}"},"query-input":{"@type":"PropertyValueSpecification","valueRequired":true,"valueName":"search_term_string"}}],"inLanguage":"de"}]}},"_links":{"self":[{"href":"https:\/\/villiger-security.com\/de\/wp-json\/wp\/v2\/pages\/2939","targetHints":{"allow":["GET"]}}],"collection":[{"href":"https:\/\/villiger-security.com\/de\/wp-json\/wp\/v2\/pages"}],"about":[{"href":"https:\/\/villiger-security.com\/de\/wp-json\/wp\/v2\/types\/page"}],"author":[{"embeddable":true,"href":"https:\/\/villiger-security.com\/de\/wp-json\/wp\/v2\/users\/2"}],"replies":[{"embeddable":true,"href":"https:\/\/villiger-security.com\/de\/wp-json\/wp\/v2\/comments?post=2939"}],"version-history":[{"count":2,"href":"https:\/\/villiger-security.com\/de\/wp-json\/wp\/v2\/pages\/2939\/revisions"}],"predecessor-version":[{"id":4605,"href":"https:\/\/villiger-security.com\/de\/wp-json\/wp\/v2\/pages\/2939\/revisions\/4605"}],"wp:attachment":[{"href":"https:\/\/villiger-security.com\/de\/wp-json\/wp\/v2\/media?parent=2939"}],"curies":[{"name":"wp","href":"https:\/\/api.w.org\/{rel}","templated":true}]}}