{"id":2926,"date":"2022-07-22T12:51:38","date_gmt":"2022-07-22T12:51:38","guid":{"rendered":"https:\/\/villiger-security.com\/rollspack-gruppe\/"},"modified":"2022-08-12T06:57:21","modified_gmt":"2022-08-12T06:57:21","slug":"rollspack-gruppe","status":"publish","type":"page","link":"https:\/\/villiger-security.com\/de\/rollspack-gruppe\/","title":{"rendered":"RollsPack-Gruppe"},"content":{"rendered":"<p>[et_pb_section fb_built=&#8220;1&#8243; fullwidth=&#8220;on&#8220; module_id=&#8220;home-slid&#8220; _builder_version=&#8220;4.17.3&#8243; _module_preset=&#8220;default&#8220; filter_saturate=&#8220;50%&#8220; bottom_divider_color=&#8220;#e9e9f6&#8243; bottom_divider_height=&#8220;0px&#8220; bottom_divider_repeat=&#8220;0.5x&#8220; hover_enabled=&#8220;0&#8243; global_colors_info=&#8220;{}&#8220; sticky_enabled=&#8220;0&#8243;][et_pb_fullwidth_slider _builder_version=&#8220;4.17.4&#8243; _module_preset=&#8220;default&#8220; header_level=&#8220;h1&#8243; header_font=&#8220;|600||||on|||&#8220; header_text_color=&#8220;#ffffff&#8220; body_font=&#8220;|||||on|||&#8220; body_text_color=&#8220;rgba(255,228,43,0.89)&#8220; use_background_color_gradient=&#8220;on&#8220; background_color_gradient_direction=&#8220;140deg&#8220; background_color_gradient_stops=&#8220;rgba(234,0,39,0.3) 0%|rgba(0,15,159,0.45) 26%&#8220; background_color_gradient_overlays_image=&#8220;on&#8220; background_enable_image=&#8220;off&#8220; custom_padding=&#8220;150px|0px|200px|0px|false|false&#8220; custom_padding_tablet=&#8220;120px||150px||false|false&#8220; custom_padding_phone=&#8220;||150px||false|false&#8220; custom_padding_last_edited=&#8220;on|tablet&#8220; auto=&#8220;on&#8220; auto_speed=&#8220;4500&#8243; auto_ignore_hover=&#8220;on&#8220; hover_enabled=&#8220;0&#8243; global_colors_info=&#8220;{}&#8220; sticky_enabled=&#8220;0&#8243;][et_pb_slide heading=&#8220;Gro\u00dfhandel f\u00fcr Sicherheitsverpackungen  &#8220; _builder_version=&#8220;4.17.4&#8243; _module_preset=&#8220;default&#8220; header_level=&#8220;h2&#8243; header_font=&#8220;|||||on|||&#8220; header_text_align=&#8220;center&#8220; header_text_color=&#8220;#ffffff&#8220; header_font_size=&#8220;50px&#8220; body_text_align=&#8220;center&#8220; body_text_color=&#8220;#FFFFFF&#8220; body_font_size=&#8220;25px&#8220; body_line_height=&#8220;1.3em&#8220; background_enable_color=&#8220;off&#8220; background_image=&#8220;https:\/\/villiger-security.com\/wp-content\/uploads\/Header.png&#8220; background_enable_image=&#8220;on&#8220; background_position=&#8220;bottom_center&#8220; text_orientation=&#8220;left&#8220; max_width=&#8220;613px&#8220; hover_enabled=&#8220;0&#8243; body_font_size_tablet=&#8220;25px&#8220; body_font_size_phone=&#8220;25px&#8220; body_font_size_last_edited=&#8220;on|phone&#8220; body_line_height_tablet=&#8220;1.3em&#8220; body_line_height_phone=&#8220;1.3em&#8220; body_line_height_last_edited=&#8220;on|desktop&#8220; header_text_shadow_style=&#8220;preset5&#8243; header_text_shadow_horizontal_length=&#8220;0.03em&#8220; header_text_shadow_vertical_length=&#8220;0.03em&#8220; header_text_shadow_color=&#8220;rgba(0,0,0,0.73)&#8220; text_shadow_style=&#8220;preset5&#8243; text_shadow_horizontal_length=&#8220;0.07em&#8220; text_shadow_vertical_length=&#8220;0.07em&#8220; text_shadow_color=&#8220;#000000&#8243; global_colors_info=&#8220;{}&#8220; sticky_transition=&#8220;on&#8220; title_text=&#8220;Header&#8220; sticky_enabled=&#8220;0&#8243;]<\/p>\n<p>Mit manipulationssicherer Technologie<\/p>\n<p>[\/et_pb_slide][\/et_pb_fullwidth_slider][\/et_pb_section][et_pb_section fb_built=&#8220;1&#8243; custom_padding_last_edited=&#8220;on|desktop&#8220; _builder_version=&#8220;4.17.3&#8243; custom_margin=&#8220;||||false|false&#8220; custom_padding_tablet=&#8220;&#8220; custom_padding_phone=&#8220;&#8220; transparent_background=&#8220;off&#8220; global_colors_info=&#8220;{}&#8220;][et_pb_row _builder_version=&#8220;4.17.4&#8243; _module_preset=&#8220;default&#8220;][et_pb_column _builder_version=&#8220;4.17.4&#8243; _module_preset=&#8220;default&#8220; type=&#8220;4_4&#8243;][et_pb_image src=&#8220;https:\/\/villiger-security.com\/wp-content\/uploads\/RollsPackGroup-Global-Innovation-White-TM-USA-Flag-01.png&#8220; _builder_version=&#8220;4.17.4&#8243; _module_preset=&#8220;default&#8220; title_text=&#8220;RollsPackGroup-Globale-Innovation-Wei\u00df-TM-USA-Flagge-01&#8243; hover_enabled=&#8220;0&#8243; sticky_enabled=&#8220;0&#8243;][\/et_pb_image][\/et_pb_column][\/et_pb_row][et_pb_row module_id=&#8220;home-tabs&#8220; _builder_version=&#8220;4.17.3&#8243; _module_preset=&#8220;default&#8220; global_colors_info=&#8220;{}&#8220;][et_pb_column type=&#8220;4_4&#8243; _builder_version=&#8220;4.16.1&#8243; _module_preset=&#8220;default&#8220; global_colors_info=&#8220;{}&#8220;][et_pb_text _builder_version=&#8220;4.17.4&#8243; _module_preset=&#8220;default&#8220; text_font_size=&#8220;22px&#8220; header_text_color=&#8220;#1d1d1b&#8220; header_font_size=&#8220;40px&#8220; header_2_font=&#8220;|700|||||||&#8220; header_2_font_size=&#8220;34px&#8220; hover_enabled=&#8220;0&#8243; global_colors_info=&#8220;{}&#8220; sticky_enabled=&#8220;0&#8243;]<\/p>\n<div class=\"product_heading\">\n<h2 style=\"text-align: center;\">Pfands\u00e4cke<\/h2>\n<\/div>\n<p>&nbsp;<\/p>\n<p style=\"text-align: center; margin-top: 10px;\">\n<p>[\/et_pb_text][\/et_pb_column][\/et_pb_row][et_pb_row _builder_version=&#8220;4.17.4&#8243; _module_preset=&#8220;default&#8220; column_structure=&#8220;1_2,1_2&#8243;][et_pb_column _builder_version=&#8220;4.17.4&#8243; _module_preset=&#8220;default&#8220; type=&#8220;1_2&#8243;][et_pb_image src=&#8220;https:\/\/villiger-security.com\/wp-content\/uploads\/Untitled-1.png&#8220; _builder_version=&#8220;4.17.4&#8243; _module_preset=&#8220;default&#8220; title_text=&#8220;Unbetitelt-1&#8243; hover_enabled=&#8220;0&#8243; sticky_enabled=&#8220;0&#8243;][\/et_pb_image][\/et_pb_column][et_pb_column _builder_version=&#8220;4.17.4&#8243; _module_preset=&#8220;default&#8220; type=&#8220;1_2&#8243;][et_pb_text _builder_version=&#8220;4.17.4&#8243; _module_preset=&#8220;default&#8220; hover_enabled=&#8220;0&#8243; sticky_enabled=&#8220;0&#8243;]<\/p>\n<p class=\"aos-init aos-animate\" data-aos=\"fade-up\" data-aos-easing=\"ease\" data-aos-duration=\"200\">Unsere Deposit-Tasche eignet sich f\u00fcr eine Vielzahl von Branchen und ist eine robuste Tasche f\u00fcr den einmaligen Gebrauch, die f\u00fcr den Transport von M\u00fcnzen, Banknoten, Schecks, Devisen und Wertsachen konzipiert ist. Unsere Taschen sind SCEC-gepr\u00fcft und ideal f\u00fcr Bargeldtransporte, Banken, Clubs, Kasinos, Gastgewerbe und Einzelhandel. Jeder Beutel ist einzeln nummeriert und enth\u00e4lt eine abziehbare Quittung mit der gleichen Nummer f\u00fcr zus\u00e4tzliche Sicherheit. Auf der Vorderseite der T\u00fcten befindet sich ein beschreibbares Feld, auf dem der Inhalt der T\u00fcte vollst\u00e4ndig aufgeschl\u00fcsselt werden kann.<\/p>\n<ul class=\"aos-init aos-animate\" data-aos=\"fade-up\" data-aos-easing=\"ease\" data-aos-duration=\"400\">\n<li>Secur-Safe\u2122 manipulationssichere Technologie<\/li>\n<li>Inhalt Checkliste<\/li>\n<li>SCEC genehmigt<\/li>\n<li>Anzeige von Manipulationen durch Hitze, physikalische Einwirkungen und Wasserentl\u00fcftung<\/li>\n<\/ul>\n<p>[\/et_pb_text][\/et_pb_column][\/et_pb_row][et_pb_row _builder_version=&#8220;4.17.4&#8243; _module_preset=&#8220;default&#8220; column_structure=&#8220;1_5,1_5,1_5,1_5,1_5&#8243;][et_pb_column _builder_version=&#8220;4.17.4&#8243; _module_preset=&#8220;default&#8220; type=&#8220;1_5&#8243;][et_pb_image src=&#8220;https:\/\/villiger-security.com\/wp-content\/uploads\/DSC2039-anz-DE-570.png&#8220; _builder_version=&#8220;4.17.4&#8243; _module_preset=&#8220;default&#8220; title_text=&#8220;DSC2039-anz-DE-570&#8243; hover_enabled=&#8220;0&#8243; sticky_enabled=&#8220;0&#8243;][\/et_pb_image][\/et_pb_column][et_pb_column _builder_version=&#8220;4.17.4&#8243; _module_preset=&#8220;default&#8220; type=&#8220;1_5&#8243;][et_pb_image src=&#8220;https:\/\/villiger-security.com\/wp-content\/uploads\/DSC2046-quick-cash-rear-DE-570.png&#8220; _builder_version=&#8220;4.17.4&#8243; _module_preset=&#8220;default&#8220; title_text=&#8220;DSC2046-quick-cash-rear-DE-570&#8243; hover_enabled=&#8220;0&#8243; sticky_enabled=&#8220;0&#8243;][\/et_pb_image][\/et_pb_column][et_pb_column _builder_version=&#8220;4.17.4&#8243; _module_preset=&#8220;default&#8220; type=&#8220;1_5&#8243;][et_pb_image src=&#8220;https:\/\/villiger-security.com\/wp-content\/uploads\/Deposit-Security-Satchel-2.png&#8220; _builder_version=&#8220;4.17.4&#8243; _module_preset=&#8220;default&#8220; title_text=&#8220;Pfand-Sicherungs-Riegel-2&#8243; hover_enabled=&#8220;0&#8243; sticky_enabled=&#8220;0&#8243;][\/et_pb_image][\/et_pb_column][et_pb_column _builder_version=&#8220;4.17.4&#8243; _module_preset=&#8220;default&#8220; type=&#8220;1_5&#8243;][et_pb_image src=&#8220;https:\/\/villiger-security.com\/wp-content\/uploads\/Hero-15.png&#8220; _builder_version=&#8220;4.17.4&#8243; _module_preset=&#8220;default&#8220; title_text=&#8220;Held-15&#8243; hover_enabled=&#8220;0&#8243; sticky_enabled=&#8220;0&#8243;][\/et_pb_image][\/et_pb_column][et_pb_column _builder_version=&#8220;4.17.4&#8243; _module_preset=&#8220;default&#8220; type=&#8220;1_5&#8243;][et_pb_image src=&#8220;https:\/\/villiger-security.com\/wp-content\/uploads\/DSC2065-bag-rip-DE-570.png&#8220; _builder_version=&#8220;4.17.4&#8243; _module_preset=&#8220;default&#8220; title_text=&#8220;DSC2065-bag-rip-DE-570&#8243; hover_enabled=&#8220;0&#8243; sticky_enabled=&#8220;0&#8243;][\/et_pb_image][\/et_pb_column][\/et_pb_row][et_pb_row _builder_version=&#8220;4.17.4&#8243; _module_preset=&#8220;default&#8220;][et_pb_column _builder_version=&#8220;4.17.4&#8243; _module_preset=&#8220;default&#8220; type=&#8220;4_4&#8243;][et_pb_text _builder_version=&#8220;4.17.4&#8243; _module_preset=&#8220;default&#8220; hover_enabled=&#8220;0&#8243; sticky_enabled=&#8220;0&#8243; custom_margin=&#8220;||7px|||&#8220;]<\/p>\n<p>Zum Besuch der RollsPack-Website:<\/p>\n<p>[\/et_pb_text][et_pb_button button_text=&#8220;Hier klicken&#8220; _builder_version=&#8220;4.17.4&#8243; _module_preset=&#8220;default&#8220; url_new_window=&#8220;on&#8220; button_url=&#8220;https:\/\/rollspackgroup.com\/packaging\/deposit-bags\/&#8220; hover_enabled=&#8220;0&#8243; sticky_enabled=&#8220;0&#8243;][\/et_pb_button][\/et_pb_column][\/et_pb_row][\/et_pb_section]<\/p>\n","protected":false},"excerpt":{"rendered":"<p>Mit manipulationssicherer Technologie Pfands\u00e4cke &nbsp; Unsere Deposit-Tasche eignet sich f\u00fcr eine Vielzahl von Branchen und ist eine robuste Tasche f\u00fcr den einmaligen Gebrauch, die f\u00fcr den Transport von M\u00fcnzen, Banknoten, Schecks, Devisen und Wertsachen konzipiert ist. Unsere Taschen sind SCEC-gepr\u00fcft und ideal f\u00fcr Bargeldtransporte, Banken, Clubs, Kasinos, Gastgewerbe und Einzelhandel. Jeder Beutel ist einzeln nummeriert [&hellip;]<\/p>\n","protected":false},"author":2,"featured_media":0,"parent":0,"menu_order":0,"comment_status":"closed","ping_status":"closed","template":"","meta":{"_acf_changed":false,"_et_pb_use_builder":"on","_et_pb_old_content":"","_et_gb_content_width":"","footnotes":""},"class_list":["post-2926","page","type-page","status-publish","hentry"],"acf":[],"yoast_head":"<!-- This site is optimized with the Yoast SEO plugin v26.7 - https:\/\/yoast.com\/wordpress\/plugins\/seo\/ -->\n<title>RollsPack-Gruppe - Villiger Security Solutions AG<\/title>\n<meta name=\"description\" content=\"Partner &amp; Mitgliedschaften und internationale Organisationen, in denen Villiger Security Solutions AG offiziell mitwirkt.\" \/>\n<meta name=\"robots\" content=\"index, follow, max-snippet:-1, max-image-preview:large, max-video-preview:-1\" \/>\n<link rel=\"canonical\" href=\"https:\/\/villiger-security.com\/de\/rollspack-gruppe\/\" \/>\n<meta property=\"og:locale\" content=\"de_DE\" \/>\n<meta property=\"og:type\" content=\"article\" \/>\n<meta property=\"og:title\" content=\"RollsPack-Gruppe - Villiger Security Solutions AG\" \/>\n<meta property=\"og:description\" content=\"Partner &amp; Mitgliedschaften und internationale Organisationen, in denen Villiger Security Solutions AG offiziell mitwirkt.\" \/>\n<meta property=\"og:url\" content=\"https:\/\/villiger-security.com\/de\/rollspack-gruppe\/\" \/>\n<meta property=\"og:site_name\" content=\"Villiger Security Solutions AG\" \/>\n<meta property=\"article:modified_time\" content=\"2022-08-12T06:57:21+00:00\" \/>\n<meta name=\"twitter:card\" content=\"summary_large_image\" \/>\n<meta name=\"twitter:label1\" content=\"Gesch\u00e4tzte Lesezeit\" \/>\n\t<meta name=\"twitter:data1\" content=\"5\u00a0Minuten\" \/>\n<script type=\"application\/ld+json\" class=\"yoast-schema-graph\">{\"@context\":\"https:\/\/schema.org\",\"@graph\":[{\"@type\":\"WebPage\",\"@id\":\"https:\/\/villiger-security.com\/de\/rollspack-gruppe\/\",\"url\":\"https:\/\/villiger-security.com\/de\/rollspack-gruppe\/\",\"name\":\"RollsPack-Gruppe - Villiger Security Solutions AG\",\"isPartOf\":{\"@id\":\"https:\/\/villiger-security.com\/de\/#website\"},\"datePublished\":\"2022-07-22T12:51:38+00:00\",\"dateModified\":\"2022-08-12T06:57:21+00:00\",\"description\":\"Partner & Mitgliedschaften und internationale Organisationen, in denen Villiger Security Solutions AG offiziell mitwirkt.\",\"breadcrumb\":{\"@id\":\"https:\/\/villiger-security.com\/de\/rollspack-gruppe\/#breadcrumb\"},\"inLanguage\":\"de\",\"potentialAction\":[{\"@type\":\"ReadAction\",\"target\":[\"https:\/\/villiger-security.com\/de\/rollspack-gruppe\/\"]}]},{\"@type\":\"BreadcrumbList\",\"@id\":\"https:\/\/villiger-security.com\/de\/rollspack-gruppe\/#breadcrumb\",\"itemListElement\":[{\"@type\":\"ListItem\",\"position\":1,\"name\":\"Home\",\"item\":\"https:\/\/villiger-security.com\/de\/\"},{\"@type\":\"ListItem\",\"position\":2,\"name\":\"RollsPack-Gruppe\"}]},{\"@type\":\"WebSite\",\"@id\":\"https:\/\/villiger-security.com\/de\/#website\",\"url\":\"https:\/\/villiger-security.com\/de\/\",\"name\":\"Villiger Security Solutions AG\",\"description\":\"Innovate the future of cash\",\"potentialAction\":[{\"@type\":\"SearchAction\",\"target\":{\"@type\":\"EntryPoint\",\"urlTemplate\":\"https:\/\/villiger-security.com\/de\/?s={search_term_string}\"},\"query-input\":{\"@type\":\"PropertyValueSpecification\",\"valueRequired\":true,\"valueName\":\"search_term_string\"}}],\"inLanguage\":\"de\"}]}<\/script>\n<!-- \/ Yoast SEO plugin. -->","yoast_head_json":{"title":"RollsPack-Gruppe - Villiger Security Solutions AG","description":"Partner & Mitgliedschaften und internationale Organisationen, in denen Villiger Security Solutions AG offiziell mitwirkt.","robots":{"index":"index","follow":"follow","max-snippet":"max-snippet:-1","max-image-preview":"max-image-preview:large","max-video-preview":"max-video-preview:-1"},"canonical":"https:\/\/villiger-security.com\/de\/rollspack-gruppe\/","og_locale":"de_DE","og_type":"article","og_title":"RollsPack-Gruppe - Villiger Security Solutions AG","og_description":"Partner & Mitgliedschaften und internationale Organisationen, in denen Villiger Security Solutions AG offiziell mitwirkt.","og_url":"https:\/\/villiger-security.com\/de\/rollspack-gruppe\/","og_site_name":"Villiger Security Solutions AG","article_modified_time":"2022-08-12T06:57:21+00:00","twitter_card":"summary_large_image","twitter_misc":{"Gesch\u00e4tzte Lesezeit":"5\u00a0Minuten"},"schema":{"@context":"https:\/\/schema.org","@graph":[{"@type":"WebPage","@id":"https:\/\/villiger-security.com\/de\/rollspack-gruppe\/","url":"https:\/\/villiger-security.com\/de\/rollspack-gruppe\/","name":"RollsPack-Gruppe - Villiger Security Solutions AG","isPartOf":{"@id":"https:\/\/villiger-security.com\/de\/#website"},"datePublished":"2022-07-22T12:51:38+00:00","dateModified":"2022-08-12T06:57:21+00:00","description":"Partner & Mitgliedschaften und internationale Organisationen, in denen Villiger Security Solutions AG offiziell mitwirkt.","breadcrumb":{"@id":"https:\/\/villiger-security.com\/de\/rollspack-gruppe\/#breadcrumb"},"inLanguage":"de","potentialAction":[{"@type":"ReadAction","target":["https:\/\/villiger-security.com\/de\/rollspack-gruppe\/"]}]},{"@type":"BreadcrumbList","@id":"https:\/\/villiger-security.com\/de\/rollspack-gruppe\/#breadcrumb","itemListElement":[{"@type":"ListItem","position":1,"name":"Home","item":"https:\/\/villiger-security.com\/de\/"},{"@type":"ListItem","position":2,"name":"RollsPack-Gruppe"}]},{"@type":"WebSite","@id":"https:\/\/villiger-security.com\/de\/#website","url":"https:\/\/villiger-security.com\/de\/","name":"Villiger Security Solutions AG","description":"Innovate the future of cash","potentialAction":[{"@type":"SearchAction","target":{"@type":"EntryPoint","urlTemplate":"https:\/\/villiger-security.com\/de\/?s={search_term_string}"},"query-input":{"@type":"PropertyValueSpecification","valueRequired":true,"valueName":"search_term_string"}}],"inLanguage":"de"}]}},"_links":{"self":[{"href":"https:\/\/villiger-security.com\/de\/wp-json\/wp\/v2\/pages\/2926","targetHints":{"allow":["GET"]}}],"collection":[{"href":"https:\/\/villiger-security.com\/de\/wp-json\/wp\/v2\/pages"}],"about":[{"href":"https:\/\/villiger-security.com\/de\/wp-json\/wp\/v2\/types\/page"}],"author":[{"embeddable":true,"href":"https:\/\/villiger-security.com\/de\/wp-json\/wp\/v2\/users\/2"}],"replies":[{"embeddable":true,"href":"https:\/\/villiger-security.com\/de\/wp-json\/wp\/v2\/comments?post=2926"}],"version-history":[{"count":0,"href":"https:\/\/villiger-security.com\/de\/wp-json\/wp\/v2\/pages\/2926\/revisions"}],"wp:attachment":[{"href":"https:\/\/villiger-security.com\/de\/wp-json\/wp\/v2\/media?parent=2926"}],"curies":[{"name":"wp","href":"https:\/\/api.w.org\/{rel}","templated":true}]}}